{"id":26671,"date":"2018-08-21T10:19:30","date_gmt":"2018-08-21T08:19:30","guid":{"rendered":"https:\/\/www.claret.org\/4-de-febbraio-venerabile-p-giacomo-clotet-cofondatore\/"},"modified":"2022-07-06T22:50:46","modified_gmt":"2022-07-06T20:50:46","slug":"4-de-febbraio-venerabile-p-giacomo-clotet-cofondatore","status":"publish","type":"page","link":"https:\/\/www.claret.org\/it\/effemeridi\/4-de-febbraio-venerabile-p-giacomo-clotet-cofondatore\/","title":{"rendered":"4 de Febbraio &#8211; VENERABILE P. GIACOMO CLOTET Cofondatore"},"content":{"rendered":"<p>Oggi ricordiamo il venerabile P. Giacomo Clotet, cofondatore della Congregazione. Nacque il 24 luglio 1822 a Manresa (Barcellona \u2013 Spagna) e fu l\u2019ultimo di otto fratelli. Fu battezzato lo stesso giorno della sua nascita. Comp\u00ec i primi tre anni di studio con i gesuiti nella sua citt\u00e0 natale. And\u00f2 poi a Barcellona per studiare retorica e filosofia nel liceo dell\u2019Universit\u00e0 di questa citt\u00e0.<\/p>\n<p style=\"text-align: justify;\"><img data-recalc-dims=\"1\" loading=\"lazy\" decoding=\"async\" data-attachment-id=\"127665\" data-permalink=\"https:\/\/www.claret.org\/it\/effemeridi\/4-de-febbraio-venerabile-p-giacomo-clotet-cofondatore\/cof3-clotetjaime-2\/\" data-orig-file=\"https:\/\/i0.wp.com\/www.claret.org\/wp-content\/uploads\/2022\/07\/Cof3-ClotetJaime.jpg?fit=1491%2C1987&amp;ssl=1\" data-orig-size=\"1491,1987\" data-comments-opened=\"0\" data-image-meta=\"{&quot;aperture&quot;:&quot;0&quot;,&quot;credit&quot;:&quot;&quot;,&quot;camera&quot;:&quot;&quot;,&quot;caption&quot;:&quot;&quot;,&quot;created_timestamp&quot;:&quot;0&quot;,&quot;copyright&quot;:&quot;&quot;,&quot;focal_length&quot;:&quot;0&quot;,&quot;iso&quot;:&quot;0&quot;,&quot;shutter_speed&quot;:&quot;0&quot;,&quot;title&quot;:&quot;&quot;,&quot;orientation&quot;:&quot;0&quot;}\" data-image-title=\"Cof3-ClotetJaime\" data-image-description=\"\" data-image-caption=\"\" data-large-file=\"https:\/\/i0.wp.com\/www.claret.org\/wp-content\/uploads\/2022\/07\/Cof3-ClotetJaime.jpg?fit=768%2C1024&amp;ssl=1\" class=\"wp-image-127665  alignleft\" src=\"https:\/\/i0.wp.com\/www.claret.org\/wp-content\/uploads\/2022\/07\/Cof3-ClotetJaime.jpg?resize=404%2C538&#038;ssl=1\" alt=\"\" width=\"404\" height=\"538\" title=\"\"><\/p>\n<p>A diciassette anni entr\u00f2 nel Seminario di Barcellona dove cominci\u00f2 i suoi studi ecclesiastici che poi termin\u00f2 a Vic. In seguito alla situazione di persecuzione della Chiesa in Spagna, and\u00f2 in Francia e a Roma, dove fu ordinato sacerdote il giorno 20 luglio 1845.<\/p>\n<p>Dopo il rientro in Spagna, nel luglio del 1846, fu destinato come Vicario dell\u2019Economo di Castellfollit del Boix, parrocchia situata di fronte a Monserrat. Nel 1847 fu nominato Parroco Economo di Santa Maria de Civit, un piccolo villaggio situato tra le montagne.<\/p>\n<p>Questi quattro anni di ministero furono pastoralmente molto positivi per lui, ma nel suo cuore era latente una forte inquietudine missionaria. Per questo, nel giugno del 1849, espose al suo Vescovo Dr. Giacomo Passarell il suo desiderio di lasciare la parrocchia. Il tempo di sospensione del suo ministero fu provvidenziale: gli permise di mettersi in contatto con il P. Claret, che stava sul punto di fondare una nuova Congregazione. Di fatto il P. Giacomo Clotet il 16 luglio di quello stesso anno fa parte del gruppo dei cofondatori, era il pi\u00f9 giovane di tutti. Il P. Clotet scopr\u00ec alla fine la sua vocazione missionaria e trov\u00f2 nella nuova Congregazione il luogo migliore per viverla.<\/p>\n<p>Durante i primi anni di ministero nella Congregazione si dedic\u00f2 totalmente alle missioni popolari, agli esercizi spirituali e, soprattutto, alla catechesi,\u00a0ministero per il quale si sentiva specialmente preparato. Il P. Clotet si sent\u00ec pienamente compenetrato con lo spirito e con lo stile di vita clarettiani, alternando mesi di presenza in casa, dedicati alla preghiera e allo studio, con altri dedicati alla predicazione missionaria.<\/p>\n<p>Il P. Clotet fu il primo vicedirettore della Congregazione, essendo stato eletto per tale servizio nel 1858, quando il P. Xifr\u00e9 fu eletto Superiore Generale dopo la morte del P. Stefano Sala; e assolse questo incarico per 30 anni conseguitivi.<\/p><\/div>\n<p>L\u2019amore filiale che aveva per il P. Claret lo spinse a farsi in quattro per raccogliere tutti i dati e le testimonianze che permettessero di riconoscere la sua santit\u00e0 e iniziare cos\u00ec il processo per la sua beatificazione. Il materiale raccolto fu abbondante; il lavoro del P. Clotet fu sorprendente e infaticabile.<\/p>\n<p>La sua vita riverber\u00f2 sempre un alone di santit\u00e0 evangelica. Il suo contributo fu cruciale per la storia del nascente Istituto e per la trasmissione viva ed entusiasta del nostro carisma originale. Visse con gioia e pienezza la sua identit\u00e0 clarettiana come uomo contemplativo e apostolo missionario.<\/p>\n","protected":false},"excerpt":{"rendered":"<p>Oggi ricordiamo il venerabile P. Giacomo Clotet, cofondatore della Congregazione. Nacque il 24 luglio 1822 a Manresa (Barcellona \u2013 Spagna) e fu l\u2019ultimo di otto fratelli. Fu battezzato lo stesso giorno della sua nascita. Comp\u00ec i primi tre anni di studio con i gesuiti nella sua citt\u00e0 natale. And\u00f2 poi a Barcellona per studiare retorica [&hellip;]<\/p>\n","protected":false},"author":69,"featured_media":26661,"parent":33289,"menu_order":0,"comment_status":"closed","ping_status":"closed","template":"","meta":{"_et_pb_use_builder":"","_et_pb_old_content":"","_et_gb_content_width":"","footnotes":""},"class_list":["post-26671","page","type-page","status-publish","has-post-thumbnail","hentry"],"jetpack_sharing_enabled":true,"jetpack_shortlink":"https:\/\/wp.me\/PdaBmi-6Wb","jetpack_likes_enabled":true,"_links":{"self":[{"href":"https:\/\/www.claret.org\/it\/wp-json\/wp\/v2\/pages\/26671","targetHints":{"allow":["GET"]}}],"collection":[{"href":"https:\/\/www.claret.org\/it\/wp-json\/wp\/v2\/pages"}],"about":[{"href":"https:\/\/www.claret.org\/it\/wp-json\/wp\/v2\/types\/page"}],"author":[{"embeddable":true,"href":"https:\/\/www.claret.org\/it\/wp-json\/wp\/v2\/users\/69"}],"replies":[{"embeddable":true,"href":"https:\/\/www.claret.org\/it\/wp-json\/wp\/v2\/comments?post=26671"}],"version-history":[{"count":0,"href":"https:\/\/www.claret.org\/it\/wp-json\/wp\/v2\/pages\/26671\/revisions"}],"up":[{"embeddable":true,"href":"https:\/\/www.claret.org\/it\/wp-json\/wp\/v2\/pages\/33289"}],"wp:featuredmedia":[{"embeddable":true,"href":"https:\/\/www.claret.org\/it\/wp-json\/wp\/v2\/media\/26661"}],"wp:attachment":[{"href":"https:\/\/www.claret.org\/it\/wp-json\/wp\/v2\/media?parent=26671"}],"curies":[{"name":"wp","href":"https:\/\/api.w.org\/{rel}","templated":true}]}}