{"id":26690,"date":"2018-08-21T10:59:01","date_gmt":"2018-08-21T08:59:01","guid":{"rendered":"https:\/\/www.claret.org\/11-de-febbraio-approvazione-delle-nostre-costituzioni\/"},"modified":"2018-08-21T21:00:55","modified_gmt":"2018-08-21T19:00:55","slug":"11-de-febbraio-approvazione-delle-nostre-costituzioni","status":"publish","type":"page","link":"https:\/\/www.claret.org\/it\/effemeridi\/11-de-febbraio-approvazione-delle-nostre-costituzioni\/","title":{"rendered":"11 de Febbraio &#8211; APPROVAZIONE DELLE NOSTRE COSTITUZIONI"},"content":{"rendered":"<div><img data-recalc-dims=\"1\" loading=\"lazy\" decoding=\"async\" class=\"alignleft wp-image-26677\" src=\"https:\/\/i0.wp.com\/www.claret.org\/wp-content\/uploads\/2018\/08\/6-b-claret__constituciones.jpg?resize=147%2C252&#038;ssl=1\" alt=\"\" width=\"147\" height=\"252\" title=\"\" srcset=\"https:\/\/i0.wp.com\/www.claret.org\/wp-content\/uploads\/2018\/08\/6-b-claret__constituciones.jpg?w=597&amp;ssl=1 597w, https:\/\/i0.wp.com\/www.claret.org\/wp-content\/uploads\/2018\/08\/6-b-claret__constituciones.jpg?resize=175%2C300&amp;ssl=1 175w\" sizes=\"(max-width: 147px) 100vw, 147px\" \/>L\u201911 febbraio \u00e8 per noi una data significativa poich\u00e9 ci permette di fare memoria riconoscente delle Costituzioni che il nostro santo Fondatore lasci\u00f2 alla Congregazione e che la Chiesa ha riconosciuto come progetto di vita evangelico genuino, capace di orientare la nostra sequela di Ges\u00f9.<\/div>\n<div>In effetti, in questa data nel 1870, dopo la richiesta portata personalmente a Roma dal P. Claret, le nostre Costituzione furono approvate dal Papa Pio IX. A sua volta, e come segno di continuit\u00e0 storica, l\u201911 febbraio 1982 \u00e8 anche la data in cui fu emanato il Decreto della Congregazione per gli Istituti Religiosi e le Societ\u00e0 di Vita Apostolica con il quale si approvava la revisione postconciliare delle nostre Costituzioni.<\/div>\n<div><\/div>\n<div>Perch\u00e9 celebriamo la data dell\u2019approvazione delle nostre Costituzioni, sia nel loro testo primitivo come nel testo postconciliare? Anche se si tratta di un piccolo libro, senza pretese di voler essere un trattato teologico o storico, esso \u00e8 il libro della nostra vita, la cui ragione di essere consiste nel fatto che cerchiamo di tradurlo nella vita e nell\u2019esperienza missionaria. Come tale, ci permette soprattutto il fare memoria del cammino come discepoli del Padre Fondatore e di molti fratelli: un\u2019esperienza che vale la pena di condividere insieme nella sequela di Ges\u00f9. Questo piccolo libro riassume e trasmette la stessa esperienza evangelica tradotta nell\u2019Autobiografia.<\/div>\n<div><\/div>\n<div>D\u2019altra parte, nella nostra regola di vita troviamo la chiave che rende reale, oltre che efficace la nostra appartenenza alla Chiesa di Ges\u00f9; \u00e8 la realt\u00e0 Chiesa che d\u00e0 significato al nostro parlare di comunit\u00e0, di missione, di configurazione a Cristo, di opzioni per il Regno, di servizio agli umili: linguaggio chiave del nostro progetto di vita.<\/div>\n<div><\/div>\n<div>E, per finire, mentre facciamo memoria riconoscente delle nostre Costituzioni, festeggiamo il nostro dono pi\u00f9 grande, che \u00e8 la presenza del Ges\u00f9 del Vangelo al centro della nostra esistenza. Le sue parole, le sue opere, i suoi gesti quotidiani, come anche la sua morte e risurrezione, sono diventate proposta per il nostro tirocinio, impegno per il nostro vivere e i gioiosa speranza per la nostra realizzazione in Lui.<\/div>\n","protected":false},"excerpt":{"rendered":"<p>L\u201911 febbraio \u00e8 per noi una data significativa poich\u00e9 ci permette di fare memoria riconoscente delle Costituzioni che il nostro santo Fondatore lasci\u00f2 alla Congregazione e che la Chiesa ha riconosciuto come progetto di vita evangelico genuino, capace di orientare la nostra sequela di Ges\u00f9. In effetti, in questa data nel 1870, dopo la richiesta [&hellip;]<\/p>\n","protected":false},"author":69,"featured_media":26680,"parent":33289,"menu_order":0,"comment_status":"closed","ping_status":"closed","template":"","meta":{"_et_pb_use_builder":"","_et_pb_old_content":"","_et_gb_content_width":"","footnotes":""},"class_list":["post-26690","page","type-page","status-publish","has-post-thumbnail","hentry"],"jetpack_sharing_enabled":true,"jetpack_shortlink":"https:\/\/wp.me\/PdaBmi-6Wu","jetpack_likes_enabled":true,"_links":{"self":[{"href":"https:\/\/www.claret.org\/it\/wp-json\/wp\/v2\/pages\/26690","targetHints":{"allow":["GET"]}}],"collection":[{"href":"https:\/\/www.claret.org\/it\/wp-json\/wp\/v2\/pages"}],"about":[{"href":"https:\/\/www.claret.org\/it\/wp-json\/wp\/v2\/types\/page"}],"author":[{"embeddable":true,"href":"https:\/\/www.claret.org\/it\/wp-json\/wp\/v2\/users\/69"}],"replies":[{"embeddable":true,"href":"https:\/\/www.claret.org\/it\/wp-json\/wp\/v2\/comments?post=26690"}],"version-history":[{"count":0,"href":"https:\/\/www.claret.org\/it\/wp-json\/wp\/v2\/pages\/26690\/revisions"}],"up":[{"embeddable":true,"href":"https:\/\/www.claret.org\/it\/wp-json\/wp\/v2\/pages\/33289"}],"wp:featuredmedia":[{"embeddable":true,"href":"https:\/\/www.claret.org\/it\/wp-json\/wp\/v2\/media\/26680"}],"wp:attachment":[{"href":"https:\/\/www.claret.org\/it\/wp-json\/wp\/v2\/media?parent=26690"}],"curies":[{"name":"wp","href":"https:\/\/api.w.org\/{rel}","templated":true}]}}