{"id":26904,"date":"2018-08-22T06:25:10","date_gmt":"2018-08-22T04:25:10","guid":{"rendered":"https:\/\/www.claret.org\/25-de-febbraio-beatificazione-del-p-fondatore\/"},"modified":"2018-08-22T06:25:10","modified_gmt":"2018-08-22T04:25:10","slug":"25-de-febbraio-beatificazione-del-p-fondatore","status":"publish","type":"page","link":"https:\/\/www.claret.org\/it\/effemeridi\/25-de-febbraio-beatificazione-del-p-fondatore\/","title":{"rendered":"25 de Febbraio &#8211; BEATIFICAZIONE DEL P. FONDATORE"},"content":{"rendered":"<div style=\"text-align: justify;\">La celebrazione della beatificazione fu una grande festa per tutta la Congregazione che era rappresentata, nella Basilica di San Pietro, da tutti i membri del XIII Capitolo Generale, che stava per iniziare.<\/div>\n<div style=\"text-align: justify;\"><img data-recalc-dims=\"1\" loading=\"lazy\" decoding=\"async\" class=\"alignleft  wp-image-26895\" src=\"https:\/\/i0.wp.com\/www.claret.org\/wp-content\/uploads\/2018\/08\/08-beatificacin_claretcervera_1934.jpg?resize=301%2C201&#038;ssl=1\" alt=\"\" width=\"301\" height=\"201\" title=\"\" srcset=\"https:\/\/i0.wp.com\/www.claret.org\/wp-content\/uploads\/2018\/08\/08-beatificacin_claretcervera_1934.jpg?w=448&amp;ssl=1 448w, https:\/\/i0.wp.com\/www.claret.org\/wp-content\/uploads\/2018\/08\/08-beatificacin_claretcervera_1934.jpg?resize=300%2C200&amp;ssl=1 300w\" sizes=\"(max-width: 301px) 100vw, 301px\" \/>Di fatto, la beatificazione del P. Fondatore fu un momento di grande grazia che elettrizz\u00f2 la vita dei missionari clarettiani sparsi nel mondo intero. Il cammino di sequela di Ges\u00f9 come missionario allo stile del Claret veniva ratificato ufficialmente dalla Chiesa come un cammino di santificazione autentico e fecondo. La luce di quest\u2019avvenimento diffuse luce sul Capitolo Generale che si inaugur\u00f2 il 15 marzo 1934.<\/div>\n<div style=\"text-align: justify;\"><\/div>\n<div style=\"text-align: justify;\">Il 25 febbraio 1934 il Papa Pio XI beatific\u00f2 il nostro P. Fondatore. Fu presentato pubblicamente alla Chiesa e al mondo come un uomo che visse in pienezza la sua vocazione cristiana di missionario apostolico e a partire da questo momento si poteva contare su di lui come intercessore e come stimolo per vivere la santit\u00e0 cristiana. Il nuovo Beato speriment\u00f2 con forza, nella sua vita, l\u2019amore di Dio e scopr\u00ec nella sua parola una chiamata irresistibile che gli fece scoprire il senso della propria vita e della propria identit\u00e0 come missionario apostolico; lasciando tutto percorse il cammino della configurazione a Ges\u00f9 missionario come sacerdote, fondatore, vescovo, confessore, perseguitato, ecc., la sua vita fu una storia di servizio alla Parola come profeta che dona la vita per amore. Per la Famiglia Clarettiana celebrare questa data \u00e8 una buona opportunit\u00e0 per ricordare che tutti, come lui, siamo chiamati a seguire Ges\u00f9 missionario in modo totale, completo e appassionato.<\/div>\n<div style=\"text-align: justify;\"><\/div>\n<div style=\"text-align: justify;\">Dopo aver ricordato questo avvenimento familiare tanto significativo, accogliamo le parole del Papa Pio XI nell\u2019udienza prima del XIII Capitolo Generale, celebrato venti giorni dopo la beatificazione del P. Fondatore: \u00ab\u2026l\u2019imminente Capitolo Generale, che non pu\u00f2 fare a meno di essere, come sanno bene i religiosi nelle cui vene circola il sangue del loro santo patriarca, un nuovo punto di partenza; perch\u00e9 per quanto Dio possa compiacersi e gradire il passato, sempre aspira ad avere, sempre di pi\u00f9, sempre il meglio\u2026\u00bb. Tocca a noi continuare questa storia, la cui radice \u00e8 santa.<\/div>\n","protected":false},"excerpt":{"rendered":"<p>La celebrazione della beatificazione fu una grande festa per tutta la Congregazione che era rappresentata, nella Basilica di San Pietro, da tutti i membri del XIII Capitolo Generale, che stava per iniziare. Di fatto, la beatificazione del P. Fondatore fu un momento di grande grazia che elettrizz\u00f2 la vita dei missionari clarettiani sparsi nel mondo [&hellip;]<\/p>\n","protected":false},"author":69,"featured_media":0,"parent":33289,"menu_order":0,"comment_status":"closed","ping_status":"closed","template":"","meta":{"_et_pb_use_builder":"","_et_pb_old_content":"","_et_gb_content_width":"","footnotes":""},"class_list":["post-26904","page","type-page","status-publish","hentry"],"jetpack_sharing_enabled":true,"jetpack_shortlink":"https:\/\/wp.me\/PdaBmi-6ZW","jetpack_likes_enabled":true,"_links":{"self":[{"href":"https:\/\/www.claret.org\/it\/wp-json\/wp\/v2\/pages\/26904","targetHints":{"allow":["GET"]}}],"collection":[{"href":"https:\/\/www.claret.org\/it\/wp-json\/wp\/v2\/pages"}],"about":[{"href":"https:\/\/www.claret.org\/it\/wp-json\/wp\/v2\/types\/page"}],"author":[{"embeddable":true,"href":"https:\/\/www.claret.org\/it\/wp-json\/wp\/v2\/users\/69"}],"replies":[{"embeddable":true,"href":"https:\/\/www.claret.org\/it\/wp-json\/wp\/v2\/comments?post=26904"}],"version-history":[{"count":0,"href":"https:\/\/www.claret.org\/it\/wp-json\/wp\/v2\/pages\/26904\/revisions"}],"up":[{"embeddable":true,"href":"https:\/\/www.claret.org\/it\/wp-json\/wp\/v2\/pages\/33289"}],"wp:attachment":[{"href":"https:\/\/www.claret.org\/it\/wp-json\/wp\/v2\/media?parent=26904"}],"curies":[{"name":"wp","href":"https:\/\/api.w.org\/{rel}","templated":true}]}}