{"id":26919,"date":"2018-08-22T06:46:44","date_gmt":"2018-08-22T04:46:44","guid":{"rendered":"https:\/\/www.claret.org\/2-de-marzo-p-martino-alsina-superiore-generale\/"},"modified":"2022-04-07T16:20:41","modified_gmt":"2022-04-07T14:20:41","slug":"2-de-marzo-p-martino-alsina-superiore-generale","status":"publish","type":"page","link":"https:\/\/www.claret.org\/it\/effemeridi\/2-de-marzo-p-martino-alsina-superiore-generale\/","title":{"rendered":"2 de Marzo &#8211; P. MARTINO ALSINA Superiore Generale"},"content":{"rendered":"<div style=\"text-align: justify;\">Nella citt\u00e0 di Manresa (Barcellona \u2013 Spagna), diocesi di Vic, il 4 settembre 1859 nacque P. Martino Alsina. La sua famiglia era profondamente religiosa. Inizi\u00f2 la sua formazione vocazionale come seminarista diocesano. Inizi\u00f2 lo studio del latino nell\u2019anno 1871 nel collegio di Manresa, aggregato all\u2019Istituto di Barcellona e dopo due anni part\u00ec per Vic per continuare gli studi ecclesiastici nel seminario. Fu accolto come precettore nella casa di Portell de Sant Juli\u00e1, distante due chilometri e mezzo da Vic. L\u00ec viveva e li insegnava a leggere e a scrivere e il catechismo ai figli della famiglia che lo aveva accolto. In seminario si distinse per il costante lavoro che faceva, per la sua chiara metodologia negli studi e per il suo carattere costante e diligente.<\/div>\n<div style=\"text-align: justify;\"><\/div>\n<div style=\"text-align: justify;\"><img data-recalc-dims=\"1\" loading=\"lazy\" decoding=\"async\" data-attachment-id=\"26913\" data-permalink=\"https:\/\/www.claret.org\/it\/effemeridi\/2-de-marzo-p-martino-alsina-superiore-generale\/09-martin_alsina-2\/\" data-orig-file=\"https:\/\/i0.wp.com\/www.claret.org\/wp-content\/uploads\/2018\/08\/09-martin_alsina.jpg?fit=200%2C265&amp;ssl=1\" data-orig-size=\"200,265\" data-comments-opened=\"0\" data-image-meta=\"{&quot;aperture&quot;:&quot;0&quot;,&quot;credit&quot;:&quot;&quot;,&quot;camera&quot;:&quot;&quot;,&quot;caption&quot;:&quot;&quot;,&quot;created_timestamp&quot;:&quot;0&quot;,&quot;copyright&quot;:&quot;&quot;,&quot;focal_length&quot;:&quot;0&quot;,&quot;iso&quot;:&quot;0&quot;,&quot;shutter_speed&quot;:&quot;0&quot;,&quot;title&quot;:&quot;&quot;,&quot;orientation&quot;:&quot;1&quot;}\" data-image-title=\"09-martin_alsina\" data-image-description=\"\" data-image-caption=\"\" data-large-file=\"https:\/\/i0.wp.com\/www.claret.org\/wp-content\/uploads\/2018\/08\/09-martin_alsina.jpg?fit=200%2C265&amp;ssl=1\" class=\"alignleft wp-image-26913\" src=\"https:\/\/i0.wp.com\/www.claret.org\/wp-content\/uploads\/2018\/08\/09-martin_alsina.jpg?resize=301%2C400&#038;ssl=1\" alt=\"\" width=\"301\" height=\"400\" title=\"\">Al termine del primo anno di teologia entr\u00f2 nella Congregazione a Thuir (Francia) il 16 luglio 1879. Ebbe come maestri dei novizi i PP. Giacomo Clotet e Clemente Serrat. Il giorno 20 agosto 1880 emise la professione religiosa nelle mani del P. Clotet, superiore della Comunit\u00e0. Fu ordinato sacerdote il 24 marzo 1883. Quello stesso anno fu nominato superiore della nuova comunit\u00e0 di Thuir dimostrando una eccellente qualit\u00e0 di discrezione e di governo. Nell\u2019ottobre del 1886 fu destinato a Vic come prefetto degli Studenti; incarico che continu\u00f2 a svolgere a Santo Domingo de la Calzada sino al gennaio del 1888. Nel 1894 fu nominato consultore e segretario generale nel governo del P. Giuseppe Xifr\u00e9. Alla morte di questi il 3 novembre 1899, fu eletto Vicedirettore Generale, nell&#8217; VIII Capitolo Generale di Vic celebrato nel dicembre di quello stesso anno, nel governo del P. Clemente Serrat. Nel 1906 fu eletto Superiore Generale nel X Capitolo di Aranda de Duero, mantenendo questo incarico sino alla sua morte, avvenuta a Zafra (Badajoz), il 2 marzo 1922.<\/div>\n<div style=\"text-align: justify;\"><\/div>\n<div style=\"text-align: justify;\">La situazione della Congregazione in questo periodo fu di costante crescita umana e missionaria. Nell\u2019anno 1912 c\u2019erano 112 case in tutta la Congregazione con un totale di 1.633 professi e 120 novizi. L\u2019aumento fu, soprattutto, di personale. Nel 1922 la Congregazione aveva 1.943 individui (senza contare gli 834 postulanti), tra di loro 3 vescovi e un Prefetto Apostolico. Fino ad allora erano morti 2 vescovi, 388 padri, 233 studenti e 283 fratelli. In totale 917. E vi erano 10 Provincie e Vice-Provincie con 154 case: Catalogna, Castiglia, Betica, Cile, Messico, Brasile, Colombia, Argentina, Guinea e Stati Uniti.<\/div>\n<div style=\"text-align: justify;\"><\/div>\n<div style=\"text-align: justify;\">Nel suo magistero cerc\u00f2 di aiutare i suoi fratelli nella fedelt\u00e0 vocazionale e apostolica consigliando la fedelt\u00e0 allo Spirito e una formazione iniziale e permanente adeguata e attualizzata. Il P. Alsina, per l\u2019esistenza di alcuni missionari poco allegri e felici con se stessi e con la propria vocazione, scrisse la circolare Remedios del descontento en la religi\u00f3n. In essa esprime un intimo desiderio perch\u00e9 i suoi fratelli vivano allegri, soddisfatti, amichevoli e felici. La formazione clarettiana deve essere solida. Per questo deve avere il suo fondamento in Cristo e nell\u2019imitazione della sua vita e delle sue opere. In questo processo, Maria, nostra Madre, \u00e8 un riferimento obbligato per plasmare Cristo nei formandi. La formazione deve essere anche di qualit\u00e0, che prepari missionari della Congregazione (dimensione carismatica) e missionari per la propria epoca (inseriti nel tempo in cui vivono). La formazione, pertanto, deve indirizzarsi per ottenere la maggior attitudine e specializzazione possibile per compiere gli apostolati necessari per le diverse necessit\u00e0.<\/div>\n","protected":false},"excerpt":{"rendered":"<p>Nella citt\u00e0 di Manresa (Barcellona \u2013 Spagna), diocesi di Vic, il 4 settembre 1859 nacque P. Martino Alsina. La sua famiglia era profondamente religiosa. Inizi\u00f2 la sua formazione vocazionale come seminarista diocesano. Inizi\u00f2 lo studio del latino nell\u2019anno 1871 nel collegio di Manresa, aggregato all\u2019Istituto di Barcellona e dopo due anni part\u00ec per Vic per [&hellip;]<\/p>\n","protected":false},"author":69,"featured_media":26913,"parent":33289,"menu_order":0,"comment_status":"closed","ping_status":"closed","template":"","meta":{"_et_pb_use_builder":"","_et_pb_old_content":"","_et_gb_content_width":"","footnotes":""},"class_list":["post-26919","page","type-page","status-publish","has-post-thumbnail","hentry"],"jetpack_sharing_enabled":true,"jetpack_shortlink":"https:\/\/wp.me\/PdaBmi-70b","jetpack_likes_enabled":true,"_links":{"self":[{"href":"https:\/\/www.claret.org\/it\/wp-json\/wp\/v2\/pages\/26919","targetHints":{"allow":["GET"]}}],"collection":[{"href":"https:\/\/www.claret.org\/it\/wp-json\/wp\/v2\/pages"}],"about":[{"href":"https:\/\/www.claret.org\/it\/wp-json\/wp\/v2\/types\/page"}],"author":[{"embeddable":true,"href":"https:\/\/www.claret.org\/it\/wp-json\/wp\/v2\/users\/69"}],"replies":[{"embeddable":true,"href":"https:\/\/www.claret.org\/it\/wp-json\/wp\/v2\/comments?post=26919"}],"version-history":[{"count":0,"href":"https:\/\/www.claret.org\/it\/wp-json\/wp\/v2\/pages\/26919\/revisions"}],"up":[{"embeddable":true,"href":"https:\/\/www.claret.org\/it\/wp-json\/wp\/v2\/pages\/33289"}],"wp:featuredmedia":[{"embeddable":true,"href":"https:\/\/www.claret.org\/it\/wp-json\/wp\/v2\/media\/26913"}],"wp:attachment":[{"href":"https:\/\/www.claret.org\/it\/wp-json\/wp\/v2\/media?parent=26919"}],"curies":[{"name":"wp","href":"https:\/\/api.w.org\/{rel}","templated":true}]}}