{"id":26946,"date":"2018-08-22T07:29:29","date_gmt":"2018-08-22T05:29:29","guid":{"rendered":"https:\/\/www.claret.org\/18-de-aprile-p-stefano-sala-cofondatore-e-primo-superiore-generale\/"},"modified":"2018-08-22T07:29:29","modified_gmt":"2018-08-22T05:29:29","slug":"18-de-aprile-p-stefano-sala-cofondatore-e-primo-superiore-generale","status":"publish","type":"page","link":"https:\/\/www.claret.org\/it\/effemeridi\/18-de-aprile-p-stefano-sala-cofondatore-e-primo-superiore-generale\/","title":{"rendered":"18 de Aprile &#8211; P. STEFANO SALA Cofondatore e primo Superiore Generale"},"content":{"rendered":"<div style=\"text-align: justify;\">Stefano Sala y Masnou nacque il 28 maggio 1812 nella casa di campagna Sala, appartenente alla parrocchia di San Martino del Soccorso (Barcellona \u2013 Spagna). Suo padre perse la prima moglie, da cui aveva avuto 3 figli. Stefano, frutto del secondo matrimonio, fu il quinto di sei fratelli, dei quali, tre furono religiosi, uno clarettiano e gli altri due benedettini. Uno di questi fratelli religiosi fu il P. Bernardo, che, per l\u2019espulsione dei religiosi dalla Spagna, dovette lasciare il suo monastero e si integr\u00f2 nella vita della nostra nascente Congregazione per 26 anni, fino a che, nel 1875, fece ritorno al monastero benedettino di Monserrat.<\/div>\n<div style=\"text-align: justify;\"><img data-recalc-dims=\"1\" loading=\"lazy\" decoding=\"async\" class=\"wp-image-26937 alignleft\" src=\"https:\/\/i0.wp.com\/www.claret.org\/wp-content\/uploads\/2018\/08\/12-esteban_sala.jpg?resize=309%2C463&#038;ssl=1\" alt=\"\" width=\"309\" height=\"463\" title=\"\">Il 1 marzo 1843, a 34 anni, il P. Claret inizi\u00f2 la sua intensa attivit\u00e0 missionaria in tutta la Catalogna: vivendo con grande povert\u00e0, viaggiando a piedi, attraendo moltitudini immense che arrivavano da ogni parte per ascoltare la sua parola evangelica semplice e penetrante. Lavorava sino alle quattro del mattino senza riposo n\u00e9 fatica. Le conversioni erano innumerevoli. Nel luglio dello stesso anno, su richiesta del clero, che era rimasto colpito dal suo ardore missionario, il P. Claret diresse, per la prima volta, a Capdev\u00e1lon, gli esercizi spirituali per il clero. Davanti al successo di questa esperienza tenne un altro corso a Gombr\u00e9n, a cui parteciparono vari sacerdoti della zona, tra essi il P. Stefano Sala. In questa occasione conobbe il gi\u00e0 famoso missionario di Catalogna.<\/div>\n<div style=\"text-align: justify;\"><\/div>\n<div style=\"text-align: justify;\">Da questo incontro illuminante per la sua vita, il P. Stefano Sala ebbe una forte esperienza di Dio, che gli fece sentire di essere chiamato a dedicare completamente la sua vita per le missioni. Subito lasci\u00f2 la sua promettente e riuscita carriera ecclesiastica, iniziata con la sua ordinazione sacerdotale per aprire le porte ad un nuovo stile di vita: annunciare la Parola del Signore con fuoco apostolico e libert\u00e0 missionaria. I suoi molteplici doni come oratore sacro si posero al servizio delle predicazioni missionarie realizzate nelle diverse cittadine della Catalogna; accompagn\u00f2 il P. Claret in diverse delle sue campagne apostoliche.<\/div>\n<div style=\"text-align: justify;\"><\/div>\n<div style=\"text-align: justify;\">Il 18 aprile ricordiamo che nel 1858, a soli 45 anni, il P. Stefano Sala fu chiamato alla casa del Padre in Barcellona. Fare memoria di questo fratello \u00e8 tornare alle origini della nostra famiglia. Fu il primo sul quale il P. Fondatore cont\u00f2 per iniziare la grande opera della Congregazione e al quale affid\u00f2 la sua direzione quando dovette partire come Arcivescovo per Santiago di Cuba. Per dieci anni serv\u00ec la Congregazione come Superiore Generale e si dedic\u00f2 a mantenere vivo lo spirito missionario che anim\u00f2 il P. Fondatore. La sua vita ci stimola ad approfondire la nostra identificazione missionaria e la nostra appartenenza congregazionale.<\/div>\n","protected":false},"excerpt":{"rendered":"<p>Stefano Sala y Masnou nacque il 28 maggio 1812 nella casa di campagna Sala, appartenente alla parrocchia di San Martino del Soccorso (Barcellona \u2013 Spagna). Suo padre perse la prima moglie, da cui aveva avuto 3 figli. Stefano, frutto del secondo matrimonio, fu il quinto di sei fratelli, dei quali, tre furono religiosi, uno clarettiano [&hellip;]<\/p>\n","protected":false},"author":69,"featured_media":26940,"parent":33289,"menu_order":0,"comment_status":"closed","ping_status":"closed","template":"","meta":{"_et_pb_use_builder":"","_et_pb_old_content":"","_et_gb_content_width":"","footnotes":""},"class_list":["post-26946","page","type-page","status-publish","has-post-thumbnail","hentry"],"jetpack_sharing_enabled":true,"jetpack_shortlink":"https:\/\/wp.me\/PdaBmi-70C","jetpack_likes_enabled":true,"_links":{"self":[{"href":"https:\/\/www.claret.org\/it\/wp-json\/wp\/v2\/pages\/26946","targetHints":{"allow":["GET"]}}],"collection":[{"href":"https:\/\/www.claret.org\/it\/wp-json\/wp\/v2\/pages"}],"about":[{"href":"https:\/\/www.claret.org\/it\/wp-json\/wp\/v2\/types\/page"}],"author":[{"embeddable":true,"href":"https:\/\/www.claret.org\/it\/wp-json\/wp\/v2\/users\/69"}],"replies":[{"embeddable":true,"href":"https:\/\/www.claret.org\/it\/wp-json\/wp\/v2\/comments?post=26946"}],"version-history":[{"count":0,"href":"https:\/\/www.claret.org\/it\/wp-json\/wp\/v2\/pages\/26946\/revisions"}],"up":[{"embeddable":true,"href":"https:\/\/www.claret.org\/it\/wp-json\/wp\/v2\/pages\/33289"}],"wp:featuredmedia":[{"embeddable":true,"href":"https:\/\/www.claret.org\/it\/wp-json\/wp\/v2\/media\/26940"}],"wp:attachment":[{"href":"https:\/\/www.claret.org\/it\/wp-json\/wp\/v2\/media?parent=26946"}],"curies":[{"name":"wp","href":"https:\/\/api.w.org\/{rel}","templated":true}]}}