{"id":27738,"date":"2018-09-04T09:21:42","date_gmt":"2018-09-04T07:21:42","guid":{"rendered":"https:\/\/www.claret.org\/fecha-14-de-maggio-venerabile-p-mariano-avellana\/"},"modified":"2018-09-04T09:21:42","modified_gmt":"2018-09-04T07:21:42","slug":"fecha-14-de-maggio-venerabile-p-mariano-avellana","status":"publish","type":"page","link":"https:\/\/www.claret.org\/it\/effemeridi\/fecha-14-de-maggio-venerabile-p-mariano-avellana\/","title":{"rendered":"Fecha: 14 de Maggio &#8211; VENERABILE P. MARIANO AVELLANA"},"content":{"rendered":"<p style=\"text-align: justify;\">Mariano Avellana nacque a Almud\u00e9var, provincia e diocesi di Huesca (Spagna) il 16 aprile 1844, quinto degli otto figli di Francesco e Raffaella, di buona posizione sociale e di buoni costumi. Lo stesso giorno della sua nascita fu battezzato nella cappella di sant\u2019Anna della Chiesa parrocchiale, propriet\u00e0 della sua famiglia. Egli stesso scriver\u00e0 pi\u00f9 tardi: \u00aballa religiosit\u00e0 dei miei genitori, dopo che a Dio, devo il mio essere sacerdote\u00bb.<\/p>\n<p style=\"text-align: justify;\">Fece la sua formazione sacerdotale nel seminario della sua diocesi di Huesca. Gi\u00e0 ordinato, e con l\u2019ardente desiderio di abbracciare una vocazione pi\u00f9 missionaria, and\u00f2 a Parigi nel 1870 per farsi missionario Figlio del Cuore Immacolato di Maria. Gi\u00e0 nella Congregazione nel 1873fu inviato in Cile con la terza spedizione di Missionari Clarettiani in America. Fece parte delle comunit\u00e0 di Santiago, La Serena, Valpara\u00edso, Curic\u00f3 e Coquimbo.<\/p>\n<p style=\"text-align: justify;\">Mor\u00ec il 14 maggio 1904, aveva 60 anni, durante una missione nell\u2019ospedale di Carrizal Alto, villaggio di minatori, appartenente all\u2019attuale diocesi di Copiap\u00f3. I suoi resti riposano nella Chiesa Cuore di Maria a Santiago del Cile.<\/p>\n<p style=\"text-align: justify;\">La sua maggior influenza \u00e8 stata il suo altissimo esempio di vita come religioso e come missionario. Senza ombra di dubbio si pu\u00f2 affermare che fu uno dei missionari che maggiormente seppe seguire le orme del Fondatore. Il suo prestigio apostolico ancora permane, sorprende e attrae quanti lo conoscono.<\/p>\n<p style=\"text-align: justify;\">In Cile occup\u00f2 diversi incarichi di superiore, consultore locale e consultore della Visitatoria nel 1896. Fu a capo dei missionari in Cile durante l\u2019assenza del Superiore Maggiore, per diversi mesi. Ci si affid\u00f2 a lui per le fondazioni delle case di La Serena e Coquimbo.<\/p>\n<p style=\"text-align: justify;\">Ammirabile soprattutto nell\u2019eroicit\u00e0 delle virt\u00f9, confermate dalla testimonianza di molti. Il P. Luigi Crist\u00f3bal lo attesta in Cronaca y Archivio descrivendo i suoi sforzi per raggiungere la santit\u00e0: \u00absi diede all\u2019apostolato senza riposarsi e per la propria santificazione con un convincimento fino all\u2019eroismo della sua forte natura e con un grande spirito di preghiera, fedele al suo motto o santo o morto\u00bb. Il suo itinerario di santit\u00e0 missionaria fu un vivo appello per tutti mostrando che, con una forte volont\u00e0 sostenuta dalla grazia di Dio, chiunque pu\u00f2 ottenere un processo di crescita nella fede e arrivare molto in alto. Appare come un missionario integro e coerente con la sua vocazione clarettiana, vissuta senza compromessi di alcun tipo. Lo testimonia il suo radicalismo evangelico e la sua attivit\u00e0 instancabile nelle sue pi\u00f9 di 700 missioni, il suo lavoro catechistico itinerante e le sue continue visite alle carceri e agli ospedali. Lo stesso popolo di Dio lo canonizz\u00f2 gi\u00e0 in vita chiamandolo il santo P. Mariano e la Chiesa lo dichiara Venerabile il 23 ottobre 1987 per decisione del papa Giovanni Paolo II.<\/p>\n","protected":false},"excerpt":{"rendered":"<p>Mariano Avellana nacque a Almud\u00e9var, provincia e diocesi di Huesca (Spagna) il 16 aprile 1844, quinto degli otto figli di Francesco e Raffaella, di buona posizione sociale e di buoni costumi. Lo stesso giorno della sua nascita fu battezzato nella cappella di sant\u2019Anna della Chiesa parrocchiale, propriet\u00e0 della sua famiglia. Egli stesso scriver\u00e0 pi\u00f9 tardi: [&hellip;]<\/p>\n","protected":false},"author":69,"featured_media":0,"parent":33289,"menu_order":0,"comment_status":"closed","ping_status":"closed","template":"","meta":{"_et_pb_use_builder":"","_et_pb_old_content":"","_et_gb_content_width":"","footnotes":""},"class_list":["post-27738","page","type-page","status-publish","hentry"],"jetpack_sharing_enabled":true,"jetpack_shortlink":"https:\/\/wp.me\/PdaBmi-7do","jetpack_likes_enabled":true,"_links":{"self":[{"href":"https:\/\/www.claret.org\/it\/wp-json\/wp\/v2\/pages\/27738","targetHints":{"allow":["GET"]}}],"collection":[{"href":"https:\/\/www.claret.org\/it\/wp-json\/wp\/v2\/pages"}],"about":[{"href":"https:\/\/www.claret.org\/it\/wp-json\/wp\/v2\/types\/page"}],"author":[{"embeddable":true,"href":"https:\/\/www.claret.org\/it\/wp-json\/wp\/v2\/users\/69"}],"replies":[{"embeddable":true,"href":"https:\/\/www.claret.org\/it\/wp-json\/wp\/v2\/comments?post=27738"}],"version-history":[{"count":0,"href":"https:\/\/www.claret.org\/it\/wp-json\/wp\/v2\/pages\/27738\/revisions"}],"up":[{"embeddable":true,"href":"https:\/\/www.claret.org\/it\/wp-json\/wp\/v2\/pages\/33289"}],"wp:attachment":[{"href":"https:\/\/www.claret.org\/it\/wp-json\/wp\/v2\/media?parent=27738"}],"curies":[{"name":"wp","href":"https:\/\/api.w.org\/{rel}","templated":true}]}}