{"id":27751,"date":"2018-09-04T10:20:32","date_gmt":"2018-09-04T08:20:32","guid":{"rendered":"https:\/\/www.claret.org\/fecha-22-de-maggio-santa-gioacchina-vedruna-fondatrice-delle-religiose-carmelitane-della-carita\/"},"modified":"2018-09-04T10:20:32","modified_gmt":"2018-09-04T08:20:32","slug":"fecha-22-de-maggio-santa-gioacchina-vedruna-fondatrice-delle-religiose-carmelitane-della-carita","status":"publish","type":"page","link":"https:\/\/www.claret.org\/it\/effemeridi\/fecha-22-de-maggio-santa-gioacchina-vedruna-fondatrice-delle-religiose-carmelitane-della-carita\/","title":{"rendered":"Fecha: 22 de Maggio &#8211; SANTA GIOACCHINA VEDRUNA Fondatrice delle religiose Carmelitane della Carit\u00e0"},"content":{"rendered":"<div style=\"text-align: justify;\">Santa Gioacchina Vedruna nacque a Barcellona (Spagna) il 16 aprile 1783, dove, dopo 71 anni di esistenza dedicata a Dio e al servizio eroico della carit\u00e0, mor\u00ec il 28 agosto 1854.<\/div>\n<div style=\"text-align: justify;\"><\/div>\n<div style=\"text-align: justify;\">La sua prima aspirazione fu di consacrarsi a Dio come contemplativa; ma interpretandolo come volont\u00e0 del Signore, segu\u00ec il consiglio dei suoi genitori e contrasse matrimonio con Teodoro de Mas, ricco possidente di Vic. Ebbero nove figli. Rimase vedova all\u2019et\u00e0 di 33 anni. A partire da questo momento, Gioacchina si consacr\u00f2 con impegno alla cura dei suoi figli, che seppe accompagnare con molte opere di piet\u00e0.<\/div>\n<div style=\"text-align: justify;\"><\/div>\n<div style=\"text-align: justify;\">A un certo momento, desider\u00f2 una vita di un maggior impegno radicale. Nonostante le sue preferenze per la vita contemplativa, il suo direttore spirituale le present\u00f2 le necessit\u00e0 urgenti di quei tempi. Cos\u00ec prese la decisione di fondare una istituzione dedicata all\u2019insegnamento e all\u2019aiuto dei malati. Con urgenza vide la necessit\u00e0 di dedicarsi all\u2019insegnamento delle fanciulle, tanto abbandonate.<\/div>\n<div style=\"text-align: justify;\"><\/div>\n<div style=\"text-align: justify;\">Gioacchina Vedruna lavor\u00f2 con decisione e umilt\u00e0 per questa mozione dello Spirito. Per questo, il 26 febbraio 1826 il vescovo Corcuera approv\u00f2 il nuovo Istituto, che fu posto sotto la protezione di Nostra Signora del Carmelo. E nel 1850 fu approvata in modo canonico la Congregazione che conosciamo come Suore Carmelitane della Carit\u00e0.<\/div>\n<div style=\"text-align: justify;\"><\/div>\n<div style=\"text-align: justify;\">Le Suore Carmelitane della Carit\u00e0 seppero essere pioniere. Segnarono un\u2019epoca e tracciarono una strada che pi\u00f9 tardi fu scelta da diverse congregazioni. Esse furono le prime religiose a dedicarsi all\u2019insegnamento in Spagna. Il tratto proprio che le identifica \u00e8 che la Santa visse in casa dei suoi genitori e pi\u00f9 tardi della propria casa fece un ambiente di famiglia. Seppe trasmettere questa atmosfera familiare all\u2019Istituto. Ogni comunit\u00e0 godeva di un clima di fiducia e di cordialit\u00e0, come un focolare caldo e aperto; si abolirono quelle differenze sociali \u2013 di dote, di stirpe, di cultura\u2026 \u2013 che tanto e tanto negativamente hanno snaturato la vita religiosa. Anche questo ambiente familiare si trasfer\u00ec alle educande, che godevano del privilegio di un impegno senza riserve da parte delle suore. Le giovani fortunate impararono molto presto quel ritornello gioiosamente ripetuto: \u00abLa parola, non con il sangue, ma con l\u2019affetto entra\u00bb.<\/div>\n<div style=\"text-align: justify;\"><\/div>\n<div style=\"text-align: justify;\">Antonio Maria Claret e Gioacchina Vedruna si incontrano per diversi motivi familiari e locali. Il P. Claret segu\u00ec spiritualmente Gioacchina Vedruna e divent\u00f2 il propulsore e il protettore della Congregazione che la Santa fonder\u00e0. Grazie al suo decisivo influsso, l\u2019Istituto apr\u00ec presto le sue porte in Catalogna e pot\u00e9 estendersi in tutta la Spagna. Il santo la protesse sempre, prese le difese per il suo mantenimento e presenza tra la gente. Fu veramente loro difensore, padre e fratello buono. Lo faranno poi, in seguito, anche altri Missionari Clarettiani.<\/div>\n","protected":false},"excerpt":{"rendered":"<p>Santa Gioacchina Vedruna nacque a Barcellona (Spagna) il 16 aprile 1783, dove, dopo 71 anni di esistenza dedicata a Dio e al servizio eroico della carit\u00e0, mor\u00ec il 28 agosto 1854. La sua prima aspirazione fu di consacrarsi a Dio come contemplativa; ma interpretandolo come volont\u00e0 del Signore, segu\u00ec il consiglio dei suoi genitori e [&hellip;]<\/p>\n","protected":false},"author":69,"featured_media":0,"parent":33289,"menu_order":0,"comment_status":"closed","ping_status":"closed","template":"","meta":{"_et_pb_use_builder":"","_et_pb_old_content":"","_et_gb_content_width":"","footnotes":""},"class_list":["post-27751","page","type-page","status-publish","hentry"],"jetpack_sharing_enabled":true,"jetpack_shortlink":"https:\/\/wp.me\/PdaBmi-7dB","jetpack_likes_enabled":true,"_links":{"self":[{"href":"https:\/\/www.claret.org\/it\/wp-json\/wp\/v2\/pages\/27751","targetHints":{"allow":["GET"]}}],"collection":[{"href":"https:\/\/www.claret.org\/it\/wp-json\/wp\/v2\/pages"}],"about":[{"href":"https:\/\/www.claret.org\/it\/wp-json\/wp\/v2\/types\/page"}],"author":[{"embeddable":true,"href":"https:\/\/www.claret.org\/it\/wp-json\/wp\/v2\/users\/69"}],"replies":[{"embeddable":true,"href":"https:\/\/www.claret.org\/it\/wp-json\/wp\/v2\/comments?post=27751"}],"version-history":[{"count":0,"href":"https:\/\/www.claret.org\/it\/wp-json\/wp\/v2\/pages\/27751\/revisions"}],"up":[{"embeddable":true,"href":"https:\/\/www.claret.org\/it\/wp-json\/wp\/v2\/pages\/33289"}],"wp:attachment":[{"href":"https:\/\/www.claret.org\/it\/wp-json\/wp\/v2\/media?parent=27751"}],"curies":[{"name":"wp","href":"https:\/\/api.w.org\/{rel}","templated":true}]}}