{"id":27796,"date":"2018-09-04T11:45:42","date_gmt":"2018-09-04T09:45:42","guid":{"rendered":"https:\/\/www.claret.org\/fecha-23-de-giugno-studente-pedro-mardones\/"},"modified":"2018-09-04T11:45:42","modified_gmt":"2018-09-04T09:45:42","slug":"fecha-23-de-giugno-studente-pedro-mardones","status":"publish","type":"page","link":"https:\/\/www.claret.org\/it\/effemeridi\/fecha-23-de-giugno-studente-pedro-mardones\/","title":{"rendered":"Fecha: 23 de Giugno &#8211; STUDENTE PEDRO MARDONES"},"content":{"rendered":"<div style=\"text-align: justify;\">STUDENTE PIETRO MARDONES<\/div>\n<div style=\"text-align: justify;\">Lo studente clarettiano Pietro Mardones Valle nacque il 24 agosto 1914 a Vallejuelo, un paesino nel municipio di Valle de Mena, nella provincia di Burgos (Spagna). I suoi genitori, Michele e Sebastiana, erano contadini. Impar\u00f2 il catechismo da sua madre, Pietro mostr\u00f2 una grande devozione per l\u2019Eucaristia. Non si dimenticava mai di pregare la Patrona del paese, la Vergine di Cantonad, di cui era molto devoto.<\/div>\n<div style=\"text-align: justify;\"><\/div>\n<div style=\"text-align: justify;\">Riportiamo ci\u00f2 che dice di lui la Rassegna Storica della Provincia Betica:<\/div>\n<div style=\"text-align: justify;\"><\/div>\n<div style=\"text-align: justify;\">\u00abPrima di tutto l\u2019eroicit\u00e0 della sua vocazione. Amava svisceratamente suo padre, ma trov\u00f2 in lui l\u2019opposizione pi\u00f9 forte quando gli parl\u00f2 del suo ideale missionario. Il no del padre fu netto\u2026 Ma aiutato da uno dei suoi cognati, lasci\u00f2 la casa paterna di notte per nascondersi nella casa di Dio. L\u00ec si presentarono il sindaco della citt\u00e0 con suo padre e con la Guardia Civile. Non vi fu altra scelta che lasciare il ragazzo dove voleva stare. Gi\u00e0 da postulante si distingueva, senza volerlo, per la sua piet\u00e0, genuinit\u00e0 e per il tratto amabile. Come religioso, praticava tutte le virt\u00f9 e a tutte si dedicava con decisione e gioia. Un uomo di preghiera, di raffinata spiritualit\u00e0 cordimariana, di sacrificio, di mortificazione e laboriosit\u00e0; ma soprattutto, la sua ascesi nella mortificazione. Un santo. Arruolato nell\u2019esercito (1936), i capi della caserma gli manifestavano un rispetto cos\u00ec grande che quasi si sarebbero fatti legare per potergli ordinare qualcosa. La vita di caserma fu per lui un martirio continuo. Scappava appena lo poteva per non perdere il ritmo delle lezioni e dello studio. Per lui, lo studio era un compagno inseparabile dalla preghiera. Mor\u00ec divorato dal tifo. Il sindaco si offr\u00ec per essere padrino della sua prima messa. Non fu possibile. La celebr\u00f2 in cielo\u00bb.<\/div>\n<div style=\"text-align: justify;\"><\/div>\n<div style=\"text-align: justify;\">La sua fedelt\u00e0 eroica andava sempre pi\u00f9 crescendo e veniva definitivamente suggellata dall\u2019ultima prova: la malattia infettiva \u2013tifo- che andava minando il suo organismo fino a prendere la sua vita. Prostrato nel letto dell\u2019ospedale di Gri\u00f1on e consumato dalla febbre, l\u2019unico diversivo di Pietro era quello di parlare del Collegio, ricordare i fratelli della Congregazione e, specialmente, dedicarsi alla lettura della Bibbia.<\/div>\n<div style=\"text-align: justify;\"><\/div>\n<div style=\"text-align: justify;\">Mor\u00ec il 23 giugno 1937. Non aveva ancora compiuto i 24 anni di et\u00e0, ma era gi\u00e0 maturo per il cielo. Tutti coloro che ebbero la possibilit\u00e0 di conoscerlo sono concordi sullo stesso giudizio: \u00abIl signor Mardones era un santo\u00bb.<\/div>\n","protected":false},"excerpt":{"rendered":"<p>STUDENTE PIETRO MARDONES Lo studente clarettiano Pietro Mardones Valle nacque il 24 agosto 1914 a Vallejuelo, un paesino nel municipio di Valle de Mena, nella provincia di Burgos (Spagna). I suoi genitori, Michele e Sebastiana, erano contadini. Impar\u00f2 il catechismo da sua madre, Pietro mostr\u00f2 una grande devozione per l\u2019Eucaristia. Non si dimenticava mai di [&hellip;]<\/p>\n","protected":false},"author":69,"featured_media":0,"parent":33289,"menu_order":0,"comment_status":"closed","ping_status":"closed","template":"","meta":{"_et_pb_use_builder":"","_et_pb_old_content":"","_et_gb_content_width":"","footnotes":""},"class_list":["post-27796","page","type-page","status-publish","hentry"],"jetpack_sharing_enabled":true,"jetpack_shortlink":"https:\/\/wp.me\/PdaBmi-7ek","jetpack_likes_enabled":true,"_links":{"self":[{"href":"https:\/\/www.claret.org\/it\/wp-json\/wp\/v2\/pages\/27796","targetHints":{"allow":["GET"]}}],"collection":[{"href":"https:\/\/www.claret.org\/it\/wp-json\/wp\/v2\/pages"}],"about":[{"href":"https:\/\/www.claret.org\/it\/wp-json\/wp\/v2\/types\/page"}],"author":[{"embeddable":true,"href":"https:\/\/www.claret.org\/it\/wp-json\/wp\/v2\/users\/69"}],"replies":[{"embeddable":true,"href":"https:\/\/www.claret.org\/it\/wp-json\/wp\/v2\/comments?post=27796"}],"version-history":[{"count":0,"href":"https:\/\/www.claret.org\/it\/wp-json\/wp\/v2\/pages\/27796\/revisions"}],"up":[{"embeddable":true,"href":"https:\/\/www.claret.org\/it\/wp-json\/wp\/v2\/pages\/33289"}],"wp:attachment":[{"href":"https:\/\/www.claret.org\/it\/wp-json\/wp\/v2\/media?parent=27796"}],"curies":[{"name":"wp","href":"https:\/\/api.w.org\/{rel}","templated":true}]}}