{"id":27835,"date":"2018-09-04T15:00:04","date_gmt":"2018-09-04T13:00:04","guid":{"rendered":"https:\/\/www.claret.org\/fecha-11-de-luglio-p-filippo-maroto-superiore-generale\/"},"modified":"2018-09-04T15:00:04","modified_gmt":"2018-09-04T13:00:04","slug":"fecha-11-de-luglio-p-filippo-maroto-superiore-generale","status":"publish","type":"page","link":"https:\/\/www.claret.org\/it\/effemeridi\/fecha-11-de-luglio-p-filippo-maroto-superiore-generale\/","title":{"rendered":"Fecha: 11 de Luglio &#8211; P. FILIPPO MAROTO Superiore Generale"},"content":{"rendered":"<div style=\"text-align: justify;\">Nacque il 26 maggio 1875 a Garcill\u00e1n (Segovia \u2013 Spagna) da una modesta famiglia di contadini. Il 25 settembre 1889 entr\u00f2 nel seminario clarettiano di Segovia. Qui rimase un anno per studiare Logica. L\u2019anno seguente part\u00ec per Barbastro per studiare Retorica. Nei primi giorni di luglio del 1891 pass\u00f2 al noviziato di Cervera. Questo noviziato era formato da 3 novizi-sacerdoti, 75 studenti e 34 fratelli. Profess\u00f2 il 25 luglio 1892 e rimase a Cervera (Lleida \u2013 Spagna) dove inizi\u00f2 la Filosofia (1892-1895) e i primi due anni (1895-1897) di teologia dogmatica. Nell\u2019estate di questo ultimo anno pass\u00f2 a Santo Domingo de la Calzada (La Rioja \u2013 Spagna), dove termin\u00f2 la formazione sacerdotale studiando Morale e Diritto (1898-1900). Fu ordinato sacerdote il 13 maggio 1900. Fu subito destinato a Roma. Qui cominci\u00f2 gli studi di Diritto Canonico e Civile (corsi del 1900-1903) al Pontificio Seminario Romano.<\/div>\n<div style=\"text-align: justify;\"><\/div>\n<div style=\"text-align: justify;\">Nel corso dell\u2019anno 1907-1908 il P. Maroto inizi\u00f2 la sua carriera come professore universitario con la cattedra di Istituzioni Canoniche. In seguito fu Procuratore, Postulatore e Consultore Generale. Fu eletto Superiore Generale il 23 aprile 1934 nel XIII Capitolo Generale. Era conosciutissimo a Roma per le sue doti spirituali e intellettuali. La sua attitudine per il diritto era eccezionale. Lo si conosceva cos\u00ec bene, che in alcune occasioni si arriv\u00f2 a chiamare i clarettiani i marotini.<\/div>\n<div style=\"text-align: justify;\"><\/div>\n<div style=\"text-align: justify;\">A causa del poco tempo che rimase come Superiore Generale, non pot\u00e9 scrivere molte circolari. Nel suo magistero insiste, soprattutto, sulla missione universale della Congregazione e sulla formazione seria e responsabile per la stessa. Chiede anche che si favorisca lo spirito missionario universale nei collegi con tutti i mezzi possibili. Fu anche molto efficiente nel mettere in pratica ci\u00f2 che si era deciso nel Capitolo Generale (1934) che lo elesse. Tra le altre cose, diede inizio al Collegio Internazionale di Roma con il corso 1934-1935 e il trasferimento della Curia Generale a Roma, in Via Giulia.<\/div>\n<div style=\"text-align: justify;\"><\/div>\n<div style=\"text-align: justify;\">Gli avvenimenti pi\u00f9 importanti di questo periodo, e ci\u00f2 che avrebbe influito sul rapido declino del P. Maroto, furono gli avvenimenti della Guerra Civile spagnola (1936-1939). Si paralizz\u00f2 tutto il ministero, con la morte di 271 professi tra Padri, Fratelli e Studenti, oltre a molte altre perdite materiali. In ogni modo, questa perdita dolorosa diverr\u00e0 gloria per la Congregazione, che gi\u00e0 poteva annoverare numerosi martiri. Mor\u00ec improvvisamente, spossato dalle sofferenze patite per quanto era accaduto in Spagna, per un emorragia cerebrale l\u201911 luglio 1937.<\/div>\n","protected":false},"excerpt":{"rendered":"<p>Nacque il 26 maggio 1875 a Garcill\u00e1n (Segovia \u2013 Spagna) da una modesta famiglia di contadini. Il 25 settembre 1889 entr\u00f2 nel seminario clarettiano di Segovia. Qui rimase un anno per studiare Logica. L\u2019anno seguente part\u00ec per Barbastro per studiare Retorica. Nei primi giorni di luglio del 1891 pass\u00f2 al noviziato di Cervera. Questo noviziato [&hellip;]<\/p>\n","protected":false},"author":69,"featured_media":0,"parent":33289,"menu_order":0,"comment_status":"closed","ping_status":"closed","template":"","meta":{"_et_pb_use_builder":"","_et_pb_old_content":"","_et_gb_content_width":"","footnotes":""},"class_list":["post-27835","page","type-page","status-publish","hentry"],"jetpack_sharing_enabled":true,"jetpack_shortlink":"https:\/\/wp.me\/PdaBmi-7eX","jetpack_likes_enabled":true,"_links":{"self":[{"href":"https:\/\/www.claret.org\/it\/wp-json\/wp\/v2\/pages\/27835","targetHints":{"allow":["GET"]}}],"collection":[{"href":"https:\/\/www.claret.org\/it\/wp-json\/wp\/v2\/pages"}],"about":[{"href":"https:\/\/www.claret.org\/it\/wp-json\/wp\/v2\/types\/page"}],"author":[{"embeddable":true,"href":"https:\/\/www.claret.org\/it\/wp-json\/wp\/v2\/users\/69"}],"replies":[{"embeddable":true,"href":"https:\/\/www.claret.org\/it\/wp-json\/wp\/v2\/comments?post=27835"}],"version-history":[{"count":0,"href":"https:\/\/www.claret.org\/it\/wp-json\/wp\/v2\/pages\/27835\/revisions"}],"up":[{"embeddable":true,"href":"https:\/\/www.claret.org\/it\/wp-json\/wp\/v2\/pages\/33289"}],"wp:attachment":[{"href":"https:\/\/www.claret.org\/it\/wp-json\/wp\/v2\/media?parent=27835"}],"curies":[{"name":"wp","href":"https:\/\/api.w.org\/{rel}","templated":true}]}}