{"id":27861,"date":"2018-09-04T17:06:48","date_gmt":"2018-09-04T15:06:48","guid":{"rendered":"https:\/\/www.claret.org\/fecha-27-de-luglio-beato-giuseppe-maria-ruiz-formatore-e-martire\/"},"modified":"2018-09-04T17:06:48","modified_gmt":"2018-09-04T15:06:48","slug":"fecha-27-de-luglio-beato-giuseppe-maria-ruiz-formatore-e-martire","status":"publish","type":"page","link":"https:\/\/www.claret.org\/it\/effemeridi\/fecha-27-de-luglio-beato-giuseppe-maria-ruiz-formatore-e-martire\/","title":{"rendered":"Fecha: 27 de Luglio &#8211; BEATO GIUSEPPE MARIA RUIZ Formatore e martire"},"content":{"rendered":"<div style=\"text-align: justify;\">Il P. Giuseppe Maria Ruiz nacque a Jerez de los Caballeros, provincia di Badajoz (Spagna), il 3 settembre 1906. Fece la sua prima professione nella sua citt\u00e0 natale, il 15 agosto 1924. La professione perpetua la fece a Zafra il 23 ottobre 1927. A Zafra (Badajoz) comp\u00ec i suoi studi sacerdotali e fu ordinato sacerdote nell\u2019anno 1932. Dopo essere stato ordinato sacerdote, il P. Ruiz fu destinato dai suoi superiori a Sig\u00fcenza (Guadalajara) come Prefetto dei postulanti. Alla loro formazione si dedic\u00f2 anima e corpo sino alla fine, al punto di spargere il proprio sangue per i suoi formandi.<\/div>\n<div style=\"text-align: justify;\"><\/div>\n<div style=\"text-align: justify;\">A partire dal luglio 1936 la Guerra Civile si estese inarrestabile in tutta la Spagna e Sig\u00fcenza non fu risparmiata. Spuntava l\u2019alba del 25 luglio. I miliziani visitarono per la terza volta Sig\u00fcenza, iniziando a perseguitare tutti i rappresentanti della destra politica e quelli del clero secolare e religioso. Presero e sottoposero a giudizio il Vescovo e alcuni dei Missionari Clarettiani.<\/div>\n<div style=\"text-align: justify;\"><\/div>\n<div style=\"text-align: justify;\">Al Palazzo degli Infanti, dove era ubicato il Postulantato Minore, arrivarono le notizie di questi disordini. Responsabile del Postulantato era il P. Giuseppe Maria Ruiz. Riun\u00ec i postulanti e spieg\u00f2 loro la situazione. Le circostanze esigevano la dispersione verso luoghi pi\u00f9 sicuri. Diede loro alcuni consigli su come dovevano comportarsi dove si sarebbero trovati: non avrebbero mai dovuto tradire il Signore n\u00e9 la Vergine, nostra Madre, dovevano essere disposti a dare la propria vita se fosse stato necessario. Egli stesso offr\u00ec la sua vita per loro, davanti alla Vergine, con queste parole: \u00abSe volete, Madre, una vittima, io sono qui; ascoltatemi; ma non permettete che succeda qualcosa a questi innocenti che non hanno fatto del male a nessuno\u00bb.<\/div>\n<div style=\"text-align: justify;\"><\/div>\n<div style=\"text-align: justify;\">I postulanti si divisero in vari gruppi. I pi\u00f9 piccoli si diressero a Guijosa, un villaggio vicino a Sig\u00fcenza. Nell\u2019Eucaristia del mattino del 26 luglio, il P. Ruiz rinnov\u00f2 l\u2019offerta sacrificale che aveva fatto a Sig\u00fcenza prima della dispersione: \u00abSe volete una vittima, sono qui, o Signore\u00bb.<\/div>\n<div style=\"text-align: justify;\"><\/div>\n<div style=\"text-align: justify;\">Il 27 luglio, un gruppo di miliziani si avvicinarono da Sig\u00fcenza a Guijosa e portarono con s\u00e9 il P. Ruiz e lo misero davanti agli innocenti postulanti. Lo perquisirono, si burlarono di lui e il P. Ruiz cadde in ginocchio esclamando: \u00abVergine del Carmelo, io ti offro la mia vita per la salvezza della Spagna\u00bb. Il camion si diresse verso Sig\u00fcenza. Superata la cima del monte Otero si ferm\u00f2. Fecero scendere il P. Ruiz e l\u00ec stesso, vicino alla strada, immolarono il pastore che offr\u00ec la sua vita per le sue tenere pecorelle.<\/div>\n<div style=\"text-align: justify;\"><\/div>\n<div style=\"text-align: justify;\">I postulanti che erano rimasti a Guijosa vennero trasferiti di nuovo a Sig\u00fcenza per ordine dei miliziani. Passando vicino all\u2019Otero videro il corpo di un uomo che sembrava addormentato. Ma aguzzando meglio la vista e gi\u00e0 pi\u00f9 da vicino, tutti riconobbero il corpo del P. Ruiz che aveva dato la vita per loro, come Ges\u00f9.<\/div>\n","protected":false},"excerpt":{"rendered":"<p>Il P. Giuseppe Maria Ruiz nacque a Jerez de los Caballeros, provincia di Badajoz (Spagna), il 3 settembre 1906. Fece la sua prima professione nella sua citt\u00e0 natale, il 15 agosto 1924. La professione perpetua la fece a Zafra il 23 ottobre 1927. A Zafra (Badajoz) comp\u00ec i suoi studi sacerdotali e fu ordinato sacerdote [&hellip;]<\/p>\n","protected":false},"author":69,"featured_media":0,"parent":33289,"menu_order":0,"comment_status":"closed","ping_status":"closed","template":"","meta":{"_et_pb_use_builder":"","_et_pb_old_content":"","_et_gb_content_width":"","footnotes":""},"class_list":["post-27861","page","type-page","status-publish","hentry"],"jetpack_sharing_enabled":true,"jetpack_shortlink":"https:\/\/wp.me\/PdaBmi-7fn","jetpack_likes_enabled":true,"_links":{"self":[{"href":"https:\/\/www.claret.org\/it\/wp-json\/wp\/v2\/pages\/27861","targetHints":{"allow":["GET"]}}],"collection":[{"href":"https:\/\/www.claret.org\/it\/wp-json\/wp\/v2\/pages"}],"about":[{"href":"https:\/\/www.claret.org\/it\/wp-json\/wp\/v2\/types\/page"}],"author":[{"embeddable":true,"href":"https:\/\/www.claret.org\/it\/wp-json\/wp\/v2\/users\/69"}],"replies":[{"embeddable":true,"href":"https:\/\/www.claret.org\/it\/wp-json\/wp\/v2\/comments?post=27861"}],"version-history":[{"count":0,"href":"https:\/\/www.claret.org\/it\/wp-json\/wp\/v2\/pages\/27861\/revisions"}],"up":[{"embeddable":true,"href":"https:\/\/www.claret.org\/it\/wp-json\/wp\/v2\/pages\/33289"}],"wp:attachment":[{"href":"https:\/\/www.claret.org\/it\/wp-json\/wp\/v2\/media?parent=27861"}],"curies":[{"name":"wp","href":"https:\/\/api.w.org\/{rel}","templated":true}]}}