{"id":27873,"date":"2018-09-04T17:15:21","date_gmt":"2018-09-04T15:15:21","guid":{"rendered":"https:\/\/www.claret.org\/fecha-28-de-luglio-beati-tommaso-ordero-e-compagni-martiri\/"},"modified":"2018-09-04T17:15:21","modified_gmt":"2018-09-04T15:15:21","slug":"fecha-28-de-luglio-beati-tommaso-ordero-e-compagni-martiri","status":"publish","type":"page","link":"https:\/\/www.claret.org\/it\/effemeridi\/fecha-28-de-luglio-beati-tommaso-ordero-e-compagni-martiri\/","title":{"rendered":"Fecha: 28 de Luglio &#8211; BEATI TOMMASO ORDERO E COMPAGNI Martiri"},"content":{"rendered":"<div style=\"text-align: justify;\">Durante la Guerra Civile spagnola, tra gli anni 1936-1939, un gruppo di Studenti missionari, fuggendo dal nostro Teologato di Zafra (Badajoz \u2013 Spagna),<\/div>\n<div style=\"text-align: justify;\">trov\u00f2 rifugio a Ciudad Real, luogo che sembr\u00f2 allora molto sicuro. Vivendo in quella citt\u00e0 e di fronte alla pesante piega che andava assumendo la situazione, i superiori della Provincia Betica compresero che quel luogo offriva poche garanzie di sicurezza e protezione come invece all\u2019inizio sembrava dare. Cos\u00ec, dopo aver ricevuto alcune false promesse di sicurezza, decisero di trasferire a Madrid il gruppo degli Studenti che si era l\u00ec rifugiato.<\/div>\n<div style=\"text-align: justify;\"><\/div>\n<div style=\"text-align: justify;\">Secondo i testimoni dei fatti alla stazione ferroviaria di Ciudad Real furono riconosciuti come religiosi, anche se indossavano indumenti civili. Alla prima fermata del viaggio, alcuni miliziani li obbligarono a scendere dal treno tra insulti e minacce di morte. Le loro minacce divennero realt\u00e0. Una volta a terra, furono sistemati tra le rotaie della stazione ferroviaria vicina alla cittadina di Fern\u00e1n Caballero. Allineati, tra il secondo e il terzo binario, ebbe luogo la fucilazione che mise fine alle loro vite. Tra le grida di \u00abViva Cristo Re, Viva il Cuore di Maria!\u00bb furono martirizzati i nostri Studenti sotto il fuoco dei fucili. Era il 28 luglio.<\/div>\n<div style=\"text-align: justify;\"><\/div>\n<div style=\"text-align: justify;\">I nomi dei 14 martiri clarettiani che a Fern\u00e1n Caballero (Ciudad Real) donarono la vita per la propria fede, per la propria vocazione e per Cristo sono questi: Tommaso Cordero, Claudio L\u00f3pez, Angelo L\u00f3pez, Primitivo Berrocoso, Antonio Lasa, Vincenzo Robles, Melecio Pardo. Antonio Maria Orrego, Otilio del Amo, Candido Catal\u00e1n, Angelo P\u00e9rez, Abelardo Garc\u00eda, Gabriele Barriopedro e Ges\u00f9 Annibale G\u00f3mez, quest\u2019ultimo era di nazionalit\u00e0 colombiana.<\/div>\n<div style=\"text-align: justify;\">A loro va aggiunto il Fratello Filippo Gonz\u00e1lez, che fu martirizzato anche a Fern\u00e1n Caballero, alla porta del cimitero, il 2 ottobre 1936.<\/div>\n","protected":false},"excerpt":{"rendered":"<p>Durante la Guerra Civile spagnola, tra gli anni 1936-1939, un gruppo di Studenti missionari, fuggendo dal nostro Teologato di Zafra (Badajoz \u2013 Spagna), trov\u00f2 rifugio a Ciudad Real, luogo che sembr\u00f2 allora molto sicuro. Vivendo in quella citt\u00e0 e di fronte alla pesante piega che andava assumendo la situazione, i superiori della Provincia Betica compresero [&hellip;]<\/p>\n","protected":false},"author":69,"featured_media":0,"parent":33289,"menu_order":0,"comment_status":"closed","ping_status":"closed","template":"","meta":{"_et_pb_use_builder":"","_et_pb_old_content":"","_et_gb_content_width":"","footnotes":""},"class_list":["post-27873","page","type-page","status-publish","hentry"],"jetpack_sharing_enabled":true,"jetpack_shortlink":"https:\/\/wp.me\/PdaBmi-7fz","jetpack_likes_enabled":true,"_links":{"self":[{"href":"https:\/\/www.claret.org\/it\/wp-json\/wp\/v2\/pages\/27873","targetHints":{"allow":["GET"]}}],"collection":[{"href":"https:\/\/www.claret.org\/it\/wp-json\/wp\/v2\/pages"}],"about":[{"href":"https:\/\/www.claret.org\/it\/wp-json\/wp\/v2\/types\/page"}],"author":[{"embeddable":true,"href":"https:\/\/www.claret.org\/it\/wp-json\/wp\/v2\/users\/69"}],"replies":[{"embeddable":true,"href":"https:\/\/www.claret.org\/it\/wp-json\/wp\/v2\/comments?post=27873"}],"version-history":[{"count":0,"href":"https:\/\/www.claret.org\/it\/wp-json\/wp\/v2\/pages\/27873\/revisions"}],"up":[{"embeddable":true,"href":"https:\/\/www.claret.org\/it\/wp-json\/wp\/v2\/pages\/33289"}],"wp:attachment":[{"href":"https:\/\/www.claret.org\/it\/wp-json\/wp\/v2\/media?parent=27873"}],"curies":[{"name":"wp","href":"https:\/\/api.w.org\/{rel}","templated":true}]}}