{"id":27884,"date":"2018-09-04T17:24:08","date_gmt":"2018-09-04T15:24:08","guid":{"rendered":"https:\/\/www.claret.org\/fecha-29-de-luglio-servi-di-dio-p-candido-casals-e-compagni-martiri\/"},"modified":"2018-09-04T17:24:08","modified_gmt":"2018-09-04T15:24:08","slug":"fecha-29-de-luglio-servi-di-dio-p-candido-casals-e-compagni-martiri","status":"publish","type":"page","link":"https:\/\/www.claret.org\/it\/effemeridi\/fecha-29-de-luglio-servi-di-dio-p-candido-casals-e-compagni-martiri\/","title":{"rendered":"Fecha: 29 de Luglio &#8211; SERVI DI DIO P. CANDIDO CASALS E COMPAGNI Martiri"},"content":{"rendered":"<div style=\"text-align: justify;\">Questo gruppo appartenne alle due comunit\u00e0 che vi erano allora a Barcellona (Spagna): la casa di Gracia, sede del governo provinciale di Catalogna, e la residenza di via Ripoll. I missionari furono martirizzati in giorni, luoghi e circostanze diversi. La comunit\u00e0 di Gracia era formata in quel momento da 56 religiosi, non pochi di essi anziani e malati. Alla comunit\u00e0 di via Ripoll appartenevano 9 religiosi. In quell\u2019estate del 1936 scoppi\u00f2 in modo vertiginoso la rivolta militare che avrebbe scatenato la Guerra Civile spagnola. A seguito d\u00ec quegli avvenimenti, i missionari si dispersero e cercarono rifugio, in modo precipitoso, dove poterono. L\u2019assalto alla comunit\u00e0 di Gracia fu eclatante. Era la domenica 19 luglio. Una prima sparatoria allert\u00f2 tutti e la maggior parte dei missionari pot\u00e9 scappare. Rimasero l\u00ec solo i malati e qualcuno che li accudiva. Sia la casa che la Chiesa furono prese a fucilate e incendiate.<\/div>\n<div style=\"text-align: justify;\"><\/div>\n<div style=\"text-align: justify;\">1. P. Candido Casals (+29\/VII\/1936). Nel 1935 era il superiore della comunit\u00e0 di Barcellona \u2013 Gracia. Fu un uomo conosciuto per le sue grandi qualit\u00e0 di oratore sacro ed era dotato di una grande bont\u00e0. Catturato, fu brutalmente torturato prima di morire come martire il 29 luglio.<\/div>\n<div style=\"text-align: justify;\"><\/div>\n<div style=\"text-align: justify;\">2. Fratello Giovanni Capdevila i Costa (+25\/VII\/1936). Fu il primo martire della comunit\u00e0 di Barcellona-Grac\u00eda. La sua morte avvenne il giorno 25 luglio 1936, a una settimana dall\u2019inizio della Guerra Civile spagnola.<\/div>\n<div style=\"text-align: justify;\"><\/div>\n<div style=\"text-align: justify;\">3. P. Gumersindo Valtierra (+26\/07\/1936). Era il superiore della residenza di Barcellona-Ripoli. Dopo essere stato arrestato in mezzo alla strada, consum\u00f2 il suo martirio il 26 luglio.<\/div>\n<div style=\"text-align: justify;\"><\/div>\n<div style=\"text-align: justify;\">4. Studente Adolfo Esteban (+31\/07\/1936). Il giovane missionario si rifugi\u00f2 con un altro Studente clarettiano, Giuseppe Oliva, a casa di quest\u2019ultimo. Gli Studenti risiedevano nella comunit\u00e0 di Barcellona-Gracia. Denunciato, il signor Esteban venne incarcerato. Dopo essere stato ucciso, il suo corpo fu trovato vicino all\u2019Ospedale di San Pablo di Barcellona.<\/div>\n<div style=\"text-align: justify;\"><\/div>\n<div style=\"text-align: justify;\">5. P. Antonio Junyent (+19\/07\/1936). Apparteneva alla comunit\u00e0 di Barcellona Gracia. Scoperto come religioso, fu incarcerato e in seguito fucilato. Il suo corpo fu trovato nell\u2019ufficio del Registro della Clinica di Barcellona.<\/div>\n<div style=\"text-align: justify;\"><\/div>\n<div style=\"text-align: justify;\">6. P. Giacinto Blanch Ferrer (+21\/07\/1936). Era membro della comunit\u00e0 di Barcellona-Ripoll. Mentre si trovava a casa di un suo carissimo amico il signor Bofill, un plotone di miliziani perquis\u00ec la casa e lo arrestarono. Fu la stessa famiglia Bofill che trov\u00f2 il suo cadavere a Pedralbes e lo seppell\u00ec con gli onori di un martire.<\/div>\n<div style=\"text-align: justify;\"><\/div>\n<div style=\"text-align: justify;\">7. P. Tommaso Planas (+27\/08\/1936). Nato a Barcellona, con i suoi 30 anni era una grande speranza per la Congregazione e per la Chiesa per le sue doti, la sua formazione e disposizione apostolica. Apparteneva alla comunit\u00e0 di Barcellona-Gracia. Dopo essere stato imprigionato fu interrogato e condannato a morte il 26 agosto 1936. Il giorno dopo venne fucilato nelle vicinanze della citt\u00e0 catalana di Sabadell.<\/div>\n<div style=\"text-align: justify;\"><\/div>\n<div style=\"text-align: justify;\">8. P. Cirillo Montaner (+28\/11\/1936). Era della comunit\u00e0 di Barcellona-Gracia. Dopo alcune peripezie per trovare rifugio, fu accolto a casa dei signori 32<\/div>\n<div style=\"text-align: justify;\">Dom\u00e9nech. Arrestato con il capo famiglia il 25 novembre, furono condotti in prigione, da dove uscirono per morire il 28 di quello stesso mese.<\/div>\n","protected":false},"excerpt":{"rendered":"<p>Questo gruppo appartenne alle due comunit\u00e0 che vi erano allora a Barcellona (Spagna): la casa di Gracia, sede del governo provinciale di Catalogna, e la residenza di via Ripoll. I missionari furono martirizzati in giorni, luoghi e circostanze diversi. La comunit\u00e0 di Gracia era formata in quel momento da 56 religiosi, non pochi di essi [&hellip;]<\/p>\n","protected":false},"author":69,"featured_media":0,"parent":33289,"menu_order":0,"comment_status":"closed","ping_status":"closed","template":"","meta":{"_et_pb_use_builder":"","_et_pb_old_content":"","_et_gb_content_width":"","footnotes":""},"class_list":["post-27884","page","type-page","status-publish","hentry"],"jetpack_sharing_enabled":true,"jetpack_shortlink":"https:\/\/wp.me\/PdaBmi-7fK","jetpack_likes_enabled":true,"_links":{"self":[{"href":"https:\/\/www.claret.org\/it\/wp-json\/wp\/v2\/pages\/27884","targetHints":{"allow":["GET"]}}],"collection":[{"href":"https:\/\/www.claret.org\/it\/wp-json\/wp\/v2\/pages"}],"about":[{"href":"https:\/\/www.claret.org\/it\/wp-json\/wp\/v2\/types\/page"}],"author":[{"embeddable":true,"href":"https:\/\/www.claret.org\/it\/wp-json\/wp\/v2\/users\/69"}],"replies":[{"embeddable":true,"href":"https:\/\/www.claret.org\/it\/wp-json\/wp\/v2\/comments?post=27884"}],"version-history":[{"count":0,"href":"https:\/\/www.claret.org\/it\/wp-json\/wp\/v2\/pages\/27884\/revisions"}],"up":[{"embeddable":true,"href":"https:\/\/www.claret.org\/it\/wp-json\/wp\/v2\/pages\/33289"}],"wp:attachment":[{"href":"https:\/\/www.claret.org\/it\/wp-json\/wp\/v2\/media?parent=27884"}],"curies":[{"name":"wp","href":"https:\/\/api.w.org\/{rel}","templated":true}]}}