{"id":28119,"date":"2018-09-05T08:21:23","date_gmt":"2018-09-05T06:21:23","guid":{"rendered":"https:\/\/www.claret.org\/fecha-17-de-agosto-servo-di-dio-fratello-pietro-marcer\/"},"modified":"2018-09-05T08:21:23","modified_gmt":"2018-09-05T06:21:23","slug":"fecha-17-de-agosto-servo-di-dio-fratello-pietro-marcer","status":"publish","type":"page","link":"https:\/\/www.claret.org\/it\/effemeridi\/fecha-17-de-agosto-servo-di-dio-fratello-pietro-marcer\/","title":{"rendered":"Fecha: 17 de Agosto &#8211; SERVO DI DIO FRATELLO PIETRO MARCER"},"content":{"rendered":"<p style=\"text-align: justify;\"><img data-recalc-dims=\"1\" loading=\"lazy\" decoding=\"async\" class=\"alignleft\" title=\"\" src=\"https:\/\/i0.wp.com\/www2.claret.org\/sites\/default\/files\/imagenes\/espiritualidad\/calendario\/43-pedro_marce.jpg?resize=250%2C322\" alt=\"\" width=\"250\" height=\"322\"><\/p>\n<div style=\"text-align: justify;\">Antonio Maria Claret, quando fond\u00f2 la Congregazione dei Figli del Cuore di Maria, aveva gi\u00e0 in mente di incorporare fratelli coadiutori, religiosi come i presbiteri, ma dediti a svolgere incarichi interni alla comunit\u00e0. Anche se non esercitavano funzioni ministeriali, erano religiosi missionari nel senso pieno della parola. Oltre a ci\u00f2, hanno sempre aiutato apprezzabilmente la vita e la missione della Congregazione.<\/div>\n<div style=\"text-align: justify;\"><\/div>\n<div style=\"text-align: justify;\">Tra questi fratelli coadiutori ve ne fu uno che si distinse per una vita particolare nella provincia clarettiana del Cile, dal 1880 al 1927: il Fr. Pietro Marcer Cusc\u00f3. Nei diversi cataloghi pubblicati, appare come Marcer o Marc\u00e9, Cusc\u00f3 o Cosc\u00f3. Noi useremo Marcer e Cusc\u00f3.<\/div>\n<div style=\"text-align: justify;\"><\/div>\n<div style=\"text-align: justify;\">Pietro Marcer nacque a Avinyonet del Pened\u00e9s (Barcellona-Spagna) nel 1954; nel 1879 profess\u00f2 nella Congregazione e nel 1880 fu destinato al Cile, con la sesta spedizione clarettiana in America. Fu nelle comunit\u00e0 di Curic\u00f3, per poco tempo, e di Santiago in cui visse per 47 anni. Mor\u00ec a 73 anni a Santiago del Cile.<\/div>\n<div style=\"text-align: justify;\">Esercit\u00f2 sempre il servizio di portinaio, incarico di fiducia dei superiori. Esemplare \u00e8 la sua vita: \u00abDifficilmente si canceller\u00e0 dalla memoria di coloro che appartengono a questa Provincia la santa figura del Fr. Pietro nell\u2019esercizio del suo incarico\u00bb. La sua memoria \u00e8 passata attraverso le generazioni di missionari come un modello da seguire.<\/div>\n<div style=\"text-align: justify;\"><\/div>\n<div style=\"text-align: justify;\">Fu introdotta la sua causa di beatificazione, che non prosegu\u00ec per difetti giuridici. Vi troviamo una visione generale della sua vita e virt\u00f9 religiose: \u00abQuella sua attitudine modesta e semplice, senza ostentazione\u2026 quella prudenza nel parlare, quel riserbo e umilt\u00e0\u2026; un insieme, alla fine, che manifestava la santit\u00e0 con tutte le sfumature che l\u2019abbelliscono: la penitenza e l\u2019amabilit\u00e0, la preghiera e lo zelo, la rigida osservanza e l\u2019affabile carit\u00e0, il raccoglimento e lo zelo\u00bb. Del suo zelo possiamo dire che in quel periodo si regolarizzarono pi\u00f9 matrimoni nella sua portineria che in tutta l\u2019Arcidiocesi di Santiago. La sua biografia fu scritta e pubblicata.<\/div>\n","protected":false},"excerpt":{"rendered":"<p>Antonio Maria Claret, quando fond\u00f2 la Congregazione dei Figli del Cuore di Maria, aveva gi\u00e0 in mente di incorporare fratelli coadiutori, religiosi come i presbiteri, ma dediti a svolgere incarichi interni alla comunit\u00e0. Anche se non esercitavano funzioni ministeriali, erano religiosi missionari nel senso pieno della parola. Oltre a ci\u00f2, hanno sempre aiutato apprezzabilmente la [&hellip;]<\/p>\n","protected":false},"author":69,"featured_media":28110,"parent":33289,"menu_order":0,"comment_status":"closed","ping_status":"closed","template":"","meta":{"_et_pb_use_builder":"","_et_pb_old_content":"","_et_gb_content_width":"","footnotes":""},"class_list":["post-28119","page","type-page","status-publish","has-post-thumbnail","hentry"],"jetpack_sharing_enabled":true,"jetpack_shortlink":"https:\/\/wp.me\/PdaBmi-7jx","jetpack_likes_enabled":true,"_links":{"self":[{"href":"https:\/\/www.claret.org\/it\/wp-json\/wp\/v2\/pages\/28119","targetHints":{"allow":["GET"]}}],"collection":[{"href":"https:\/\/www.claret.org\/it\/wp-json\/wp\/v2\/pages"}],"about":[{"href":"https:\/\/www.claret.org\/it\/wp-json\/wp\/v2\/types\/page"}],"author":[{"embeddable":true,"href":"https:\/\/www.claret.org\/it\/wp-json\/wp\/v2\/users\/69"}],"replies":[{"embeddable":true,"href":"https:\/\/www.claret.org\/it\/wp-json\/wp\/v2\/comments?post=28119"}],"version-history":[{"count":0,"href":"https:\/\/www.claret.org\/it\/wp-json\/wp\/v2\/pages\/28119\/revisions"}],"up":[{"embeddable":true,"href":"https:\/\/www.claret.org\/it\/wp-json\/wp\/v2\/pages\/33289"}],"wp:featuredmedia":[{"embeddable":true,"href":"https:\/\/www.claret.org\/it\/wp-json\/wp\/v2\/media\/28110"}],"wp:attachment":[{"href":"https:\/\/www.claret.org\/it\/wp-json\/wp\/v2\/media?parent=28119"}],"curies":[{"name":"wp","href":"https:\/\/api.w.org\/{rel}","templated":true}]}}