{"id":28135,"date":"2018-09-05T08:30:39","date_gmt":"2018-09-05T06:30:39","guid":{"rendered":"https:\/\/www.claret.org\/fecha-18-de-agosto-p-pietro-schweiger-superiore-generale\/"},"modified":"2018-09-05T08:30:39","modified_gmt":"2018-09-05T06:30:39","slug":"fecha-18-de-agosto-p-pietro-schweiger-superiore-generale","status":"publish","type":"page","link":"https:\/\/www.claret.org\/it\/effemeridi\/fecha-18-de-agosto-p-pietro-schweiger-superiore-generale\/","title":{"rendered":"Fecha: 18 de Agosto &#8211; P. PIETRO SCHWEIGER Superiore Generale"},"content":{"rendered":"<p style=\"text-align: justify;\"><img data-recalc-dims=\"1\" loading=\"lazy\" decoding=\"async\" class=\"alignleft\" title=\"\" src=\"https:\/\/i0.wp.com\/www2.claret.org\/sites\/default\/files\/imagenes\/espiritualidad\/calendario\/42-b-pedro_schweiger_bn.jpg?resize=248%2C307\" alt=\"\" width=\"248\" height=\"307\"><\/p>\n<div style=\"text-align: justify;\">Nacque il 6 maggio 1894 a Geissirl (Oberpfalz &#8211; Germania). Come altri clarettiani del suo tempo, si form\u00f2 nei seminari clarettiani della provincia di Catalogna. Ricevette l\u2019ordinazione presbiterale nel 1920. Fu professore al Seminario Romano e, dal 1930 disimpegn\u00f2 incarichi importanti nelle comunit\u00e0 clarettiane di Germania, giungendo ad essere Visitatore della stessa.<\/div>\n<div style=\"text-align: justify;\"><\/div>\n<div style=\"text-align: justify;\">Nell\u2019anno 1949 terminava il mandato del P. Nicola Garc\u00eda, che, essendo gi\u00e0 malato, mor\u00ec l\u2019anno seguente, il 1950. Convocato il XV Capitolo Generale dall\u20191al 28 maggio 1949 a Castelgandolfo nel palazzo estivo del Papa concesso come segno di gratitudine per i servizi prestati dalla Congregazione, fu eletto Superiore Generale il P. Pietro Schweiger. La sua elezione fu un chiaro segno del crescente desiderio di universalit\u00e0 della Congregazione, essendo l\u2019unico membro del Capitolo che non era spagnolo. In seguito fu rieletto nel XVI Capitolo Generale celebrato a Roma nel 1961. Fu Padre Conciliare del Concilio Vaticano II e a lui tocco iniziare nella Congregazione il processo di rinnovamento conciliare con l\u2019organizzazione del XVII Capitolo Generale Straordinario (Roma, 1967). Di carattere molto buono e di una affabile cordialit\u00e0, il P. Schweiger seppe sempre dare al suo lavoro di governo un senso umano e fraterno. Consapevole di essere chiamato a vivere un carisma cordimariano, seppe riflettere nella sua vita la cordialit\u00e0 propria dei figli del Cuore immacolato di Maria.<\/div>\n<div style=\"text-align: justify;\"><\/div>\n<div style=\"text-align: justify;\">Durante il suo mandato si portarono a compimento importanti opere, come i Collegi Internazionali si Roma (Claretianum) e Salamanca (Spagna). Si termin\u00f2 la grande opera del Tempio Votivo Internazionale Cordimariano di Roma. Si fondarono riviste di prestigio come Ephemerides Mariologicae. La Congregazione si organizz\u00f2 con varie Visitatorie, Viceprovincie e Provincie nuove. Introdusse la Congregazione in nuovi paesi ed intensific\u00f2 i propri ministeri tradizionali, illuminata dal suo motto: Ad majora et ampliora. Mor\u00ec a Spaichingen (Germania) il 18 agosto 1980.<\/div>\n<div style=\"text-align: justify;\"><\/div>\n<div style=\"text-align: justify;\">Il P. Schweiger diede un grande impulso di universalit\u00e0 alla Congregazione. La preoccupazione per le vocazioni e per la crescita quantitativa della Congregazione in tutto il mondo fu una delle sue principali preoccupazioni. Nel 1955 scriveva una circolare nella quale faceva osservare l\u2019insufficiente crescita della Congregazione e il desiderio della sua universalit\u00e0. Nella sua visione universale della Chiesa e, entro di essa, nel desiderio, cos\u00ec tipico per lui, di rendere la Congregazione pi\u00f9 universale estendendola nel mondo intero, speriment\u00f2 con dolore il nostro esiguo numero quanto al personale. Di conseguenza, per lui era una necessit\u00e0 ineludibile e indifferibile, il favorire e promuovere con tutti i mezzi la crescita della Congregazione.<\/div>\n","protected":false},"excerpt":{"rendered":"<p>Nacque il 6 maggio 1894 a Geissirl (Oberpfalz &#8211; Germania). Come altri clarettiani del suo tempo, si form\u00f2 nei seminari clarettiani della provincia di Catalogna. Ricevette l\u2019ordinazione presbiterale nel 1920. Fu professore al Seminario Romano e, dal 1930 disimpegn\u00f2 incarichi importanti nelle comunit\u00e0 clarettiane di Germania, giungendo ad essere Visitatore della stessa. Nell\u2019anno 1949 terminava [&hellip;]<\/p>\n","protected":false},"author":69,"featured_media":28129,"parent":33289,"menu_order":0,"comment_status":"closed","ping_status":"closed","template":"","meta":{"_et_pb_use_builder":"","_et_pb_old_content":"","_et_gb_content_width":"","footnotes":""},"class_list":["post-28135","page","type-page","status-publish","has-post-thumbnail","hentry"],"jetpack_sharing_enabled":true,"jetpack_shortlink":"https:\/\/wp.me\/PdaBmi-7jN","jetpack_likes_enabled":true,"_links":{"self":[{"href":"https:\/\/www.claret.org\/it\/wp-json\/wp\/v2\/pages\/28135","targetHints":{"allow":["GET"]}}],"collection":[{"href":"https:\/\/www.claret.org\/it\/wp-json\/wp\/v2\/pages"}],"about":[{"href":"https:\/\/www.claret.org\/it\/wp-json\/wp\/v2\/types\/page"}],"author":[{"embeddable":true,"href":"https:\/\/www.claret.org\/it\/wp-json\/wp\/v2\/users\/69"}],"replies":[{"embeddable":true,"href":"https:\/\/www.claret.org\/it\/wp-json\/wp\/v2\/comments?post=28135"}],"version-history":[{"count":0,"href":"https:\/\/www.claret.org\/it\/wp-json\/wp\/v2\/pages\/28135\/revisions"}],"up":[{"embeddable":true,"href":"https:\/\/www.claret.org\/it\/wp-json\/wp\/v2\/pages\/33289"}],"wp:featuredmedia":[{"embeddable":true,"href":"https:\/\/www.claret.org\/it\/wp-json\/wp\/v2\/media\/28129"}],"wp:attachment":[{"href":"https:\/\/www.claret.org\/it\/wp-json\/wp\/v2\/media?parent=28135"}],"curies":[{"name":"wp","href":"https:\/\/api.w.org\/{rel}","templated":true}]}}