{"id":28271,"date":"2018-09-06T07:33:18","date_gmt":"2018-09-06T05:33:18","guid":{"rendered":"https:\/\/www.claret.org\/fecha-5-de-settembre-servi-di-dio-p-matteo-casals-e-compagni-martiri\/"},"modified":"2018-09-06T07:33:18","modified_gmt":"2018-09-06T05:33:18","slug":"fecha-5-de-settembre-servi-di-dio-p-matteo-casals-e-compagni-martiri","status":"publish","type":"page","link":"https:\/\/www.claret.org\/it\/effemeridi\/fecha-5-de-settembre-servi-di-dio-p-matteo-casals-e-compagni-martiri\/","title":{"rendered":"Fecha: 5 de Settembre &#8211; SERVI DI DIO P. MATTEO CASALS E COMPAGNI Martiri"},"content":{"rendered":"<p style=\"text-align: justify;\"><img data-recalc-dims=\"1\" loading=\"lazy\" decoding=\"async\" class=\"alignleft\" title=\"\" src=\"https:\/\/i0.wp.com\/www2.claret.org\/sites\/default\/files\/imagenes\/espiritualidad\/calendario\/48-mateo_casals_y_compaeros_mrtires_copia.jpg?resize=203%2C291\" alt=\"\" width=\"203\" height=\"291\"><\/p>\n<div style=\"text-align: justify;\">Oggi facciamo memoria dei Servi di Dio P. Matteo Casals e compagni, martiri della comunit\u00e0 di Sabadell (Barcellona \u2013 Spagna).<\/div>\n<div style=\"text-align: justify;\"><\/div>\n<div style=\"text-align: justify;\">Degli undici missionari che costituivano la comunit\u00e0 clarettiana di Sabadell, sette subirono il martirio nell\u2019estate del 1936. Si tratta del gruppo formato dal P. Matteo Casals, superiore della comunit\u00e0, dai PP. Giuseppe Puig, Giuseppe Reixac, Giovanni Torrents, e dai Fratelli Giuseppe Claver\u00eda, Giovanni Raf\u00ed, Giuseppe Sol\u00e9 e Giuseppe Cardona. Morirono martiri separatamente i PP. Giuseppe Reixac e Giovanni Torrents.<\/div>\n<div style=\"text-align: justify;\"><\/div>\n<div style=\"text-align: justify;\">A parte quelli che subirono il martirio da soli, il resto furono arrestati nello stesso giorno nelle loro diverse abitazioni e condotti a una piccola prigione dove mantennero un ritmo di vita comunitaria molto somigliante a quella abituale. All\u2019imbrunire del giorno 4 settembre 1936 quattordici uomini armati entrarono nella prigione portando scompiglio; furono chiamati uno per uno tutti i prigionieri. All\u2019imbrunire del giorno 5 giacevano lungo le strade i resti di quei missionari insieme con alcuni altri per un totale di diciassette cadaveri. Subirono il martirio nel silenzio, nella fedelt\u00e0, nella fraternit\u00e0, nella preghiera incessante e nella pace di coloro che muoiono nel Signore.<\/div>\n<div style=\"text-align: justify;\"><\/div>\n<div style=\"text-align: justify;\">Da parte sua, il P. Giuseppe Reixach, dopo la dispersione della comunit\u00e0, fu arrestato nella casa in cui abitava. Nella stessa via fu ferito gravemente dagli spari di armi da fuoco, senza per\u00f2 morire. Dopo alcune ore, trascinandosi e chiudendo con una mano le sue gravi ferite, arriv\u00f2 alla Casa della Carit\u00e0. Chiamarono la Croce Rossa e con essa and\u00f2 anche il sindaco della citt\u00e0 insieme al giudice e ad alcuni miliziani armati. Al vederli, l\u2019anziano P. Reixach esclam\u00f2: \u00abSe siete stati voi che mi avete sparato con i fucili, vi perdono di cuore. Voglio morire come Ges\u00f9, che pure perdon\u00f2 coloro che lo avevano crocifisso\u00bb. Dopo alcune ore spir\u00f2 lasciando in quelli che lo assistevano l\u2019impressione di veder morire un santo.<\/div>\n<div style=\"text-align: justify;\"><\/div>\n<div style=\"text-align: justify;\">Il P. Giovanni Torrents, anziano e quasi cieco, dovette continuare a cambiare rifugio per quasi un anno tra il 1936 e 1937, con l\u2019insicurezza e il dolore che si pu\u00f2 supporre. La sua maggior consolazione fu il rosario che mai lasci\u00f2 di recitare per cinquanta, ottanta e anche cento parti in un giorno. Rimase nascosto fino al 13 febbraio 1937 quando ci fu il primo bombardamento di Barcellona. Nel rifugio della casa in cui si trovava qualcuno avvert\u00ec la sua presenza e dopo tre giorni fu catturato. Nel primo interrogatorio che dovette subire si sent\u00ec dire: \u00abQuesto \u00e8 uno degli scampati del Padre Claret\u00bb, allora il P. Torrents disse di s\u00ec con un leggero movimento della testa. Immediatamente fu portato nella prigione di Sant\u2019Elia da dove usc\u00ec il 17 marzo 1937 per incamminarsi vero il martirio.<\/div>\n<div style=\"text-align: justify;\"><\/div>\n<div style=\"text-align: justify;\">Tutti costoro consegnarono la propria vita come martiri nel silenzio, nella fedelt\u00e0, nella fraternit\u00e0, nella preghiera incessante: la pace di coloro che muoiono nel Signore.<\/div>\n","protected":false},"excerpt":{"rendered":"<p>Oggi facciamo memoria dei Servi di Dio P. Matteo Casals e compagni, martiri della comunit\u00e0 di Sabadell (Barcellona \u2013 Spagna). Degli undici missionari che costituivano la comunit\u00e0 clarettiana di Sabadell, sette subirono il martirio nell\u2019estate del 1936. Si tratta del gruppo formato dal P. Matteo Casals, superiore della comunit\u00e0, dai PP. Giuseppe Puig, Giuseppe Reixac, [&hellip;]<\/p>\n","protected":false},"author":69,"featured_media":28265,"parent":33289,"menu_order":0,"comment_status":"closed","ping_status":"closed","template":"","meta":{"_et_pb_use_builder":"","_et_pb_old_content":"","_et_gb_content_width":"","footnotes":""},"class_list":["post-28271","page","type-page","status-publish","has-post-thumbnail","hentry"],"jetpack_sharing_enabled":true,"jetpack_shortlink":"https:\/\/wp.me\/PdaBmi-7lZ","jetpack_likes_enabled":true,"_links":{"self":[{"href":"https:\/\/www.claret.org\/it\/wp-json\/wp\/v2\/pages\/28271","targetHints":{"allow":["GET"]}}],"collection":[{"href":"https:\/\/www.claret.org\/it\/wp-json\/wp\/v2\/pages"}],"about":[{"href":"https:\/\/www.claret.org\/it\/wp-json\/wp\/v2\/types\/page"}],"author":[{"embeddable":true,"href":"https:\/\/www.claret.org\/it\/wp-json\/wp\/v2\/users\/69"}],"replies":[{"embeddable":true,"href":"https:\/\/www.claret.org\/it\/wp-json\/wp\/v2\/comments?post=28271"}],"version-history":[{"count":0,"href":"https:\/\/www.claret.org\/it\/wp-json\/wp\/v2\/pages\/28271\/revisions"}],"up":[{"embeddable":true,"href":"https:\/\/www.claret.org\/it\/wp-json\/wp\/v2\/pages\/33289"}],"wp:featuredmedia":[{"embeddable":true,"href":"https:\/\/www.claret.org\/it\/wp-json\/wp\/v2\/media\/28265"}],"wp:attachment":[{"href":"https:\/\/www.claret.org\/it\/wp-json\/wp\/v2\/media?parent=28271"}],"curies":[{"name":"wp","href":"https:\/\/api.w.org\/{rel}","templated":true}]}}