{"id":28301,"date":"2018-09-06T07:47:14","date_gmt":"2018-09-06T05:47:14","guid":{"rendered":"https:\/\/www.claret.org\/fecha-27-de-settembre-p-emanuele-vilaro-cofondatore\/"},"modified":"2018-09-06T07:47:14","modified_gmt":"2018-09-06T05:47:14","slug":"fecha-27-de-settembre-p-emanuele-vilaro-cofondatore","status":"publish","type":"page","link":"https:\/\/www.claret.org\/it\/effemeridi\/fecha-27-de-settembre-p-emanuele-vilaro-cofondatore\/","title":{"rendered":"Fecha: 27 de Settembre &#8211; P. EMANUELE VILAR\u00d3 Cofondatore"},"content":{"rendered":"<p style=\"text-align: justify;\"><img data-recalc-dims=\"1\" loading=\"lazy\" decoding=\"async\" class=\"smartsize alignleft\" src=\"https:\/\/i0.wp.com\/www2.claret.org\/sites\/default\/files\/imagenes\/espiritualidad\/calendario\/52-manuel_vilar.jpg?resize=209%2C279\" alt=\"\" width=\"209\" height=\"279\" title=\"\">Ricordiamo oggi la morte del P. Emanuele Vilar\u00f3, uno dei cofondatori della nostra Congregazione. Emanuele Vilar\u00f3 y Serrat nacque a Vic (Barcellona \u2013 Spagna) il 22 settembre 1816. A dieci anni entr\u00f2 nel seminario di Vic, dove fece i suoi studi sino al 1842. Non conosciamo la data esatta della sua ordinazione n\u00e9 i suoi primi impegni ministeriali.<\/p>\n<div style=\"text-align: justify;\">Abbiamo le prime notizie sicure dal 1846, quando comincia ad andare in missione con il P. Claret nella diocesi di Tarragona. Altre testimonianze dello stesso P. Claret ci parlano del P. Vilar\u00f3 come suo compagno di missioni nel 1847.<\/div>\n<div style=\"text-align: justify;\"><\/div>\n<div style=\"text-align: justify;\">Sapeva unire la capacit\u00e0 di lavorare, l\u2019ardore apostolico e la sintonia di vita. Probabilmente, il P. Emanuele Vilar\u00f3 and\u00f2 in missione insieme al P. Claret fino a quando questi part\u00ec per le Isole Canarie.<\/div>\n<div style=\"text-align: justify;\"><\/div>\n<div style=\"text-align: justify;\">Fu uno dei primi ad essere invitato dal P. Claret a far parte della nuova Congregazione missionaria che pensava di fondare. Quando venne nominato Arcivescovo di Santiago di Cuba, il P. Claret scelse alcune persone che lo potessero accompagnare. Non dubit\u00f2 di chiedere alla sua nascente Congregazione il P. Vilar\u00f3. Giunti a Cuba, il P. Vilar\u00f3 fu suo compagno inseparabile e di maggior fiducia. Mai lasci\u00f2 di assistere alle missioni, senza dimenticare mai il suo lavoro di segretario.<\/div>\n<div style=\"text-align: justify;\"><\/div>\n<div style=\"text-align: justify;\">Nel febbraio del 1852, una forte pioggia gli caus\u00f2 seri problemi di salute e dovette rientrare in Spagna. Dopo il suo arrivo a Vic, non si \u00e8 pi\u00f9 ripreso. And\u00f2 a vivere a casa della sua famiglia, per non essere di peso ai pochi missionari della Congregazione, ma essi non lasciarono mai di andarlo a trovare ogni giorno. La tubercolosi and\u00f2 consumando la sua vita e mor\u00ec tra le braccia del P. Giacomo Clotet, il 27 settembre 1852, aveva 36 anni.<\/div>\n<div style=\"text-align: justify;\"><\/div>\n<div style=\"text-align: justify;\">Il P. Claret fiss\u00f2 una sintesi della sua vita missionaria nell\u2019Autobiografia: \u00abQuesto sacerdote mi accompagn\u00f2 e fu mio collaboratore nelle Missioni che detti nella diocesi di Tarragona. Fin dal principio entr\u00f2 nella Congregazione dei Figli dell\u2019Immacolato Cuore di Maria, e quando andai a Cuba ebbe la bont\u00e0 di venire ad accompagnarmi; lo feci mio segretario e ademp\u00ec molto bene questo ufficio. Oltre che attendere alla segreteria, predicava e confessava sempre. Era abbastanza istruito, virtuoso e molto zelante. Lavor\u00f2 instancabilmente, si ammal\u00f2 e, vedendo i medici a Cuba che non v\u2019era speranza di guarigione, gli consigliarono di tornare in patria, mor\u00ec poco dopo a Vic, suo paese natale\u00bb (Aut. 592).<\/div>\n","protected":false},"excerpt":{"rendered":"<p>Ricordiamo oggi la morte del P. Emanuele Vilar\u00f3, uno dei cofondatori della nostra Congregazione. Emanuele Vilar\u00f3 y Serrat nacque a Vic (Barcellona \u2013 Spagna) il 22 settembre 1816. A dieci anni entr\u00f2 nel seminario di Vic, dove fece i suoi studi sino al 1842. Non conosciamo la data esatta della sua ordinazione n\u00e9 i suoi [&hellip;]<\/p>\n","protected":false},"author":69,"featured_media":28295,"parent":33289,"menu_order":0,"comment_status":"closed","ping_status":"closed","template":"","meta":{"_et_pb_use_builder":"","_et_pb_old_content":"","_et_gb_content_width":"","footnotes":""},"class_list":["post-28301","page","type-page","status-publish","has-post-thumbnail","hentry"],"jetpack_sharing_enabled":true,"jetpack_shortlink":"https:\/\/wp.me\/PdaBmi-7mt","jetpack_likes_enabled":true,"_links":{"self":[{"href":"https:\/\/www.claret.org\/it\/wp-json\/wp\/v2\/pages\/28301","targetHints":{"allow":["GET"]}}],"collection":[{"href":"https:\/\/www.claret.org\/it\/wp-json\/wp\/v2\/pages"}],"about":[{"href":"https:\/\/www.claret.org\/it\/wp-json\/wp\/v2\/types\/page"}],"author":[{"embeddable":true,"href":"https:\/\/www.claret.org\/it\/wp-json\/wp\/v2\/users\/69"}],"replies":[{"embeddable":true,"href":"https:\/\/www.claret.org\/it\/wp-json\/wp\/v2\/comments?post=28301"}],"version-history":[{"count":0,"href":"https:\/\/www.claret.org\/it\/wp-json\/wp\/v2\/pages\/28301\/revisions"}],"up":[{"embeddable":true,"href":"https:\/\/www.claret.org\/it\/wp-json\/wp\/v2\/pages\/33289"}],"wp:featuredmedia":[{"embeddable":true,"href":"https:\/\/www.claret.org\/it\/wp-json\/wp\/v2\/media\/28295"}],"wp:attachment":[{"href":"https:\/\/www.claret.org\/it\/wp-json\/wp\/v2\/media?parent=28301"}],"curies":[{"name":"wp","href":"https:\/\/api.w.org\/{rel}","templated":true}]}}