{"id":28327,"date":"2018-09-06T07:58:22","date_gmt":"2018-09-06T05:58:22","guid":{"rendered":"https:\/\/www.claret.org\/fecha-30-de-settembre-servo-di-dio-p-francesco-crusats-primo-martire-della-congregazione\/"},"modified":"2018-09-06T07:58:22","modified_gmt":"2018-09-06T05:58:22","slug":"fecha-30-de-settembre-servo-di-dio-p-francesco-crusats-primo-martire-della-congregazione","status":"publish","type":"page","link":"https:\/\/www.claret.org\/it\/effemeridi\/fecha-30-de-settembre-servo-di-dio-p-francesco-crusats-primo-martire-della-congregazione\/","title":{"rendered":"Fecha: 30 de Settembre &#8211; SERVO DI DIO P. FRANCESCO CRUSATS Primo martire della Congregazione"},"content":{"rendered":"<p style=\"text-align: justify;\"><img data-recalc-dims=\"1\" loading=\"lazy\" decoding=\"async\" class=\"alignleft\" title=\"\" src=\"https:\/\/i0.wp.com\/www2.claret.org\/sites\/default\/files\/imagenes\/espiritualidad\/calendario\/54-crusats_francisco_copia.jpg?resize=209%2C318\" alt=\"\" width=\"209\" height=\"318\"><\/p>\n<div style=\"text-align: justify;\">Il Servo di Dio P. Francesco Crusats y Franch, nativo di Seva (Barcellona \u2013 Spagna), fu il primo clarettiano che ottenne la corona del martirio che desider\u00f2 per se stesso il nostro santo Fondatore. Comp\u00ec gli studi ecclesiastici a Vic e fu ordinato come presbitero il 18 settembre 1858, nello stesso mese in cui, anni pi\u00f9 tardi, otterr\u00e0 la corona del martirio. Entr\u00f2 nella Congregazione poco tempo dopo la sua ordinazione.<\/div>\n<div style=\"text-align: justify;\"><\/div>\n<div style=\"text-align: justify;\">La sua vocazione clarettiana si deve fondamentalmente a tre fattori: la testimonianza che gli diede il P. Xifr\u00e9 durante il corso di esercizi spirituali che predic\u00f2 prima della sua ordinazione a presbitero; il prestigio della nascente comunit\u00e0 clarettiana e, in particolare, la sua amicizia personale con il P. Brossosa che prima di lui era gi\u00e0 entrato nella Congregazione.<\/div>\n<div style=\"text-align: justify;\"><\/div>\n<div style=\"text-align: justify;\">Dopo la sua incorporazione alla comunit\u00e0, per un certo periodo si dedic\u00f2 alla predicazione missionaria nella regione Catalana, emulando lo stile e l\u2019ardore che la nascente comunit\u00e0 clarettiana aveva ereditato dal suo santo Fondatore. Pi\u00f9 tardi fu destinato a Segovia. A partire dalla citt\u00e0 dell\u2019acquedotto pot\u00e9 dedicarsi al ministero delle missioni popolari predicando in molti paesi nella regione di Castiglia. Fra gli abitanti di quelle cittadine lasci\u00f2 una fama di santit\u00e0.<\/div>\n<div style=\"text-align: justify;\">In effetti, le sue qualit\u00e0 personali e le sue capacit\u00e0 di lavoro resero possibile tutto questo. Spiccava la sua figura missionaria alta e giovane, con un volto allegro, sereno e mite. Questo missionario entr\u00f2 in sintonia soprattutto con i fanciulli e i giovani. Il suo modo di parlare era concreto, semplice e allegro. Constat\u00f2 in diverse occasioni come la gente di molti villaggi, affamata della Parola di Dio, lo accoglieva con le braccia e con il cuore aperti. Crusats si mostr\u00f2 sempre davanti a quella e persone come un missionario pieno di Dio e di amore per il popolo. Per questo, molto presto la chiamarono il santo Crusats.<\/div>\n<div style=\"text-align: justify;\"><\/div>\n<div style=\"text-align: justify;\">Destinato alla comunit\u00e0 di Selva del Campo (Tarragona \u2013 Spagna), fu vittima della persecuzione religiosa scatenata a partire dalla Rivoluzione del 1868 che cost\u00f2 il trono e l\u2019esilio alla regina Isabella II. Nei disordini che accompagnarono l\u2019evento, venne assaltata da un gruppo di esaltati anche la casa clarettiana di Selva del Campo. I membri della comunit\u00e0 clarettiana decisero di scappare, tranne il P. Crusats che, andando incontro agli aggressori, ricevette, oltre a insulti e percosse, la ferita mortale che gli cost\u00f2 la vita.<\/div>\n<div style=\"text-align: justify;\"><\/div>\n<div style=\"text-align: justify;\">Sulla sua lapide sepolcrale si pu\u00f2 leggere l\u2019epitaffio che lo descrive in modo meraviglioso: \u00abinsigne per il candore del suo spirito e lo zelo per la salvezza delle anime\u00bb. \u00c8 in corso la causa di beatificazione.<\/div>\n","protected":false},"excerpt":{"rendered":"<p>Il Servo di Dio P. Francesco Crusats y Franch, nativo di Seva (Barcellona \u2013 Spagna), fu il primo clarettiano che ottenne la corona del martirio che desider\u00f2 per se stesso il nostro santo Fondatore. Comp\u00ec gli studi ecclesiastici a Vic e fu ordinato come presbitero il 18 settembre 1858, nello stesso mese in cui, anni [&hellip;]<\/p>\n","protected":false},"author":69,"featured_media":28322,"parent":33289,"menu_order":0,"comment_status":"closed","ping_status":"closed","template":"","meta":{"_et_pb_use_builder":"","_et_pb_old_content":"","_et_gb_content_width":"","footnotes":""},"class_list":["post-28327","page","type-page","status-publish","has-post-thumbnail","hentry"],"jetpack_sharing_enabled":true,"jetpack_shortlink":"https:\/\/wp.me\/PdaBmi-7mT","jetpack_likes_enabled":true,"_links":{"self":[{"href":"https:\/\/www.claret.org\/it\/wp-json\/wp\/v2\/pages\/28327","targetHints":{"allow":["GET"]}}],"collection":[{"href":"https:\/\/www.claret.org\/it\/wp-json\/wp\/v2\/pages"}],"about":[{"href":"https:\/\/www.claret.org\/it\/wp-json\/wp\/v2\/types\/page"}],"author":[{"embeddable":true,"href":"https:\/\/www.claret.org\/it\/wp-json\/wp\/v2\/users\/69"}],"replies":[{"embeddable":true,"href":"https:\/\/www.claret.org\/it\/wp-json\/wp\/v2\/comments?post=28327"}],"version-history":[{"count":0,"href":"https:\/\/www.claret.org\/it\/wp-json\/wp\/v2\/pages\/28327\/revisions"}],"up":[{"embeddable":true,"href":"https:\/\/www.claret.org\/it\/wp-json\/wp\/v2\/pages\/33289"}],"wp:featuredmedia":[{"embeddable":true,"href":"https:\/\/www.claret.org\/it\/wp-json\/wp\/v2\/media\/28322"}],"wp:attachment":[{"href":"https:\/\/www.claret.org\/it\/wp-json\/wp\/v2\/media?parent=28327"}],"curies":[{"name":"wp","href":"https:\/\/api.w.org\/{rel}","templated":true}]}}