{"id":28371,"date":"2018-09-06T08:21:59","date_gmt":"2018-09-06T06:21:59","guid":{"rendered":"https:\/\/www.claret.org\/fecha-7-de-ottobre-festa-di-nostra-signora-del-rosario\/"},"modified":"2018-09-06T08:21:59","modified_gmt":"2018-09-06T06:21:59","slug":"fecha-7-de-ottobre-festa-di-nostra-signora-del-rosario","status":"publish","type":"page","link":"https:\/\/www.claret.org\/it\/effemeridi\/fecha-7-de-ottobre-festa-di-nostra-signora-del-rosario\/","title":{"rendered":"Fecha: 7 de Ottobre &#8211; FESTA DI NOSTRA SIGNORA DEL ROSARIO"},"content":{"rendered":"<p style=\"text-align: justify;\"><img data-recalc-dims=\"1\" loading=\"lazy\" decoding=\"async\" class=\"alignleft\" title=\"\" src=\"https:\/\/i0.wp.com\/www2.claret.org\/sites\/default\/files\/imagenes\/espiritualidad\/calendario\/57-nuestra_seora_del_rosario.jpg?resize=202%2C397\" alt=\"\" width=\"202\" height=\"397\"><\/p>\n<p style=\"text-align: justify;\">Il Rosario della Beata Vergine Maria \u00e8 stato ed \u00e8 da sempre una delle preghiere pi\u00f9 apprezzate dal popolo ristiano per la sua semplicit\u00e0 e profondit\u00e0. Anche se si distingue per il suo carattere mariano, \u00e8 una preghiera centrata nel mistero integrale di Cristo. Nella sobriet\u00e0 delle sue parti, concentra in s\u00e9 la profondit\u00e0 di tutto il messaggio evangelico, del quale \u00e8 come una sintesi.<\/p>\n<div style=\"text-align: justify;\">Per mezzo del Rosario noi Missionari Clarettiani \u00abamiamo con amore filiale la Beata Vergine Maria, Madre di Dio, associata con tutto il cuore all\u2019opera salvifica di suo Figlio\u00bb (CC 36). Cos\u00ec impariamo da Maria a contemplare la bellezza del volto di Cristo e sperimentiamo la profondit\u00e0 del suo amore per annunciarlo agli uomini. Il Rosario \u00e8 stato una delle tradizioni pi\u00f9 amate che la Congregazione ha ricevuto dal P. Fondatore (cf. CC 36 e Dir. 88).<\/div>\n<div style=\"text-align: justify;\">Antonio Maria Claret ricorda che fin da piccolo trov\u00f2 nel rosario il maggior tesoro. (cf. Aut 44). La sua famiglia, la scuola, la parrocchia e in particolare il libro Roser (cf. Aut 45) furono i suoi diretti educatori. Il santo non avrebbe mai dimenticato con quale fervore lo recitava durante le sue frequenti visite al santuario di Fusima\u00f1a con sua sorella Rosa. Come figlio del suo tempo, Claret fa propria questa devozione, gi\u00e0 profondamente radicata nella Spagna XIX fino a renderlo la devozione per eccellenza che non abbandoner\u00e0 mai. Ma anche, sent\u00ec molto vivo il rapporto che esisteva tra il rosario e l\u2019evangelizzazione. Per questo lo us\u00f2 come strumento missionario, popolare ed efficacissimo, per l\u2019annuncio della Parola, la migliore delle armi contro i nemici della fede.<\/div>\n<div style=\"text-align: justify;\">Sia nella sua vita di giovane studente e lavoratore a Barcellona, sia durante i suoi anni di seminarista o di sacerdote, o nelle sue avventure missionarie e nelle<\/div>\n<div style=\"text-align: justify;\">46<\/div>\n<div style=\"text-align: justify;\">sue veglie come Arcivescovo e Confessore, si sforz\u00f2 non solo di praticarla ma anche di inculcare questa devozione a tutti. Ebbe la consapevolezza di essere il Domenico dei tempi moderni, come lo chiam\u00f2 la Vergine (cf. Aut 677). Il P. Fondatore consegn\u00f2 ai clarettiani questa preziosa eredit\u00e0. Gi\u00e0 nell\u2019anno 1865 aveva fatto testamento a favore della Congregazione, e, pertanto, per sua disposizione e per l\u2019accettazione da parte del P. Xifr\u00e9, tutto il suo patrimonio pass\u00f2 al nostro Istituto. Ma la migliore eredit\u00e0 venne in seguito. Poco prima di morire a Fontfroide lasciava come eredit\u00e0 ai suoi figli, nella persona del p. Clotet, il rosario che aveva sempre usato nella sua missione di evangelizzatore, insieme con la Parola di Dio (cf, Aut 271). Questo episodio avvenne il 12 ottobre 1870. Lo riferisce lo stesso P. Clotet nel ricordare le parole del santo moribondo: \u00abPrenda lei i miei rosari e li conservi\u00bb.<\/div>\n<div style=\"text-align: justify;\">Oggi, ricordando Maria invocandola come Nostra Signora del Rosario, rinnoviamo questa consapevolezza e questa preziosa pratica, dono prezioso del nostro santo Fondatore.<\/div>\n","protected":false},"excerpt":{"rendered":"<p>Il Rosario della Beata Vergine Maria \u00e8 stato ed \u00e8 da sempre una delle preghiere pi\u00f9 apprezzate dal popolo ristiano per la sua semplicit\u00e0 e profondit\u00e0. Anche se si distingue per il suo carattere mariano, \u00e8 una preghiera centrata nel mistero integrale di Cristo. Nella sobriet\u00e0 delle sue parti, concentra in s\u00e9 la profondit\u00e0 di [&hellip;]<\/p>\n","protected":false},"author":69,"featured_media":28366,"parent":33289,"menu_order":0,"comment_status":"closed","ping_status":"closed","template":"","meta":{"_et_pb_use_builder":"","_et_pb_old_content":"","_et_gb_content_width":"","footnotes":""},"class_list":["post-28371","page","type-page","status-publish","has-post-thumbnail","hentry"],"jetpack_sharing_enabled":true,"jetpack_shortlink":"https:\/\/wp.me\/PdaBmi-7nB","jetpack_likes_enabled":true,"_links":{"self":[{"href":"https:\/\/www.claret.org\/it\/wp-json\/wp\/v2\/pages\/28371","targetHints":{"allow":["GET"]}}],"collection":[{"href":"https:\/\/www.claret.org\/it\/wp-json\/wp\/v2\/pages"}],"about":[{"href":"https:\/\/www.claret.org\/it\/wp-json\/wp\/v2\/types\/page"}],"author":[{"embeddable":true,"href":"https:\/\/www.claret.org\/it\/wp-json\/wp\/v2\/users\/69"}],"replies":[{"embeddable":true,"href":"https:\/\/www.claret.org\/it\/wp-json\/wp\/v2\/comments?post=28371"}],"version-history":[{"count":0,"href":"https:\/\/www.claret.org\/it\/wp-json\/wp\/v2\/pages\/28371\/revisions"}],"up":[{"embeddable":true,"href":"https:\/\/www.claret.org\/it\/wp-json\/wp\/v2\/pages\/33289"}],"wp:featuredmedia":[{"embeddable":true,"href":"https:\/\/www.claret.org\/it\/wp-json\/wp\/v2\/media\/28366"}],"wp:attachment":[{"href":"https:\/\/www.claret.org\/it\/wp-json\/wp\/v2\/media?parent=28371"}],"curies":[{"name":"wp","href":"https:\/\/api.w.org\/{rel}","templated":true}]}}