{"id":28386,"date":"2018-09-06T08:27:19","date_gmt":"2018-09-06T06:27:19","guid":{"rendered":"https:\/\/www.claret.org\/fecha-13-de-ottobre-fratello-emanuele-giol\/"},"modified":"2022-04-07T16:22:33","modified_gmt":"2022-04-07T14:22:33","slug":"fecha-13-de-ottobre-fratello-emanuele-giol","status":"publish","type":"page","link":"https:\/\/www.claret.org\/it\/effemeridi\/fecha-13-de-ottobre-fratello-emanuele-giol\/","title":{"rendered":"Fecha: 13 de Ottobre &#8211; FRATELLO EMANUELE GIOL"},"content":{"rendered":"<p style=\"text-align: justify;\"><img data-recalc-dims=\"1\" loading=\"lazy\" decoding=\"async\" class=\"alignleft\" title=\"\" src=\"https:\/\/i0.wp.com\/www2.claret.org\/sites\/default\/files\/imagenes\/espiritualidad\/calendario\/58-hermano_manuel_giol.jpg?resize=202%2C276\" alt=\"\" width=\"202\" height=\"276\"><\/p>\n<div style=\"text-align: justify;\">Il fratello Emanuele Giol y Borr\u00e1s, nacque a Borjas del Campo (Tarragona-Spagna), il 26 marzo 1849. I suoi genitori, che erano contadini, lo educarono alla fede cristiana e all\u2019amore per la Vergine, alla quale ogni giorno recitavano il rosario in famiglia. Dopo aver prestato il servizio militare (1869), aver partecipato contro la sua volont\u00e0 alla terza guerra carlista, durante la quale speriment\u00f2 in modo vivo la protezione della Vergine, il 13 giugno 1876 inizi\u00f2 l\u2019anno di Noviziato nella Casa-Missione di Gracia sotto la saggia guida del suo Maestro, il P. Giacomo Constans. Il 21 luglio 1877, all\u2019et\u00e0 di 28 anni, il Fratello Giol emise la sua professione religiosa.<\/div>\n<div style=\"text-align: justify;\"><\/div>\n<div style=\"text-align: justify;\">La prima destinazione del Fratello Giol fu la residenza di Alta de San Pedro, a Barcellona. Nonostante le sue molteplici occupazioni, il Fr. Giol cercava di conservare il raccoglimento interiore e lo spirito di preghiera, facendo dei suoi frequenti viaggi in citt\u00e0, a motivo dei suoi incarichi, un\u2019occasione di testimonianza apostolica. Tra i tratti pi\u00f9 concreti della sua fisionomia spirituale, possiamo sottolineare: i tre amori (alla Santissima Eucaristia, al Cuore di Maria e alla Congregazione); le tre virt\u00f9 (la preghiera, l\u2019umilt\u00e0 e la carit\u00e0 fraterna); e il mezzo della presenza di Dio. Approfittava anche di qualsiasi occasione per manifestare il suo zelo apostolico. Un esempio del suo senso apostolico pu\u00f2 essere questo testo: \u00abIo sono un Fratello; ma un Fratello Missionario; e le Missioni che io devo dare, anche se non sono strepitose come quelle dei Padri, possono essere tanto fruttuose e sicuramente sono meno pericolose per le anime. La preghiera e il buon esempio, \u00e8 questo il duplice strumento delle mie Missioni\u00bb.<\/div>\n<div style=\"text-align: justify;\"><\/div>\n<div style=\"text-align: justify;\">La ricca e profonda esperienza spirituale e cordimariana del Fr. Giol \u00e8 rimasta impressa nei due ampi trattati che scrisse e che hanno come titolo: Mansioni nel Cuore di Maria dell\u2019anima innamorata e Saggio sulla vita interiore. Attraverso questi scritti, il nostro Fratello ci svela le proprie esperienze nel cammino della santit\u00e0, con le sue crescite e le sue lotte -a volte drammatiche-, con le grazie di Dio e della Madre divina, con altissimi momenti di contemplazione e una permanente sollecitudine per il bene della Congregazione e la salvezza di tutti gli uomini. Tutta la spiritualit\u00e0 del Fr. Giol \u00e8 fortemente segnata dal suo modo di vivere l\u2019esperienza cordimariana, che si pu\u00f2 riassumere in un faticoso cercare Dio nel Cuore Immacolato di Maria, affidandosi a Lei con l\u2019abbandono, con la fiducia di un bambino all\u2019amore e alle cure di sua madre. \u00abDa un po\u2019 di tempo a questa parte, sento crescere nel mio cuore la fiducia nella celeste Signora, a tal punto che mi sembra di essere sua propriet\u00e0 e che Ella si cura di me in modo cos\u00ec speciale, che se anche tutto l\u2019inferno lottasse contro di me, mia Madre mi trarrebbe in salvo da tutti i suoi inganni. Mi sembra che Ella sia il mio cuore, la mia vita, la mia anima\u2026\u00bb (Esame di coscienza del 26 giugno 1897).<\/div>\n<div style=\"text-align: justify;\"><\/div>\n<div style=\"text-align: justify;\">Mentre si trovava a Olesa de Montserrat (Barcellona), nonostante la sua grande debolezza, il Fr. Giol trov\u00f2 le forze per salire a piedi al Santuario di Montserrat e congedarsi dalla Vergine Morenita. Il suo passaggio da questo mondo ebbe luogo nella casa di Cervera, in cui fu trasferito prima che il suo stato di salute si aggravasse, il 13 ottobre 1909.<\/div>\n","protected":false},"excerpt":{"rendered":"<p>Il fratello Emanuele Giol y Borr\u00e1s, nacque a Borjas del Campo (Tarragona-Spagna), il 26 marzo 1849. I suoi genitori, che erano contadini, lo educarono alla fede cristiana e all\u2019amore per la Vergine, alla quale ogni giorno recitavano il rosario in famiglia. Dopo aver prestato il servizio militare (1869), aver partecipato contro la sua volont\u00e0 alla [&hellip;]<\/p>\n","protected":false},"author":69,"featured_media":28381,"parent":33289,"menu_order":0,"comment_status":"closed","ping_status":"closed","template":"","meta":{"_et_pb_use_builder":"","_et_pb_old_content":"","_et_gb_content_width":"","footnotes":""},"class_list":["post-28386","page","type-page","status-publish","has-post-thumbnail","hentry"],"jetpack_sharing_enabled":true,"jetpack_shortlink":"https:\/\/wp.me\/PdaBmi-7nQ","jetpack_likes_enabled":true,"_links":{"self":[{"href":"https:\/\/www.claret.org\/it\/wp-json\/wp\/v2\/pages\/28386","targetHints":{"allow":["GET"]}}],"collection":[{"href":"https:\/\/www.claret.org\/it\/wp-json\/wp\/v2\/pages"}],"about":[{"href":"https:\/\/www.claret.org\/it\/wp-json\/wp\/v2\/types\/page"}],"author":[{"embeddable":true,"href":"https:\/\/www.claret.org\/it\/wp-json\/wp\/v2\/users\/69"}],"replies":[{"embeddable":true,"href":"https:\/\/www.claret.org\/it\/wp-json\/wp\/v2\/comments?post=28386"}],"version-history":[{"count":0,"href":"https:\/\/www.claret.org\/it\/wp-json\/wp\/v2\/pages\/28386\/revisions"}],"up":[{"embeddable":true,"href":"https:\/\/www.claret.org\/it\/wp-json\/wp\/v2\/pages\/33289"}],"wp:featuredmedia":[{"embeddable":true,"href":"https:\/\/www.claret.org\/it\/wp-json\/wp\/v2\/media\/28381"}],"wp:attachment":[{"href":"https:\/\/www.claret.org\/it\/wp-json\/wp\/v2\/media?parent=28386"}],"curies":[{"name":"wp","href":"https:\/\/api.w.org\/{rel}","templated":true}]}}