{"id":28416,"date":"2018-09-06T08:40:41","date_gmt":"2018-09-06T06:40:41","guid":{"rendered":"https:\/\/www.claret.org\/fecha-16-de-ottobre-servo-di-dio-fratello-michele-palau\/"},"modified":"2018-09-06T08:40:41","modified_gmt":"2018-09-06T06:40:41","slug":"fecha-16-de-ottobre-servo-di-dio-fratello-michele-palau","status":"publish","type":"page","link":"https:\/\/www.claret.org\/it\/effemeridi\/fecha-16-de-ottobre-servo-di-dio-fratello-michele-palau\/","title":{"rendered":"Fecha: 16 de Ottobre &#8211; SERVO DI DIO FRATELLO MICHELE PALAU"},"content":{"rendered":"<p style=\"text-align: justify;\"><img data-recalc-dims=\"1\" loading=\"lazy\" decoding=\"async\" class=\"alignleft\" title=\"\" src=\"https:\/\/i0.wp.com\/www2.claret.org\/sites\/default\/files\/imagenes\/espiritualidad\/calendario\/61-miguel_palau_retocada.jpg?resize=173%2C259\" alt=\"\" width=\"173\" height=\"259\"><\/p>\n<div style=\"text-align: justify;\">Michele Palau nacque a Serrateix, provincia di Barcellona (Spagna), il 24 luglio 1868; buss\u00f2 alle porte della Congregazione il 13 gennaio 1890. Mor\u00ec in fama di santit\u00e0 a Cervera (Lleida \u2013 Spagna), il 16 ottobre 1929.<\/div>\n<div style=\"text-align: justify;\"><\/div>\n<div style=\"text-align: justify;\">Possiamo dire che la comunit\u00e0 di Cervera fu la sua prima e definitiva destinazione. Quasi tutta la sua vita missionaria si svolse tra la ex Universit\u00e0 e Mas Claret, sezioni che facevano parte della stessa comunit\u00e0. Si dedic\u00f2 sempre a lavori di manutenzione come muratore con le opere collegate di idraulica, elettricit\u00e0 e gli scavi per le diverse strutture.<\/div>\n<div style=\"text-align: justify;\"><\/div>\n<div style=\"text-align: justify;\">Il suo biografo, il P. Antonio Maria Arranz, lo ricorda cos\u00ec: \u00abSono trascorsi gi\u00e0 quarant\u2019anni, e ancora ci sembra di vederlo\u2026 Di statura media, il viso pallido e il corpo asciutto, il passo lento, sempre raccolto e devoto, nelle mani il rosario, e il fiore del sorriso sempre presente sulle sue labbra, appariva con frequenza per gli ampi e immensi portici universitari, con la sua veste nera fino alle caviglie, portando gli attrezzi di lavoro verso il lavoro\u00bb.<\/div>\n<div style=\"text-align: justify;\"><\/div>\n<div style=\"text-align: justify;\">Nei suoi silenziosi lavori non conosceva n\u00e9 estate n\u00e9 inverno. Faceva impressione vederlo sempre in attivit\u00e0, tranquillo e senza perdere tempo, sotto i calori del sole estivo o il rigore dei giorni di gelo dell\u2019inverno,<\/div>\n<div style=\"text-align: justify;\"><\/div>\n<div style=\"text-align: justify;\">Quando la Congregazione si fece carico del casolare \u2013 il Mas Claret, a sette chilometri da Cervera \u2013 come supporto economico del Seminario e come infermeria per i convalescenti dell\u2019Universit\u00e0, il Fr. Michele si incaric\u00f2 di rimodernare la vecchia struttura e costru\u00ec un\u2019ala nuova dell\u2019edificio come abitazione per la comunit\u00e0.<\/div>\n<div style=\"text-align: justify;\"><\/div>\n<div style=\"text-align: justify;\">Il Fr. Michele Palau visse un\u2019intensa vita interiore. Cerc\u00f2 di vivere sempre consacrato alla volont\u00e0 del Padre e manifest\u00f2 una devozione squisita a Maria. Si distingue pure per la sua convivenza fraterna, calda e gratificante, e in particolare per la diligenza e la costanza nel suo lavoro, tecnicamente perfetto. Questo insieme di qualit\u00e0 si manifestava attraverso la sua debole costituzione fisica, con acciacchi che lo accompagnarono fin dalla giovent\u00f9 e che si complicarono con l\u2019avanzare dell\u2019et\u00e0 con problemi cardiaci.<\/div>\n","protected":false},"excerpt":{"rendered":"<p>Michele Palau nacque a Serrateix, provincia di Barcellona (Spagna), il 24 luglio 1868; buss\u00f2 alle porte della Congregazione il 13 gennaio 1890. Mor\u00ec in fama di santit\u00e0 a Cervera (Lleida \u2013 Spagna), il 16 ottobre 1929. Possiamo dire che la comunit\u00e0 di Cervera fu la sua prima e definitiva destinazione. Quasi tutta la sua vita [&hellip;]<\/p>\n","protected":false},"author":69,"featured_media":28411,"parent":33289,"menu_order":0,"comment_status":"closed","ping_status":"closed","template":"","meta":{"_et_pb_use_builder":"","_et_pb_old_content":"","_et_gb_content_width":"","footnotes":""},"class_list":["post-28416","page","type-page","status-publish","has-post-thumbnail","hentry"],"jetpack_sharing_enabled":true,"jetpack_shortlink":"https:\/\/wp.me\/PdaBmi-7ok","jetpack_likes_enabled":true,"_links":{"self":[{"href":"https:\/\/www.claret.org\/it\/wp-json\/wp\/v2\/pages\/28416","targetHints":{"allow":["GET"]}}],"collection":[{"href":"https:\/\/www.claret.org\/it\/wp-json\/wp\/v2\/pages"}],"about":[{"href":"https:\/\/www.claret.org\/it\/wp-json\/wp\/v2\/types\/page"}],"author":[{"embeddable":true,"href":"https:\/\/www.claret.org\/it\/wp-json\/wp\/v2\/users\/69"}],"replies":[{"embeddable":true,"href":"https:\/\/www.claret.org\/it\/wp-json\/wp\/v2\/comments?post=28416"}],"version-history":[{"count":0,"href":"https:\/\/www.claret.org\/it\/wp-json\/wp\/v2\/pages\/28416\/revisions"}],"up":[{"embeddable":true,"href":"https:\/\/www.claret.org\/it\/wp-json\/wp\/v2\/pages\/33289"}],"wp:featuredmedia":[{"embeddable":true,"href":"https:\/\/www.claret.org\/it\/wp-json\/wp\/v2\/media\/28411"}],"wp:attachment":[{"href":"https:\/\/www.claret.org\/it\/wp-json\/wp\/v2\/media?parent=28416"}],"curies":[{"name":"wp","href":"https:\/\/api.w.org\/{rel}","templated":true}]}}