{"id":28432,"date":"2018-09-06T08:46:51","date_gmt":"2018-09-06T06:46:51","guid":{"rendered":"https:\/\/www.claret.org\/fecha-19-de-ottobre-servi-di-dio-p-giacomo-giron-e-compagni-martiri\/"},"modified":"2022-04-07T16:26:03","modified_gmt":"2022-04-07T14:26:03","slug":"fecha-19-de-ottobre-servi-di-dio-p-giacomo-giron-e-compagni-martiri","status":"publish","type":"page","link":"https:\/\/www.claret.org\/it\/effemeridi\/fecha-19-de-ottobre-servi-di-dio-p-giacomo-giron-e-compagni-martiri\/","title":{"rendered":"Fecha: 19 de Ottobre &#8211; SERVI DI DIO P. GIACOMO GIR\u00d3N E COMPAGNI Martiri"},"content":{"rendered":"<p><img data-recalc-dims=\"1\" loading=\"lazy\" decoding=\"async\" class=\"alignleft\" title=\"\" src=\"https:\/\/i0.wp.com\/www2.claret.org\/sites\/default\/files\/imagenes\/espiritualidad\/calendario\/62._mrtires_de_cervera.jpg?resize=247%2C151\" alt=\"\" width=\"247\" height=\"151\"><\/p>\n<div style=\"text-align: justify;\">L\u2019edificio dell\u2019antica Universit\u00e0 di Cervera (Lleida \u2013 Spagna), che occupavano fin dal 1887 i Missionari Clarettiani, ospitava nel 1936, 154 persone: 30 Padri, 35 Fratelli, 54 Studenti e 38 Aspiranti che si preparavano per il noviziato. Undici di questi missionari vivevano nell\u2019edificio Mas Claret a circa 8 chilometri da Cervera.<\/div>\n<div style=\"text-align: justify;\"><\/div>\n<div style=\"text-align: justify;\">Il P. Giacomo Gir\u00f3n, superiore di quella numerosa comunit\u00e0, prima della brutta piega che andavano assumendo gli avvenimenti in Catalogna, organizz\u00f2 un piano di evacuazione dei missionari che non and\u00f2 a buon fine perch\u00e9 prima del previsto, il 21 luglio, i rivoluzionari imposero al sindaco che facesse sgomberare l\u2019edificio dell\u2019Universit\u00e0 nel giro di un\u2019ora. Quando i miliziani si presentarono nella comunit\u00e0, il P. Gir\u00f3n chiese loro che li trasferissero a Solsona, cittadina vicina alla frontiera con la Francia. A met\u00e0 strada, nel paese di Tor\u00e1 (Lleida), i miliziani che guidavano il convoglio dei missionari decisero di ritornare indietro fino al monastero di San R\u00e1mon, dove i 112 clarettiani furono accolti fraternamente dai monaci. Ma, il giorno dopo, il Comitato di Tor\u00e1, per non compromettersi, concesse i lasciapassare perch\u00e9 tutti lasciassero il paese e se ne andassero. Cos\u00ec inizi\u00f2 la dispersione della comunit\u00e0 per gruppi.<\/div>\n<div style=\"text-align: justify;\"><\/div>\n<div style=\"text-align: justify;\">La maggior parte prese la strada verso il Mas Claret, anche se solo la met\u00e0 vi arriv\u00f2. Nella cappella del Mas si offrirono alla volont\u00e0 di Dio Padre e giurarono di essere fedeli sino alla morte. Il 24 luglio il Comitato rivoluzionario di Cervera si impadron\u00ec del terreno e dei suoi beni e permisero che rimanessero nella casa solo coloro che vi vivevano ed erano abili per il lavoro.<\/div>\n<div style=\"text-align: justify;\"><\/div>\n<div style=\"text-align: justify;\">Un gruppo di 15 Studenti, guidati dal P. Emanuele Jov\u00e9, si diressero durante la loro fuga verso Vallbona de los Monjes (Lleida). Furono tutti catturati e torturati. Dopo quasi sette ore di cammino e aver rifiutato di abiurare la propria fede e aver affermato che morivano per Cristo, furono fucilati nel cimitero di Lleida.<\/div>\n<div style=\"text-align: justify;\">Un altro gruppo rimane all\u2019ospedale ed era formato da 6 Padri, 4 Fratelli e 4 Studenti. Anche se alcun erano gravemente ammalati o impossibilitati, furono tutti portati via dall\u2019ospedale e accompagnati direttamente al cimitero di Cervera dove furono fucilati.<\/div>\n<div style=\"text-align: justify;\"><\/div>\n<div style=\"text-align: justify;\">I missionari che rimasero al Mas Claret hanno potuto vivere una vita regolare, anche se ogni giorno ricevevano la visita dei miliziani. Al pomeriggio del 19 ottobre con questi arriv\u00f2 un fotografo, e con la scusa di far loro una foto, i 18martiri di questo gruppo, dopo essere stati condotti nel cortile, furono fucilati.<\/div>\n<div style=\"text-align: justify;\">Il numero dei martiri di Cervera si completa con altri 10 Padri, 7 Fratelli e 6 Studenti, la maggioranza dei quali morirono soli in luoghi diversi e in date sconosciute, anche se di alcuni si conoscono alcuni dettagli sulla loro cattura. Il caso pi\u00f9 conosciuto ed impressionante \u00e8 quello del fratello Fernando Sap\u00e9ras, martire della castit\u00e0, per le dure prove ed umiliazioni a cui fui sottomesso, fino ad essere fucilato nel cimitero di Tarragona. Il suo ricordo si trova in questo Calendario il 14 agosto.<\/div>\n","protected":false},"excerpt":{"rendered":"<p>L\u2019edificio dell\u2019antica Universit\u00e0 di Cervera (Lleida \u2013 Spagna), che occupavano fin dal 1887 i Missionari Clarettiani, ospitava nel 1936, 154 persone: 30 Padri, 35 Fratelli, 54 Studenti e 38 Aspiranti che si preparavano per il noviziato. Undici di questi missionari vivevano nell\u2019edificio Mas Claret a circa 8 chilometri da Cervera. Il P. Giacomo Gir\u00f3n, superiore [&hellip;]<\/p>\n","protected":false},"author":69,"featured_media":28426,"parent":33289,"menu_order":0,"comment_status":"closed","ping_status":"closed","template":"","meta":{"_et_pb_use_builder":"","_et_pb_old_content":"","_et_gb_content_width":"","footnotes":""},"class_list":["post-28432","page","type-page","status-publish","has-post-thumbnail","hentry"],"jetpack_sharing_enabled":true,"jetpack_shortlink":"https:\/\/wp.me\/PdaBmi-7oA","jetpack_likes_enabled":true,"_links":{"self":[{"href":"https:\/\/www.claret.org\/it\/wp-json\/wp\/v2\/pages\/28432","targetHints":{"allow":["GET"]}}],"collection":[{"href":"https:\/\/www.claret.org\/it\/wp-json\/wp\/v2\/pages"}],"about":[{"href":"https:\/\/www.claret.org\/it\/wp-json\/wp\/v2\/types\/page"}],"author":[{"embeddable":true,"href":"https:\/\/www.claret.org\/it\/wp-json\/wp\/v2\/users\/69"}],"replies":[{"embeddable":true,"href":"https:\/\/www.claret.org\/it\/wp-json\/wp\/v2\/comments?post=28432"}],"version-history":[{"count":0,"href":"https:\/\/www.claret.org\/it\/wp-json\/wp\/v2\/pages\/28432\/revisions"}],"up":[{"embeddable":true,"href":"https:\/\/www.claret.org\/it\/wp-json\/wp\/v2\/pages\/33289"}],"wp:featuredmedia":[{"embeddable":true,"href":"https:\/\/www.claret.org\/it\/wp-json\/wp\/v2\/media\/28426"}],"wp:attachment":[{"href":"https:\/\/www.claret.org\/it\/wp-json\/wp\/v2\/media?parent=28432"}],"curies":[{"name":"wp","href":"https:\/\/api.w.org\/{rel}","templated":true}]}}