{"id":28453,"date":"2018-09-06T08:54:22","date_gmt":"2018-09-06T06:54:22","guid":{"rendered":"https:\/\/www.claret.org\/fecha-27-de-ottobre-p-domenico-fabregas-cofondatore\/"},"modified":"2022-04-07T16:29:05","modified_gmt":"2022-04-07T14:29:05","slug":"fecha-27-de-ottobre-p-domenico-fabregas-cofondatore","status":"publish","type":"page","link":"https:\/\/www.claret.org\/it\/effemeridi\/fecha-27-de-ottobre-p-domenico-fabregas-cofondatore\/","title":{"rendered":"Fecha: 27 de Ottobre &#8211; P. DOMENICO F\u00c1BREGAS Cofondatore"},"content":{"rendered":"<p style=\"text-align: justify;\"><img data-recalc-dims=\"1\" loading=\"lazy\" decoding=\"async\" class=\"alignleft\" title=\"\" src=\"https:\/\/i0.wp.com\/www2.claret.org\/sites\/default\/files\/imagenes\/espiritualidad\/calendario\/65-domingo_fbregas.jpg?resize=180%2C270\" alt=\"\" width=\"180\" height=\"270\"><\/p>\n<div style=\"text-align: justify;\">Domenico F\u00e1bregas y Coma nacque il 9 luglio 1817 a San Gen\u00eds de Or\u00eds (Barcellona \u2013 Spagna). A otto anni entr\u00f2 nel Seminario di Vic. Li conobbe personaggi importanti come il filosofo Giacomo Balmes, il Padre Pietro Bac \u2013 restauratore dell\u2019Oratorio di san Filippo Neri \u2013 , san Pietro Almat\u00f3, domenicano martire in Giappone, e, in particolare, il giovane Antonio Claret.<\/div>\n<div style=\"text-align: justify;\"><\/div>\n<div style=\"text-align: justify;\">Le avverse circostanze sociali, politiche e religiose lo costrinsero a interrompere gli studi e ad andare a Roma per accedere all\u2019ordinazione sacerdotale, dove torn\u00f2 ad incontrarsi con il P. Claret nel convento di San Basilio. Ordinato nel 1840, ritorn\u00f2 alla sua terra.<\/div>\n<div style=\"text-align: justify;\"><\/div>\n<div style=\"text-align: justify;\">Fin dal suo rientro, le sue inquietudini e qualit\u00e0 lo orientarono decisamente alla predicazione itinerante. Questo ministero lo port\u00f2 a incontrarsi di nuovo con il P. Claret. Sarebbe stata quella l\u2019occasione per ricevere l\u2019invito a far parte della Congregazione che Claret pensava di fondare.<\/div>\n<div style=\"text-align: justify;\"><\/div>\n<div style=\"text-align: justify;\">In effetti, si aggreg\u00f2 al piccolo gruppo che il 16 luglio 1849 diede inizio a questa grande opera. Da quel momento si dedic\u00f2 al ministero della predicazione. Fu il fondatore della comunit\u00e0 di Segovia nel novembre del 1861 e rappresent\u00f2 quella comunit\u00e0 nei primi due Capitoli Generali della Congregazione. Dopo il secondo Capitolo Generale, nel 1864, il P. Domenico F\u00e1bregas non ritorn\u00f2 a Segovia, ma pass\u00f2 da Vic dal momento che era venuta meno la fondazione di Huesca.<\/div>\n<div style=\"text-align: justify;\"><\/div>\n<div style=\"text-align: justify;\">Fu a Vic che dovette soffrire le disgrazie della rivoluzione del 1868 che obblig\u00f2 i missionari della casa Madre ad abbandonarla il 2 ottobre e a disperdersi in piccole comunit\u00e0 clandestine. Questi avvenimenti spinsero il P. F\u00e1bregas s passare per Vic, Barcellona e Thuir. Restaurata la monarchia con Alfonso XII, fu nominato Superiore della Casa-Collegio di Gracia, a Barcellona.<\/div>\n<div style=\"text-align: justify;\"><\/div>\n<div style=\"text-align: justify;\">La morte lo sorprender\u00e0 nel 1895 a Solsona. Erano le 8 del mattino di domenica 27 ottobre quando il P. Domenico F\u00e1bregas, Cofondatore della Congregazione, mor\u00ec nella pace del Signore circondato dai suoi fratelli.<\/div>\n","protected":false},"excerpt":{"rendered":"<p>Domenico F\u00e1bregas y Coma nacque il 9 luglio 1817 a San Gen\u00eds de Or\u00eds (Barcellona \u2013 Spagna). A otto anni entr\u00f2 nel Seminario di Vic. Li conobbe personaggi importanti come il filosofo Giacomo Balmes, il Padre Pietro Bac \u2013 restauratore dell\u2019Oratorio di san Filippo Neri \u2013 , san Pietro Almat\u00f3, domenicano martire in Giappone, e, [&hellip;]<\/p>\n","protected":false},"author":69,"featured_media":28446,"parent":33289,"menu_order":0,"comment_status":"closed","ping_status":"closed","template":"","meta":{"_et_pb_use_builder":"","_et_pb_old_content":"","_et_gb_content_width":"","footnotes":""},"class_list":["post-28453","page","type-page","status-publish","has-post-thumbnail","hentry"],"jetpack_sharing_enabled":true,"jetpack_shortlink":"https:\/\/wp.me\/PdaBmi-7oV","jetpack_likes_enabled":true,"_links":{"self":[{"href":"https:\/\/www.claret.org\/it\/wp-json\/wp\/v2\/pages\/28453","targetHints":{"allow":["GET"]}}],"collection":[{"href":"https:\/\/www.claret.org\/it\/wp-json\/wp\/v2\/pages"}],"about":[{"href":"https:\/\/www.claret.org\/it\/wp-json\/wp\/v2\/types\/page"}],"author":[{"embeddable":true,"href":"https:\/\/www.claret.org\/it\/wp-json\/wp\/v2\/users\/69"}],"replies":[{"embeddable":true,"href":"https:\/\/www.claret.org\/it\/wp-json\/wp\/v2\/comments?post=28453"}],"version-history":[{"count":0,"href":"https:\/\/www.claret.org\/it\/wp-json\/wp\/v2\/pages\/28453\/revisions"}],"up":[{"embeddable":true,"href":"https:\/\/www.claret.org\/it\/wp-json\/wp\/v2\/pages\/33289"}],"wp:featuredmedia":[{"embeddable":true,"href":"https:\/\/www.claret.org\/it\/wp-json\/wp\/v2\/media\/28446"}],"wp:attachment":[{"href":"https:\/\/www.claret.org\/it\/wp-json\/wp\/v2\/media?parent=28453"}],"curies":[{"name":"wp","href":"https:\/\/api.w.org\/{rel}","templated":true}]}}