{"id":28512,"date":"2018-09-06T10:20:33","date_gmt":"2018-09-06T08:20:33","guid":{"rendered":"https:\/\/www.claret.org\/fecha-11-de-novembre-beati-federico-vila-e-compagni-martiri\/"},"modified":"2018-09-06T10:20:33","modified_gmt":"2018-09-06T08:20:33","slug":"fecha-11-de-novembre-beati-federico-vila-e-compagni-martiri","status":"publish","type":"page","link":"https:\/\/www.claret.org\/it\/effemeridi\/fecha-11-de-novembre-beati-federico-vila-e-compagni-martiri\/","title":{"rendered":"Fecha: 11 de Novembre &#8211; BEATI FEDERICO VILA E COMPAGNI Martiri"},"content":{"rendered":"<p style=\"text-align: justify;\"><img data-recalc-dims=\"1\" loading=\"lazy\" decoding=\"async\" class=\"alignleft\" title=\"\" src=\"https:\/\/i0.wp.com\/www2.claret.org\/sites\/default\/files\/imagenes\/espiritualidad\/calendario\/70-federico_vila_torredembarra.jpg?resize=253%2C325\" alt=\"\" width=\"253\" height=\"325\"><\/p>\n<div style=\"text-align: justify;\"><\/div>\n<div style=\"text-align: justify;\">In questo giorno ricordiamo i nostri martiri P. Federico Vila e compagni della comunit\u00e0 di Tarragona, che effusero il proprio sangue per Cristo.<\/div>\n<div style=\"text-align: justify;\"><\/div>\n<div style=\"text-align: justify;\">Il P. Federico Vila nacque a Brull (Barcellona-Spagna) il 13 marzo 1884 e mor\u00ec l\u201911 novembre 1936. Lavor\u00f2 come professore colto ed esemplare in diversi collegi clarettiani e fu esimio professore all\u2019Universit\u00e0 Pontificia di Tarragona. Nonostante la sua condizione di ricercatore, pubblicista e pregevole predicatore, mostro sempre un portamento riservato, squisito e sensibile. Durante la Guerra Civile spagnola del 1936 fu incarcerato sulla nave Rio Segre. Ottenuta la sua liberazione da un parlamentare di Barcellona, poche ore prima che fosse consegnato nelle sue mani fu assassinato nella cittadina di Torredembarra (Tarragona). La sua causa di beatificazione \u00e8 unit\u00e0 a quella del Vescovo Ausiliare della diocesi tarragonese.<\/div>\n<div style=\"text-align: justify;\"><\/div>\n<div style=\"text-align: justify;\">Il P. Giacomo Mir nacque il 22 dicembre 1889 a Ciutadilla (Lleida-Spagna) e mor\u00ec il 29 luglio 1936. Fu professore dell\u2019Universit\u00e0 Pontificia di Tarragona. Portato in modo speciale per gli studi filosofici, fu amante sia della scienza come della virt\u00f9. Mor\u00ec a motivo della fede, durante la Guerra Civile spagnola e fu sepolto nella Chiesa dei Missionari Clarettiani di Tarragona.<\/div>\n<div style=\"text-align: justify;\"><\/div>\n<div style=\"text-align: justify;\">Il Fratello Antonio Vilamassana nacque a Mosoteras (Lleida-Spagna) il 28 gennaio 1860 e fu martirizzato il 25 luglio 1936. Fu compagno di prigione del P. Vila. Visse e soffr\u00ec la stessa situazione. Aveva 76 anni. La sua morte avvenne nella tragica giornata del 25 luglio, mentre era prigioniero sulla nave Rio Segre, ormeggiata nel porto di Tarragona. In pace con Dio e con la propria coscienza e convinto di morire per Cristo, accorse alla chiamata dei dirigenti del FAI (Federazione Anarchica Iberica). Il gruppo fu condotto vicino alla citt\u00e0 di Valls e arrivato al cimitero furono assassinati. La sua fu una vita semplice e la sua morte era aperta alla speranza della vita eterna.<\/div>\n<div style=\"text-align: justify;\"><\/div>\n<div style=\"text-align: justify;\">I Fratelli Paolo Castell\u00e1 e Andrea Feli\u00fa vivevano nella comunit\u00e0 di Selva del Camp. Sopravvissero tre mesi coperti dall\u2019affetto familiare, aiutando nel lavoro dei campi, \u201cpregando molto e dando buon esempio a tutti\u201d. Il 26 ottobre 1936 a La Riera de la Cuadra, al confine con il comune di Reus subirono insieme il martirio.<\/div>\n<div style=\"text-align: justify;\">Il Fratello Antonio Capdevila svel\u00f2 il suo grande spirito di carit\u00e0 quando la sua prima preoccupazione, il 23 luglio 1936, fu di portare l\u2019anziano e malato Fratello Raimondo Garc\u00e9s alla Casa di Riposo delle Sorelle di Reus. Al suo ritorno, alla stazione di Vimbod\u00ed fu riconosciuto come religioso, e a 500 metri dal paese lo uccisero. Il Fratello Sebastiano Balsells quando scoppi\u00f2 la rivoluzione and\u00f2 a rifugiarsi al suo paese natale. Nella casa paterna non lasciava mai di tenere tra le dita il Rosario, e con il Rosario in mano and\u00f2 incontro al martirio. Nella sierra di Almenara consegn\u00f2 la propria anima al Signore.<\/div>\n","protected":false},"excerpt":{"rendered":"<p>In questo giorno ricordiamo i nostri martiri P. Federico Vila e compagni della comunit\u00e0 di Tarragona, che effusero il proprio sangue per Cristo. Il P. Federico Vila nacque a Brull (Barcellona-Spagna) il 13 marzo 1884 e mor\u00ec l\u201911 novembre 1936. Lavor\u00f2 come professore colto ed esemplare in diversi collegi clarettiani e fu esimio professore all\u2019Universit\u00e0 [&hellip;]<\/p>\n","protected":false},"author":69,"featured_media":28505,"parent":33289,"menu_order":0,"comment_status":"closed","ping_status":"closed","template":"","meta":{"_et_pb_use_builder":"","_et_pb_old_content":"","_et_gb_content_width":"","footnotes":""},"class_list":["post-28512","page","type-page","status-publish","has-post-thumbnail","hentry"],"jetpack_sharing_enabled":true,"jetpack_shortlink":"https:\/\/wp.me\/PdaBmi-7pS","jetpack_likes_enabled":true,"_links":{"self":[{"href":"https:\/\/www.claret.org\/it\/wp-json\/wp\/v2\/pages\/28512","targetHints":{"allow":["GET"]}}],"collection":[{"href":"https:\/\/www.claret.org\/it\/wp-json\/wp\/v2\/pages"}],"about":[{"href":"https:\/\/www.claret.org\/it\/wp-json\/wp\/v2\/types\/page"}],"author":[{"embeddable":true,"href":"https:\/\/www.claret.org\/it\/wp-json\/wp\/v2\/users\/69"}],"replies":[{"embeddable":true,"href":"https:\/\/www.claret.org\/it\/wp-json\/wp\/v2\/comments?post=28512"}],"version-history":[{"count":0,"href":"https:\/\/www.claret.org\/it\/wp-json\/wp\/v2\/pages\/28512\/revisions"}],"up":[{"embeddable":true,"href":"https:\/\/www.claret.org\/it\/wp-json\/wp\/v2\/pages\/33289"}],"wp:featuredmedia":[{"embeddable":true,"href":"https:\/\/www.claret.org\/it\/wp-json\/wp\/v2\/media\/28505"}],"wp:attachment":[{"href":"https:\/\/www.claret.org\/it\/wp-json\/wp\/v2\/media?parent=28512"}],"curies":[{"name":"wp","href":"https:\/\/api.w.org\/{rel}","templated":true}]}}