{"id":28530,"date":"2018-09-06T10:29:57","date_gmt":"2018-09-06T08:29:57","guid":{"rendered":"https:\/\/www.claret.org\/fecha-20-de-novembre-beato-andrea-sola-martire\/"},"modified":"2018-09-06T10:29:57","modified_gmt":"2018-09-06T08:29:57","slug":"fecha-20-de-novembre-beato-andrea-sola-martire","status":"publish","type":"page","link":"https:\/\/www.claret.org\/it\/effemeridi\/fecha-20-de-novembre-beato-andrea-sola-martire\/","title":{"rendered":"Fecha: 20 de Novembre &#8211; BEATO ANDREA SOL\u00c1 Martire"},"content":{"rendered":"<div style=\"text-align: justify;\">Il P. Andrea Sol\u00e1 nacque il 7 ottobre 1895 nella masseria Vilarrasa de Taradell, vicino a Vic, da una famiglia umile. I suoi genitori si chiamavano Bonaventura Sol\u00e1 e Antonia Molist. Ebbe undici fratelli. La sua infanzia la visse in un ambiente familiare cristiano, dove la principale ricchezza era l\u2019amore a Dio, alla Santissima Vergine e alla Chiesa. In famiglia fiorirono altre due vocazioni: Giacomo, pure clarettiano, ed Eudaldo, sacerdote della dicocesi di Vic.<\/div>\n<div style=\"text-align: justify;\"><\/div>\n<div style=\"text-align: justify;\">Frequent\u00f2 il Postulantato a Vic passando poi al Noviziato di Cervera. Durante l\u2019anno di Noviziato ebbe a soffrire a motivo della salute attraverso la quale il Signore lo<\/div>\n<p style=\"text-align: justify;\"><img data-recalc-dims=\"1\" decoding=\"async\" class=\"alignleft\" title=\"\" src=\"https:\/\/i0.wp.com\/www2.claret.org\/sites\/default\/files\/imagenes\/espiritualidad\/calendario\/andres_sola.png?w=1080\" alt=\"\"><\/p>\n<div style=\"text-align: justify;\">purific\u00f2. Fece la sua prima professione il 15 agosto 1914.<\/div>\n<div style=\"text-align: justify;\"><\/div>\n<div style=\"text-align: justify;\">L\u2019obbedienza lo port\u00f2 in Messico. Fu professore nel Postulantato clarettiano di Toluca e divideva il suo tempo con la predicazione popolare. Durante il periodo natalizio nel 1924 fu inviato alla comunit\u00e0 di Le\u00f3n (Messico) dove pot\u00e9 dedicarsi con pi\u00f9 ampiezza alla predicazione, nonostante il governo messicano proibisse ogni tipo di esercizio pastorale, soprattutto al clero straniero.<\/div>\n<div style=\"text-align: justify;\"><\/div>\n<div style=\"text-align: justify;\">La persecuzione religiosa divenne pi\u00f9 violenta, si chiusero le chiese e i sacerdoti e i religiosi furono perseguitati. Il P. Andrea Sol\u00e1 si mantenne fedele alla sua vocazione, continuando l\u2019esercizio del suo ministero. Una foto ricordo di una Prima Comunione rivel\u00f2 il P. Sol\u00e1 come sacerdote. Fu accusato, insieme a Leonardo P\u00e9rez, un laico collaboratore, e al giovane sacerdote messicano Trinidad Rangel, di aver assaltato e fatto deragliare un treno. Il P. Sol\u00e1 disse con molta fermezza: \u00abChe mi sia concesso di affermare che non ho commesso altro crimine, che io conosca, se non quello di aver compiuto il mio dovere come missionario\u00bb. Il 25 aprile 1927 furono fucilati tutti e tre. Sia Leonardo come il P. Rangel morirono subito, ma il P. Sol\u00e1, ferito a morte, ebbe una lunga agonia martiriale. Sono conosciuti come i \u201cmartiri di San Joaqu\u00edn\u201d, per il nome del luogo in cui furono fucilati.<\/div>\n<div style=\"text-align: justify;\"><\/div>\n<div style=\"text-align: justify;\">Il nostro fratello clarettiano, il P. Andrea Sol\u00e1 e Molist fu beatificato a Guadalajara (Messico), insieme a 12 martiri messicani, il 20 novembre 2005. Presiedette la celebrazione il Cardinale Jos\u00e9 Saraiva Martins, clarettiano.<\/div>\n","protected":false},"excerpt":{"rendered":"<p>Il P. Andrea Sol\u00e1 nacque il 7 ottobre 1895 nella masseria Vilarrasa de Taradell, vicino a Vic, da una famiglia umile. I suoi genitori si chiamavano Bonaventura Sol\u00e1 e Antonia Molist. Ebbe undici fratelli. La sua infanzia la visse in un ambiente familiare cristiano, dove la principale ricchezza era l\u2019amore a Dio, alla Santissima Vergine [&hellip;]<\/p>\n","protected":false},"author":69,"featured_media":28521,"parent":33289,"menu_order":0,"comment_status":"closed","ping_status":"closed","template":"","meta":{"_et_pb_use_builder":"","_et_pb_old_content":"","_et_gb_content_width":"","footnotes":""},"class_list":["post-28530","page","type-page","status-publish","has-post-thumbnail","hentry"],"jetpack_sharing_enabled":true,"jetpack_shortlink":"https:\/\/wp.me\/PdaBmi-7qa","jetpack_likes_enabled":true,"_links":{"self":[{"href":"https:\/\/www.claret.org\/it\/wp-json\/wp\/v2\/pages\/28530","targetHints":{"allow":["GET"]}}],"collection":[{"href":"https:\/\/www.claret.org\/it\/wp-json\/wp\/v2\/pages"}],"about":[{"href":"https:\/\/www.claret.org\/it\/wp-json\/wp\/v2\/types\/page"}],"author":[{"embeddable":true,"href":"https:\/\/www.claret.org\/it\/wp-json\/wp\/v2\/users\/69"}],"replies":[{"embeddable":true,"href":"https:\/\/www.claret.org\/it\/wp-json\/wp\/v2\/comments?post=28530"}],"version-history":[{"count":0,"href":"https:\/\/www.claret.org\/it\/wp-json\/wp\/v2\/pages\/28530\/revisions"}],"up":[{"embeddable":true,"href":"https:\/\/www.claret.org\/it\/wp-json\/wp\/v2\/pages\/33289"}],"wp:featuredmedia":[{"embeddable":true,"href":"https:\/\/www.claret.org\/it\/wp-json\/wp\/v2\/media\/28521"}],"wp:attachment":[{"href":"https:\/\/www.claret.org\/it\/wp-json\/wp\/v2\/media?parent=28530"}],"curies":[{"name":"wp","href":"https:\/\/api.w.org\/{rel}","templated":true}]}}