{"id":28575,"date":"2018-09-06T11:22:01","date_gmt":"2018-09-06T09:22:01","guid":{"rendered":"https:\/\/www.claret.org\/fecha-23-de-dicembre-nascita-di-santantonio-maria-claret\/"},"modified":"2018-09-06T11:22:01","modified_gmt":"2018-09-06T09:22:01","slug":"fecha-23-de-dicembre-nascita-di-santantonio-maria-claret","status":"publish","type":"page","link":"https:\/\/www.claret.org\/it\/effemeridi\/fecha-23-de-dicembre-nascita-di-santantonio-maria-claret\/","title":{"rendered":"Fecha: 23 de Dicembre &#8211; NASCITA DI SANT\u2019ANTONIO MARIA CLARET"},"content":{"rendered":"<p style=\"text-align: justify;\"><img data-recalc-dims=\"1\" loading=\"lazy\" decoding=\"async\" class=\"alignleft\" title=\"\" src=\"https:\/\/i0.wp.com\/www2.claret.org\/sites\/default\/files\/imagenes\/espiritualidad\/calendario\/73--nacimiento_de_clarett.jpg?resize=230%2C338\" alt=\"\" width=\"230\" height=\"338\"><\/p>\n<div style=\"text-align: justify;\">Il 24 ottobre, anniversario della morte del nostro Fondatore, celebriamo con la Chiesa la sua festa o memoria, che per la nostra Congregazione riveste il grado di solennit\u00e0 liturgica. Oggi, 23 dicembre, noi facciamo memoria, anche, della sua nascita in questo mondo, e questo \u00e8 motivo di gioia e occasione per rendere grazie a Dio perch\u00e9, con la vita del nostro Fondatore, il Signore ci ha concesso molti altri doni, soprattutto quello della comunione con il suo spirito evangelizzatore, nato per evangelizzare.<\/div>\n<div style=\"text-align: justify;\"><\/div>\n<div style=\"text-align: justify;\">Antonio Claret nasce a Sallent (Barcellona \u2013 Spagna) il 23 dicembre 1807. Questa data viene riconosciuta dall\u2019opinione pi\u00f9 comune, poich\u00e9 il Fondatore non dice il giorno esatto, n\u00e9 \u00e8 possibile provarlo in altro modo. Fu battezzato molto presto, secondo la consuetudine di quel tempo, il giorno stesso di Natale. \u00abNi misero come nome Antonio, Adiutorio. Giovanni\u00bb (cf. Aut 5). Egli stesso spiega il motivo di questi nomi ricevuti il giorno del battesimo, legati a riferimenti strettamente familiari. Quello di Maria fu aggiunto in seguito, in occasione della sua consacrazione episcopale, per devozione alla Vergine poich\u00e9 Ella \u00ab\u00e8 mia Madre, mia Patrona, mia Maestra e mio tutto dopo Ges\u00f9\u00bb (cf. Aut 5).<\/div>\n<div style=\"text-align: justify;\"><\/div>\n<div style=\"text-align: justify;\">Dopo una serena e religiosa infanzia, Antonio lavor\u00f2 nella piccola fabbrica di filati e tessitura di suo padre, prima di trasferirsi nella capitale catalana come studente che sognava di dedicarsi definitivamente all\u2019industria tessile. Conosciamo quali furono le sue scelte successive. La sua vita si indirizz\u00f2 verso altre strade. Dio incroci\u00f2 la sua strada e lo chiam\u00f2 perch\u00e9 fosse missionario. Ma, ricordando oggi la sua nascita, ci interessa mettere in risalto l\u2019ambiente familiare nel quale si forgi\u00f2 la sua vocazione apostolica.<\/div>\n<div style=\"text-align: justify;\"><\/div>\n<div style=\"text-align: justify;\">Il clima spirituale in cui trascorsero gli anni della sua infanzia e adolescenza fu ideale in quell\u2019epoca e in quel contesto. La famiglia nella quale crebbe Antonio, da fanciullo, costituiva un ambiente veramente educativo dal quale ricevette la trasmissione dei valori umani e cristiani pi\u00f9 autentici. In questo ambiente attecchirono in Antonio i buoni costumi e nacque subito in lui l\u2019inclinazione alla piet\u00e0.<\/div>\n<p style=\"text-align: justify;\">Commemorare in questo giorno la data della sua nascita, ringraziamo molto Dio per il dono della sua vita missionaria, iniziata a Sallent, vicino al fiume Llobregat, e chiamata a sfociare nel mare di tutti i continenti per il bene della Chiesa universale.<\/p>\n","protected":false},"excerpt":{"rendered":"<p>Il 24 ottobre, anniversario della morte del nostro Fondatore, celebriamo con la Chiesa la sua festa o memoria, che per la nostra Congregazione riveste il grado di solennit\u00e0 liturgica. Oggi, 23 dicembre, noi facciamo memoria, anche, della sua nascita in questo mondo, e questo \u00e8 motivo di gioia e occasione per rendere grazie a Dio [&hellip;]<\/p>\n","protected":false},"author":69,"featured_media":28568,"parent":33289,"menu_order":0,"comment_status":"closed","ping_status":"closed","template":"","meta":{"_et_pb_use_builder":"","_et_pb_old_content":"","_et_gb_content_width":"","footnotes":""},"class_list":["post-28575","page","type-page","status-publish","has-post-thumbnail","hentry"],"jetpack_sharing_enabled":true,"jetpack_shortlink":"https:\/\/wp.me\/PdaBmi-7qT","jetpack_likes_enabled":true,"_links":{"self":[{"href":"https:\/\/www.claret.org\/it\/wp-json\/wp\/v2\/pages\/28575","targetHints":{"allow":["GET"]}}],"collection":[{"href":"https:\/\/www.claret.org\/it\/wp-json\/wp\/v2\/pages"}],"about":[{"href":"https:\/\/www.claret.org\/it\/wp-json\/wp\/v2\/types\/page"}],"author":[{"embeddable":true,"href":"https:\/\/www.claret.org\/it\/wp-json\/wp\/v2\/users\/69"}],"replies":[{"embeddable":true,"href":"https:\/\/www.claret.org\/it\/wp-json\/wp\/v2\/comments?post=28575"}],"version-history":[{"count":0,"href":"https:\/\/www.claret.org\/it\/wp-json\/wp\/v2\/pages\/28575\/revisions"}],"up":[{"embeddable":true,"href":"https:\/\/www.claret.org\/it\/wp-json\/wp\/v2\/pages\/33289"}],"wp:featuredmedia":[{"embeddable":true,"href":"https:\/\/www.claret.org\/it\/wp-json\/wp\/v2\/media\/28568"}],"wp:attachment":[{"href":"https:\/\/www.claret.org\/it\/wp-json\/wp\/v2\/media?parent=28575"}],"curies":[{"name":"wp","href":"https:\/\/api.w.org\/{rel}","templated":true}]}}