{"id":33289,"date":"2018-07-24T19:36:47","date_gmt":"2018-07-24T17:36:47","guid":{"rendered":"https:\/\/www.claret.org\/calendario\/"},"modified":"2022-10-04T11:50:25","modified_gmt":"2022-10-04T09:50:25","slug":"effemeridi","status":"publish","type":"page","link":"https:\/\/www.claret.org\/it\/effemeridi\/","title":{"rendered":"Effemeridi"},"content":{"rendered":"<p>[et_pb_section fb_built=&#8221;1&#8243; fullwidth=&#8221;on&#8221; theme_builder_area=&#8221;post_content&#8221; _builder_version=&#8221;4.17.4&#8243; _module_preset=&#8221;default&#8221;][et_pb_fullwidth_header title=&#8221;@ET-DC@eyJkeW5hbWljIjp0cnVlLCJjb250ZW50IjoicG9zdF90aXRsZSIsInNldHRpbmdzIjp7ImJlZm9yZSI6IiIsImFmdGVyIjoiIn19@&#8221; _builder_version=&#8221;4.17.4&#8243; _module_preset=&#8221;default&#8221; theme_builder_area=&#8221;post_content&#8221; _dynamic_attributes=&#8221;title&#8221; hover_enabled=&#8221;0&#8243; sticky_enabled=&#8221;0&#8243;][\/et_pb_fullwidth_header][\/et_pb_section][et_pb_section fb_built=&#8221;1&#8243; theme_builder_area=&#8221;post_content&#8221; _builder_version=&#8221;4.17.4&#8243; _module_preset=&#8221;default&#8221;][et_pb_row _builder_version=&#8221;4.17.4&#8243; _module_preset=&#8221;default&#8221; theme_builder_area=&#8221;post_content&#8221; custom_margin=&#8221;-21px|auto||auto||&#8221;][et_pb_column _builder_version=&#8221;4.17.4&#8243; _module_preset=&#8221;default&#8221; type=&#8221;4_4&#8243; theme_builder_area=&#8221;post_content&#8221;][et_pb_text admin_label=&#8221;Text&#8221; _builder_version=&#8221;4.17.4&#8243; background_size=&#8221;initial&#8221; background_position=&#8221;top_left&#8221; background_repeat=&#8221;repeat&#8221; hover_enabled=&#8221;0&#8243; global_colors_info=&#8221;{}&#8221; theme_builder_area=&#8221;post_content&#8221; sticky_enabled=&#8221;0&#8243; header_2_font=&#8221;|600|||||||&#8221;]<\/p>\n<h2>GENNAIO<\/h2>\n<p>06. <a href=\"https:\/\/www.claret.org\/ephemeris\/january-6-fr-clemente-serrat-superior-general\/\">Clemente Serrat, Superiore Generale (Segovia \u2013 Spagna, 1906)<\/a><br \/>17. Venerabile M. Mar\u00eda Antonia Par\u00eds (Reus \u2013 Spagna, 1885)<br \/>25. <a href=\"https:\/\/www.claret.org\/ephemeris\/january-25-conversion-of-st-paul\/\">Conversione di San Paolo<\/a><\/p>\n<h2>FEBBRAIO<\/h2>\n<p>01. <a href=\"https:\/\/www.claret.org\/ephemeris\/february-1-attack-against-father-claret-in-holguin\/\">Attacco a Padre Claret a Holgu\u00edn (Cuba, 1856)<\/a><br \/>01. I Beati Martiri Clarettiani<br \/>04. <a href=\"https:\/\/www.claret.org\/ephemeris\/february-4-venerable-james-clotet-co-founder\/\">Venerabile Jaime Clotet, cofondatore (Barcellona \u2013 Spagna, 1898)<\/a><br \/>11. <a href=\"https:\/\/www.claret.org\/ephemeris\/february-11-approval-of-our-claretian-constitutions\/\">Approvazione delle nostre Costituzioni (1870 e 1982)<\/a><br \/>24. <a href=\"https:\/\/www.claret.org\/ephemeris\/february-24-father-nicolas-garcia-superior-general\/\">Nicol\u00e1s Garc\u00eda, Superiore Generale (Roma, 1950)<\/a><br \/>25. <a href=\"https:\/\/www.claret.org\/ephemeris\/february-25-beatification-of-our-father-founder\/\">Beatificazione del Fondatore (Roma, 1934)<\/a><\/p>\n<h2>MARZO<\/h2>\n<p>02. <a href=\"https:\/\/www.claret.org\/ephemeris\/march-2-fr-martin-alsina-superior-general\/\">Mart\u00edn Alsina, Superiore Generale (Zafra \u2013 Spagna, 1922)<\/a><br \/>16 &#8211; 19.  <a href=\"https:\/\/www.claret.org\/ephemeris\/march-16-19-triduum-and-solemnity-of-st-joseph-co-patron-of-the-congregation\/\">16 \u2013 19. Triduo e Solennit\u00e0 di San Giuseppe, co-patrono della Congregazione<\/a><\/p>\n<h2>APRILE<\/h2>\n<p>18. <a href=\"https:\/\/www.claret.org\/ephemeris\/april-18-fr-stephen-sala-co-founder-and-first-superior-general\/\">Esteban Sala, cofondatore e primo Superiore Generale (Barcellona \u2013 Spagna, 1858)<\/a><br \/>29. <a href=\"https:\/\/www.claret.org\/ephemeris\/april-29-st-catherine-of-siena-co-patroness\/\">Santa Caterina da Siena, patrona<\/a><\/p>\n<h2>MAGGIO<\/h2>\n<p>03. <a href=\"https:\/\/www.claret.org\/ephemeris\/may-3-saints-philip-and-james-apostles-and-co-patrons\/\">San Filippo e San Giacomo, apostoli e compatroni<\/a><br \/>03. P. Rhoel Gallardo (Primo Martire Clarettiano delle Filippine, 2000)<br \/>07. <a href=\"https:\/\/www.claret.org\/ephemeris\/may-7-canonization-of-father-founder\/\">Canonizzazione del Fondatore (Roma, 1950)<\/a><br \/>10.<a href=\"https:\/\/www.claret.org\/ephemeris\/may-10-st-john-of-avila-priest-and-missionary\/\"> San Giovanni d\u2019Avila, sacerdote e missionario<\/a><br \/>14.<a href=\"https:\/\/www.claret.org\/ephemeris\/may-14-st-matthias-apostle-and-co-patron\/\">San Mattia, apostolo e co-patrono<\/a><br \/>14. <a href=\"https:\/\/www.claret.org\/ephemeris\/may-14-venerable-father-mariano-avellana\/\">Venerabile Mariano Avellana (Carrizal Alto \u2013 Cile, 1904)<\/a><br \/>22. <a href=\"https:\/\/www.claret.org\/ephemeris\/may-22-st-joaquina-vedruna-founder-of-the-carmelite-sisters-of-charity\/\">Santa Joaquina de Vedruna, fondatrice<\/a><br \/>25. <a href=\"https:\/\/www.claret.org\/ephemeris\/may-25-st-mary-magdalene-of-pazzi-virgin\/\">Santa Maria Magdalena de Pazzi, vergine<\/a><\/p>\n<h2>GIUGNO<\/h2>\n<p>13. <a href=\"https:\/\/www.claret.org\/ephemeris\/june-13-st-anthony-mary-clarets-priestly-ordination\/\">Ordinazione sacerdotale di Padre Claret (Solsona \u2013 Spagna, 1835)<\/a><br \/>15. <a href=\"https:\/\/www.claret.org\/ephemeris\/june-15-st-mary-micaela-of-the-blessed-sacrament-foundress-of-the-sisters-of-adorers\/\">Santa Maria Micaela del Santissimo Sacramento, fondatrice.<\/a><br \/>23. <a href=\"https:\/\/www.claret.org\/ephemeris\/june-23-student-pedro-mardones\/\">E. Pedro Mardones (Torrijos \u2013 Spagna, 1937)<\/a><br \/>29.  <a href=\"https:\/\/www.claret.org\/ephemeris\/june-29-saints-peter-and-paul-apostles-and-co-patrons\/\">Santi Pietro e Paolo, apostoli e compatroni.<\/a><\/p>\n<p><a href=\"https:\/\/www.claret.org\/ephemeris\/thursday-after-pentecost-feast-of-jesus-christ-supreme-and-eternal-priest\/\">Gioved\u00ec, dopo Pentecoste: Festa di Ges\u00f9 Cristo, Sommo ed Eterno Sacerdote<\/a><br \/><a href=\"https:\/\/www.claret.org\/ephemeris\/novena-and-the-solemnity-of-the-immaculate-heart-of-mary\/\">Novena e Solennit\u00e0 del Cuore Immacolato di Maria, Titolare e Patrona della Congregazione<\/a><\/p>\n<h2>LUGLIO<\/h2>\n<p>03. <a href=\"https:\/\/www.claret.org\/ephemeris\/july-3-saint-thomas-apostle-and-co-patron\/\">San Tommaso, apostolo e compatrono<\/a><br \/>11. <a href=\"https:\/\/www.claret.org\/ephemeris\/july-11-father-filipe-maroto-superior-general\/\">Felipe Maroto, Superiore Generale (Roma, 1937)<\/a><br \/>13- 16.  <a href=\"https:\/\/www.claret.org\/ephemeris\/july-13-16-triduum-and-feast-of-our-lady-of-mt-carmel\/\">13- 16. Triduo e Festa di Nostra Signora del Monte Carmelo, Fondazione della Congregazione (Vic \u2013 Spagna, 1849)<\/a><br \/>25. <a href=\"https:\/\/www.claret.org\/ephemeris\/july-25-james-the-great-apostle-and-co-patron\/\">San Giacomo, Apostolo e compatrono<\/a><br \/>27. <a href=\"https:\/\/www.claret.org\/ephemeris\/july-27-servant-of-god-fr-jose-maria-ruiz-formator-and-martyr\/\">Beato Jos\u00e9 Mar\u00eda Ruiz, formatore e martire (Sig\u00fcenza \u2013 Spagna, 1936)<\/a><br \/>28. <a href=\"https:\/\/www.claret.org\/ephemeris\/july-28-servant-of-god-student-tomas-cordero-and-companions-martyrs\/\">Beato Tom\u00e1s Cordero e compagni, martiri (Fern\u00e1n Caballero \u2013 Spagna, 1936)<\/a><br \/>29. <a href=\"https:\/\/www.claret.org\/ephemeris\/july-29-servant-of-god-fr-candido-casals-and-companions-martyrs\/\">Beato C\u00e1ndido Casals e compagni, martiri (Barcellona \u2013 Spagna, 1936)<\/a><br \/>31. <a href=\"https:\/\/www.claret.org\/ephemeris\/july-31-st-ignatius-of-loyola-co-patron\/\">San Ignazio di Loyola, co-patrono<\/a><\/p>\n<h2>AGOSTO<\/h2>\n<p>01. <a href=\"https:\/\/www.claret.org\/ephemeris\/august-1-st-alphonsus-liguori-co-patron\/\">San Alfonso Maria de\u2019 Liguori, compatrono<\/a><br \/>07. Beato Giuseppe Arner e compagni, martiri (Vic \u2013 Spagna, 1936)<br \/>13. <a href=\"https:\/\/www.claret.org\/ephemeris\/august-13-blessed-claretian-martyrs-of-barbastro\/\">Martiri benedetti clarettiani di Barbastro (Spagna, 1936)<\/a><br \/>14. <a href=\"https:\/\/www.claret.org\/ephemeris\/august-14-blessed-brother-fernando-saperas-martyred-for-chastity\/\">Beato Fernando Saperas, martire della castit\u00e0 (T\u00e1rrega \u2013 Spagna, 1936)<\/a><br \/>14.<a href=\"https:\/\/www.claret.org\/ephemeris\/august-14-servants-of-god-fr-marceliano-alonso-and-companions-martyrs\/\"> Beato Marceliano Alonso e compagni, martiri (Valencia \u2013 Spagna, 1936)<\/a><br \/>17. <a href=\"https:\/\/www.claret.org\/ephemeris\/august-17-servant-of-god-brother-pedro-marcer\/\">Servitore di Dio, Fratello Pedro Marcer (Santiago del Cile, 1927)<\/a><br \/>18. <a href=\"https:\/\/www.claret.org\/ephemeris\/august-18-father-peter-schweiger-general-superior\/\">Peter Schweiger, Superiore Generale (Spaichingen \u2013 Germania, 1980)<\/a><br \/>23. <a href=\"https:\/\/www.claret.org\/ephemeris\/august-23-santa-rosa-de-lima-virgin\/\">Santa Rosa da Lima, vergine<\/a><br \/>24. <a href=\"https:\/\/www.claret.org\/ephemeris\/august-24-st-bartholomew-apostle-and-co-patron\/\">San Bartolomeo, apostolo e co-patrono<\/a><br \/>25. <a href=\"https:\/\/www.claret.org\/ephemeris\/august-25-foundation-of-sisters-of-mary-immaculate-claretian-missionary-sisters\/\">Fondazione delle Religiose di Maria Immacolata, Missionarie Clarettiane (Santiago de Cuba, 1855)<\/a><br \/>26. <a href=\"https:\/\/www.claret.org\/ephemeris\/august-26-conservation-of-the-holy-eucharistin-in-father-founder\/\">Miracolo della Preservazione dell\u2019Eucaristia (La Granja \u2013 Spagna, 1861)<\/a><\/p>\n<h2>SETTEMBRE<\/h2>\n<p>05. <a href=\"https:\/\/www.claret.org\/ephemeris\/september-5-servants-of-god-father-matthew-casals-and-companions-martyrs\/\">Beato Mateo Casals e compagni, martiri (Barcellona \u2013 Spagna, 1936)<\/a><br \/>21. <a href=\"https:\/\/www.claret.org\/ephemeris\/september-21-saint-matthew-apostle-evangelist-and-co-patron\/\">San Matteo, apostolo, evangelista e compatrono<\/a><br \/>22. <a href=\"https:\/\/www.claret.org\/ephemeris\/september-22-blessed-m-maria-patrocinio-giner-claretian-missionary-martyr\/\">Beata Mar\u00eda Patrocinio Giner, sorella clarettiana, martire (Valencia \u2013 Spagna, 1936)<\/a><br \/>27. <a href=\"https:\/\/www.claret.org\/ephemeris\/september-27-fr-manuel-vilaro-co-founder\/\">Padre Manuel Vilar\u00f3, cofondatore (Vic \u2013 Spagna, 1852).<\/a><br \/>29.<a href=\"https:\/\/www.claret.org\/ephemeris\/september-29-saint-michael-saint-gabriel-saint-raphael-archangels-and-co-patrons-of-the-congregation\/\"> San Michele, San Gabriele e San Raffaele, arcangeli e compatroni della Congregazione.<\/a><br \/>30. <a href=\"https:\/\/www.claret.org\/ephemeris\/september-30-servant-of-god-father-francesc-crusats-first-claretian-martyr\/\">Servo di Dio Padre Francisco Crusats, protomartire della Congregazione (Selva del Campo \u2013 Spagna, 1868).<\/a><\/p>\n<h2>OTTOBRE<\/h2>\n<p>02. <a href=\"https:\/\/www.claret.org\/ephemeris\/october-2-guardian-angels-co-patrons\/\">Gli Angeli Custodi, co-patroni<\/a><br \/>06.<a href=\"https:\/\/www.claret.org\/ephemeris\/october-6-episcopal-ordination-of-father-founder\/\"> Ordinazione episcopale del Fondatore (Vic \u2013 Spagna, 1850)<\/a><br \/>07. <a href=\"https:\/\/www.claret.org\/ephemeris\/october-7-feast-of-our-lady-of-the-rosary\/\">Fiesta de Nuestra Se\u00f1ora del Rosario<\/a><br \/>13. <a href=\"https:\/\/www.claret.org\/ephemeris\/october-13-brother-manuel-giol\/\">Beato Manuel Giol (Cervera, 1909)<\/a><br \/>14. <a href=\"https:\/\/www.claret.org\/ephemeris\/october-14-servant-of-god-father-joaquin-gelada-and-companions-martyrs\/\">Beato Joaqu\u00edn Gelada e compagni, martiri (Castro Urdiales \u2013 Spagna, 1936)<\/a><br \/>15. <a href=\"https:\/\/www.claret.org\/ephemeris\/october-15-st-teresa-of-jesus-co-patron\/\">Santa Teresa di Ges\u00f9, compatrona<\/a><br \/>16.<a href=\"https:\/\/www.claret.org\/ephemeris\/october-16-servant-of-god-brother-miguel-palau\/\">Beato Miguel Palau (Cervera \u2013 Spagna, 1929)<\/a><br \/>19. <a href=\"https:\/\/www.claret.org\/ephemeris\/october-19-servants-of-god-fr-jaime-giron-and-companions-martyrs\/\">Beato Jaime Gir\u00f3n e compagni, martiri (Cervera \u2013 Spagna, 1936)<\/a><br \/>21.- 24.  <a href=\"https:\/\/www.claret.org\/ephemeris\/october-21-24-triduum-and-solemnity-of-st-anthony-mary-claret-founder-of-the-congregation\/\">21 &#8211; 23. Triduo e Solennit\u00e0 di Sant\u2019Antonio Maria Claret, fondatore della Congregazione<\/a><br \/>27. <a href=\"https:\/\/www.claret.org\/ephemeris\/october-27-father-domingo-fabregas-co-founder\/\">Domingo F\u00e1bregas, cofondatore (Solsona \u2013 Spagna, 1895)<\/a><br \/>28.  <a href=\"https:\/\/www.claret.org\/ephemeris\/october-28-saints-simon-and-jude-apostles-and-co-patrons\/\">Santi Simone e Giuda, apostoli e compatroni<\/a><\/p>\n<h2>NOVEMBRE<\/h2>\n<p>03. <a href=\"https:\/\/www.claret.org\/ephemeris\/november-3-father-josep-xifre-co-founder-and-superior-general\/\">Jos\u00e9 Xifr\u00e9, cofondatore e Superiore Generale (Cervera \u2013 Spagna, 1899)<\/a><br \/>05. <a href=\"https:\/\/www.claret.org\/ephemeris\/november-5-commeration-of-those-who-have-died-in-the-congregation-family-and-benefactors\/\">Commemorazione dei membri defunti della Congregazione, dei parenti e dei benefattori<\/a><br \/>11. <a href=\"https:\/\/www.claret.org\/ephemeris\/november-11-servants-of-god-father-federico-vila-and-companions-martyrs\/\">Beato Federico Vila e compagni, martiri (Torredembarra \u2013 Spagna, 1936)<\/a><br \/>20. <a href=\"https:\/\/www.claret.org\/ephemeris\/november-20-blessed-father-andres-sola-martyr\/\">Beato Andr\u00e9s Sol\u00e1, martire (San Joaqu\u00edn \u2013 Messico, 1927)<\/a><br \/>30. <a href=\"https:\/\/www.claret.org\/ephemeris\/november-30-saint-andrew-apostle-and-co-patron\/\">Sant\u2019Andrea, apostolo e compatrono<\/a><\/p>\n<h2>DICEMBRE<\/h2>\n<p>08. <a href=\"https:\/\/www.claret.org\/ephemeris\/december-8-the-immaculate-conception-of-the-blessed-virgin-mary\/\">Solennit\u00e0 dell\u2019Immacolata Concezione della Beata Vergine Maria<\/a><br \/>23. <a href=\"https:\/\/www.claret.org\/ephemeris\/december-23-the-birth-of-st-anthony-mary-claret\/\">Nascita di Sant\u2019Antonio Maria Claret (Sallent \u2013 Spagna, 1807).<\/a><br \/>26. <a href=\"https:\/\/www.claret.org\/ephemeris\/december-26-st-stephen-proto-martyr\/\">Santo Stefano, il protomartire<\/a><br \/>27. <a href=\"https:\/\/www.claret.org\/ephemeris\/december-27-st-john-apostle-evangelist-and-co-patron\/\">Santo Giovanni, apostolo, evangelista e compatrono<\/a><\/p>\n<p>[\/et_pb_text][\/et_pb_column][\/et_pb_row][\/et_pb_section]<\/p>\n","protected":false},"excerpt":{"rendered":"<p>GENNAIO 06. Clemente Serrat, Superiore Generale (Segovia \u2013 Spagna, 1906)17. Venerabile M. Mar\u00eda Antonia Par\u00eds (Reus \u2013 Spagna, 1885)25. Conversione di San Paolo FEBBRAIO 01. Attacco a Padre Claret a Holgu\u00edn (Cuba, 1856)01. I Beati Martiri Clarettiani04. Venerabile Jaime Clotet, cofondatore (Barcellona \u2013 Spagna, 1898)11. Approvazione delle nostre Costituzioni (1870 e 1982)24. Nicol\u00e1s Garc\u00eda, Superiore [&hellip;]<\/p>\n","protected":false},"author":69,"featured_media":124386,"parent":0,"menu_order":0,"comment_status":"closed","ping_status":"closed","template":"","meta":{"_et_pb_use_builder":"on","_et_pb_old_content":"","_et_gb_content_width":"","footnotes":""},"class_list":["post-33289","page","type-page","status-publish","has-post-thumbnail","hentry"],"jetpack_sharing_enabled":true,"jetpack_shortlink":"https:\/\/wp.me\/PdaBmi-8EV","jetpack_likes_enabled":true,"_links":{"self":[{"href":"https:\/\/www.claret.org\/it\/wp-json\/wp\/v2\/pages\/33289","targetHints":{"allow":["GET"]}}],"collection":[{"href":"https:\/\/www.claret.org\/it\/wp-json\/wp\/v2\/pages"}],"about":[{"href":"https:\/\/www.claret.org\/it\/wp-json\/wp\/v2\/types\/page"}],"author":[{"embeddable":true,"href":"https:\/\/www.claret.org\/it\/wp-json\/wp\/v2\/users\/69"}],"replies":[{"embeddable":true,"href":"https:\/\/www.claret.org\/it\/wp-json\/wp\/v2\/comments?post=33289"}],"version-history":[{"count":0,"href":"https:\/\/www.claret.org\/it\/wp-json\/wp\/v2\/pages\/33289\/revisions"}],"wp:featuredmedia":[{"embeddable":true,"href":"https:\/\/www.claret.org\/it\/wp-json\/wp\/v2\/media\/124386"}],"wp:attachment":[{"href":"https:\/\/www.claret.org\/it\/wp-json\/wp\/v2\/media?parent=33289"}],"curies":[{"name":"wp","href":"https:\/\/api.w.org\/{rel}","templated":true}]}}