{"id":868,"date":"2021-03-21T19:24:06","date_gmt":"2021-03-21T18:24:06","guid":{"rendered":"https:\/\/claret.org\/postulgen\/contacto\/"},"modified":"2021-03-21T19:37:50","modified_gmt":"2021-03-21T18:37:50","slug":"contacto","status":"publish","type":"page","link":"https:\/\/www.claret.org\/postulgen\/es\/contacto\/","title":{"rendered":"Contacto"},"content":{"rendered":"<p>[et_pb_section fb_built=\u00bb1&#8243; fullwidth=\u00bbon\u00bb _builder_version=\u00bb4.6.0&#8243; _module_preset=\u00bbdefault\u00bb background_image=\u00bbhttp:\/\/www.claret.org\/postocmf\/wp-content\/uploads\/2021\/01\/antonio-claret-claretian-martyrs.jpg\u00bb][et_pb_fullwidth_header title=\u00bbCont\u00e1ctenos\u00bb _builder_version=\u00bb4.7.7&#8243; _module_preset=\u00bbdefault\u00bb title_font=\u00bb|||||on|||\u00bb title_font_size=\u00bb60px\u00bb custom_padding=\u00bb||102px|||\u00bb title_font_size_tablet=\u00bb\u00bb title_font_size_phone=\u00bb50px\u00bb title_font_size_last_edited=\u00bbon|desktop\u00bb title_text_shadow_style=\u00bbpreset1&#8243; sticky_enabled=\u00bb0&#8243; background_color=\u00bbrgba(89,146,193,0.7)\u00bb use_background_color_gradient=\u00bbon\u00bb background_color_gradient_start=\u00bbrgba(26,81,109,0.74)\u00bb background_color_gradient_end=\u00bbrgba(189,231,252,0.27)\u00bb][\/et_pb_fullwidth_header][\/et_pb_section][et_pb_section fb_built=\u00bb1&#8243; _builder_version=\u00bb4.6.0&#8243; _module_preset=\u00bbdefault\u00bb use_background_color_gradient=\u00bbon\u00bb background_color_gradient_start=\u00bb#ffffff\u00bb background_color_gradient_end=\u00bbrgba(150,204,211,0.15)\u00bb background_enable_image=\u00bboff\u00bb custom_padding=\u00bb26px|||||\u00bb top_divider_color=\u00bbrgba(143,173,193,0.67)\u00bb][et_pb_row column_structure=\u00bb1_3,2_3&#8243; custom_padding_last_edited=\u00bbon|desktop\u00bb _builder_version=\u00bb4.7.7&#8243; _module_preset=\u00bbdefault\u00bb background_color=\u00bb#ffffff\u00bb custom_margin=\u00bb-86px||||false|false\u00bb custom_padding_tablet=\u00bb3em|3em|3em|3em|true|true\u00bb custom_padding_phone=\u00bb2em|2em|2em|2em|true|true\u00bb box_shadow_style=\u00bbpreset3&#8243;][et_pb_column type=\u00bb1_3&#8243; _builder_version=\u00bb4.7.7&#8243; _module_preset=\u00bbdefault\u00bb transform_scale=\u00bb86%|86%\u00bb transform_scale_tablet=\u00bb\u00bb transform_scale_phone=\u00bb\u00bb transform_scale_last_edited=\u00bbon|desktop\u00bb transform_translate_tablet=\u00bb\u00bb transform_translate_phone=\u00bb\u00bb transform_translate_last_edited=\u00bbon|desktop\u00bb transform_rotate_tablet=\u00bb\u00bb transform_rotate_phone=\u00bb\u00bb transform_rotate_last_edited=\u00bbon|desktop\u00bb transform_skew_tablet=\u00bb\u00bb transform_skew_phone=\u00bb\u00bb transform_skew_last_edited=\u00bbon|desktop\u00bb transform_origin_tablet=\u00bb\u00bb transform_origin_phone=\u00bb\u00bb transform_origin_last_edited=\u00bbon|desktop\u00bb transform_styles_last_edited=\u00bbon|desktop\u00bb transform_styles_tablet=\u00bb\u00bb transform_styles_phone=\u00bb\u00bb][et_pb_image src=\u00bbhttp:\/\/www.claret.org\/postocmf\/wp-content\/uploads\/2021\/01\/contact-us.png\u00bb title_text=\u00bbCont\u00e1ctenos\u00bb _builder_version=\u00bb4.7.7&#8243; _module_preset=\u00bbdefault\u00bb][\/et_pb_image][\/et_pb_column][et_pb_column type=\u00bb2_3&#8243; _builder_version=\u00bb4.6.0&#8243; _module_preset=\u00bbdefault\u00bb][et_pb_divider divider_weight=\u00bb1px\u00bb _builder_version=\u00bb4.7.7&#8243; _module_preset=\u00bbdefault\u00bb custom_margin=\u00bb||23px||false|false\u00bb custom_margin_tablet=\u00bb\u00bb custom_margin_phone=\u00bb\u00bb custom_margin_last_edited=\u00bbon|desktop\u00bb][\/et_pb_divider][et_pb_text _builder_version=\u00bb4.7.7&#8243; _module_preset=\u00bbdefault\u00bb text_font_size=\u00bb16px\u00bb custom_margin=\u00bb-33px|||||\u00bb]<\/p>\n<p>Para ponerse en contacto con nosotros por correo electr\u00f3nico, utilice esta direcci\u00f3n: <em><strong>postulgen@cmfgen.org<\/strong><\/em><\/p>\n<p><strong>Direcci\u00f3n:<\/strong><br \/>Curia Generalizia dei Missionari Clarettiani<br \/>Postulazione Generale<br \/>Via del Sacro Cuore di Maria, 5<br \/>00197 &#8211; Roma<br \/>ITALIA<br \/><strong>Telefono:<\/strong> +39 06 8091 0011<\/p>\n<p>[\/et_pb_text][\/et_pb_column][\/et_pb_row][\/et_pb_section]<\/p>\n","protected":false},"excerpt":{"rendered":"<p>Para ponerse en contacto con nosotros por correo electr\u00f3nico, utilice esta direcci\u00f3n: postulgen@cmfgen.org Direcci\u00f3n:Curia Generalizia dei Missionari ClarettianiPostulazione GeneraleVia del Sacro Cuore di Maria, 500197 &#8211; RomaITALIATelefono: +39 06 8091 0011<\/p>\n","protected":false},"author":1,"featured_media":0,"parent":0,"menu_order":0,"comment_status":"closed","ping_status":"closed","template":"","meta":{"_et_pb_use_builder":"on","_et_pb_old_content":"","_et_gb_content_width":"","footnotes":""},"class_list":["post-868","page","type-page","status-publish","hentry"],"jetpack_sharing_enabled":true,"jetpack_shortlink":"https:\/\/wp.me\/PdY6zS-e0","_links":{"self":[{"href":"https:\/\/www.claret.org\/postulgen\/es\/wp-json\/wp\/v2\/pages\/868","targetHints":{"allow":["GET"]}}],"collection":[{"href":"https:\/\/www.claret.org\/postulgen\/es\/wp-json\/wp\/v2\/pages"}],"about":[{"href":"https:\/\/www.claret.org\/postulgen\/es\/wp-json\/wp\/v2\/types\/page"}],"author":[{"embeddable":true,"href":"https:\/\/www.claret.org\/postulgen\/es\/wp-json\/wp\/v2\/users\/1"}],"replies":[{"embeddable":true,"href":"https:\/\/www.claret.org\/postulgen\/es\/wp-json\/wp\/v2\/comments?post=868"}],"version-history":[{"count":5,"href":"https:\/\/www.claret.org\/postulgen\/es\/wp-json\/wp\/v2\/pages\/868\/revisions"}],"predecessor-version":[{"id":901,"href":"https:\/\/www.claret.org\/postulgen\/es\/wp-json\/wp\/v2\/pages\/868\/revisions\/901"}],"wp:attachment":[{"href":"https:\/\/www.claret.org\/postulgen\/es\/wp-json\/wp\/v2\/media?parent=868"}],"curies":[{"name":"wp","href":"https:\/\/api.w.org\/{rel}","templated":true}]}}