{"id":890,"date":"2021-03-21T19:35:16","date_gmt":"2021-03-21T18:35:16","guid":{"rendered":"https:\/\/claret.org\/postulgen\/postulacion\/postulacion-de-las-causas-de-los-santos\/"},"modified":"2022-07-14T18:01:27","modified_gmt":"2022-07-14T16:01:27","slug":"postulacion-de-las-causas-de-los-santos","status":"publish","type":"page","link":"https:\/\/www.claret.org\/postulgen\/es\/postulacion\/postulacion-de-las-causas-de-los-santos\/","title":{"rendered":"Postulaci\u00f3n de las Causas de los Santos"},"content":{"rendered":"<p>[et_pb_section fb_built=\u00bb1&#8243; fullwidth=\u00bbon\u00bb _builder_version=\u00bb4.16&#8243; _module_preset=\u00bbdefault\u00bb background_image=\u00bbhttp:\/\/www.claret.org\/postocmf\/wp-content\/uploads\/2020\/08\/saints.jpg\u00bb global_colors_info=\u00bb{}\u00bb][et_pb_fullwidth_header title=\u00bbPostulaci\u00f3n de las Causas de los Santos\u00bb _builder_version=\u00bb4.17.4&#8243; _module_preset=\u00bbdefault\u00bb title_font=\u00bb|||||on|||\u00bb title_font_size=\u00bb60px\u00bb background_color=\u00bbrgba(133,121,85,0.61)\u00bb use_background_color_gradient=\u00bbon\u00bb background_color_gradient_stops=\u00bbrgba(133,121,85,0.61) 0%|rgba(189,231,252,0.27) 100%\u00bb background_color_gradient_start=\u00bbrgba(66,126,237,0.7)\u00bb background_color_gradient_end=\u00bbrgba(189,231,252,0.27)\u00bb custom_padding=\u00bb||102px|||\u00bb hover_enabled=\u00bb0&#8243; title_font_size_tablet=\u00bb\u00bb title_font_size_phone=\u00bb50px\u00bb title_font_size_last_edited=\u00bbon|desktop\u00bb title_text_shadow_style=\u00bbpreset1&#8243; global_colors_info=\u00bb{}\u00bb sticky_enabled=\u00bb0&#8243;][\/et_pb_fullwidth_header][\/et_pb_section][et_pb_section fb_built=\u00bb1&#8243; _builder_version=\u00bb4.16&#8243; _module_preset=\u00bbdefault\u00bb use_background_color_gradient=\u00bbon\u00bb background_color_gradient_stops=\u00bb#ffffff 0%|rgba(150,204,211,0.15) 100%\u00bb background_color_gradient_start=\u00bb#ffffff\u00bb background_color_gradient_end=\u00bbrgba(150,204,211,0.15)\u00bb background_enable_image=\u00bboff\u00bb custom_padding=\u00bb26px|||||\u00bb top_divider_color=\u00bbrgba(143,173,193,0.67)\u00bb global_colors_info=\u00bb{}\u00bb][et_pb_row column_structure=\u00bb1_3,2_3&#8243; custom_padding_last_edited=\u00bbon|phone\u00bb _builder_version=\u00bb4.16&#8243; _module_preset=\u00bbdefault\u00bb background_color=\u00bb#ffffff\u00bb custom_margin=\u00bb-86px|auto||auto|false|false\u00bb custom_padding=\u00bb5em|5em|5em|5em|true|true\u00bb custom_padding_tablet=\u00bb3em|3em|3em|3em|true|true\u00bb custom_padding_phone=\u00bb2em|2em|2em|2em|true|true\u00bb box_shadow_style=\u00bbpreset3&#8243; global_colors_info=\u00bb{}\u00bb][et_pb_column type=\u00bb1_3&#8243; _builder_version=\u00bb4.16&#8243; _module_preset=\u00bbdefault\u00bb global_colors_info=\u00bb{}\u00bb][et_pb_image src=\u00bbhttps:\/\/claret.org\/postulgen\/wp-content\/uploads\/2021\/01\/missionari-clarettiani.jpg\u00bb title_text=\u00bbmisioneros claretianos\u00bb _builder_version=\u00bb4.16&#8243; _module_preset=\u00bbdefault\u00bb box_shadow_style=\u00bbpreset1&#8243; global_colors_info=\u00bb{}\u00bb][\/et_pb_image][et_pb_image src=\u00bbhttps:\/\/claret.org\/postulgen\/wp-content\/uploads\/2020\/09\/Gierat.jpg\u00bb alt=\u00bbP. Krzystof Gierat, CMF\u00bb title_text=\u00bbP. Krzystof Gierat, CMF\u00bb _builder_version=\u00bb4.16&#8243; _module_preset=\u00bbdefault\u00bb global_colors_info=\u00bb{}\u00bb][\/et_pb_image][et_pb_text _builder_version=\u00bb4.16&#8243; _module_preset=\u00bbdefault\u00bb global_colors_info=\u00bb{}\u00bb]<\/p>\n<h2>P. Krzysztof Gierat, CMF<\/h2>\n<p>Postulador General<\/p>\n<p>[\/et_pb_text][\/et_pb_column][et_pb_column type=\u00bb2_3&#8243; _builder_version=\u00bb4.16&#8243; _module_preset=\u00bbdefault\u00bb global_colors_info=\u00bb{}\u00bb][et_pb_divider _builder_version=\u00bb4.16&#8243; _module_preset=\u00bbdefault\u00bb global_colors_info=\u00bb{}\u00bb][\/et_pb_divider][et_pb_text _builder_version=\u00bb4.16&#8243; _module_preset=\u00bbdefault\u00bb custom_margin=\u00bb-33px|||||\u00bb global_colors_info=\u00bb{}\u00bb]<\/p>\n<p><em>La Postulaci\u00f3n General de las Causas de los Santos<\/em> de la Congregaci\u00f3n de los Misioneros Claretianos es el \u00f3rgano de la Curia General que se ocupa de las Causas de los Santos. El servicio lo realiza el Postulador General con sus colaboradores, seg\u00fan la legislaci\u00f3n vigente. El Postulador es la persona que, provista de un mandato, preparado en forma can\u00f3nicamente leg\u00edtima y debidamente aprobado por la autoridad eclesi\u00e1stica competente, representa al Actor en una causa de canonizaci\u00f3n (el Gobierno General) ante la autoridad eclesi\u00e1stica, ya sea diocesana o romana. Tiene, pues, un doble papel en las Causas de los Santos, el de \u00abdefender\u00bb en primera persona los intereses del Instituto (que lo nombr\u00f3); y el de colaborar con la autoridad eclesi\u00e1stica (que lo aprob\u00f3) en la b\u00fasqueda de la verdad. De esta definici\u00f3n del postulador surge la doble figura jur\u00eddica del postulador, basada en el estado actual de la Causa:<\/p>\n<ul>\n<li>Postulador de la Causa en la fase diocesana, es decir, el que representa al demandante ante la autoridad eclesial diocesana;<\/li>\n<li>Postulador de la Causa en la fase romana, es decir, el que representa al demandante ante la Congregaci\u00f3n para las Causas de los Santos.<\/li>\n<\/ul>\n<p>Su deber es promover y llevar a cabo las causas de canonizaci\u00f3n que se han introducido o que se introducir\u00e1n en el futuro de todos los Misioneros Claretianos en olor de santidad, que por su vida ejemplar puedan ser considerados dignos del honor de los altares para que sirvan de est\u00edmulo a todos nuestros hermanos y a los fieles cristianos. Las Causas que se presentan son elegidas con el consentimiento de la Administraci\u00f3n General entre aquellas que presentan un inter\u00e9s especial en la Iglesia o para la Congregaci\u00f3n y son capaces de llevar un mensaje significativo para la humanidad contempor\u00e1nea.<\/p>\n<p>[\/et_pb_text][\/et_pb_column][\/et_pb_row][\/et_pb_section]<\/p>\n","protected":false},"excerpt":{"rendered":"<p>P. Krzysztof Gierat, CMF Postulador GeneralLa Postulaci\u00f3n General de las Causas de los Santos de la Congregaci\u00f3n de los Misioneros Claretianos es el \u00f3rgano de la Curia General que se ocupa de las Causas de los Santos. El servicio lo realiza el Postulador General con sus colaboradores, seg\u00fan la legislaci\u00f3n vigente. El Postulador es la [&hellip;]<\/p>\n","protected":false},"author":1,"featured_media":0,"parent":882,"menu_order":0,"comment_status":"closed","ping_status":"closed","template":"","meta":{"_et_pb_use_builder":"on","_et_pb_old_content":"","_et_gb_content_width":"","footnotes":""},"class_list":["post-890","page","type-page","status-publish","hentry"],"jetpack_sharing_enabled":true,"jetpack_shortlink":"https:\/\/wp.me\/PdY6zS-em","_links":{"self":[{"href":"https:\/\/www.claret.org\/postulgen\/es\/wp-json\/wp\/v2\/pages\/890","targetHints":{"allow":["GET"]}}],"collection":[{"href":"https:\/\/www.claret.org\/postulgen\/es\/wp-json\/wp\/v2\/pages"}],"about":[{"href":"https:\/\/www.claret.org\/postulgen\/es\/wp-json\/wp\/v2\/types\/page"}],"author":[{"embeddable":true,"href":"https:\/\/www.claret.org\/postulgen\/es\/wp-json\/wp\/v2\/users\/1"}],"replies":[{"embeddable":true,"href":"https:\/\/www.claret.org\/postulgen\/es\/wp-json\/wp\/v2\/comments?post=890"}],"version-history":[{"count":11,"href":"https:\/\/www.claret.org\/postulgen\/es\/wp-json\/wp\/v2\/pages\/890\/revisions"}],"predecessor-version":[{"id":1550,"href":"https:\/\/www.claret.org\/postulgen\/es\/wp-json\/wp\/v2\/pages\/890\/revisions\/1550"}],"up":[{"embeddable":true,"href":"https:\/\/www.claret.org\/postulgen\/es\/wp-json\/wp\/v2\/pages\/882"}],"wp:attachment":[{"href":"https:\/\/www.claret.org\/postulgen\/es\/wp-json\/wp\/v2\/media?parent=890"}],"curies":[{"name":"wp","href":"https:\/\/api.w.org\/{rel}","templated":true}]}}