{"id":13,"date":"2020-08-22T16:46:12","date_gmt":"2020-08-22T14:46:12","guid":{"rendered":"http:\/\/www.claret.org\/postocmf\/?page_id=13"},"modified":"2021-03-21T19:56:52","modified_gmt":"2021-03-21T18:56:52","slug":"reliquie","status":"publish","type":"page","link":"https:\/\/www.claret.org\/postulgen\/reliquie\/","title":{"rendered":"Reliquie"},"content":{"rendered":"<p>[et_pb_section fb_built=&#8221;1&#8243; fullwidth=&#8221;on&#8221; _builder_version=&#8221;4.7.7&#8243; _module_preset=&#8221;default&#8221; background_image=&#8221;http:\/\/www.claret.org\/postocmf\/wp-content\/uploads\/2021\/01\/antonio-claret-claretian-martyrs.jpg&#8221;][et_pb_fullwidth_header title=&#8221;RELIQUIE&#8221; _builder_version=&#8221;4.7.7&#8243; _module_preset=&#8221;default&#8221; title_font=&#8221;|||||on|||&#8221; title_font_size=&#8221;60px&#8221; background_color=&#8221;rgba(89,146,193,0.7)&#8221; use_background_color_gradient=&#8221;on&#8221; background_color_gradient_start=&#8221;rgba(26,81,109,0.74)&#8221; background_color_gradient_end=&#8221;rgba(189,231,252,0.27)&#8221; custom_padding=&#8221;||102px|||&#8221; title_font_size_tablet=&#8221;&#8221; title_font_size_phone=&#8221;50px&#8221; title_font_size_last_edited=&#8221;on|desktop&#8221; title_text_shadow_style=&#8221;preset1&#8243;][\/et_pb_fullwidth_header][\/et_pb_section][et_pb_section fb_built=&#8221;1&#8243; _builder_version=&#8221;4.6.0&#8243; _module_preset=&#8221;default&#8221; use_background_color_gradient=&#8221;on&#8221; background_color_gradient_start=&#8221;#ffffff&#8221; background_color_gradient_end=&#8221;rgba(150,204,211,0.15)&#8221; background_enable_image=&#8221;off&#8221; custom_padding=&#8221;26px|||||&#8221; top_divider_color=&#8221;rgba(143,173,193,0.67)&#8221;][et_pb_row column_structure=&#8221;2_5,3_5&#8243; custom_padding_last_edited=&#8221;on|phone&#8221; _builder_version=&#8221;4.6.0&#8243; _module_preset=&#8221;default&#8221; background_color=&#8221;#ffffff&#8221; custom_margin=&#8221;-86px|auto||auto|false|false&#8221; custom_padding=&#8221;5em|5em|5em|5em|true|true&#8221; custom_padding_tablet=&#8221;3em|3em|3em|3em|true|true&#8221; custom_padding_phone=&#8221;2em|2em|2em|2em|true|true&#8221; box_shadow_style=&#8221;preset3&#8243;][et_pb_column type=&#8221;2_5&#8243; _builder_version=&#8221;4.6.0&#8243; _module_preset=&#8221;default&#8221;][et_pb_image src=&#8221;https:\/\/claret.org\/postulgen\/wp-content\/uploads\/2020\/09\/martyrs-of-barbastro-bones.jpg&#8221; title_text=&#8221;martyrs of barbastro bones&#8221; _builder_version=&#8221;4.9.1&#8243; _module_preset=&#8221;default&#8221; box_shadow_style=&#8221;preset1&#8243;][\/et_pb_image][\/et_pb_column][et_pb_column type=&#8221;3_5&#8243; _builder_version=&#8221;4.6.0&#8243; _module_preset=&#8221;default&#8221;][et_pb_divider _builder_version=&#8221;4.6.0&#8243; _module_preset=&#8221;default&#8221;][\/et_pb_divider][et_pb_text _builder_version=&#8221;4.7.7&#8243; _module_preset=&#8221;default&#8221; text_font_size=&#8221;16px&#8221; custom_margin=&#8221;-33px|||||&#8221;]<\/p>\n<h2 style=\"text-align: justify;\">DEFINIZIONE<\/h2>\n<p style=\"text-align: justify;\">\u00a0\u00a0\u00a0\u00a0\u00a0\u00a0 Resti corporali, oggetti d\u2019uso, prodotti o tracce di personaggi d\u2019importanza religiosa, o attribuiti a essi, custoditi in luoghi sacri e venerati nel culto; in particolare, nella tradizione cristiana, i resti mortali del corpo (o il sangue custodito in ampolla) dei martiri della fede, gli strumenti del loro martirio, o anche il corpo di un santo.<\/p>\n<p>[\/et_pb_text][\/et_pb_column][\/et_pb_row][et_pb_row custom_padding_last_edited=&#8221;on|phone&#8221; _builder_version=&#8221;4.6.0&#8243; _module_preset=&#8221;default&#8221; background_color=&#8221;#ffffff&#8221; custom_margin=&#8221;-86px|auto||auto|false|false&#8221; custom_padding=&#8221;5em|5em|5em|5em|true|true&#8221; custom_padding_tablet=&#8221;3em|3em|3em|3em|true|true&#8221; custom_padding_phone=&#8221;2em|2em|2em|2em|true|true&#8221; box_shadow_style=&#8221;preset3&#8243;][et_pb_column type=&#8221;4_4&#8243; _builder_version=&#8221;4.6.0&#8243; _module_preset=&#8221;default&#8221;][et_pb_divider _builder_version=&#8221;4.6.0&#8243; _module_preset=&#8221;default&#8221;][\/et_pb_divider][et_pb_text _builder_version=&#8221;4.7.7&#8243; _module_preset=&#8221;default&#8221; text_font_size=&#8221;16px&#8221; custom_margin=&#8221;-33px|||||&#8221;]<\/p>\n<h2 style=\"text-align: justify;\">DEVOZIONE<\/h2>\n<p style=\"text-align: justify;\">\u00a0\u00a0\u00a0\u00a0\u00a0\u00a0 Il culto delle reliquie nacque come memoria e venerazione della tomba di un martire. Qualche secolo dopo, si cominciarono a venerare anche le ossa dei santi monaci, come un gesto di affetto verso i padri. Attraverso la venerazione di ci\u00f2 che era rimasto del loro passaggio sulla terra, si manifestava la venerazione della loro vita, del loro esempio, e una comunione misteriosa con loro. Secondo una visione \u201crazionalista\u201d, la venerazione delle reliquie \u00e8 un comportamento arcaico, che ha condotto a delle assurdit\u00e0. I centri di pellegrinaggio si sono azzuffati per avere le reliquie, ne hanno create, ne hanno fatto commercio, ecc. L\u2019uomo, schiacciato dalla sua condizione, dalla paura della sofferenza e della morte, si rifugia in comportamenti magici, che lo proteggono e gli permettono di sopravvivere. La scienza oggi fa luce su tutte queste attitudini. Molti fenomeni \u201cstraordinari\u201d accaduti in passato hanno trovato spiegazione scientifica e quelli che non la trovano oggi, la troveranno domani. L\u2019atteggiamento opposto \u00e8 quello magico, assente di ogni spirito critico: le reliquie sono una specie di \u201ctalismano\u201d che protegge; il soprannaturale \u00e8 visto come una forza radioattiva che, senza che la si veda, agisce. Bisogna compiere un certo numero di atti, e il risultato seguir\u00e0. Le medaglie, il reliquiario, le preghiere ne sono la condizione obbligata. Per la verit\u00e0, la storia concreta dei nostri \u201csanti\u201d \u00e8 molto lontana da tutto ci\u00f2. \u00c8 chiaro che bisogna evitare gli equivoci e le esagerazioni, e ricondurre alla giusta devozione, ma secondo la dottrina della Chiesa cattolica, gli atti di devozione non sono assimilabili alle pratiche magiche o superstiziose poich\u00e9 mentre chi pratica queste ultime crede che esse abbiano efficacia per se stesse; nel caso delle reliquie, invece, non \u00e8 l\u2019atto in s\u00e9 che ha efficacia, ma la preghiera che ad esso si accompagna, e anche questa solo in quanto la grazia richiesta viene concessa per libera scelta di Dio. Invochiamo i santi perch\u00e9 essi a loro volta intervengano presso il Signore, sempre fine ultimo della preghiera. Venerare una reliquia \u00e8 venerare la misericordia di Dio che si \u00e8 realizzata nel santo. Pregare davanti al corpo di un santo \u00e8 ringraziare Dio che lo ha sostenuto nel cammino della santit\u00e0.<\/p>\n<p>[\/et_pb_text][\/et_pb_column][\/et_pb_row][et_pb_row column_structure=&#8221;1_3,2_3&#8243; custom_padding_last_edited=&#8221;on|phone&#8221; _builder_version=&#8221;4.6.0&#8243; _module_preset=&#8221;default&#8221; background_color=&#8221;#ffffff&#8221; custom_margin=&#8221;-86px|auto||auto|false|false&#8221; custom_padding=&#8221;5em|5em|5em|5em|true|true&#8221; custom_padding_tablet=&#8221;3em|3em|3em|3em|true|true&#8221; custom_padding_phone=&#8221;2em|2em|2em|2em|true|true&#8221; box_shadow_style=&#8221;preset3&#8243;][et_pb_column type=&#8221;1_3&#8243; _builder_version=&#8221;4.6.0&#8243; _module_preset=&#8221;default&#8221;][et_pb_image src=&#8221;https:\/\/claret.org\/postulgen\/wp-content\/uploads\/2020\/09\/Museo-Capilla-Claret-94.jpg&#8221; title_text=&#8221;Museo Capilla Claret (94)&#8221; align=&#8221;center&#8221; force_fullwidth=&#8221;on&#8221; _builder_version=&#8221;4.9.1&#8243; _module_preset=&#8221;default&#8221; custom_padding=&#8221;|0px||||&#8221; box_shadow_style=&#8221;preset1&#8243;][\/et_pb_image][\/et_pb_column][et_pb_column type=&#8221;2_3&#8243; _builder_version=&#8221;4.6.0&#8243; _module_preset=&#8221;default&#8221;][et_pb_divider _builder_version=&#8221;4.6.0&#8243; _module_preset=&#8221;default&#8221;][\/et_pb_divider][et_pb_text _builder_version=&#8221;4.7.7&#8243; _module_preset=&#8221;default&#8221; text_font_size=&#8221;16px&#8221; custom_margin=&#8221;-33px|||||&#8221;]<\/p>\n<h2>NORMATIVE<\/h2>\n<p><em>\u00abL\u2019onore tributato alle sacre immagini \u00e8 una \u201cvenerazione rispettosa\u201d, non un\u2019adorazione che conviene solo a Dio. Gli atti di culto non sono rivolti alle immagini considerate in se stesse, ma in quanto servono a raffigurare il Dio incarnato. Ora, il moto che si volge all\u2019immagine in quanto immagine, non si ferma su di essa, ma tende alla realt\u00e0 che essa rappresenta.\u00bb<\/em><\/p>\n<p><em>(<strong>Catechismo della Chiesa Cattolica, 2131-2132<\/strong>)<\/em><\/p>\n<p><em>\u00abLe reliquie ci indirizzano a Dio stesso: e Lui infatti che, con la forza della sua grazia, concede ad esseri fragile il coraggio di testimoniarlo davanti al mondo. Invitandoci a venerare i resti mortali dei martiri e dei santi, la Chiesa non dimentica che, in definitiva, si tratta s\u00ec di povere ossa umane, ma di ossa che appartenevano a persone visitate dalla Potenza viva di Dio. Le reliquie dei santi sono tracce di quella presenza invisibile ma reale che illumina le tenebre del mondo, manifestando il Regno dei cieli che \u00e8 dentro di noi.\u00bb <\/em><\/p>\n<p><em>(<strong>Benedetto XVI, Discorso ai giovani alla Giornata Mondiale della Giovent\u00f9, Colonia, 18 agosto 2005<\/strong>)<\/em><\/p>\n<p>[\/et_pb_text][\/et_pb_column][\/et_pb_row][et_pb_row column_structure=&#8221;2_3,1_3&#8243; custom_padding_last_edited=&#8221;on|phone&#8221; _builder_version=&#8221;4.6.0&#8243; _module_preset=&#8221;default&#8221; background_color=&#8221;#ffffff&#8221; custom_margin=&#8221;-86px|auto||auto|false|false&#8221; custom_padding=&#8221;5em|5em|5em|5em|true|true&#8221; custom_padding_tablet=&#8221;3em|3em|3em|3em|true|true&#8221; custom_padding_phone=&#8221;2em|2em|2em|2em|true|true&#8221; box_shadow_style=&#8221;preset3&#8243;][et_pb_column type=&#8221;2_3&#8243; _builder_version=&#8221;4.6.0&#8243; _module_preset=&#8221;default&#8221;][et_pb_divider _builder_version=&#8221;4.6.0&#8243; _module_preset=&#8221;default&#8221;][\/et_pb_divider][et_pb_text ol_item_indent=&#8221;5%&#8221; _builder_version=&#8221;4.9.2&#8243; _module_preset=&#8221;default&#8221; text_font_size=&#8221;16px&#8221; ol_font=&#8221;||||||||&#8221; custom_margin=&#8221;-33px|||||&#8221; hover_enabled=&#8221;0&#8243; sticky_enabled=&#8221;0&#8243;]<\/p>\n<h2 style=\"text-align: justify;\">RICHIESTA RELIQUIA<\/h2>\n<p>La Postulazione Generale ha il compito della custodia e distribuzione delle reliquie dei Beati e dei Santi appartenenti alla Congregazione. Per richiedere le reliquie, si deve tenere conto delle seguenti norme:<\/p>\n<p>1. Spetta alla Postulazione Generale valutare le richieste pervenute e concedere le reliquie, accompagnate dal certificato di autenticit\u00e0, munito del sigillo della stessa Postulazione.<\/p>\n<p>2. Ogni richiesta dovr\u00e0 arrivare all\u2019ufficio della Postulazione Generale tramite lettera intestata, con la firma dell\u2019ufficiale responsabile e timbro dell\u2019ufficio. Per le reliquie di 1\u00b0 grado la richiesta deve essere NECESSARIAMENTE accompagnata dal nulla osta in originale dell\u2019Ordinario del luogo o Superiore maggiore religioso; non vengono prese in considerazione richieste per telefono o fax.<\/p>\n<p>3. Sono accettate, di norma, soltanto richieste pervenute da parroci o superiori\/e di comunit\u00e0 religiose. Si deve specificare sempre che la richiesta delle reliquie \u00e8 per la venerazione pubblica dei fedeli; si indica chiaramente il luogo della chiesa o cappella pubblica dove la reliquia sar\u00e0 collocata per la venerazione dei fedeli.<\/p>\n<p>4. Richieste di laici (incluso seminaristi) non vengono prese in considerazione se non per casi eccezionali. Non si prendono in considerazione richieste da parte di collezionisti di reliquie. Si concede soltanto una reliquia di un particolare santo o beato.<\/p>\n<p>5. Le richieste sono accolte per i luoghi dove gi\u00e0 esiste un culto o dove si vuole incrementare la devozione (es. per mezzo di un programma formativo di catechesi; in occasione di esposizione di una nuova immagine del santo o beato, di un pellegrinaggio, etc.).<\/p>\n<p>Per la consacrazione di altari, si possono fare richieste di reliquie \u201cinsigni\u201d che la Postulazione considerer\u00e0 caso per caso. La richiesta dovr\u00e0 essere accompagnata sempre dal nulla osta dell\u2019Ordinario del luogo o Superiore Maggiore religioso, specificando per quale chiesa si fa tale richiesta.<\/p>\n<p>Per richiedere reliquie compilare il modulo<span style=\"color: #e00b00;\"> <\/span>raggiungibile a questo <span style=\"color: #e00b00;\"><strong><a href=\"https:\/\/www.claret.org\/postulgen\/reliquie\/richiesta-reliquia-form\/\" target=\"_blank\" rel=\"noopener noreferrer\" style=\"color: #e00b00;\">link<\/a><\/strong><\/span>.<\/p>\n<p>La reliquia, qualora la richiesta venga accettata, verr\u00e0 inviata o consegnata personalmente, solamente dopo la ricezione dell\u2019originale della lettera del vescovo o superiore maggiore religioso da parte dell\u2019ufficio della Postulazione Generale.<\/p>\n<p>&nbsp;<\/p>\n<p><strong>L&#8217;indirizzo \u00e8 il seguente:<\/strong><\/p>\n<p><strong>Postulazione Generale<\/strong><br \/>Missionari Clarettiani,<br \/>Via Sacro Cuore di Maria, 5<br \/>00197 Roma<br \/>ITALIA<\/p>\n<p>[\/et_pb_text][\/et_pb_column][et_pb_column type=&#8221;1_3&#8243; _builder_version=&#8221;4.6.0&#8243; _module_preset=&#8221;default&#8221;][et_pb_image src=&#8221;https:\/\/claret.org\/postulgen\/wp-content\/uploads\/2020\/09\/relique.jpg&#8221; title_text=&#8221;relique&#8221; _builder_version=&#8221;4.9.1&#8243; _module_preset=&#8221;default&#8221; box_shadow_style=&#8221;preset1&#8243;][\/et_pb_image][et_pb_image src=&#8221;https:\/\/claret.org\/postulgen\/wp-content\/uploads\/2020\/09\/Barbastro-76.jpg&#8221; title_text=&#8221;Barbastro (76)&#8221; _builder_version=&#8221;4.9.1&#8243; _module_preset=&#8221;default&#8221; box_shadow_style=&#8221;preset1&#8243;][\/et_pb_image][\/et_pb_column][\/et_pb_row][\/et_pb_section]<\/p>\n","protected":false},"excerpt":{"rendered":"<p>DEFINIZIONE \u00a0\u00a0\u00a0\u00a0\u00a0\u00a0 Resti corporali, oggetti d\u2019uso, prodotti o tracce di personaggi d\u2019importanza religiosa, o attribuiti a essi, custoditi in luoghi sacri e venerati nel culto; in particolare, nella tradizione cristiana, i resti mortali del corpo (o il sangue custodito in ampolla) dei martiri della fede, gli strumenti del loro martirio, o anche il corpo di [&hellip;]<\/p>\n","protected":false},"author":1,"featured_media":0,"parent":0,"menu_order":0,"comment_status":"closed","ping_status":"closed","template":"","meta":{"_et_pb_use_builder":"on","_et_pb_old_content":"","_et_gb_content_width":"","footnotes":""},"class_list":["post-13","page","type-page","status-publish","hentry"],"jetpack_sharing_enabled":true,"jetpack_shortlink":"https:\/\/wp.me\/PdY6zS-d","_links":{"self":[{"href":"https:\/\/www.claret.org\/postulgen\/wp-json\/wp\/v2\/pages\/13","targetHints":{"allow":["GET"]}}],"collection":[{"href":"https:\/\/www.claret.org\/postulgen\/wp-json\/wp\/v2\/pages"}],"about":[{"href":"https:\/\/www.claret.org\/postulgen\/wp-json\/wp\/v2\/types\/page"}],"author":[{"embeddable":true,"href":"https:\/\/www.claret.org\/postulgen\/wp-json\/wp\/v2\/users\/1"}],"replies":[{"embeddable":true,"href":"https:\/\/www.claret.org\/postulgen\/wp-json\/wp\/v2\/comments?post=13"}],"version-history":[{"count":16,"href":"https:\/\/www.claret.org\/postulgen\/wp-json\/wp\/v2\/pages\/13\/revisions"}],"predecessor-version":[{"id":922,"href":"https:\/\/www.claret.org\/postulgen\/wp-json\/wp\/v2\/pages\/13\/revisions\/922"}],"wp:attachment":[{"href":"https:\/\/www.claret.org\/postulgen\/wp-json\/wp\/v2\/media?parent=13"}],"curies":[{"name":"wp","href":"https:\/\/api.w.org\/{rel}","templated":true}]}}