{"id":555,"date":"2021-02-06T22:10:32","date_gmt":"2021-02-06T21:10:32","guid":{"rendered":"http:\/\/www.claret.org\/postocmf\/?page_id=555"},"modified":"2022-07-05T23:17:54","modified_gmt":"2022-07-05T21:17:54","slug":"servo-di-dio-fratello-michele-palau","status":"publish","type":"page","link":"https:\/\/www.claret.org\/postulgen\/cause\/servi-di-dio\/servo-di-dio-fratello-michele-palau\/","title":{"rendered":"Servo di Dio Fratello Michele Palau"},"content":{"rendered":"<p>[et_pb_section fb_built=&#8221;1&#8243; fullwidth=&#8221;on&#8221; _builder_version=&#8221;4.16&#8243; _module_preset=&#8221;default&#8221; global_colors_info=&#8221;{}&#8221;][et_pb_fullwidth_header title=&#8221;Servo di Dio Fratello Michele Palau&#8221; _builder_version=&#8221;4.17.4&#8243; _module_preset=&#8221;default&#8221; background_color=&#8221;#9baf3f&#8221; global_colors_info=&#8221;{}&#8221;][\/et_pb_fullwidth_header][\/et_pb_section][et_pb_section fb_built=&#8221;1&#8243; admin_label=&#8221;section&#8221; _builder_version=&#8221;4.16&#8243; global_colors_info=&#8221;{}&#8221;][et_pb_row _builder_version=&#8221;4.16&#8243; _module_preset=&#8221;default&#8221; global_colors_info=&#8221;{}&#8221;][et_pb_column type=&#8221;4_4&#8243; _builder_version=&#8221;4.16&#8243; _module_preset=&#8221;default&#8221; global_colors_info=&#8221;{}&#8221;][et_pb_image src=&#8221;http:\/\/www.claret.org\/postocmf\/wp-content\/uploads\/2021\/01\/Michele-Palau.jpg&#8221; title_text=&#8221;Michele-Palau&#8221; _builder_version=&#8221;4.16&#8243; _module_preset=&#8221;default&#8221; global_colors_info=&#8221;{}&#8221;][\/et_pb_image][\/et_pb_column][\/et_pb_row][et_pb_row admin_label=&#8221;row&#8221; _builder_version=&#8221;4.16&#8243; background_size=&#8221;initial&#8221; background_position=&#8221;top_left&#8221; background_repeat=&#8221;repeat&#8221; global_colors_info=&#8221;{}&#8221;][et_pb_column type=&#8221;4_4&#8243; _builder_version=&#8221;4.16&#8243; custom_padding=&#8221;|||&#8221; global_colors_info=&#8221;{}&#8221; custom_padding__hover=&#8221;|||&#8221;][et_pb_text admin_label=&#8221;Text&#8221; _builder_version=&#8221;4.16&#8243; background_size=&#8221;initial&#8221; background_position=&#8221;top_left&#8221; background_repeat=&#8221;repeat&#8221; global_colors_info=&#8221;{}&#8221;]<strong>Il Servo di Dio Fratello Michele Palau<\/strong> nacque a Serrateix, provincia di Barcellona (Spagna), il 24 luglio 1868; buss\u00f2 alle porte della Congregazione il 13 gennaio 1890. Mor\u00ec in fama di santit\u00e0 a Cervera (Lleida \u2013 Spagna), il 16 ottobre 1929.<\/p>\n<p>Possiamo dire che la comunit\u00e0 di Cervera fu la sua prima e definitiva destinazione. Quasi tutta la sua vita missionaria si svolse tra la ex Universit\u00e0 e Mas Claret, sezioni che facevano parte della stessa comunit\u00e0. Si dedic\u00f2 sempre a\u00a0lavori di manutenzione come muratore con le opere collegate di idraulica, elettricit\u00e0 e gli scavi per le diverse strutture.<\/p>\n<p>Il suo biografo, il P. Antonio Maria Arranz, lo ricorda cos\u00ec: \u00abSono trascorsi gi\u00e0 quarant\u2019anni, e ancora ci sembra di vederlo\u2026 Di statura media, il viso pallido e il corpo asciutto, il passo lento, sempre raccolto e devoto, nelle mani il rosario, e il fiore del sorriso sempre presente sulle sue labbra, appariva con frequenza per gli ampi e immensi portici universitari, con la sua veste nera fino alle caviglie, portando gli attrezzi di lavoro verso il lavoro\u00bb.<\/p>\n<p>Nei suoi silenziosi lavori non conosceva n\u00e9 estate n\u00e9 inverno. Faceva impressione vederlo sempre in attivit\u00e0, tranquillo e senza perdere tempo, sotto i calori del sole estivo o il rigore dei giorni di gelo dell\u2019inverno,<\/p>\n<p>Quando la Congregazione si fece carico del casolare \u2013 il Mas Claret, a sette chilometri da Cervera \u2013 come supporto economico del Seminario e come infermeria per i convalescenti dell\u2019Universit\u00e0, il Fr. Michele si incaric\u00f2 di rimodernare la vecchia struttura e costru\u00ec un\u2019ala nuova dell\u2019edificio come abitazione per la comunit\u00e0.<\/p>\n<p>Il Fr. Michele Palau visse un\u2019intensa vita interiore. Cerc\u00f2 di vivere sempre consacrato alla volont\u00e0 del Padre e manifest\u00f2 una devozione squisita a Maria. Si distingue pure per la sua convivenza fraterna, calda e gratificante, e in particolare per la diligenza e la costanza nel suo lavoro, tecnicamente perfetto. Questo insieme di qualit\u00e0 si manifestava attraverso la sua debole costituzione fisica, con acciacchi che lo accompagnarono fin dalla giovent\u00f9 e che si complicarono con l\u2019avanzare dell\u2019et\u00e0 con problemi cardiaci.[\/et_pb_text][\/et_pb_column][\/et_pb_row][\/et_pb_section]<\/p>\n","protected":false},"excerpt":{"rendered":"<p>Il Servo di Dio Fratello Michele Palau nacque a Serrateix, provincia di Barcellona (Spagna), il 24 luglio 1868; buss\u00f2 alle porte della Congregazione il 13 gennaio 1890. Mor\u00ec in fama di santit\u00e0 a Cervera (Lleida \u2013 Spagna), il 16 ottobre 1929. Possiamo dire che la comunit\u00e0 di Cervera fu la sua prima e definitiva destinazione. [&hellip;]<\/p>\n","protected":false},"author":1,"featured_media":532,"parent":54,"menu_order":0,"comment_status":"closed","ping_status":"closed","template":"","meta":{"_et_pb_use_builder":"on","_et_pb_old_content":"<strong>Il Servo di Dio Fratello Michele Palau<\/strong> nacque a Serrateix, provincia di Barcellona (Spagna), il 24 luglio 1868; buss\u00f2 alle porte della Congregazione il 13 gennaio 1890. Mor\u00ec in fama di santit\u00e0 a Cervera (Lleida \u2013 Spagna), il 16 ottobre 1929.\r\n\r\nPossiamo dire che la comunit\u00e0 di Cervera fu la sua prima e definitiva destinazione. Quasi tutta la sua vita missionaria si svolse tra la ex Universit\u00e0 e Mas Claret, sezioni che facevano parte della stessa comunit\u00e0. Si dedic\u00f2 sempre a\u00a0lavori di manutenzione come muratore con le opere collegate di idraulica, elettricit\u00e0 e gli scavi per le diverse strutture.\r\n\r\nIl suo biografo, il P. Antonio Maria Arranz, lo ricorda cos\u00ec: \u00abSono trascorsi gi\u00e0 quarant\u2019anni, e ancora ci sembra di vederlo\u2026 Di statura media, il viso pallido e il corpo asciutto, il passo lento, sempre raccolto e devoto, nelle mani il rosario, e il fiore del sorriso sempre presente sulle sue labbra, appariva con frequenza per gli ampi e immensi portici universitari, con la sua veste nera fino alle caviglie, portando gli attrezzi di lavoro verso il lavoro\u00bb.\r\n\r\nNei suoi silenziosi lavori non conosceva n\u00e9 estate n\u00e9 inverno. Faceva impressione vederlo sempre in attivit\u00e0, tranquillo e senza perdere tempo, sotto i calori del sole estivo o il rigore dei giorni di gelo dell\u2019inverno,\r\n\r\nQuando la Congregazione si fece carico del casolare \u2013 il Mas Claret, a sette chilometri da Cervera \u2013 come supporto economico del Seminario e come infermeria per i convalescenti dell\u2019Universit\u00e0, il Fr. Michele si incaric\u00f2 di rimodernare la vecchia struttura e costru\u00ec un\u2019ala nuova dell\u2019edificio come abitazione per la comunit\u00e0.\r\n\r\nIl Fr. Michele Palau visse un\u2019intensa vita interiore. Cerc\u00f2 di vivere sempre consacrato alla volont\u00e0 del Padre e manifest\u00f2 una devozione squisita a Maria. Si distingue pure per la sua convivenza fraterna, calda e gratificante, e in particolare per la diligenza e la costanza nel suo lavoro, tecnicamente perfetto. Questo insieme di qualit\u00e0 si manifestava attraverso la sua debole costituzione fisica, con acciacchi che lo accompagnarono fin dalla giovent\u00f9 e che si complicarono con l\u2019avanzare dell\u2019et\u00e0 con problemi cardiaci.","_et_gb_content_width":"","footnotes":""},"class_list":["post-555","page","type-page","status-publish","has-post-thumbnail","hentry"],"jetpack_sharing_enabled":true,"jetpack_shortlink":"https:\/\/wp.me\/PdY6zS-8X","_links":{"self":[{"href":"https:\/\/www.claret.org\/postulgen\/wp-json\/wp\/v2\/pages\/555","targetHints":{"allow":["GET"]}}],"collection":[{"href":"https:\/\/www.claret.org\/postulgen\/wp-json\/wp\/v2\/pages"}],"about":[{"href":"https:\/\/www.claret.org\/postulgen\/wp-json\/wp\/v2\/types\/page"}],"author":[{"embeddable":true,"href":"https:\/\/www.claret.org\/postulgen\/wp-json\/wp\/v2\/users\/1"}],"replies":[{"embeddable":true,"href":"https:\/\/www.claret.org\/postulgen\/wp-json\/wp\/v2\/comments?post=555"}],"version-history":[{"count":5,"href":"https:\/\/www.claret.org\/postulgen\/wp-json\/wp\/v2\/pages\/555\/revisions"}],"predecessor-version":[{"id":1516,"href":"https:\/\/www.claret.org\/postulgen\/wp-json\/wp\/v2\/pages\/555\/revisions\/1516"}],"up":[{"embeddable":true,"href":"https:\/\/www.claret.org\/postulgen\/wp-json\/wp\/v2\/pages\/54"}],"wp:featuredmedia":[{"embeddable":true,"href":"https:\/\/www.claret.org\/postulgen\/wp-json\/wp\/v2\/media\/532"}],"wp:attachment":[{"href":"https:\/\/www.claret.org\/postulgen\/wp-json\/wp\/v2\/media?parent=555"}],"curies":[{"name":"wp","href":"https:\/\/api.w.org\/{rel}","templated":true}]}}