{"id":574,"date":"2021-02-06T22:33:37","date_gmt":"2021-02-06T21:33:37","guid":{"rendered":"http:\/\/www.claret.org\/postocmf\/?page_id=574"},"modified":"2022-07-05T23:19:14","modified_gmt":"2022-07-05T21:19:14","slug":"servo-di-dio-fratello-pietro-marcer","status":"publish","type":"page","link":"https:\/\/www.claret.org\/postulgen\/cause\/servi-di-dio\/servo-di-dio-fratello-pietro-marcer\/","title":{"rendered":"Servo di Dio Fratello Pietro Marcer"},"content":{"rendered":"<p>[et_pb_section fb_built=&#8221;1&#8243; fullwidth=&#8221;on&#8221; _builder_version=&#8221;4.16&#8243; _module_preset=&#8221;default&#8221; global_colors_info=&#8221;{}&#8221;][et_pb_fullwidth_header title=&#8221;Servo di Dio Fratello Pietro Marcer&#8221; _builder_version=&#8221;4.17.4&#8243; _module_preset=&#8221;default&#8221; hover_enabled=&#8221;0&#8243; global_colors_info=&#8221;{}&#8221; background_color=&#8221;#9baf3f&#8221; sticky_enabled=&#8221;0&#8243;][\/et_pb_fullwidth_header][\/et_pb_section][et_pb_section fb_built=&#8221;1&#8243; admin_label=&#8221;section&#8221; _builder_version=&#8221;4.16&#8243; global_colors_info=&#8221;{}&#8221;][et_pb_row _builder_version=&#8221;4.16&#8243; _module_preset=&#8221;default&#8221; global_colors_info=&#8221;{}&#8221;][et_pb_column type=&#8221;4_4&#8243; _builder_version=&#8221;4.16&#8243; _module_preset=&#8221;default&#8221; global_colors_info=&#8221;{}&#8221;][et_pb_image src=&#8221;http:\/\/www.claret.org\/postocmf\/wp-content\/uploads\/2021\/01\/Pietro-Marcer-Cusco.jpg&#8221; title_text=&#8221;Pietro-Marcer-Cusco&#8221; _builder_version=&#8221;4.16&#8243; _module_preset=&#8221;default&#8221; global_colors_info=&#8221;{}&#8221;][\/et_pb_image][\/et_pb_column][\/et_pb_row][et_pb_row admin_label=&#8221;row&#8221; _builder_version=&#8221;4.16&#8243; background_size=&#8221;initial&#8221; background_position=&#8221;top_left&#8221; background_repeat=&#8221;repeat&#8221; global_colors_info=&#8221;{}&#8221;][et_pb_column type=&#8221;4_4&#8243; _builder_version=&#8221;4.16&#8243; custom_padding=&#8221;|||&#8221; global_colors_info=&#8221;{}&#8221; custom_padding__hover=&#8221;|||&#8221;][et_pb_text admin_label=&#8221;Text&#8221; _builder_version=&#8221;4.16&#8243; background_size=&#8221;initial&#8221; background_position=&#8221;top_left&#8221; background_repeat=&#8221;repeat&#8221; global_colors_info=&#8221;{}&#8221;]Antonio Maria Claret, quando fond\u00f2 la Congregazione dei Figli del Cuore di Maria, aveva gi\u00e0 in mente di incorporare fratelli coadiutori, religiosi come i presbiteri, ma dediti a svolgere incarichi interni alla comunit\u00e0. Anche se non esercitavano funzioni ministeriali, erano religiosi missionari nel senso pieno della parola. Oltre a ci\u00f2, hanno sempre aiutato apprezzabilmente la vita e la missione della Congregazione.<\/p>\n<p>Tra questi fratelli coadiutori ve ne fu uno che si distinse per una vita particolare nella provincia clarettiana del Cile, dal 1880 al 1927: il Fr. Pietro Marcer Cusc\u00f3. Nei diversi cataloghi pubblicati, appare come Marcer o Marc\u00e9, Cusc\u00f3 o Cosc\u00f3. Noi useremo Marcer e Cusc\u00f3.<\/p>\n<p>Pietro Marcer nacque a Avinyonet del Pened\u00e9s (Barcellona-Spagna) nel 1954; nel 1879 profess\u00f2 nella Congregazione e nel 1880 fu destinato al Cile, con la sesta spedizione clarettiana in America. Fu nelle comunit\u00e0 di Curic\u00f3, per poco tempo, e di Santiago in cui visse per 47 anni. Mor\u00ec a 73 anni a Santiago del Cile.<\/p>\n<p>Esercit\u00f2 sempre il servizio di portinaio, incarico di fiducia dei superiori. Esemplare \u00e8 la sua vita: \u00abDifficilmente si canceller\u00e0 dalla memoria di coloro che appartengono a questa Provincia la santa figura del Fr. Pietro nell\u2019esercizio del suo incarico\u00bb. La sua memoria \u00e8 passata attraverso le generazioni di missionari come un modello da seguire.<\/p>\n<p>Fu introdotta la sua causa di beatificazione, che non prosegu\u00ec per difetti giuridici. Vi troviamo una visione generale della sua vita e virt\u00f9 religiose: \u00abQuella sua attitudine modesta e semplice, senza ostentazione\u2026 quella prudenza nel parlare, quel riserbo e umilt\u00e0\u2026; un insieme, alla fine, che manifestava la santit\u00e0 con tutte le sfumature che l\u2019abbelliscono: la penitenza e l\u2019amabilit\u00e0, la preghiera e lo zelo, la rigida osservanza e l\u2019affabile carit\u00e0, il raccoglimento e lo zelo\u00bb. Del suo\u00a0zelo possiamo dire che in quel periodo si regolarizzarono pi\u00f9 matrimoni nella sua portineria che in tutta l\u2019Arcidiocesi di Santiago. La sua biografia fu scritta e pubblicata. <strong>\u00a0<\/strong>[\/et_pb_text][\/et_pb_column][\/et_pb_row][\/et_pb_section]<\/p>\n","protected":false},"excerpt":{"rendered":"<p>Antonio Maria Claret, quando fond\u00f2 la Congregazione dei Figli del Cuore di Maria, aveva gi\u00e0 in mente di incorporare fratelli coadiutori, religiosi come i presbiteri, ma dediti a svolgere incarichi interni alla comunit\u00e0. Anche se non esercitavano funzioni ministeriali, erano religiosi missionari nel senso pieno della parola. Oltre a ci\u00f2, hanno sempre aiutato apprezzabilmente la [&hellip;]<\/p>\n","protected":false},"author":1,"featured_media":535,"parent":54,"menu_order":0,"comment_status":"closed","ping_status":"closed","template":"","meta":{"_et_pb_use_builder":"on","_et_pb_old_content":"Antonio Maria Claret, quando fond\u00f2 la Congregazione dei Figli del Cuore di Maria, aveva gi\u00e0 in mente di incorporare fratelli coadiutori, religiosi come i presbiteri, ma dediti a svolgere incarichi interni alla comunit\u00e0. Anche se non esercitavano funzioni ministeriali, erano religiosi missionari nel senso pieno della parola. Oltre a ci\u00f2, hanno sempre aiutato apprezzabilmente la vita e la missione della Congregazione.\r\n\r\nTra questi fratelli coadiutori ve ne fu uno che si distinse per una vita particolare nella provincia clarettiana del Cile, dal 1880 al 1927: il Fr. Pietro Marcer Cusc\u00f3. Nei diversi cataloghi pubblicati, appare come Marcer o Marc\u00e9, Cusc\u00f3 o Cosc\u00f3. Noi useremo Marcer e Cusc\u00f3.\r\n\r\nPietro Marcer nacque a Avinyonet del Pened\u00e9s (Barcellona-Spagna) nel 1954; nel 1879 profess\u00f2 nella Congregazione e nel 1880 fu destinato al Cile, con la sesta spedizione clarettiana in America. Fu nelle comunit\u00e0 di Curic\u00f3, per poco tempo, e di Santiago in cui visse per 47 anni. Mor\u00ec a 73 anni a Santiago del Cile.\r\n\r\nEsercit\u00f2 sempre il servizio di portinaio, incarico di fiducia dei superiori. Esemplare \u00e8 la sua vita: \u00abDifficilmente si canceller\u00e0 dalla memoria di coloro che appartengono a questa Provincia la santa figura del Fr. Pietro nell\u2019esercizio del suo incarico\u00bb. La sua memoria \u00e8 passata attraverso le generazioni di missionari come un modello da seguire.\r\n\r\nFu introdotta la sua causa di beatificazione, che non prosegu\u00ec per difetti giuridici. Vi troviamo una visione generale della sua vita e virt\u00f9 religiose: \u00abQuella sua attitudine modesta e semplice, senza ostentazione\u2026 quella prudenza nel parlare, quel riserbo e umilt\u00e0\u2026; un insieme, alla fine, che manifestava la santit\u00e0 con tutte le sfumature che l\u2019abbelliscono: la penitenza e l\u2019amabilit\u00e0, la preghiera e lo zelo, la rigida osservanza e l\u2019affabile carit\u00e0, il raccoglimento e lo zelo\u00bb. Del suo\u00a0zelo possiamo dire che in quel periodo si regolarizzarono pi\u00f9 matrimoni nella sua portineria che in tutta l\u2019Arcidiocesi di Santiago. La sua biografia fu scritta e pubblicata. <strong>\u00a0<\/strong>","_et_gb_content_width":"","footnotes":""},"class_list":["post-574","page","type-page","status-publish","has-post-thumbnail","hentry"],"jetpack_sharing_enabled":true,"jetpack_shortlink":"https:\/\/wp.me\/PdY6zS-9g","_links":{"self":[{"href":"https:\/\/www.claret.org\/postulgen\/wp-json\/wp\/v2\/pages\/574","targetHints":{"allow":["GET"]}}],"collection":[{"href":"https:\/\/www.claret.org\/postulgen\/wp-json\/wp\/v2\/pages"}],"about":[{"href":"https:\/\/www.claret.org\/postulgen\/wp-json\/wp\/v2\/types\/page"}],"author":[{"embeddable":true,"href":"https:\/\/www.claret.org\/postulgen\/wp-json\/wp\/v2\/users\/1"}],"replies":[{"embeddable":true,"href":"https:\/\/www.claret.org\/postulgen\/wp-json\/wp\/v2\/comments?post=574"}],"version-history":[{"count":4,"href":"https:\/\/www.claret.org\/postulgen\/wp-json\/wp\/v2\/pages\/574\/revisions"}],"predecessor-version":[{"id":1517,"href":"https:\/\/www.claret.org\/postulgen\/wp-json\/wp\/v2\/pages\/574\/revisions\/1517"}],"up":[{"embeddable":true,"href":"https:\/\/www.claret.org\/postulgen\/wp-json\/wp\/v2\/pages\/54"}],"wp:featuredmedia":[{"embeddable":true,"href":"https:\/\/www.claret.org\/postulgen\/wp-json\/wp\/v2\/media\/535"}],"wp:attachment":[{"href":"https:\/\/www.claret.org\/postulgen\/wp-json\/wp\/v2\/media?parent=574"}],"curies":[{"name":"wp","href":"https:\/\/api.w.org\/{rel}","templated":true}]}}