{"id":580,"date":"2021-02-06T22:42:42","date_gmt":"2021-02-06T21:42:42","guid":{"rendered":"http:\/\/www.claret.org\/postocmf\/?page_id=580"},"modified":"2022-07-05T23:12:17","modified_gmt":"2022-07-05T21:12:17","slug":"venerabile-p-giacomo-clotet-cofondatore","status":"publish","type":"page","link":"https:\/\/www.claret.org\/postulgen\/cause\/venerabili\/venerabile-p-giacomo-clotet-cofondatore\/","title":{"rendered":"Venerabile P. Giacomo Clotet, Cofondatore"},"content":{"rendered":"<p>[et_pb_section fb_built=&#8221;1&#8243; fullwidth=&#8221;on&#8221; _builder_version=&#8221;4.16&#8243; _module_preset=&#8221;default&#8221; global_colors_info=&#8221;{}&#8221;][et_pb_fullwidth_header title=&#8221;Venerabile P. Giacomo Clotet, Cofondatore&#8221; _builder_version=&#8221;4.16&#8243; _module_preset=&#8221;default&#8221; background_color=&#8221;#00668e&#8221; global_colors_info=&#8221;{}&#8221;][\/et_pb_fullwidth_header][\/et_pb_section][et_pb_section fb_built=&#8221;1&#8243; admin_label=&#8221;section&#8221; _builder_version=&#8221;4.16&#8243; global_colors_info=&#8221;{}&#8221;][et_pb_row _builder_version=&#8221;4.16&#8243; _module_preset=&#8221;default&#8221; global_colors_info=&#8221;{}&#8221;][et_pb_column type=&#8221;4_4&#8243; _builder_version=&#8221;4.16&#8243; _module_preset=&#8221;default&#8221; global_colors_info=&#8221;{}&#8221;][et_pb_image src=&#8221;http:\/\/www.claret.org\/postocmf\/wp-content\/uploads\/2021\/01\/Jaume-Clotet.jpg&#8221; title_text=&#8221;Jaume-Clotet&#8221; _builder_version=&#8221;4.16&#8243; _module_preset=&#8221;default&#8221; global_colors_info=&#8221;{}&#8221;][\/et_pb_image][\/et_pb_column][\/et_pb_row][et_pb_row admin_label=&#8221;row&#8221; _builder_version=&#8221;4.16&#8243; background_size=&#8221;initial&#8221; background_position=&#8221;top_left&#8221; background_repeat=&#8221;repeat&#8221; global_colors_info=&#8221;{}&#8221;][et_pb_column type=&#8221;4_4&#8243; _builder_version=&#8221;4.16&#8243; custom_padding=&#8221;|||&#8221; global_colors_info=&#8221;{}&#8221; custom_padding__hover=&#8221;|||&#8221;][et_pb_text admin_label=&#8221;Text&#8221; _builder_version=&#8221;4.16&#8243; background_size=&#8221;initial&#8221; background_position=&#8221;top_left&#8221; background_repeat=&#8221;repeat&#8221; global_colors_info=&#8221;{}&#8221;]<\/p>\n<p>Il venerabile P. Giacomo Clotet, cofondatore della Congregazione, nacque il 24 luglio 1822 a Manresa (Barcellona \u2013 Spagna) e fu l\u2019ultimo di otto fratelli. Fu battezzato lo stesso giorno della sua nascita. Comp\u00ec i primi tre anni di studio con i gesuiti nella sua citt\u00e0 natale. And\u00f2 poi a Barcellona per studiare retorica e filosofia nel liceo dell\u2019Universit\u00e0 di questa citt\u00e0.<\/p>\n<p>A diciassette anni entr\u00f2 nel Seminario di Barcellona dove cominci\u00f2 i suoi studi ecclesiastici che poi termin\u00f2 a Vic. In seguito alla situazione di persecuzione della Chiesa in Spagna, and\u00f2 in Francia e a Roma, dove fu ordinato sacerdote il giorno 20 luglio 1845.<\/p>\n<p>Dopo il rientro in Spagna, nel luglio del 1846, fu destinato come Vicario dell\u2019Economo di Castellfollit del Boix, parrocchia situata di fronte a Monserrat. Nel 1847 fu nominato Parroco Economo di Santa Maria de Civit, un piccolo villaggio situato tra le montagne.<\/p>\n<p>Questi quattro anni di ministero furono pastoralmente molto positivi per lui, ma nel suo cuore era latente una forte inquietudine missionaria. Per questo, nel giugno del 1849, espose al suo Vescovo Dr. Giacomo Passarell il suo desiderio di lasciare la parrocchia. Il tempo di sospensione del suo ministero fu provvidenziale: gli permise di mettersi in contatto con il P. Claret, che stava sul punto di fondare una nuova Congregazione. Di fatto il P. Giacomo Clotet il 16 luglio di quello stesso anno fa parte del gruppo dei cofondatori, era il pi\u00f9 giovane di tutti. Il P. Clotet scopr\u00ec alla fine la sua vocazione missionaria e trov\u00f2 nella nuova Congregazione il luogo migliore per viverla.<\/p>\n<p>Durante i primi anni di ministero nella Congregazione si dedic\u00f2 totalmente alle missioni popolari, agli esercizi spirituali e, soprattutto, alla catechesi, ministero per il quale si sentiva specialmente preparato. Il P. Clotet si sent\u00ec pienamente compenetrato con lo spirito e con lo stile di vita clarettiani, alternando mesi di presenza in casa, dedicati alla preghiera e allo studio, con altri dedicati alla predicazione missionaria.<\/p>\n<p>Il P. Clotet fu il primo vicedirettore della Congregazione, essendo stato eletto per tale servizio nel 1858, quando il P. Xifr\u00e9 fu eletto Superiore Generale dopo la morte del P. Stefano Sala; e assolse questo incarico per 30 anni conseguitivi.<\/p>\n<p>L\u2019amore filiale che aveva per il P. Claret lo spinse a farsi in quattro per raccogliere tutti i dati e le testimonianze che permettessero di riconoscere la sua santit\u00e0 e iniziare cos\u00ec il processo per la sua beatificazione. Il materiale raccolto fu abbondante; il lavoro del P. Clotet fu sorprendente e infaticabile.<\/p>\n<p>La sua vita riverber\u00f2 sempre un alone di santit\u00e0 evangelica. Il suo contributo fu cruciale per la storia del nascente Istituto e per la trasmissione viva ed entusiasta del nostro carisma originale. Visse con gioia e pienezza la sua identit\u00e0 clarettiana come uomo contemplativo e apostolo missionario. Con il decreto del 13 maggio 1989 sull\u2019eroicit\u00e0 delle virt\u00f9 \u00e8 stato chiamato <strong>Venerabile.<\/strong><\/p>\n<p><strong><\/strong><\/p>\n<p style=\"text-align: center;\">\n<p>[\/et_pb_text][\/et_pb_column][\/et_pb_row][et_pb_row _builder_version=&#8221;4.16&#8243; _module_preset=&#8221;default&#8221; global_colors_info=&#8221;{}&#8221;][et_pb_column type=&#8221;4_4&#8243; _builder_version=&#8221;4.16&#8243; _module_preset=&#8221;default&#8221; global_colors_info=&#8221;{}&#8221;][et_pb_text _builder_version=&#8221;4.16&#8243; _module_preset=&#8221;default&#8221; text_text_color=&#8221;#FFFFFF&#8221; header_text_color=&#8221;#FFFFFF&#8221; header_2_text_color=&#8221;#FFFFFF&#8221; background_color=&#8221;#2e6c84&#8243; custom_padding=&#8221;3em|3em|3em|3em|true|true&#8221; border_width_all=&#8221;1em&#8221; border_color_all=&#8221;#ededed&#8221; global_colors_info=&#8221;{}&#8221;]<\/p>\n<h2 style=\"text-align: center;\"><strong>PREGHIERA<\/strong><\/h2>\n<p style=\"text-align: center;\">Dio nostro Padre, Tu vuoi che tutti possano conoscere Tuo Figlio Ges\u00f9. Ti chiediamo di concedere a padre Jaume Clotet di essere glorificato dalla Chiesa, affinch\u00e9 con il suo esempio ci siano cristiani disposti a insegnare il Vangelo, la via della Fede e dell&#8217;Amore, a tutti i sordi.<\/p>\n<p style=\"text-align: center;\">Se \u00e8 possibile, concedimi la grazia che ti chiedo, con l&#8217;aiuto della nostra Santa Madre Maria del Silenzio. Amen. (si pu\u00f2<em> pregare l&#8217;Ave Maria<\/em>)<\/p>\n<p style=\"text-align: center;\">Dios Padre nuestro, T\u00fa quieres que todas las personas puedan conocer a tu Hijo Jes\u00fas. Te pedimos nos concedas que el P. Jaume Clotet sea glorificado per la Iglesia, para que con su ejemplo haya cristianos dispuestosa ense\u00f1ar rl Evangelio, camini de Fe y Amor, a todas las personas sordas.<\/p>\n<p style=\"text-align: center;\">Si es posible, conc\u00e9eme el favor que te pido, con la ayuda de nuestra Madre Santa Mar\u00edadel Silencio. Amen. (<em>se puede rezar el Avemar\u00eda<\/em>)<\/p>\n<p>[\/et_pb_text][\/et_pb_column][\/et_pb_row][\/et_pb_section]<\/p>\n","protected":false},"excerpt":{"rendered":"<p>Il venerabile P. Giacomo Clotet, cofondatore della Congregazione, nacque il 24 luglio 1822 a Manresa (Barcellona \u2013 Spagna) e fu l\u2019ultimo di otto fratelli. Fu battezzato lo stesso giorno della sua nascita. Comp\u00ec i primi tre anni di studio con i gesuiti nella sua citt\u00e0 natale. And\u00f2 poi a Barcellona per studiare retorica e filosofia [&hellip;]<\/p>\n","protected":false},"author":1,"featured_media":540,"parent":55,"menu_order":0,"comment_status":"closed","ping_status":"closed","template":"","meta":{"_et_pb_use_builder":"on","_et_pb_old_content":"Il venerabile P. Giacomo Clotet, cofondatore della Congregazione, nacque il 24 luglio 1822 a Manresa (Barcellona \u2013 Spagna) e fu l\u2019ultimo di otto fratelli. Fu battezzato lo stesso giorno della sua nascita. Comp\u00ec i primi tre anni di studio con i gesuiti nella sua citt\u00e0 natale. And\u00f2 poi a Barcellona per studiare retorica e filosofia nel liceo dell\u2019Universit\u00e0 di questa citt\u00e0.\r\n\r\nA diciassette anni entr\u00f2 nel Seminario di Barcellona dove cominci\u00f2 i suoi studi ecclesiastici che poi termin\u00f2 a Vic. In seguito alla situazione di persecuzione della Chiesa in Spagna, and\u00f2 in Francia e a Roma, dove fu ordinato sacerdote il giorno 20 luglio 1845.\r\n\r\nDopo il rientro in Spagna, nel luglio del 1846, fu destinato come Vicario dell\u2019Economo di Castellfollit del Boix, parrocchia situata di fronte a Monserrat. Nel 1847 fu nominato Parroco Economo di Santa Maria de Civit, un piccolo villaggio situato tra le montagne.\r\n\r\nQuesti quattro anni di ministero furono pastoralmente molto positivi per lui, ma nel suo cuore era latente una forte inquietudine missionaria. Per questo, nel giugno del 1849, espose al suo Vescovo Dr. Giacomo Passarell il suo desiderio di lasciare la parrocchia. Il tempo di sospensione del suo ministero fu provvidenziale: gli permise di mettersi in contatto con il P. Claret, che stava sul punto di fondare una nuova Congregazione. Di fatto il P. Giacomo Clotet il 16 luglio di quello stesso anno fa parte del gruppo dei cofondatori, era il pi\u00f9 giovane di tutti. Il P. Clotet scopr\u00ec alla fine la sua vocazione missionaria e trov\u00f2 nella nuova Congregazione il luogo migliore per viverla.\r\n\r\nDurante i primi anni di ministero nella Congregazione si dedic\u00f2 totalmente alle missioni popolari, agli esercizi spirituali e, soprattutto, alla catechesi, ministero per il quale si sentiva specialmente preparato. Il P. Clotet si sent\u00ec pienamente compenetrato con lo spirito e con lo stile di vita clarettiani, alternando mesi di presenza in casa, dedicati alla preghiera e allo studio, con altri dedicati alla predicazione missionaria.\r\n\r\nIl P. Clotet fu il primo vicedirettore della Congregazione, essendo stato eletto per tale servizio nel 1858, quando il P. Xifr\u00e9 fu eletto Superiore Generale dopo la morte del P. Stefano Sala; e assolse questo incarico per 30 anni conseguitivi.\r\n\r\nL\u2019amore filiale che aveva per il P. Claret lo spinse a farsi in quattro per raccogliere tutti i dati e le testimonianze che permettessero di riconoscere la sua santit\u00e0 e iniziare cos\u00ec il processo per la sua beatificazione. Il materiale raccolto fu abbondante; il lavoro del P. Clotet fu sorprendente e infaticabile.\r\n\r\nLa sua vita riverber\u00f2 sempre un alone di santit\u00e0 evangelica. Il suo contributo fu cruciale per la storia del nascente Istituto e per la trasmissione viva ed entusiasta del nostro carisma originale. Visse con gioia e pienezza la sua identit\u00e0 clarettiana come uomo contemplativo e apostolo missionario. Con il decreto del 13 maggio 1989 sull\u2019eroicit\u00e0 delle virt\u00f9 \u00e8 stato chiamato <strong>Venerabile.<\/strong>\r\n<h2><strong>PREGHIERA<\/strong><\/h2>\r\nDio nostro Padre, Tu vuoi che tutti possano conoscere Tuo Figlio Ges\u00f9. Ti chiediamo di concedere a padre Jaume Clotet di essere glorificato dalla Chiesa, affinch\u00e9 con il suo esempio ci siano cristiani disposti a insegnare il Vangelo, la via della Fede e dell'Amore, a tutti i sordi.\r\n\r\nSe \u00e8 possibile, concedimi la grazia che ti chiedo, con l'aiuto della nostra Santa Madre Maria del Silenzio. Amen. (si pu\u00f2<em> pregare l'Ave Maria<\/em>)\r\n\r\nDios Padre nuestro, T\u00fa quieres que todas las personas puedan conocer a tu Hijo Jes\u00fas. Te pedimos nos concedas que el P. Jaume Clotet sea glorificado per la Iglesia, para que con su ejemplo haya cristianos dispuestosa ense\u00f1ar rl Evangelio, camini de Fe y Amor, a todas las personas sordas.\r\n\r\nSi es posible, conc\u00e9eme el favor que te pido, con la ayuda de nuestra Madre Santa Mar\u00edadel Silencio. Amen. (<em>se puede rezar el Avemar\u00eda<\/em>)","_et_gb_content_width":"","footnotes":""},"class_list":["post-580","page","type-page","status-publish","has-post-thumbnail","hentry"],"jetpack_sharing_enabled":true,"jetpack_shortlink":"https:\/\/wp.me\/PdY6zS-9m","_links":{"self":[{"href":"https:\/\/www.claret.org\/postulgen\/wp-json\/wp\/v2\/pages\/580","targetHints":{"allow":["GET"]}}],"collection":[{"href":"https:\/\/www.claret.org\/postulgen\/wp-json\/wp\/v2\/pages"}],"about":[{"href":"https:\/\/www.claret.org\/postulgen\/wp-json\/wp\/v2\/types\/page"}],"author":[{"embeddable":true,"href":"https:\/\/www.claret.org\/postulgen\/wp-json\/wp\/v2\/users\/1"}],"replies":[{"embeddable":true,"href":"https:\/\/www.claret.org\/postulgen\/wp-json\/wp\/v2\/comments?post=580"}],"version-history":[{"count":7,"href":"https:\/\/www.claret.org\/postulgen\/wp-json\/wp\/v2\/pages\/580\/revisions"}],"predecessor-version":[{"id":1512,"href":"https:\/\/www.claret.org\/postulgen\/wp-json\/wp\/v2\/pages\/580\/revisions\/1512"}],"up":[{"embeddable":true,"href":"https:\/\/www.claret.org\/postulgen\/wp-json\/wp\/v2\/pages\/55"}],"wp:featuredmedia":[{"embeddable":true,"href":"https:\/\/www.claret.org\/postulgen\/wp-json\/wp\/v2\/media\/540"}],"wp:attachment":[{"href":"https:\/\/www.claret.org\/postulgen\/wp-json\/wp\/v2\/media?parent=580"}],"curies":[{"name":"wp","href":"https:\/\/api.w.org\/{rel}","templated":true}]}}