{"id":652,"date":"2021-03-16T18:30:13","date_gmt":"2021-03-16T17:30:13","guid":{"rendered":"https:\/\/claret.org\/postulgen\/?page_id=652"},"modified":"2022-07-05T23:02:10","modified_gmt":"2022-07-05T21:02:10","slug":"beati-mariti-clarettiani-di-barbastro","status":"publish","type":"page","link":"https:\/\/www.claret.org\/postulgen\/cause\/beati\/beati-mariti-clarettiani-di-barbastro\/","title":{"rendered":"Beati Mariti Clarettiani di Barbastro"},"content":{"rendered":"<p>[et_pb_section fb_built=&#8221;1&#8243; fullwidth=&#8221;on&#8221; _builder_version=&#8221;4.16&#8243; _module_preset=&#8221;default&#8221; global_colors_info=&#8221;{}&#8221;][et_pb_fullwidth_header title=&#8221;@ET-DC@eyJkeW5hbWljIjp0cnVlLCJjb250ZW50IjoicG9zdF90aXRsZSIsInNldHRpbmdzIjp7ImJlZm9yZSI6IiIsImFmdGVyIjoiIn19@&#8221; text_orientation=&#8221;center&#8221; _builder_version=&#8221;4.16&#8243; _dynamic_attributes=&#8221;title&#8221; _module_preset=&#8221;default&#8221; title_font_size=&#8221;43px&#8221; content_font_size=&#8221;20px&#8221; subhead_font_size=&#8221;25px&#8221; subhead_line_height=&#8221;1.3em&#8221; background_color=&#8221;#E02B20&#8243; background_image=&#8221;https:\/\/claret.org\/postulgen\/wp-content\/uploads\/2020\/09\/barbastro.jpg&#8221; background_blend=&#8221;multiply&#8221; title_font_size_tablet=&#8221;&#8221; title_font_size_phone=&#8221;&#8221; title_font_size_last_edited=&#8221;on|desktop&#8221; global_colors_info=&#8221;{}&#8221;]<\/p>\n<p><strong>BEATIFICAZIONE:<\/strong><\/p>\n<p>&#8211; 25 ottobre 1992<\/p>\n<p>&#8211; Giovanni Paolo II<\/p>\n<p>[\/et_pb_fullwidth_header][\/et_pb_section][et_pb_section fb_built=&#8221;1&#8243; admin_label=&#8221;section&#8221; _builder_version=&#8221;4.16&#8243; global_colors_info=&#8221;{}&#8221;][et_pb_row column_structure=&#8221;1_4,3_4&#8243; admin_label=&#8221;row&#8221; _builder_version=&#8221;4.16&#8243; background_size=&#8221;initial&#8221; background_position=&#8221;top_left&#8221; background_repeat=&#8221;repeat&#8221; global_colors_info=&#8221;{}&#8221;][et_pb_column type=&#8221;1_4&#8243; _builder_version=&#8221;4.16&#8243; custom_padding=&#8221;|||&#8221; global_colors_info=&#8221;{}&#8221; custom_padding__hover=&#8221;|||&#8221;][et_pb_image src=&#8221;https:\/\/claret.org\/postulgen\/wp-content\/uploads\/2021\/03\/barbastro-3.jpg&#8221; title_text=&#8221;barbastro (3)&#8221; _builder_version=&#8221;4.16&#8243; _module_preset=&#8221;default&#8221; global_colors_info=&#8221;{}&#8221;][\/et_pb_image][\/et_pb_column][et_pb_column type=&#8221;3_4&#8243; _builder_version=&#8221;4.16&#8243; custom_padding=&#8221;|||&#8221; global_colors_info=&#8221;{}&#8221; custom_padding__hover=&#8221;|||&#8221;][et_pb_text admin_label=&#8221;Text&#8221; _builder_version=&#8221;4.16&#8243; background_size=&#8221;initial&#8221; background_position=&#8221;top_left&#8221; background_repeat=&#8221;repeat&#8221; global_colors_info=&#8221;{}&#8221;]<\/p>\n<h3><em>&#8220;Per te, mia Regina, il dono del sangue\u201d<\/em><\/h3>\n<p><strong>Felipe de Jes\u00fas Mun\u00e1rriz<\/strong> (1875-1936) e 50 compagni, C.M.F., martiri<\/p>\n<p>Il 20 luglio del 1936, durante la guerra civile spagnola, circa sessanta uomini della milizia irruppero, armati, nel seminario dei Missionari Figli del Cuore Immacolato di Maria (o Clarettiani) di Barbastro.<\/p>\n<p>Catturarono e incarcerarono tutta la comunit\u00e0 missionaria e senza giudizio la condannarono a morte per il solo motivo che i suoi membri erano religiosi.<\/p>\n<p>Fu proposta loro la libert\u00e0 in cambio della rinuncia alla fede. Tutti preferirono rimanere fedeli anche se sapevano che questa scelta sarebbe costata la vita.<\/p>\n<p>Morirono in 51, esclusi due studenti di nazionalit\u00e0 argentina e sette fratelli coadiutori (sei anziani e uno scambiato per un laico), uccisi in cinque gruppi nei giorni 2, 12, 13, 15, 18 del mese di agosto.<\/p>\n<p>Sono stati beatificati il 25 ottobre 1992 da san Giovanni Paolo II.<\/p>\n<p>Le loro reliquie sono venerate dal 1939 nella chiesa che i Missionari Claretiani hanno dedicato al Cuore Immacolato di Maria, nella stessa casa in cui vissero.<\/p>\n<p>[\/et_pb_text][\/et_pb_column][\/et_pb_row][et_pb_row _builder_version=&#8221;4.16&#8243; _module_preset=&#8221;default&#8221; global_colors_info=&#8221;{}&#8221;][et_pb_column type=&#8221;4_4&#8243; _builder_version=&#8221;4.16&#8243; _module_preset=&#8221;default&#8221; global_colors_info=&#8221;{}&#8221;][et_pb_text _builder_version=&#8221;4.16&#8243; _module_preset=&#8221;default&#8221; global_colors_info=&#8221;{}&#8221;]<\/p>\n<h2>Preghiera per ricevere grazie per l\u2019intercessione dei Beati Mariti Clarettiani di Barbastro:<\/h2>\n<p><em>Signore Ges\u00f9,<\/em><br \/><em>che hai voluto fossimo battezzati col tu battesimo<\/em><br \/><em>e ci hai concesso di poter bere al calice che il Padre ti ha dato,<\/em><br \/><em>Sii benedetto per sempre, Signore.<\/em><br \/><em>Signore Ges\u00f9 che hai dato ai Profeti ed Angeli e agli Apostoli<\/em><br \/><em>generosit\u00e0 ai Martiri Clarettiani di Barbastro<\/em><br \/><em>nella loro offerta a Te fino al martirio,<\/em><br \/><em>rafforza il nostro corpo<\/em><br \/><em>con il cibo che stiamo per prendere<\/em><br \/><em>e infondici la forca necessaria<\/em><br \/><em>per vivere sempre di fede,<\/em><br \/><em>dedicati al tuo servizio<\/em><br \/><em>Per Cristo nostro Signore.<\/em><br \/><em>Amen.<\/em><\/p>\n<p>[\/et_pb_text][\/et_pb_column][\/et_pb_row][et_pb_row _builder_version=&#8221;4.16&#8243; _module_preset=&#8221;default&#8221; global_colors_info=&#8221;{}&#8221;][et_pb_column type=&#8221;4_4&#8243; _builder_version=&#8221;4.16&#8243; _module_preset=&#8221;default&#8221; global_colors_info=&#8221;{}&#8221;][et_pb_text _builder_version=&#8221;4.16&#8243; _module_preset=&#8221;default&#8221; global_colors_info=&#8221;{}&#8221;]<\/p>\n<h2>L\u2019ELENCO DEL GRUPPO DEI MARTIRI DI BARBASTRO<\/h2>\n<p><strong>Felipe de Jes\u00fas Mun\u00e1rriz Azcona<\/strong>, sacerdote, 61 anni<br \/><strong>Leoncio P\u00e9rez Ramos<\/strong>, sacerdote, 60 anni<br \/><strong>Juan D\u00edaz Nosti<\/strong>, sacerdote, 56 anni<br \/><span style=\"color: #800000;\">\u2020 Barbastro, 2 agosto 1936<\/span><\/p>\n<p><strong>Gregorio Chirivas Lacamba<\/strong>, fratello coadiutore, 56 anni<br \/><strong>Nicasio Sierra Ucar<\/strong>, sacerdote, 45 anni<br \/><strong>Sebasti\u00e1n Calvo Mart\u00ednez<\/strong>, sacerdote, 33 anni<br \/><strong>Pedro Cunill Padr\u00f3s<\/strong>, sacerdote, 33 anni<br \/><strong>Wenceslao Clar\u00eds Vilaregut<\/strong>, diacono, 29 anni<br \/><strong>Jos\u00e9 Pav\u00f3n Bueno<\/strong>, sacerdote, 27 anni<br \/><span style=\"color: #800000;\">\u2020 Barbastro, 12 agosto 1936<\/span><\/p>\n<p><strong>Secundino Ortega Garc\u00eda<\/strong>, sacerdote, 24 anni<br \/><strong>Javier Lu\u00eds Bandr\u00e9s Jim\u00e9nez<\/strong>, chierico, 23 anni<br \/><strong>Jos\u00e9 Brengaret Pujol<\/strong>, chierico, 23 anni<br \/><strong>Manuel Buil Lalueza<\/strong>, fratello coadiutore, 21 anni<br \/><strong>Antol\u00edn Calvo y Calvo<\/strong>, chierico, 23 anni<br \/><strong>Tom\u00e0s Capdevila Mir\u00f3<\/strong>, chierico, 22 anni<br \/><strong>Esteban Casadevall Puig<\/strong>, chierico, 23 anni<br \/><strong>Eusebio Maria Codina Mill\u00e0<\/strong>, chierico, 21 anni<br \/><strong>Juan Codinachs Tuneu<\/strong>, chierico, 22 anni<br \/><strong>Antonio Dalmau Rosich<\/strong>, chierico, 23 anni<br \/><strong>Juan Echarri Vique<\/strong>, chierico, 23 anni<br \/><strong>Pedro Garc\u00eda Bernal<\/strong>, chierico, 25 anni<br \/><strong>Hilario Llorente Mart\u00edn<\/strong>, chierico, 25 anni<br \/><strong>Alfonso Miquel Garriga<\/strong>, fratello coadiutore<br \/><strong>Ramon Novich Rabionet<\/strong>, chierico, 23 anni<br \/><strong>Jos\u00e9 Ormo Ser\u00f3<\/strong>, chierico, 22 anni<br \/><strong>Salvador Pigem Serra<\/strong>, chierico, 23 anni<br \/><strong>Teodoro Ruiz de Larrinaga Garc\u00eda<\/strong>, chierico, 23 anni<br \/><strong>Juan S\u00e1nchez Mun\u00e1rriz<\/strong>, chierico, 23 anni<br \/><strong>Manuel Torras Sais<\/strong>, chierico, 21 anni<br \/><span style=\"color: #800000;\">\u2020 Barbastro, 13 agosto 1936<\/span><\/p>\n<p><strong>Lu\u00eds Masferrer Vila<\/strong>, sacerdote, 24 anni<br \/><strong>Jos\u00e9 Amor\u00f3s Hern\u00e1ndez<\/strong>, chierico, 23 anni<br \/><strong>Jos\u00e9 Maria Bad\u00eda Mateu<\/strong>, chierico, 23 anni<br \/><strong>Juan Baixeras Berenguer<\/strong>, chierico, 22 anni<br \/><strong>Jos\u00e9 Blasco Juan<\/strong>, chierico, 24 anni<br \/><strong>Rafael Briega Morales<\/strong>, chierico, 23 anni<br \/><strong>Francisco Cast\u00e1n Meseguer<\/strong>, fratello coadiutore, 25 anni<br \/><strong>Lu\u00eds Escal\u00e9 Binefa<\/strong>, chierico, 23 anni<br \/><strong>Jos\u00e9 Figuero Beltr\u00e1n<\/strong>, chierico, 25 anni<br \/><strong>Ramon Illa Salvia<\/strong>, chierico, 22 anni<br \/><strong>Lu\u00eds Llad\u00f3 Teixidor<\/strong>, chierico, 24 anni<br \/><strong>Manuel Mart\u00ednez Jarauta<\/strong>, fratello coadiutore, 23 anni<br \/><strong>Miguel Masip Gonz\u00e1lez<\/strong>, chierico, 23 anni<br \/><strong>Faustino P\u00e9rez Garc\u00eda<\/strong>, chierico, 25 anni<br \/><strong>Sebastian Riera Coromina<\/strong>, chierico, 22 anni<br \/><strong>Eduardo Ripoll Diego<\/strong>, chierico, 24 anni<br \/><strong>Jos\u00e9 Ros Florensa<\/strong>, chierico, 21 anni<br \/><strong>Francisco Roura Farr\u00f3<\/strong>, chierico, 23 anni<br \/><strong>Alfonso Sorribes Teixid\u00f3<\/strong>, chierico, 23 anni<br \/><strong>Agust\u00edn Viela Ezcurdia<\/strong>, chierico, 22 anni<br \/><span style=\"color: #800000;\">\u2020 Barbastro, 15 agosto 1936<\/span><\/p>\n<p><strong>Jaime Falgarona Vilanova<\/strong>, chierico, 24 anni<br \/><strong>Atanasio Vidaurreta Labra<\/strong>, chierico, 25 anni<br \/><span style=\"color: #800000;\">\u2020 Barbastro, 18 agosto 1936<\/span><\/p>\n<p>[\/et_pb_text][\/et_pb_column][\/et_pb_row][\/et_pb_section]<\/p>\n","protected":false},"excerpt":{"rendered":"<p>BEATIFICAZIONE: &#8211; 25 ottobre 1992 &#8211; Giovanni Paolo II&#8221;Per te, mia Regina, il dono del sangue\u201d Felipe de Jes\u00fas Mun\u00e1rriz (1875-1936) e 50 compagni, C.M.F., martiri Il 20 luglio del 1936, durante la guerra civile spagnola, circa sessanta uomini della milizia irruppero, armati, nel seminario dei Missionari Figli del Cuore Immacolato di Maria (o Clarettiani) [&hellip;]<\/p>\n","protected":false},"author":1,"featured_media":299,"parent":56,"menu_order":0,"comment_status":"closed","ping_status":"closed","template":"","meta":{"_et_pb_use_builder":"on","_et_pb_old_content":"BEATIFICAZIONE:\r\n- 25 ottobre 1992\r\nGiovanni Paolo II\r\nRICORRENZA:\r\n- 1 febbraio\r\n\r\n\"Per te, mia Regina, il dono del sangue\u201d\r\nFelipe de Jes\u00fas Mun\u00e1rriz (1875-1936) e 50 compagni, C.M.F., martiri\r\nIl 20 luglio del 1936, durante la guerra civile spagnola, circa sessanta uomini della milizia irruppero, armati, nel seminario dei Missionari Figli del Cuore Immacolato di Maria (o Clarettiani) di Barbastro.\r\nCatturarono e incarcerarono tutta la comunit\u00e0 missionaria e senza giudizio la condannarono a morte per il solo motivo che i suoi membri erano religiosi.\r\nFu proposta loro la libert\u00e0 in cambio della rinuncia alla fede. Tutti preferirono rimanere fedeli anche se sapevano che questa scelta sarebbe costata la vita.\r\nMorirono in 51, esclusi due studenti di nazionalit\u00e0 argentina e sette fratelli coadiutori (sei anziani e uno scambiato per un laico), uccisi in cinque gruppi nei giorni 2, 12, 13, 15, 18 del mese di agosto.\r\nSono stati beatificati il 25 ottobre 1992 da san Giovanni Paolo II.\r\nLe loro reliquie sono venerate dal 1939 nella chiesa che i Missionari Claretiani hanno dedicato al Cuore Immacolato di Maria, nella stessa casa in cui vissero.\r\n\r\nPreghiera per ricevere grazie per l\u2019intercessione dei Beati Mariti Clarettiani di Barbastro:\r\nSignore Ges\u00f9,\r\nche hai voluto fossimo battezzati col tu battesimo\r\ne ci hai concesso di poter bere al calice che il Padre ti ha dato,\r\nSii benedetto per sempre, Signore.\r\nSignore Ges\u00f9 che hai dato ai Profeti ed Angeli e agli Apostoli\r\ngenerosit\u00e0 ai Martiri Clarettiani di Barbastro\r\nnella loro offerta a Te fino al martirio,\r\nrafforza il nostro corpo\r\ncon il cibo che stiamo per prendere\r\ne infondici la forca necessaria\r\nper vivere sempre di fede,\r\ndedicati al tuo servizio\r\nPer Cristo nostro Signore.\r\nAmen.\r\n\r\nL\u2019ELENCO DEL GRUPPO DEI MARTIRI DI BARBASTRO\r\nFelipe de Jes\u00fas Mun\u00e1rriz Azcona, sacerdote, 61 anni\r\nLeoncio P\u00e9rez Ramos, sacerdote, 60 anni\r\nJuan D\u00edaz Nosti, sacerdote, 56 anni\r\n\u2020 Barbastro, 2 agosto 1936\r\n\r\nGregorio Chirivas Lacamba, fratello coadiutore, 56 anni\r\nNicasio Sierra Ucar, sacerdote, 45 anni\r\nSebasti\u00e1n Calvo Mart\u00ednez, sacerdote, 33 anni\r\nPedro Cunill Padr\u00f3s, sacerdote, 33 anni\r\nWenceslao Clar\u00eds Vilaregut, diacono, 29 anni\r\nJos\u00e9 Pav\u00f3n Bueno, sacerdote, 27 anni\r\n\u2020 Barbastro, 12 agosto 1936\r\n\r\nSecundino Ortega Garc\u00eda, sacerdote, 24 anni\r\nJavier Lu\u00eds Bandr\u00e9s Jim\u00e9nez, chierico, 23 anni\r\nJos\u00e9 Brengaret Pujol, chierico, 23 anni\r\nManuel Buil Lalueza, fratello coadiutore, 21 anni\r\nAntol\u00edn Calvo y Calvo, chierico, 23 anni\r\nTom\u00e0s Capdevila Mir\u00f3, chierico, 22 anni\r\nEsteban Casadevall Puig, chierico, 23 anni\r\nEusebio Maria Codina Mill\u00e0, chierico, 21 anni\r\nJuan Codinachs Tuneu, chierico, 22 anni\r\nAntonio Dalmau Rosich, chierico, 23 anni\r\nJuan Echarri Vique, chierico, 23 anni\r\nPedro Garc\u00eda Bernal, chierico, 25 anni\r\nHilario Llorente Mart\u00edn, chierico, 25 anni\r\nAlfonso Miquel Garriga, fratello coadiutore\r\nRamon Novich Rabionet, chierico, 23 anni\r\nJos\u00e9 Ormo Ser\u00f3, chierico, 22 anni\r\nSalvador Pigem Serra, chierico, 23 anni\r\nTeodoro Ruiz de Larrinaga Garc\u00eda, chierico, 23 anni\r\nJuan S\u00e1nchez Mun\u00e1rriz, chierico, 23 anni\r\nManuel Torras Sais, chierico, 21 anni\r\n\u2020 Barbastro, 13 agosto 1936\r\n\r\nLu\u00eds Masferrer Vila, sacerdote, 24 anni\r\nJos\u00e9 Amor\u00f3s Hern\u00e1ndez, chierico, 23 anni\r\nJos\u00e9 Maria Bad\u00eda Mateu, chierico, 23 anni\r\nJuan Baixeras Berenguer, chierico, 22 anni\r\nJos\u00e9 Blasco Juan, chierico, 24 anni\r\nRafael Briega Morales, chierico, 23 anni\r\nFrancisco Cast\u00e1n Meseguer, fratello coadiutore, 25 anni\r\nLu\u00eds Escal\u00e9 Binefa, chierico, 23 anni\r\nJos\u00e9 Figuero Beltr\u00e1n, chierico, 25 anni\r\nRamon Illa Salvia, chierico, 22 anni\r\nLu\u00eds Llad\u00f3 Teixidor, chierico, 24 anni\r\nManuel Mart\u00ednez Jarauta, fratello coadiutore, 23 anni\r\nMiguel Masip Gonz\u00e1lez, chierico, 23 anni\r\nFaustino P\u00e9rez Garc\u00eda, chierico, 25 anni\r\nSebastian Riera Coromina, chierico, 22 anni\r\nEduardo Ripoll Diego, chierico, 24 anni\r\nJos\u00e9 Ros Florensa, chierico, 21 anni\r\nFrancisco Roura Farr\u00f3, chierico, 23 anni\r\nAlfonso Sorribes Teixid\u00f3, chierico, 23 anni\r\nAgust\u00edn Viela Ezcurdia, chierico, 22 anni\r\n\u2020 Barbastro, 15 agosto 1936\r\n\r\nJaime Falgarona Vilanova, chierico, 24 anni\r\nAtanasio Vidaurreta Labra, chierico, 25 anni\r\n\u2020 Barbastro, 18 agosto 1936","_et_gb_content_width":"","footnotes":""},"class_list":["post-652","page","type-page","status-publish","has-post-thumbnail","hentry"],"jetpack_sharing_enabled":true,"jetpack_shortlink":"https:\/\/wp.me\/PdY6zS-aw","_links":{"self":[{"href":"https:\/\/www.claret.org\/postulgen\/wp-json\/wp\/v2\/pages\/652","targetHints":{"allow":["GET"]}}],"collection":[{"href":"https:\/\/www.claret.org\/postulgen\/wp-json\/wp\/v2\/pages"}],"about":[{"href":"https:\/\/www.claret.org\/postulgen\/wp-json\/wp\/v2\/types\/page"}],"author":[{"embeddable":true,"href":"https:\/\/www.claret.org\/postulgen\/wp-json\/wp\/v2\/users\/1"}],"replies":[{"embeddable":true,"href":"https:\/\/www.claret.org\/postulgen\/wp-json\/wp\/v2\/comments?post=652"}],"version-history":[{"count":7,"href":"https:\/\/www.claret.org\/postulgen\/wp-json\/wp\/v2\/pages\/652\/revisions"}],"predecessor-version":[{"id":1505,"href":"https:\/\/www.claret.org\/postulgen\/wp-json\/wp\/v2\/pages\/652\/revisions\/1505"}],"up":[{"embeddable":true,"href":"https:\/\/www.claret.org\/postulgen\/wp-json\/wp\/v2\/pages\/56"}],"wp:featuredmedia":[{"embeddable":true,"href":"https:\/\/www.claret.org\/postulgen\/wp-json\/wp\/v2\/media\/299"}],"wp:attachment":[{"href":"https:\/\/www.claret.org\/postulgen\/wp-json\/wp\/v2\/media?parent=652"}],"curies":[{"name":"wp","href":"https:\/\/api.w.org\/{rel}","templated":true}]}}