{"id":114311,"date":"2022-03-24T07:24:52","date_gmt":"2022-03-24T06:24:52","guid":{"rendered":"https:\/\/www.claret.org\/apostolado\/"},"modified":"2023-07-24T12:33:10","modified_gmt":"2023-07-24T10:33:10","slug":"apostolado","status":"publish","type":"page","link":"https:\/\/www.claret.org\/pt-pt\/apostolado\/","title":{"rendered":"Apostolado"},"content":{"rendered":"<p>[et_pb_section fb_built=&#8221;1&#8243; fullwidth=&#8221;on&#8221; _builder_version=&#8221;4.16&#8243; _module_preset=&#8221;default&#8221; global_colors_info=&#8221;{}&#8221;][et_pb_fullwidth_header title=&#8221;Prefeitura Geral de Apostolado&#8221; _builder_version=&#8221;4.16&#8243; _module_preset=&#8221;default&#8221; background_color=&#8221;#f76200&#8243; custom_padding=&#8221;91px|||||&#8221; global_colors_info=&#8221;{}&#8221;]<\/p>\n<ul>\n<li>Encoraja as Confer\u00eancias e Organismos Maiores para promover as op\u00e7\u00f5es e projetos da Congrega\u00e7\u00e3o.<\/li>\n<li>Em estreita colabora\u00e7\u00e3o com o Prefeito de Pastoral B\u00edblica e Comunica\u00e7\u00e3o e o Prefeito de Pastoral Juvenil e Voca\u00e7\u00f5es, ele promove o apostolado da Congrega\u00e7\u00e3o.<\/li>\n<li>Promota o compromisso com a fraternidade universal, justi\u00e7a, paz e cuidado com o lar comum, acompanhando as equipes de solidariedade e miss\u00e3o.<\/li>\n<li>Encoraja a Congrega\u00e7\u00e3o a continuar a fomentar a miss\u00e3o compartilhada, o di\u00e1logo ecum\u00eanico e inter-religioso, a revis\u00e3o de posi\u00e7\u00f5es e o movimento mission\u00e1rio para as periferias.<\/li>\n<\/ul>\n<p>[\/et_pb_fullwidth_header][\/et_pb_section][et_pb_section fb_built=&#8221;1&#8243; fullwidth=&#8221;on&#8221; _builder_version=&#8221;4.21.0&#8243; _module_preset=&#8221;default&#8221; global_colors_info=&#8221;{}&#8221;][et_pb_fullwidth_image src=&#8221;https:\/\/www.claret.org\/wp-content\/uploads\/2023\/07\/Claret-Vida-Awards-Final-copy-1.jpg&#8221; title_text=&#8221;Claret Vida Awards Final copy&#8221; _builder_version=&#8221;4.21.0&#8243; _module_preset=&#8221;default&#8221; hover_enabled=&#8221;0&#8243; global_colors_info=&#8221;{}&#8221; url=&#8221;@ET-DC@eyJkeW5hbWljIjp0cnVlLCJjb250ZW50IjoicG9zdF9saW5rX3VybF9wYWdlIiwic2V0dGluZ3MiOnsicG9zdF9pZCI6IjE1MjIxMyJ9fQ==@&#8221; _dynamic_attributes=&#8221;url&#8221; sticky_enabled=&#8221;0&#8243;][\/et_pb_fullwidth_image][\/et_pb_section][et_pb_section fb_built=&#8221;1&#8243; _builder_version=&#8221;4.16&#8243; _module_preset=&#8221;default&#8221; global_colors_info=&#8221;{}&#8221;][et_pb_row column_structure=&#8221;1_4,1_2,1_4&#8243; _builder_version=&#8221;4.16&#8243; _module_preset=&#8221;default&#8221; global_colors_info=&#8221;{}&#8221;][et_pb_column type=&#8221;1_4&#8243; _builder_version=&#8221;4.16&#8243; _module_preset=&#8221;default&#8221; global_colors_info=&#8221;{}&#8221;][et_pb_image src=&#8221;https:\/\/www.claret.org\/wp-content\/uploads\/2022\/07\/jpic.jpg&#8221; title_text=&#8221;jpic&#8221; _builder_version=&#8221;4.17.4&#8243; _module_preset=&#8221;default&#8221; global_colors_info=&#8221;{}&#8221;][\/et_pb_image][et_pb_blurb title=&#8221;Secretaria da JPIC&#8221; _builder_version=&#8221;4.16&#8243; _module_preset=&#8221;default&#8221; global_colors_info=&#8221;{}&#8221;]<\/p>\n<ul>\n<li>Coordena quest\u00f5es relacionadas com justi\u00e7a, paz e a defesa da integridade da Cria\u00e7\u00e3o.<\/li>\n<li>Programas de promo\u00e7\u00e3o destinados a intensificar o compromisso dos membros e obras da Congrega\u00e7\u00e3o com as propostas da Igreja (Laudato S\u00ed, Fratelli tutti&#8230;).<\/li>\n<\/ul>\n<p>[\/et_pb_blurb][et_pb_image src=&#8221;https:\/\/www.claret.org\/wp-content\/uploads\/2022\/07\/somi-link.png&#8221; title_text=&#8221;somi&#8221; url=&#8221;http:\/\/www.somicmf.org\/&#8221; url_new_window=&#8221;on&#8221; _builder_version=&#8221;4.17.4&#8243; _module_preset=&#8221;default&#8221; global_colors_info=&#8221;{}&#8221;][\/et_pb_image][et_pb_image src=&#8221;https:\/\/www.claret.org\/wp-content\/uploads\/2022\/07\/procint.jpg&#8221; title_text=&#8221;procint&#8221; url=&#8221;http:\/\/www.procladeint.org\/&#8221; url_new_window=&#8221;on&#8221; _builder_version=&#8221;4.17.4&#8243; _module_preset=&#8221;default&#8221; global_colors_info=&#8221;{}&#8221;][\/et_pb_image][\/et_pb_column][et_pb_column type=&#8221;1_2&#8243; _builder_version=&#8221;4.16&#8243; _module_preset=&#8221;default&#8221; global_colors_info=&#8221;{}&#8221;][et_pb_image src=&#8221;https:\/\/www.claret.org\/wp-content\/uploads\/2022\/07\/with-Lord-Winner.jpg&#8221; title_text=&#8221;with-Lord-Winner&#8221; _builder_version=&#8221;4.17.4&#8243; _module_preset=&#8221;default&#8221; global_colors_info=&#8221;{}&#8221;][\/et_pb_image][et_pb_blurb title=&#8221;Miss\u00e3o Procura&#8221; _builder_version=&#8221;4.16&#8243; _module_preset=&#8221;default&#8221; box_shadow_style_image=&#8221;preset3&#8243; global_colors_info=&#8221;{}&#8221;]<\/p>\n<ul>\n<li>Encoraja a consci\u00eancia mission\u00e1ria da Congrega\u00e7\u00e3o e a ora\u00e7\u00e3o para as miss\u00f5es.<\/li>\n<li>Canaliza a busca de fundos e recursos que permitam a aten\u00e7\u00e3o mission\u00e1ria para as popula\u00e7\u00f5es mais distantes de Cristo ou com menos recursos.<br \/>Em coordena\u00e7\u00e3o com outras entidades, estimula o envolvimento de outras pessoas no trabalho volunt\u00e1rio mission\u00e1rio.<\/li>\n<li>Estimula a qualifica\u00e7\u00e3o dos coordenadores de procuras e equipes de aten\u00e7\u00e3o mission\u00e1ria da Congrega\u00e7\u00e3o.<\/li>\n<li>Coordena o funcionamento di\u00e1rio do PROCLADE INTERNAZIONALE.<br \/> Relaciona-se muito ativamente com as aquisi\u00e7\u00f5es dos Organismos.<\/li>\n<\/ul>\n<p>[\/et_pb_blurb][\/et_pb_column][et_pb_column type=&#8221;1_4&#8243; _builder_version=&#8221;4.16&#8243; _module_preset=&#8221;default&#8221; global_colors_info=&#8221;{}&#8221;][et_pb_image src=&#8221;https:\/\/www.claret.org\/wp-content\/uploads\/2022\/07\/Mosaico-ONU.jpg&#8221; title_text=&#8221;Mosaico ONU&#8221; _builder_version=&#8221;4.17.4&#8243; _module_preset=&#8221;default&#8221; global_colors_info=&#8221;{}&#8221;][\/et_pb_image][et_pb_blurb title=&#8221;Equipe da ONU&#8221; _builder_version=&#8221;4.16&#8243; _module_preset=&#8221;default&#8221; box_shadow_style_image=&#8221;preset3&#8243; global_colors_info=&#8221;{}&#8221;]<\/p>\n<ul>\n<li>PROCLADE INTERNAZIONALE Acreditado com v\u00e1rias institui\u00e7\u00f5es da ONU.<\/li>\n<li>Promove o enriquecimento das informa\u00e7\u00f5es e projetos da ONU, fazendo com que a voz da Congrega\u00e7\u00e3o e daqueles que compartilham a vida com ela chegue a quase 70 na\u00e7\u00f5es.<\/li>\n<li>Procura aproximar os recursos e propostas da ONU das comunidades crist\u00e3s, buscando sempre justi\u00e7a, paz e a defesa da integridade da Cria\u00e7\u00e3o.<\/li>\n<\/ul>\n<p>[\/et_pb_blurb][et_pb_image src=&#8221;https:\/\/www.claret.org\/wp-content\/uploads\/2022\/07\/cmf-global.png&#8221; title_text=&#8221;cmf global&#8221; url=&#8221;https:\/\/un.globalcmf.com\/&#8221; url_new_window=&#8221;on&#8221; _builder_version=&#8221;4.17.4&#8243; _module_preset=&#8221;default&#8221; global_colors_info=&#8221;{}&#8221;][\/et_pb_image][\/et_pb_column][\/et_pb_row][\/et_pb_section]<\/p>\n","protected":false},"excerpt":{"rendered":"<p>Encoraja as Confer\u00eancias e Organismos Maiores para promover as op\u00e7\u00f5es e projetos da Congrega\u00e7\u00e3o. Em estreita colabora\u00e7\u00e3o com o Prefeito de Pastoral B\u00edblica e Comunica\u00e7\u00e3o e o Prefeito de Pastoral Juvenil e Voca\u00e7\u00f5es, ele promove o apostolado da Congrega\u00e7\u00e3o. Promota o compromisso com a fraternidade universal, justi\u00e7a, paz e cuidado com o lar comum, acompanhando [&hellip;]<\/p>\n","protected":false},"author":2,"featured_media":114324,"parent":0,"menu_order":0,"comment_status":"closed","ping_status":"closed","template":"","meta":{"_et_pb_use_builder":"on","_et_pb_old_content":"","_et_gb_content_width":"","footnotes":""},"class_list":["post-114311","page","type-page","status-publish","has-post-thumbnail","hentry"],"jetpack_sharing_enabled":true,"jetpack_shortlink":"https:\/\/wp.me\/PdaBmi-tJJ","jetpack_likes_enabled":true,"_links":{"self":[{"href":"https:\/\/www.claret.org\/pt-pt\/wp-json\/wp\/v2\/pages\/114311","targetHints":{"allow":["GET"]}}],"collection":[{"href":"https:\/\/www.claret.org\/pt-pt\/wp-json\/wp\/v2\/pages"}],"about":[{"href":"https:\/\/www.claret.org\/pt-pt\/wp-json\/wp\/v2\/types\/page"}],"author":[{"embeddable":true,"href":"https:\/\/www.claret.org\/pt-pt\/wp-json\/wp\/v2\/users\/2"}],"replies":[{"embeddable":true,"href":"https:\/\/www.claret.org\/pt-pt\/wp-json\/wp\/v2\/comments?post=114311"}],"version-history":[{"count":0,"href":"https:\/\/www.claret.org\/pt-pt\/wp-json\/wp\/v2\/pages\/114311\/revisions"}],"wp:featuredmedia":[{"embeddable":true,"href":"https:\/\/www.claret.org\/pt-pt\/wp-json\/wp\/v2\/media\/114324"}],"wp:attachment":[{"href":"https:\/\/www.claret.org\/pt-pt\/wp-json\/wp\/v2\/media?parent=114311"}],"curies":[{"name":"wp","href":"https:\/\/api.w.org\/{rel}","templated":true}]}}