{"id":115160,"date":"2022-03-22T09:33:40","date_gmt":"2022-03-22T08:33:40","guid":{"rendered":"https:\/\/www.claret.org\/sobre-nos\/"},"modified":"2022-07-19T00:33:08","modified_gmt":"2022-07-18T22:33:08","slug":"sobre-nos","status":"publish","type":"page","link":"https:\/\/www.claret.org\/pt-pt\/sobre-nos\/","title":{"rendered":"Claretianos"},"content":{"rendered":"\n[et_pb_section fb_built=&#8221;1&#8243; fullwidth=&#8221;on&#8221; _builder_version=&#8221;4.17.6&#8243; _module_preset=&#8221;default&#8221; global_colors_info=&#8221;{}&#8221;][et_pb_fullwidth_header title=&#8221;Quem s\u00e3o os claretianos?&#8221; _builder_version=&#8221;4.17.6&#8243; _module_preset=&#8221;default&#8221; global_colors_info=&#8221;{}&#8221;][\/et_pb_fullwidth_header][\/et_pb_section][et_pb_section fb_built=&#8221;1&#8243; _builder_version=&#8221;4.17.6&#8243; _module_preset=&#8221;default&#8221; custom_padding=&#8221;32px|||||&#8221; global_colors_info=&#8221;{}&#8221;][et_pb_row _builder_version=&#8221;4.17.6&#8243; _module_preset=&#8221;default&#8221; global_colors_info=&#8221;{}&#8221;][et_pb_column type=&#8221;4_4&#8243; _builder_version=&#8221;4.17.6&#8243; _module_preset=&#8221;default&#8221; global_colors_info=&#8221;{}&#8221;][et_pb_text _builder_version=&#8221;4.17.6&#8243; _module_preset=&#8221;default&#8221; global_colors_info=&#8221;{}&#8221;]Somos uma Congrega\u00e7\u00e3o de Mission\u00e1rios fundada por Santo Ant\u00f4nio Maria Claret em 16 de julho de 1849, em Vic, Espanha, junto com os PP. Stephen Sala, Joseph Xifr\u00e9, Dominic Fabregas, Jaime Clotet, Manuel Vilaro.\r\n\r\nO nome oficial de nossa congrega\u00e7\u00e3o \u00e9 Congrega\u00e7\u00e3o dos Mission\u00e1rios Filhos do Imaculado Cora\u00e7\u00e3o de Maria, comumente conhecidos como claretianos.\r\n\r\nUM CLARETIANO \u00e9 um Filho do Imaculado Cora\u00e7\u00e3o de Maria \u00e9 um homem que arde em caridade e abrasa por onde passa. Deseja eficazmente e procura por todos os meios inflamar o mundo no fogo do divino amor. Nada o detem. Alegra-se nas priva\u00e7\u00f5es. Entrenta os trabalhos. Abra\u00e7a os sacriff\u00adicios. Comprazse nas cal\u00fanias. Alegra-se nos tormentos e dores que sofre e gloria-se na cruz de Jesus Cristo.12 Nao pensa senao em como seguir e imitar Cristo na ora\u00e7\u00e3o, no trabalho e no sofrimento, procurando sempre e unicamen\u00ad te a maior gl\u00f3ria de Deus e a salva\u00e7\u00e3o dos ho\u00ad mens.\u201d\r\n\r\nNo final de nossos nomes, colocamos a C.M.F., a sigla para as palavras latinas Cordis Mariae Filius que significa Filho do Cora\u00e7\u00e3o de Maria.\r\n\r\n<p><img data-recalc-dims=\"1\" loading=\"lazy\" decoding=\"async\" data-attachment-id=\"130774\" data-permalink=\"https:\/\/www.claret.org\/pt-pt\/cmf-fb-banner-en-es-2\/\" data-orig-file=\"https:\/\/i0.wp.com\/www.claret.org\/wp-content\/uploads\/2022\/07\/cmf-fb-banner-en-es.jpg?fit=1366%2C391&amp;ssl=1\" data-orig-size=\"1366,391\" data-comments-opened=\"0\" data-image-meta=\"{&quot;aperture&quot;:&quot;0&quot;,&quot;credit&quot;:&quot;&quot;,&quot;camera&quot;:&quot;&quot;,&quot;caption&quot;:&quot;&quot;,&quot;created_timestamp&quot;:&quot;1652957830&quot;,&quot;copyright&quot;:&quot;&quot;,&quot;focal_length&quot;:&quot;0&quot;,&quot;iso&quot;:&quot;0&quot;,&quot;shutter_speed&quot;:&quot;0&quot;,&quot;title&quot;:&quot;&quot;,&quot;orientation&quot;:&quot;0&quot;}\" data-image-title=\"cmf fb banner en es\" data-image-description=\"\" data-image-caption=\"\" data-medium-file=\"https:\/\/i0.wp.com\/www.claret.org\/wp-content\/uploads\/2022\/07\/cmf-fb-banner-en-es.jpg?fit=300%2C86&amp;ssl=1\" data-large-file=\"https:\/\/i0.wp.com\/www.claret.org\/wp-content\/uploads\/2022\/07\/cmf-fb-banner-en-es.jpg?fit=1024%2C293&amp;ssl=1\" src=\"https:\/\/i0.wp.com\/www.claret.org\/wp-content\/uploads\/2022\/07\/cmf-fb-banner-en-es.jpg?resize=1080%2C309&#038;ssl=1\" alt=\"\" class=\"wp-image-130774 alignnone size-full\" width=\"1080\" height=\"309\" title=\"\" srcset=\"https:\/\/www.claret.org\/wp-content\/uploads\/2022\/07\/cmf-fb-banner-en-es.jpg 1366w, https:\/\/www.claret.org\/wp-content\/uploads\/2022\/07\/cmf-fb-banner-en-es-1280x366.jpg 1280w, https:\/\/www.claret.org\/wp-content\/uploads\/2022\/07\/cmf-fb-banner-en-es-980x281.jpg 980w, https:\/\/www.claret.org\/wp-content\/uploads\/2022\/07\/cmf-fb-banner-en-es-480x137.jpg 480w\" sizes=\"(min-width: 0px) and (max-width: 480px) 480px, (min-width: 481px) and (max-width: 980px) 980px, (min-width: 981px) and (max-width: 1280px) 1280px, (min-width: 1281px) 1366px, 100vw\" \/><\/p>\r\n\r\nSomos mission\u00e1rios! A miss\u00e3o pertence ao n\u00facleo de nossa identidade mais fundamental. Recebemos do Esp\u00edrito um carisma que nos conforma a Jesus e nos faz como os ap\u00f3stolos, numa comunh\u00e3o de vida, totalmente dedicada ao Pai e ao Reino (cf. CC 3-4). H\u00e1 cento e cinq\u00fcenta anos, nossa comunidade claretiana experimentou grande alegria quando a Igreja aprovou nossas Constitui\u00e7\u00f5es e reconheceu, com alegria, que nossa Congrega\u00e7\u00e3o de Mission\u00e1rios \u00e9 um dom do Esp\u00edrito. Hoje, tamb\u00e9m com grande alegria, proclamamos com gratid\u00e3o com Maria a grandeza do Senhor.\r\n\r\nMission\u00e1rios \u2018com Esp\u00edrito\u2019. Fomos agraciados com uma espiritualidade particular, herdada de Santo Ant\u00f4nio Maria Claret e de nossa rica tradi\u00e7\u00e3o. Como Filhos do Cora\u00e7\u00e3o de Maria, somos chamados a ser homens abertos ao Esp\u00edrito, guiados por ele e sempre d\u00f3ceis aos seus movimentos; homens em chamas com amor.\r\n\r\nEscutadores e servos da Palavra de Deus. Nossa heran\u00e7a carism\u00e1tica nos define como \u201couvintes e servidores da Palavra\u201d. Estamos na Igreja e na sociedade um eco de Claret (cf. Aut 686), um ministro apaixonado pelo Evangelho em \u00e9poca e fora de \u00e9poca, usando todos os meios \u00e0 sua disposi\u00e7\u00e3o. N\u00f3s, como Maria, como Filhos de seu Cora\u00e7\u00e3o, queremos acolher e meditar a Palavra em nossos cora\u00e7\u00f5es e proclam\u00e1-la com paix\u00e3o.\r\n\r\nMission\u00e1rios na comunidade. Como testemunhas e mensageiros da alegria do Evangelho, na comunidade apost\u00f3lica, n\u00f3s nos esfor\u00e7amos para ter uma vis\u00e3o comum na abordagem das periferias humanas que nos desafiam em todos os lugares a ter uma atitude de alcance mission\u00e1rio.\r\n\r\nEnviado para evangelizar ouvindo os pobres. Voc\u00ea n\u00e3o pode ser um claretiano se agir como se os pobres n\u00e3o existissem. Nem pode ser claretiano se n\u00e3o denunciar as estruturas injustas, lutar contra o sistema que subjuga os pobres e propor alternativas.\r\n\r\nCom toda a Igreja e aqueles que buscam a transforma\u00e7\u00e3o do mundo. Para nossa Congrega\u00e7\u00e3o a dimens\u00e3o de \u201cevangelizar com os outros\u201d, multiplicar l\u00edderes evangelizadores e miss\u00e3o compartilhada \u00e9 uma caracter\u00edstica carism\u00e1tica indispens\u00e1vel (cf. CC 3, 7, 48) que compreendemos e realizamos de v\u00e1rias maneiras.\r\n\r\nAbrir a todos no di\u00e1logo prof\u00e9tico. Di\u00e1logo assume diferentes formas: di\u00e1logo como presen\u00e7a \u2013 viver ao inv\u00e9s de fazer; di\u00e1logo inter-religioso e intercultural que promove a paz e a reconcilia\u00e7\u00e3o; di\u00e1logo com a cria\u00e7\u00e3o que leva \u00e0 convers\u00e3o ecol\u00f3gica. Neste di\u00e1logo vivemos o an\u00fancio e a den\u00fancia que faz parte da profecia, um di\u00e1logo que tamb\u00e9m estendemos ao novo continente digital e \u00e0s novas gera\u00e7\u00f5es de jovens a fim de evangelizar e ser evangelizados. Somos homens em chamas com amor (caridade) e \u201co di\u00e1logo \u00e9 o novo nome da caridade\u201d (VC 74).\r\n\r\n\r\nSonhamos com uma Congrega\u00e7\u00e3o peregrina, enraizada na f\u00e9 em Jesus Cristo e na espiritualidade claretiana.\r\nSonhamos, como Claret, com uma Congrega\u00e7\u00e3o que, seguindo o exemplo de Maria, guarda em seu cora\u00e7\u00e3o tesouros, cumpre e proclama a Palavra de Deus.\r\nSonhamos com uma Congrega\u00e7\u00e3o de Mission\u00e1rios que compartilha nossa vida, diversidade e recursos em comunidades moldadas pela miss\u00e3o e minist\u00e9rios que Deus nos confiou. Encorajamo-nos e acompanhamo-nos mutuamente como irm\u00e3os atrav\u00e9s da escuta m\u00fatua, sem excluir ningu\u00e9m.\r\nSonhamos com uma Congrega\u00e7\u00e3o, audaz e itinerante, que, enviada pelo Esp\u00edrito do Senhor (cf. Lc 4, 18; At 8, 28.39), vai em dire\u00e7\u00e3o \u00e0s periferias, aproxima-se dos jovens, caminha com eles e os encoraja a responder ao chamado de Deus.\r\nSonhamos com uma Congrega\u00e7\u00e3o que tenha como ponto de partida a anima\u00e7\u00e3o b\u00edblica de todo o minist\u00e9rio pastoral (cf. VD 73), que evangelize com todos os meios poss\u00edveis na miss\u00e3o compartilhada, no di\u00e1logo inter-religioso e no uso inteligente das diversas formas de meios de comunica\u00e7\u00e3o.\r\nSonhamos com uma Congrega\u00e7\u00e3o comprometida com a fraternidade universal (Fratelli tutti), a justi\u00e7a, a paz e os cuidados com a casa comum (Laudato si\u2019). Num esp\u00edrito de sinodalidade, colaboramos com pessoas de diferentes culturas, etnias e religi\u00f5es para a transforma\u00e7\u00e3o do mundo de acordo com o projeto de Deus (cf. CC 46).\r\nSonhamos com uma Congrega\u00e7\u00e3o preparada para responder a novos desafios atrav\u00e9s de um processo integral e cont\u00ednuo de forma\u00e7\u00e3o, aberta \u00e0 miss\u00e3o universal, segundo o esp\u00edrito e o carisma de nosso Padre Fundador.\r\n\r\n<p><a href=\"https:\/\/www.claret.org\/where-we-are\/\">Estamos presentes em 70 pa\u00edses<\/a> em todo o mundo dedicados \u00e0 educa\u00e7\u00e3o de qualidade, \u00e0 publica\u00e7\u00e3o de b\u00edblias e livros religiosos, \u00e0 administra\u00e7\u00e3o de par\u00f3quias, \u00e0 eleva\u00e7\u00e3o e \u00e0 ajuda no bem-estar social do povo e no cuidado de nossa casa comum.<\/p>\r\n\r\n<p>Voc\u00ea pode nos encontrar em: ANGOLA | <a href=\"https:\/\/www.claretianosdelsur.org\/\" rel=\"nofollow noopener\" target=\"_blank\">ARGENTINA<\/a> | <a href=\"https:\/\/www.gallardoprovince.org\/\" rel=\"nofollow noopener\" target=\"_blank\">AUSTRALIA<\/a> | <a href=\"https:\/\/www.claretiner.org\/\" rel=\"nofollow noopener\" target=\"_blank\">AUSTRIA<\/a> | BANGLADESH | <a href=\"https:\/\/www.klaretyni.pl\/\" rel=\"nofollow noopener\" target=\"_blank\">BELARUS<\/a> | <a href=\"http:\/\/www.claretianosperubolivia.org\/\" rel=\"nofollow noopener\" target=\"_blank\">BOLIVIA<\/a> | <a href=\"http:\/\/claretianos.com.br\/\" rel=\"nofollow noopener\" target=\"_blank\">BRASIL<\/a> | <a href=\"https:\/\/www.klaretyni.pl\/\" rel=\"nofollow noopener\" target=\"_blank\">BURKINA FASO<\/a> | <a href=\"http:\/\/www.cmfcameroon.com\/\" rel=\"nofollow noopener\" target=\"_blank\">CAMEROUN<\/a> | <a href=\"https:\/\/www.claretiansusa.org\/\" rel=\"nofollow noopener\" target=\"_blank\">CANADA<\/a> | <a href=\"https:\/\/www.cmfnigeria.org\/\" rel=\"nofollow noopener\" target=\"_blank\">CHAD<\/a> | <a href=\"https:\/\/www.claretianosdelsur.org\/\" rel=\"nofollow noopener\" target=\"_blank\">CHILE<\/a> | CHINA | <a href=\"cmfcolven.org\/\">COLO<\/a><a href=\"https:\/\/claretianoscolombiaecuador.org.co\/\" rel=\"nofollow noopener\" target=\"_blank\">MBIA<\/a> | <a href=\"https:\/\/centroamericacmf.org\/\" rel=\"nofollow noopener\" target=\"_blank\">COSTA RICA<\/a> | <a href=\"https:\/\/www.klaretyni.pl\/\" rel=\"nofollow noopener\" target=\"_blank\">C\u00d4TE D\u2019IVOIRE<\/a> | <a href=\"https:\/\/cmfantillas.org\/\" rel=\"nofollow noopener\" target=\"_blank\">CUBA<\/a> | <a href=\"https:\/\/www.claretiner.org\/\" rel=\"nofollow noopener\" target=\"_blank\">DEUTSCHLAND<\/a> | <a href=\"https:\/\/claretianoscolombiaecuador.org.co\/\" rel=\"nofollow noopener\" target=\"_blank\">ECUADOR<\/a> | <a href=\"https:\/\/centroamericacmf.org\/\" rel=\"nofollow noopener\" target=\"_blank\">EL SALVADOR<\/a> | <a href=\"https:\/\/www.fatimacmf.org\/\" rel=\"nofollow noopener\" target=\"_blank\">ES<\/a><a href=\"https:\/\/www.claretpaulus.org\/\" rel=\"nofollow noopener\" target=\"_blank\">PA<\/a><a href=\"https:\/\/www.claretianos.es\/\" rel=\"nofollow noopener\" target=\"_blank\">\u00d1A<\/a> | <a href=\"https:\/\/www.claretpaulus.org\/\" rel=\"nofollow noopener\" target=\"_blank\">FRANCE<\/a> | <a href=\"http:\/\/www.padrexifrecmf.org\/\" rel=\"nofollow noopener\" target=\"_blank\">GABON<\/a> | <a href=\"https:\/\/www.cmfnigeria.org\/\" rel=\"nofollow noopener\" target=\"_blank\">GHANA<\/a> | <a href=\"https:\/\/centroamericacmf.org\/\" rel=\"nofollow noopener\" target=\"_blank\">GUATEMALA<\/a> | <a href=\"http:\/\/www.padrexifrecmf.org\/\" rel=\"nofollow noopener\" target=\"_blank\">GUINEA ECUATORIAL<\/a> | <a href=\"https:\/\/cmfantillas.org\/\" rel=\"nofollow noopener\" target=\"_blank\">HA\u00cfTI<\/a> | <a href=\"https:\/\/centroamericacmf.org\/\" rel=\"nofollow noopener\" target=\"_blank\">HONDURAS<\/a> | <a href=\"https:\/\/claretiansbangalore.com\/\" rel=\"nofollow noopener\" target=\"_blank\">I<\/a><a href=\"https:\/\/chennaicmf.org\/\" rel=\"nofollow noopener\" target=\"_blank\">N<\/a><a href=\"https:\/\/www.claretiansnortheast.com\/\" rel=\"nofollow noopener\" target=\"_blank\">D<\/a><a href=\"https:\/\/www.claret-santhome.org\/\" rel=\"nofollow noopener\" target=\"_blank\">I<\/a>A | <a href=\"https:\/\/www.cmfindotiles.org\/\" rel=\"nofollow noopener\" target=\"_blank\">INDONESIA<\/a> | <a href=\"https:\/\/www.claretpaulus.org\/\" rel=\"nofollow noopener\" target=\"_blank\">ITALIA<\/a> | JAPAN | <a href=\"https:\/\/www.cmfeastafrica.org\/\" rel=\"nofollow noopener\" target=\"_blank\">KENYA<\/a> | MADAGASCAR | <a href=\"https:\/\/chennaicmf.org\/\" rel=\"nofollow noopener\" target=\"_blank\">MALAYSIA<\/a> | <a href=\"https:\/\/claretianos.mx\" rel=\"nofollow noopener\" target=\"_blank\">M\u00c9XICO<\/a> | <a href=\"http:\/\/claretianos.com.br\/\" rel=\"nofollow noopener\" target=\"_blank\">MO\u00c7AMBIQUE<\/a> | <a href=\"https:\/\/www.gallardoprovince.org\/\" rel=\"nofollow noopener\" target=\"_blank\">MYANMAR<\/a> | <a href=\"https:\/\/claretiansbangalore.com\/\" rel=\"nofollow noopener\" target=\"_blank\">NEW ZEALAND<\/a> | <a href=\"https:\/\/centroamericacmf.org\/\" rel=\"nofollow noopener\" target=\"_blank\">NICARAGUA<\/a> | <a href=\"https:\/\/www.cmfnigeria.org\/\" rel=\"nofollow noopener\" target=\"_blank\">NIGE<\/a><a href=\"https:\/\/claretwestng.org\/\" rel=\"nofollow noopener\" target=\"_blank\">RIA<\/a> | <a href=\"https:\/\/centroamericacmf.org\/\" rel=\"nofollow noopener\" target=\"_blank\">PANAM\u00c1<\/a> | <a href=\"https:\/\/www.claretianosdelsur.org\/\" rel=\"nofollow noopener\" target=\"_blank\">PARAGUA<\/a>Y | <a href=\"http:\/\/www.claretianosperubolivia.org\/\" rel=\"nofollow noopener\" target=\"_blank\">PER\u00da<\/a> | <a href=\"https:\/\/www.gallardoprovince.org\/\" rel=\"nofollow noopener\" target=\"_blank\">PHILIPPINES<\/a> | <a href=\"https:\/\/www.klaretyni.pl\/\" rel=\"nofollow noopener\" target=\"_blank\">POLSKA<\/a> | <a href=\"https:\/\/www.fatimacmf.org\/\" rel=\"nofollow noopener\" target=\"_blank\">PORTUGAL<\/a> | <a href=\"https:\/\/cmfantillas.org\/\" rel=\"nofollow noopener\" target=\"_blank\">PUERTO RICO<\/a> | <a href=\"https:\/\/www.klaretyni.pl\/\" rel=\"nofollow noopener\" target=\"_blank\">REPUBLIKA CZESKA<\/a> | <a href=\"https:\/\/cmfantillas.org\/\" rel=\"nofollow noopener\" target=\"_blank\">REP\u00daBLICA DOMINICANA<\/a> | REPUBLIQUE DEMOCRATIQUE DU CONGO | <a href=\"https:\/\/www.klaretyni.pl\/\" rel=\"nofollow noopener\" target=\"_blank\">RUS<\/a><a href=\"https:\/\/www.claretianos.es\/\" rel=\"nofollow noopener\" target=\"_blank\">SIA<\/a> | S\u00c3O TOM\u00c9 E PR\u00cdNCIPE | <a href=\"https:\/\/www.claretiner.org\/\" rel=\"nofollow noopener\" target=\"_blank\">SCHWEIZ<\/a> | <a href=\"https:\/\/www.claretpaulus.org\/\" rel=\"nofollow noopener\" target=\"_blank\">SLOVENIJA<\/a> | <a href=\"https:\/\/claretwestng.org\/\" rel=\"nofollow noopener\" target=\"_blank\">SOUTH AFRICA<\/a> | <a href=\"http:\/\/www.claret.or.kr\/\" rel=\"nofollow noopener\" target=\"_blank\">SOUTH KOREA<\/a> | <a href=\"https:\/\/claretianslanka.org\/\" rel=\"nofollow noopener\" target=\"_blank\">SRI LANKA<\/a> | TAIWAN | <a href=\"https:\/\/www.cmfeastafrica.org\/\" rel=\"nofollow noopener\" target=\"_blank\">TANZANIA<\/a> | <a href=\"https:\/\/www.cmfindotiles.org\/\" rel=\"nofollow noopener\" target=\"_blank\">TIMOR LESTE<\/a> | <a href=\"https:\/\/www.cmfeastafrica.org\/\" rel=\"nofollow noopener\" target=\"_blank\">UGANDA<\/a> | <a href=\"https:\/\/www.klaretyni.pl\/\" rel=\"nofollow noopener\" target=\"_blank\">UKRAINE<\/a> | <a href=\"https:\/\/www.fatimacmf.org\/\" rel=\"nofollow noopener\" target=\"_blank\">UNITED KINGDOM<\/a> | <a href=\"https:\/\/www.claretiansusa.org\/\" rel=\"nofollow noopener\" target=\"_blank\">UNITED STATES OF AMERICA<\/a> | <a href=\"https:\/\/www.claretianosdelsur.org\/\" rel=\"nofollow noopener\" target=\"_blank\">URUGUAY<\/a> | <a href=\"cmfcolven.org\/\">VENEZUELA<\/a> | <a href=\"https:\/\/www.gallardoprovince.org\/\" rel=\"nofollow noopener\" target=\"_blank\">VIETNAM<\/a> | <a href=\"https:\/\/www.fatimacmf.org\/\" rel=\"nofollow noopener\" target=\"_blank\">ZIMBABWE<\/a><\/p>[\/et_pb_text][\/et_pb_column][\/et_pb_row][\/et_pb_section]\n","protected":false},"excerpt":{"rendered":"<p>Somos uma Congrega\u00e7\u00e3o de Mission\u00e1rios fundada por Santo Ant\u00f4nio Maria Claret em 16 de julho de 1849, em Vic, Espanha, junto com os PP. Stephen Sala, Joseph Xifr\u00e9, Dominic Fabregas, Jaime Clotet, Manuel Vilaro. O nome oficial de nossa congrega\u00e7\u00e3o \u00e9 Congrega\u00e7\u00e3o dos Mission\u00e1rios Filhos do Imaculado Cora\u00e7\u00e3o de Maria, comumente conhecidos como claretianos. UM [&hellip;]<\/p>\n","protected":false},"author":2,"featured_media":0,"parent":0,"menu_order":0,"comment_status":"closed","ping_status":"closed","template":"","meta":{"_et_pb_use_builder":"on","_et_pb_old_content":"","_et_gb_content_width":"","footnotes":""},"class_list":["post-115160","page","type-page","status-publish","hentry"],"jetpack_sharing_enabled":true,"jetpack_shortlink":"https:\/\/wp.me\/PdaBmi-tXq","jetpack_likes_enabled":true,"_links":{"self":[{"href":"https:\/\/www.claret.org\/pt-pt\/wp-json\/wp\/v2\/pages\/115160","targetHints":{"allow":["GET"]}}],"collection":[{"href":"https:\/\/www.claret.org\/pt-pt\/wp-json\/wp\/v2\/pages"}],"about":[{"href":"https:\/\/www.claret.org\/pt-pt\/wp-json\/wp\/v2\/types\/page"}],"author":[{"embeddable":true,"href":"https:\/\/www.claret.org\/pt-pt\/wp-json\/wp\/v2\/users\/2"}],"replies":[{"embeddable":true,"href":"https:\/\/www.claret.org\/pt-pt\/wp-json\/wp\/v2\/comments?post=115160"}],"version-history":[{"count":0,"href":"https:\/\/www.claret.org\/pt-pt\/wp-json\/wp\/v2\/pages\/115160\/revisions"}],"wp:attachment":[{"href":"https:\/\/www.claret.org\/pt-pt\/wp-json\/wp\/v2\/media?parent=115160"}],"curies":[{"name":"wp","href":"https:\/\/api.w.org\/{rel}","templated":true}]}}