{"id":115815,"date":"2022-03-24T07:24:53","date_gmt":"2022-03-24T06:24:53","guid":{"rendered":"https:\/\/www.claret.org\/pastoral-biblica-e-comunicacao\/"},"modified":"2023-02-08T12:56:00","modified_gmt":"2023-02-08T11:56:00","slug":"pastoral-biblica-e-comunicacao","status":"publish","type":"page","link":"https:\/\/www.claret.org\/pt-pt\/pastoral-biblica-e-comunicacao\/","title":{"rendered":"Pastoral b\u00edblica e comunica\u00e7\u00e3o"},"content":{"rendered":"<p>[et_pb_section fb_built=&#8221;1&#8243; fullwidth=&#8221;on&#8221; _builder_version=&#8221;4.16&#8243; _module_preset=&#8221;default&#8221; global_colors_info=&#8221;{}&#8221;][et_pb_fullwidth_header title=&#8221;Prefeitura Geral de Pastoral B\u00edblica e Comunica\u00e7\u00e3o&#8221; _builder_version=&#8221;4.19.5&#8243; _module_preset=&#8221;default&#8221; background_color=&#8221;#f76200&#8243; custom_padding=&#8221;91px|||||&#8221; hover_enabled=&#8221;0&#8243; global_colors_info=&#8221;{}&#8221; text_orientation=&#8221;center&#8221; sticky_enabled=&#8221;0&#8243; title_font_size=&#8221;29px&#8221; content_font_size=&#8221;15px&#8221;]<\/p>\n<ul>\n<li>Anima e coordena a Equipe Geral de Comunica\u00e7\u00e3o e a Equipe B\u00edblica da Congrega\u00e7\u00e3o.<\/li>\n<\/ul>\n<p>[\/et_pb_fullwidth_header][\/et_pb_section][et_pb_section fb_built=&#8221;1&#8243; theme_builder_area=&#8221;post_content&#8221; _builder_version=&#8221;4.19.5&#8243; _module_preset=&#8221;default&#8221;][et_pb_row _builder_version=&#8221;4.19.5&#8243; _module_preset=&#8221;default&#8221; column_structure=&#8221;1_3,1_3,1_3&#8243; theme_builder_area=&#8221;post_content&#8221;][et_pb_column _builder_version=&#8221;4.19.5&#8243; _module_preset=&#8221;default&#8221; type=&#8221;1_3&#8243; theme_builder_area=&#8221;post_content&#8221;][\/et_pb_column][et_pb_column _builder_version=&#8221;4.19.5&#8243; _module_preset=&#8221;default&#8221; type=&#8221;1_3&#8243; theme_builder_area=&#8221;post_content&#8221;][et_pb_blurb title=&#8221;Palavra Miss\u00e3o&#8221; image=&#8221;https:\/\/www.claret.org\/wp-content\/uploads\/2023\/02\/DSC05868-scaled.jpg&#8221; _builder_version=&#8221;4.19.5&#8243; _module_preset=&#8221;default&#8221; theme_builder_area=&#8221;post_content&#8221; title_text=&#8221;DSC05868&#8243; text_orientation=&#8221;center&#8221; header_font=&#8221;|800|||||||&#8221; header_font_size=&#8221;25px&#8221; url=&#8221;@ET-DC@eyJkeW5hbWljIjp0cnVlLCJjb250ZW50IjoicG9zdF9saW5rX3VybF9wYWdlIiwic2V0dGluZ3MiOnsicG9zdF9pZCI6IjExNDI5MiJ9fQ==@&#8221; _dynamic_attributes=&#8221;url&#8221; hover_enabled=&#8221;0&#8243; sticky_enabled=&#8221;0&#8243;]<\/p>\n<p style=\"text-align: center;\">Estes projetos Word Mission est\u00e3o dispon\u00edveis para download em diferentes idiomas. Voc\u00ea \u00e9 bem-vindo a us\u00e1-los e compartilhar.<\/p>\n<p>[\/et_pb_blurb][\/et_pb_column][et_pb_column _builder_version=&#8221;4.19.5&#8243; _module_preset=&#8221;default&#8221; type=&#8221;1_3&#8243; theme_builder_area=&#8221;post_content&#8221;][\/et_pb_column][\/et_pb_row][\/et_pb_section]<\/p>\n","protected":false},"excerpt":{"rendered":"<p>Anima e coordena a Equipe Geral de Comunica\u00e7\u00e3o e a Equipe B\u00edblica da Congrega\u00e7\u00e3o. Estes projetos Word Mission est\u00e3o dispon\u00edveis para download em diferentes idiomas. Voc\u00ea \u00e9 bem-vindo a us\u00e1-los e compartilhar.<\/p>\n","protected":false},"author":2,"featured_media":113679,"parent":0,"menu_order":0,"comment_status":"closed","ping_status":"closed","template":"","meta":{"_et_pb_use_builder":"on","_et_pb_old_content":"","_et_gb_content_width":"","footnotes":""},"class_list":["post-115815","page","type-page","status-publish","has-post-thumbnail","hentry"],"jetpack_sharing_enabled":true,"jetpack_shortlink":"https:\/\/wp.me\/PdaBmi-u7Z","jetpack_likes_enabled":true,"_links":{"self":[{"href":"https:\/\/www.claret.org\/pt-pt\/wp-json\/wp\/v2\/pages\/115815","targetHints":{"allow":["GET"]}}],"collection":[{"href":"https:\/\/www.claret.org\/pt-pt\/wp-json\/wp\/v2\/pages"}],"about":[{"href":"https:\/\/www.claret.org\/pt-pt\/wp-json\/wp\/v2\/types\/page"}],"author":[{"embeddable":true,"href":"https:\/\/www.claret.org\/pt-pt\/wp-json\/wp\/v2\/users\/2"}],"replies":[{"embeddable":true,"href":"https:\/\/www.claret.org\/pt-pt\/wp-json\/wp\/v2\/comments?post=115815"}],"version-history":[{"count":0,"href":"https:\/\/www.claret.org\/pt-pt\/wp-json\/wp\/v2\/pages\/115815\/revisions"}],"wp:featuredmedia":[{"embeddable":true,"href":"https:\/\/www.claret.org\/pt-pt\/wp-json\/wp\/v2\/media\/113679"}],"wp:attachment":[{"href":"https:\/\/www.claret.org\/pt-pt\/wp-json\/wp\/v2\/media?parent=115815"}],"curies":[{"name":"wp","href":"https:\/\/api.w.org\/{rel}","templated":true}]}}