{"id":116160,"date":"2022-03-22T09:33:42","date_gmt":"2022-03-22T08:33:42","guid":{"rendered":"https:\/\/www.claret.org\/nosso-sonho\/"},"modified":"2022-03-28T19:33:24","modified_gmt":"2022-03-28T17:33:24","slug":"nosso-sonho","status":"publish","type":"page","link":"https:\/\/www.claret.org\/pt-pt\/nosso-sonho\/","title":{"rendered":"Nosso sonho"},"content":{"rendered":"<p>[et_pb_section fb_built=&#8221;1&#8243; fullwidth=&#8221;on&#8221; _builder_version=&#8221;4.15.1&#8243; _module_preset=&#8221;default&#8221; global_colors_info=&#8221;{}&#8221;][et_pb_fullwidth_header title=&#8221;O Sonho Congregacional&#8221; _builder_version=&#8221;4.15.1&#8243; _module_preset=&#8221;default&#8221; content_font_size=&#8221;18px&#8221; background_color=&#8221;#1777b7&#8243; background_image=&#8221;https:\/\/www.claret.org\/wp-content\/uploads\/2018\/03\/jpic.jpg&#8221; background_blend=&#8221;multiply&#8221; global_colors_info=&#8221;{}&#8221;]A Congrega\u00e7\u00e3o fundada por Claret come\u00e7ou como um grande sonho mission\u00e1rio, em meio a muitas limita\u00e7\u00f5es. Aquele pequeno grupo na cela de Vic \u00e9 hoje uma Congrega\u00e7\u00e3o multicultural chamada a tornar realidade o sonho de Claret. Reunido em Cap\u00edtulo Geral, e movido pelo mesmo Esp\u00edrito que o inspirou e aos primeiros companheiros, e motivado por nosso lema &#8220;enraizado e audacioso&#8221; ( QC 43).[\/et_pb_fullwidth_header][\/et_pb_section][et_pb_section fb_built=&#8221;1&#8243; _builder_version=&#8221;4.15.1&#8243; _module_preset=&#8221;default&#8221; custom_padding=&#8221;35px||24px|||&#8221; global_colors_info=&#8221;{}&#8221;][et_pb_row _builder_version=&#8221;4.15.1&#8243; _module_preset=&#8221;default&#8221; global_colors_info=&#8221;{}&#8221;][et_pb_column type=&#8221;4_4&#8243; _builder_version=&#8221;4.15.1&#8243; _module_preset=&#8221;default&#8221; global_colors_info=&#8221;{}&#8221;][et_pb_text _builder_version=&#8221;4.15.1&#8243; _module_preset=&#8221;default&#8221; text_font=&#8221;Roboto|300|||||||&#8221; text_text_color=&#8221;#000000&#8243; text_font_size=&#8221;28px&#8221; text_line_height=&#8221;1.8em&#8221; text_orientation=&#8221;center&#8221; text_font_size_tablet=&#8221;28px&#8221; text_font_size_phone=&#8221;20px&#8221; text_font_size_last_edited=&#8221;on|phone&#8221; global_colors_info=&#8221;{}&#8221;]Sonhamos com uma Congrega\u00e7\u00e3o peregrina, enraizada na f\u00e9 em Jesus Cristo e na espiritualidade claretiana.[\/et_pb_text][et_pb_divider _builder_version=&#8221;4.15.1&#8243; _module_preset=&#8221;default&#8221; global_colors_info=&#8221;{}&#8221;][\/et_pb_divider][et_pb_text _builder_version=&#8221;4.15.1&#8243; _module_preset=&#8221;default&#8221; text_font=&#8221;Roboto|300|||||||&#8221; text_text_color=&#8221;#000000&#8243; text_font_size=&#8221;28px&#8221; text_line_height=&#8221;1.8em&#8221; text_orientation=&#8221;center&#8221; text_font_size_tablet=&#8221;28px&#8221; text_font_size_phone=&#8221;20px&#8221; text_font_size_last_edited=&#8221;on|phone&#8221; global_colors_info=&#8221;{}&#8221;]Sonhamos, como Claret, com uma Congrega\u00e7\u00e3o que, seguindo o exemplo de Maria, guarda em seu cora\u00e7\u00e3o tesouros, cumpre e proclama a Palavra de Deus.[\/et_pb_text][et_pb_divider _builder_version=&#8221;4.15.1&#8243; _module_preset=&#8221;default&#8221; global_colors_info=&#8221;{}&#8221;][\/et_pb_divider][et_pb_text _builder_version=&#8221;4.15.1&#8243; _module_preset=&#8221;default&#8221; text_font=&#8221;Roboto|300|||||||&#8221; text_text_color=&#8221;#000000&#8243; text_font_size=&#8221;28px&#8221; text_line_height=&#8221;1.8em&#8221; text_orientation=&#8221;center&#8221; text_font_size_tablet=&#8221;28px&#8221; text_font_size_phone=&#8221;20px&#8221; text_font_size_last_edited=&#8221;on|phone&#8221; global_colors_info=&#8221;{}&#8221;]Sonhamos com uma Congrega\u00e7\u00e3o de Mission\u00e1rios que compartilha nossa vida, diversidade e recursos em comunidades moldadas pela miss\u00e3o e minist\u00e9rios que Deus nos confiou. Encorajamo-nos e acompanhamo-nos mutuamente como irm\u00e3os atrav\u00e9s da escuta m\u00fatua, sem excluir ningu\u00e9m.[\/et_pb_text][et_pb_divider _builder_version=&#8221;4.15.1&#8243; _module_preset=&#8221;default&#8221; global_colors_info=&#8221;{}&#8221;][\/et_pb_divider][et_pb_text _builder_version=&#8221;4.15.1&#8243; _module_preset=&#8221;default&#8221; text_font=&#8221;Roboto|300|||||||&#8221; text_text_color=&#8221;#000000&#8243; text_font_size=&#8221;28px&#8221; text_line_height=&#8221;1.8em&#8221; text_orientation=&#8221;center&#8221; text_font_size_tablet=&#8221;28px&#8221; text_font_size_phone=&#8221;20px&#8221; text_font_size_last_edited=&#8221;on|phone&#8221; global_colors_info=&#8221;{}&#8221;]Sonhamos com uma Congrega\u00e7\u00e3o, audaz e itinerante, que, enviada pelo Esp\u00edrito do Senhor (cf. Lc 4, 18; At 8, 28.39), vai em dire\u00e7\u00e3o \u00e0s periferias, aproxima-se dos jovens, caminha com eles e os encoraja a responder ao chamado de Deus.[\/et_pb_text][et_pb_divider _builder_version=&#8221;4.15.1&#8243; _module_preset=&#8221;default&#8221; global_colors_info=&#8221;{}&#8221;][\/et_pb_divider][et_pb_text _builder_version=&#8221;4.15.1&#8243; _module_preset=&#8221;default&#8221; text_font=&#8221;Roboto|300|||||||&#8221; text_text_color=&#8221;#000000&#8243; text_font_size=&#8221;28px&#8221; text_line_height=&#8221;1.8em&#8221; text_orientation=&#8221;center&#8221; text_font_size_tablet=&#8221;28px&#8221; text_font_size_phone=&#8221;20px&#8221; text_font_size_last_edited=&#8221;on|phone&#8221; global_colors_info=&#8221;{}&#8221;]Sonhamos com uma Congrega\u00e7\u00e3o que tenha como ponto de partida a anima\u00e7\u00e3o b\u00edblica de todo o minist\u00e9rio pastoral (cf. VD 73), que evangelize com todos os meios poss\u00edveis na miss\u00e3o compartilhada, no di\u00e1logo inter-religioso e no uso inteligente das diversas formas de meios de comunica\u00e7\u00e3o.[\/et_pb_text][et_pb_divider _builder_version=&#8221;4.15.1&#8243; _module_preset=&#8221;default&#8221; global_colors_info=&#8221;{}&#8221;][\/et_pb_divider][et_pb_text _builder_version=&#8221;4.15.1&#8243; _module_preset=&#8221;default&#8221; text_font=&#8221;Roboto|300|||||||&#8221; text_text_color=&#8221;#000000&#8243; text_font_size=&#8221;28px&#8221; text_line_height=&#8221;1.8em&#8221; text_orientation=&#8221;center&#8221; text_font_size_tablet=&#8221;28px&#8221; text_font_size_phone=&#8221;20px&#8221; text_font_size_last_edited=&#8221;on|phone&#8221; global_colors_info=&#8221;{}&#8221;]Sonhamos com uma Congrega\u00e7\u00e3o comprometida com a fraternidade universal (Fratelli tutti), a justi\u00e7a, a paz e os cuidados com a casa comum (Laudato si&#8217;). Num esp\u00edrito de sinodalidade, colaboramos com pessoas de diferentes culturas, etnias e religi\u00f5es para a transforma\u00e7\u00e3o do mundo de acordo com o projeto de Deus (cf. CC 46).[\/et_pb_text][et_pb_divider _builder_version=&#8221;4.15.1&#8243; _module_preset=&#8221;default&#8221; global_colors_info=&#8221;{}&#8221;][\/et_pb_divider][et_pb_text _builder_version=&#8221;4.15.1&#8243; _module_preset=&#8221;default&#8221; text_font=&#8221;Roboto|300|||||||&#8221; text_text_color=&#8221;#000000&#8243; text_font_size=&#8221;28px&#8221; text_line_height=&#8221;1.8em&#8221; text_orientation=&#8221;center&#8221; text_font_size_tablet=&#8221;28px&#8221; text_font_size_phone=&#8221;20px&#8221; text_font_size_last_edited=&#8221;on|phone&#8221; global_colors_info=&#8221;{}&#8221;]Sonhamos com uma Congrega\u00e7\u00e3o preparada para responder a novos desafios atrav\u00e9s de um processo integral e cont\u00ednuo de forma\u00e7\u00e3o, aberta \u00e0 miss\u00e3o universal, segundo o esp\u00edrito e o carisma de nosso Padre Fundador.[\/et_pb_text][\/et_pb_column][\/et_pb_row][\/et_pb_section][et_pb_section fb_built=&#8221;1&#8243; fullwidth=&#8221;on&#8221; _builder_version=&#8221;4.15.1&#8243; _module_preset=&#8221;default&#8221; global_colors_info=&#8221;{}&#8221;][et_pb_fullwidth_header _builder_version=&#8221;4.15.1&#8243; _module_preset=&#8221;default&#8221; background_enable_image=&#8221;off&#8221; parallax=&#8221;on&#8221; global_colors_info=&#8221;{}&#8221;][\/et_pb_fullwidth_header][\/et_pb_section]<\/p>\n","protected":false},"excerpt":{"rendered":"<p>A Congrega\u00e7\u00e3o fundada por Claret come\u00e7ou como um grande sonho mission\u00e1rio, em meio a muitas limita\u00e7\u00f5es. Aquele pequeno grupo na cela de Vic \u00e9 hoje uma Congrega\u00e7\u00e3o multicultural chamada a tornar realidade o sonho de Claret. Reunido em Cap\u00edtulo Geral, e movido pelo mesmo Esp\u00edrito que o inspirou e aos primeiros companheiros, e motivado por [&hellip;]<\/p>\n","protected":false},"author":2,"featured_media":0,"parent":0,"menu_order":0,"comment_status":"closed","ping_status":"closed","template":"","meta":{"_et_pb_use_builder":"on","_et_pb_old_content":"","_et_gb_content_width":"","footnotes":""},"class_list":["post-116160","page","type-page","status-publish","hentry"],"jetpack_sharing_enabled":true,"jetpack_shortlink":"https:\/\/wp.me\/PdaBmi-udy","jetpack_likes_enabled":true,"_links":{"self":[{"href":"https:\/\/www.claret.org\/pt-pt\/wp-json\/wp\/v2\/pages\/116160","targetHints":{"allow":["GET"]}}],"collection":[{"href":"https:\/\/www.claret.org\/pt-pt\/wp-json\/wp\/v2\/pages"}],"about":[{"href":"https:\/\/www.claret.org\/pt-pt\/wp-json\/wp\/v2\/types\/page"}],"author":[{"embeddable":true,"href":"https:\/\/www.claret.org\/pt-pt\/wp-json\/wp\/v2\/users\/2"}],"replies":[{"embeddable":true,"href":"https:\/\/www.claret.org\/pt-pt\/wp-json\/wp\/v2\/comments?post=116160"}],"version-history":[{"count":0,"href":"https:\/\/www.claret.org\/pt-pt\/wp-json\/wp\/v2\/pages\/116160\/revisions"}],"wp:attachment":[{"href":"https:\/\/www.claret.org\/pt-pt\/wp-json\/wp\/v2\/media?parent=116160"}],"curies":[{"name":"wp","href":"https:\/\/api.w.org\/{rel}","templated":true}]}}