{"id":117898,"date":"2022-03-22T09:33:41","date_gmt":"2022-03-22T08:33:41","guid":{"rendered":"https:\/\/www.claret.org\/fundadores\/"},"modified":"2022-10-18T12:06:50","modified_gmt":"2022-10-18T10:06:50","slug":"fundadores","status":"publish","type":"page","link":"https:\/\/www.claret.org\/pt-pt\/fundadores\/","title":{"rendered":"Fundadores"},"content":{"rendered":"<p>[et_pb_section fb_built=&#8221;1&#8243; fullwidth=&#8221;on&#8221; _builder_version=&#8221;4.16&#8243; _module_preset=&#8221;default&#8221; global_colors_info=&#8221;{}&#8221;][et_pb_fullwidth_header title=&#8221;Fundadores&#8221; background_overlay_color=&#8221;rgba(255,255,255,0.83)&#8221; _builder_version=&#8221;4.16.1&#8243; _module_preset=&#8221;default&#8221; content_text_color=&#8221;#000000&#8243; background_color=&#8221;#0C71C3&#8243; background_enable_image=&#8221;off&#8221; background_layout=&#8221;light&#8221; global_colors_info=&#8221;{}&#8221;]A Congrega\u00e7\u00e3o dos Mission\u00e1rios Filhos do Imaculado Cora\u00e7\u00e3o de Maria, tamb\u00e9m conhecidos como Mission\u00e1rios Claretianos, foi fundada em 16 de julho de 1849, em Vic, Espanha, por Santo Ant\u00f4nio Maria Claret e outros cinco jovens sacerdotes, Pe. Jos\u00e9 Xifr\u00e9, Pe. Est\u00eav\u00e3o Sala, Pe. Domingos Fabregas, Pe. Manuel Vilaro, Pe. Jaume Clotet.[\/et_pb_fullwidth_header][\/et_pb_section][et_pb_section fb_built=&#8221;1&#8243; _builder_version=&#8221;4.16&#8243; _module_preset=&#8221;default&#8221; global_colors_info=&#8221;{}&#8221;][et_pb_row column_structure=&#8221;1_3,2_3&#8243; _builder_version=&#8221;4.16&#8243; _module_preset=&#8221;default&#8221; global_colors_info=&#8221;{}&#8221;][et_pb_column type=&#8221;1_3&#8243; _builder_version=&#8221;4.16&#8243; _module_preset=&#8221;default&#8221; global_colors_info=&#8221;{}&#8221;][et_pb_image src=&#8221;https:\/\/www.claret.org\/wp-content\/uploads\/2022\/07\/st-anthony-mary-claret.webp&#8221; title_text=&#8221;st anthony mary claret&#8221; _builder_version=&#8221;4.17.4&#8243; _module_preset=&#8221;default&#8221; filter_hue_rotate=&#8221;37deg&#8221; filter_saturate=&#8221;47%&#8221; filter_brightness=&#8221;98%&#8221; filter_contrast=&#8221;131%&#8221; filter_invert=&#8221;9%&#8221; filter_sepia=&#8221;57%&#8221; box_shadow_style=&#8221;preset2&#8243; global_colors_info=&#8221;{}&#8221;][\/et_pb_image][\/et_pb_column][et_pb_column type=&#8221;2_3&#8243; _builder_version=&#8221;4.16&#8243; _module_preset=&#8221;default&#8221; global_colors_info=&#8221;{}&#8221;][et_pb_text _builder_version=&#8221;4.18.0&#8243; _module_preset=&#8221;default&#8221; hover_enabled=&#8221;0&#8243; global_colors_info=&#8221;{}&#8221; sticky_enabled=&#8221;0&#8243;]<\/p>\n<h1> Santo Ant\u00f4nio Maria Claret <\/h1>\n<p> Ant\u00f4nio Jo\u00e3o Adjutor Claret y Clara nasceu em Sallent (Barcelona) em 23 de dezembro de 1807, em uma fam\u00edlia de um fabricante t\u00eaxtil. Ele \u00e9 o quinto de onze filhos. Ele foi enviado a Barcelona para estudar, tendo em vista seus neg\u00f3cios. Apesar de algumas ofertas para montar sua pr\u00f3pria f\u00e1brica, ele se recusa a satisfazer os desejos de seu pai e decide desistir de tudo para se tornar um Carthusian. Mas ele acabou entrando no semin\u00e1rio de Vic e foi ordenado sacerdote diocesano. Embora n\u00e3o tivesse conclu\u00eddo seus estudos teol\u00f3gicos, em 13 de junho de 1835, foi ordenado sacerdote porque seu bispo, Paulo de Jesus Corcuera, viu algo extraordin\u00e1rio em sua personalidade. Ele foi a Roma para oferecer seus servi\u00e7os diretamente \u00e0 Propaganda Fide, ent\u00e3o encarregado da tarefa de evangeliza\u00e7\u00e3o em todo o mundo. Enquanto estava em Roma, ele entrou na Companhia de Jesus como novi\u00e7o, mas ap\u00f3s quatro meses foi convidado a partir e voltar para a Espanha.<\/p>\n<p>Depois de voltar \u00e0 Catalunha, ele se dedicou \u00e0s miss\u00f5es populares. Em nome da comunh\u00e3o com a hierarquia e as faculdades pastorais envolvidas, ele pede \u00e0 Propaganda Fide o t\u00edtulo de &#8220;Mission\u00e1rio Apost\u00f3lico&#8221;, que ele preenche com conte\u00fado espiritual e apost\u00f3lico. Ele percorre grande parte da Catalunha entre 1843 e 1848, pregando a Palavra de Deus, sempre a p\u00e9, n\u00e3o arrecadando dinheiro ou presentes para seu minist\u00e9rio. Isso o move a imitar Jesus Cristo e os ap\u00f3stolos. Em 1848 funda a Biblioteca Religiosa, uma editora que em seus primeiros dezoito anos lan\u00e7a 2.811.100 exemplares de livros, 2.509.500 de pequenos livros e 4.249.200 folhetos. Fundou a Confraria do Imaculado Cora\u00e7\u00e3o de Maria e escreveu o livro &#8220;Filhas do Beato e Imaculado Cora\u00e7\u00e3o de Maria&#8221;, que eventualmente inspirou a funda\u00e7\u00e3o do instituto secular de Filia\u00e7\u00e3o Cordim\u00e1ria. Ele foi enviado para as Ilhas Can\u00e1rias e foi chamado de &#8220;el Padrito&#8221;. Tornou-se t\u00e3o popular que \u00e9 co-patrono da diocese de Las Palmas junto com a Virgen del Pino.<\/p>\n<p>Fundou a Congrega\u00e7\u00e3o dos Filhos Mission\u00e1rios do Imaculado Cora\u00e7\u00e3o de Maria em 16 de julho de 1849, e poucos dias depois foi nomeado Arcebispo de Santiago de Cuba e consagrado bispo em 6 de outubro de 1850, na Catedral de Vic. Ele foi bispo mission\u00e1rio. Em seis anos, ele visitou sua vasta diocese tr\u00eas vezes. Ele se sente preocupado com a renova\u00e7\u00e3o espiritual e pastoral do clero e com a funda\u00e7\u00e3o de comunidades religiosas. Junto com Antonia Maria Paris fundou as Irm\u00e3s Mission\u00e1rias Claretianas Religiosas de Maria Imaculada. Ele lutou contra a escravid\u00e3o, criou uma escola agr\u00edcola para crian\u00e7as pobres, criou um banco de poupan\u00e7a com um marcado car\u00e1ter social, fundou bibliotecas populares, escreveu dois livros sobre agricultura, etc.<\/p>\n<p> A Rainha Isabel II o escolhe pessoalmente como seu Confessor em 1857 e, portanto, ele deve mudar-se para Madri. Em 1859, a Rainha o nomeou Protetor da igreja e hospital de Montserrat, Madri, e Presidente do mosteiro de El Escorial. Sua uni\u00e3o com Jesus Cristo atinge um pico na gra\u00e7a da conserva\u00e7\u00e3o das esp\u00e9cies sacramentais, concedida em La Granja (Segovia) em 26 de agosto de 1861. Ap\u00f3s a revolu\u00e7\u00e3o de setembro de 1868, ele vai com a Rainha para o ex\u00edlio. Em abril de 1869, ele deixa a corte real e participa do Conc\u00edlio Vaticano I, onde interv\u00e9m apaixonadamente em favor da infalibilidade papal.<\/p>\n<p> Voltando \u00e0 Fran\u00e7a, devido \u00e0s cont\u00ednuas persegui\u00e7\u00f5es, ele foi for\u00e7ado a fugir como criminoso e refugiar-se no mosteiro cisterciense de Fontfroide, perto de Narbonne. Neste mosteiro escondido, cercado pelo amor dos monges e de alguns de seus mission\u00e1rios, ele morre, aos 62 anos e 10 meses de idade, em 24 de outubro de 1870.<\/p>\n<p>Os seus restos mortais foram transferidos para Vic em 1897. Ele foi beatificado pelo Papa Pio XI em 25 de fevereiro de 1934 e canonizado por Pio XII em 7 de maio de 1950.<\/p>\n<p><a href=\"https:\/\/www.claret.org\/pt-pt\/nossa-congregacao\/santo-antonio-maria-claret\/\">Biografia<\/a> | <a href=\"https:\/\/www.claret.org\/pt-pt\/recursos\/liturgia-claretiana\/\">Liturgia<\/a> | <a href=\"\/?page_id=115804\">V\u00e1cuo<\/a> | <a href=\"https:\/\/www.cescvic.org\/nunc\/\" target=\"_blank\" rel=\"noopener nofollow\">Claret-NUNC<\/a> | Bicenten\u00e1rio | <a href=\"\/? page_id=73314\">150 Anivers\u00e1rio da Morte<\/a> | <a href=\"https:\/\/www.cescvic.org\/\" target=\"_blank\" rel=\"noopener nofollow\">Recursos<\/a> | <a href=\"https:\/\/drive.google.com\/drive\/folders\/1QHcF2GVjG_GREoXWuZ7OajSCweWv4N83\" target=\"_blank\" rel=\"noopener nofollow\">Fotos<\/a><\/p>\n<p>[\/et_pb_text][\/et_pb_column][\/et_pb_row][et_pb_row column_structure=&#8221;1_3,2_3&#8243; _builder_version=&#8221;4.16&#8243; _module_preset=&#8221;default&#8221; global_colors_info=&#8221;{}&#8221;][et_pb_column type=&#8221;1_3&#8243; _builder_version=&#8221;4.16&#8243; _module_preset=&#8221;default&#8221; global_colors_info=&#8221;{}&#8221;][et_pb_image src=&#8221;https:\/\/www.claret.org\/wp-content\/uploads\/2022\/07\/stephen-sala-scaled.webp&#8221; title_text=&#8221;stephen sala&#8221; _builder_version=&#8221;4.17.4&#8243; _module_preset=&#8221;default&#8221; filter_hue_rotate=&#8221;131deg&#8221; filter_saturate=&#8221;44%&#8221; filter_brightness=&#8221;94%&#8221; filter_contrast=&#8221;116%&#8221; filter_invert=&#8221;9%&#8221; filter_sepia=&#8221;45%&#8221; box_shadow_style=&#8221;preset2&#8243; global_colors_info=&#8221;{}&#8221;][\/et_pb_image][\/et_pb_column][et_pb_column type=&#8221;2_3&#8243; _builder_version=&#8221;4.16&#8243; _module_preset=&#8221;default&#8221; global_colors_info=&#8221;{}&#8221;][et_pb_text _builder_version=&#8221;4.18.0&#8243; _module_preset=&#8221;default&#8221; hover_enabled=&#8221;0&#8243; global_colors_info=&#8221;{}&#8221; sticky_enabled=&#8221;0&#8243;]<\/p>\n<h1>Estev\u00e3o Sala<\/h1>\n<p>Ele nasceu em 28 de maio de 1812 em uma fazenda que pertencia \u00e0 par\u00f3quia de Saint Martin de Sescors (Barcelona), distante uma hora de Manlleu e tr\u00eas de Vic. Em 1828 ele iniciou o estudo da Filosofia no semin\u00e1rio de Vic e, mais tarde, assumiu a Teologia em Cervera. Em 1839 ele foi ordenado sacerdote. Em 1843 ele conheceu o Pe. Claret durante os Exerc\u00edcios Espirituais que este \u00faltimo deu aos padres em Gombreny. Estes Exerc\u00edcios significaram uma mudan\u00e7a radical para o Pe. Sala. O Pe. Benito Vilamitjana, futuro Arcebispo de Tarragona, que compartilhou a sala com o Pe. Sala, deu testemunho de sua convers\u00e3o. Desde ent\u00e3o, ele acompanhou o Pe. Claret em muitas de suas miss\u00f5es. Ele foi a primeira pessoa que o Pe. Claret recrutou para a funda\u00e7\u00e3o da Congrega\u00e7\u00e3o, \u00e0 qual seu irm\u00e3o Bernard tamb\u00e9m se juntaria mais tarde. Quando o Pe. Claret foi para Cuba como Arcebispo, ele nomeou o Pe. Sala seu sucessor como Superior Geral da Congrega\u00e7\u00e3o. Ele tamb\u00e9m dirigiu a rec\u00e9m fundada Congrega\u00e7\u00e3o das Irm\u00e3s Carmelitas da Caridade. O Pe. Xifr\u00e9 escreveu sobre ele: &#8220;ele era de altura regular e figura agrad\u00e1vel; com uma voz clara e boa dic\u00e7\u00e3o&#8221;. Era bem humilde e manso de cora\u00e7\u00e3o, zeloso e, sobretudo, t\u00e3o casto e puro de cora\u00e7\u00e3o que n\u00e3o hesitamos em afirmar que nunca em sua vida ele perdeu sua gra\u00e7a batismal&#8221;. Ele era um dos melhores talentos da ent\u00e3o Universidade de Cervera. Como pregador, ele estava entre os mais conceituados de seu tempo no principado da Catalunha&#8221;. O Pe. Claret conseguiu que ele nomeasse seu sucessor na arquidiocese de Cuba, mas a doen\u00e7a e a morte do Pe. Stephen Sala, em 18 de abril de 1858, impediu que esse desejo se tornasse realidade. Ele tinha 45 anos de idade.<\/p>\n<p><a href=\"https:\/\/drive.google.com\/drive\/folders\/1PRFSoEBILY28NeSe0sVksMBqTBz6TTCn\" target=\"_blank\" rel=\"noopener nofollow\">Fotos<\/a> | <a href=\"https:\/\/www.claret.org\/general-superiors\/esteve-sala\/\">Cartas e Mensagens Circulares<\/a><\/p>\n<p>[\/et_pb_text][\/et_pb_column][\/et_pb_row][et_pb_row column_structure=&#8221;1_3,2_3&#8243; _builder_version=&#8221;4.16&#8243; _module_preset=&#8221;default&#8221; global_colors_info=&#8221;{}&#8221;][et_pb_column type=&#8221;1_3&#8243; _builder_version=&#8221;4.16&#8243; _module_preset=&#8221;default&#8221; global_colors_info=&#8221;{}&#8221;][et_pb_image src=&#8221;https:\/\/www.claret.org\/wp-content\/uploads\/2022\/07\/Xifre-2.webp&#8221; title_text=&#8221;Xifre (2)&#8221; _builder_version=&#8221;4.17.4&#8243; _module_preset=&#8221;default&#8221; filter_hue_rotate=&#8221;131deg&#8221; filter_saturate=&#8221;44%&#8221; filter_brightness=&#8221;94%&#8221; filter_contrast=&#8221;116%&#8221; filter_invert=&#8221;9%&#8221; filter_sepia=&#8221;45%&#8221; box_shadow_style=&#8221;preset2&#8243; global_colors_info=&#8221;{}&#8221;][\/et_pb_image][\/et_pb_column][et_pb_column type=&#8221;2_3&#8243; _builder_version=&#8221;4.16&#8243; _module_preset=&#8221;default&#8221; global_colors_info=&#8221;{}&#8221;][et_pb_text _builder_version=&#8221;4.18.0&#8243; _module_preset=&#8221;default&#8221; hover_enabled=&#8221;0&#8243; global_colors_info=&#8221;{}&#8221; sticky_enabled=&#8221;0&#8243;]<\/p>\n<h1> Jos\u00e9 Xifr\u00e9 <\/h1>\n<p>Nasceu em uma fazenda no bairro de Vic (Barcelona) em 18 de fevereiro de 1817. Em 1829 iniciou sua carreira eclesi\u00e1stica nesta mesma cidade. Naquela \u00e9poca, n\u00e3o era poss\u00edvel que ningu\u00e9m fosse ordenado sacerdote na Espanha por causa da situa\u00e7\u00e3o de guerra civil. Como conseq\u00fc\u00eancia, Jos\u00e9 Xifr\u00e9 foi para Roma em 1839 e se hospedou no convento de S\u00e3o Bas\u00edlio. L\u00e1 ele se encontrou providencialmente com o Pe. Claret que tinha ido para l\u00e1 com a inten\u00e7\u00e3o de se unir \u00e0 Propaga\u00e7\u00e3o da F\u00e9. Em 16 de fevereiro de 1840 ele foi ordenado sacerdote e retornou \u00e0 Espanha. Seu esp\u00edrito apost\u00f3lico era muito semelhante ao de Claret. Desde muito cedo ele sentiu o desejo de dedicar-se \u00e0 prega\u00e7\u00e3o, levando uma vida pobre e viajando a p\u00e9; durante v\u00e1rios anos ele seguiu este estilo de apostolado. Junto com o Padre Claret, fundou a Congrega\u00e7\u00e3o dos Mission\u00e1rios. Ele possu\u00eda um grande talento e intelig\u00eancia, era alto e esbelto, de tez escura e olhos brilhantes, um personagem e tanto. Sob uma apar\u00eancia austera ele escondeu um cora\u00e7\u00e3o grande e magn\u00e2nimo, imperturb\u00e1vel em perigos, um ardente empreendedor. Ap\u00f3s a morte do Pe. Stephen Sala, ele foi designado terceiro Superior Geral em 1\u00ba de maio de 1858 e ocupou este cargo at\u00e9 sua morte. Enquanto o Fundador ainda estava vivo, o Pe. Xifr\u00e9 sempre o considerou como Superior, e manteve com ele uma correspond\u00eancia cont\u00ednua; foi ele quem ordenou ao Pe. Claret que escrevesse sua Autobiografia. Exilado na Fran\u00e7a ap\u00f3s a revolu\u00e7\u00e3o, acompanhou o Pe. Claret durante os \u00faltimos dias de sua vida em Fontfroide, deu-lhe os \u00faltimos sacramentos e recebeu sua profiss\u00e3o religiosa. Desde ent\u00e3o, toda sua vida foi uma dedica\u00e7\u00e3o cont\u00ednua \u00e0 Congrega\u00e7\u00e3o, fazendo-a crescer at\u00e9 o pr\u00f3prio dia de sua morte, que ocorreu em 1899 em Cervera.<\/p>\n<p><a href=\"https:\/\/drive.google.com\/drive\/folders\/10zLziL9guWsEINwFYp_cgJ99bC1tKRRz\" target=\"_blank\" rel=\"noopener nofollow\">Fotos<\/a> | <a href=\"https:\/\/www.claret.org\/general-superiors\/josep-xifre\/\">Circulos e Mensagens<\/a> | <a href=\"https:\/\/www.cescvic.org\/en\/xifre-year\/\" target=\"_blank\" rel=\"noopener nofollow\">Bicenten\u00e1rio de seu nascimento<\/a><\/p>\n<p>[\/et_pb_text][\/et_pb_column][\/et_pb_row][et_pb_row column_structure=&#8221;1_3,2_3&#8243; _builder_version=&#8221;4.16&#8243; _module_preset=&#8221;default&#8221; global_colors_info=&#8221;{}&#8221;][et_pb_column type=&#8221;1_3&#8243; _builder_version=&#8221;4.16&#8243; _module_preset=&#8221;default&#8221; global_colors_info=&#8221;{}&#8221;][et_pb_image src=&#8221;https:\/\/www.claret.org\/wp-content\/uploads\/2022\/07\/manuel-vilaro-scaled.webp&#8221; title_text=&#8221;manuel vilaro&#8221; _builder_version=&#8221;4.17.4&#8243; _module_preset=&#8221;default&#8221; filter_hue_rotate=&#8221;131deg&#8221; filter_saturate=&#8221;44%&#8221; filter_brightness=&#8221;94%&#8221; filter_contrast=&#8221;116%&#8221; filter_invert=&#8221;9%&#8221; filter_sepia=&#8221;45%&#8221; box_shadow_style=&#8221;preset2&#8243; global_colors_info=&#8221;{}&#8221;][\/et_pb_image][\/et_pb_column][et_pb_column type=&#8221;2_3&#8243; _builder_version=&#8221;4.16&#8243; _module_preset=&#8221;default&#8221; global_colors_info=&#8221;{}&#8221;][et_pb_text _builder_version=&#8221;4.18.0&#8243; _module_preset=&#8221;default&#8221; hover_enabled=&#8221;0&#8243; global_colors_info=&#8221;{}&#8221; sticky_enabled=&#8221;0&#8243;]<\/p>\n<h1>Manuel Vilaro<\/h1>\n<p>Nasceu em Vic (Barcelona) em 22 de setembro de 1816. Era de baixa estatura, mas de porte agrad\u00e1vel, gentil, alegre e modesto. Foi um dos primeiros a acompanhar o Pe. Claret em suas obras apost\u00f3licas. Devido \u00e0s suas excelentes qualidades, foi escolhido para a funda\u00e7\u00e3o da Congrega\u00e7\u00e3o. Foi ao ouvir a declara\u00e7\u00e3o do Pe. Claret, &#8220;Hoje come\u00e7amos uma grande obra&#8221;, com um sorriso bem-humorado, retorquiu: &#8220;O que podemos fazer, j\u00e1 que somos t\u00e3o jovens e t\u00e3o poucos?&#8221; Claret respondeu: &#8220;Voc\u00ea vai ver&#8221;. Se formos jovens e poucos, mais o poder e a miseric\u00f3rdia de Deus brilhar\u00e3o&#8221;. O Padre Vilar\u00f3 tamb\u00e9m foi escolhido para acompanhar o Padre Claret quando este \u00faltimo foi a Santiago de Cuba como Arcebispo. L\u00e1 ele trabalhou incansavelmente pregando miss\u00f5es, retiros e confer\u00eancias, mas, v\u00edtima de seu grande zelo, ele teve que voltar a Vic em 1852. L\u00e1, a pedido de sua fam\u00edlia, ele ficou em sua casa e n\u00e3o com a comunidade; ele fez isso talvez para n\u00e3o distrair a aten\u00e7\u00e3o dos mission\u00e1rios que cuidavam dele, j\u00e1 que eram muito poucos. Mas em seu cora\u00e7\u00e3o, ele esteve sempre com eles at\u00e9 sua morte, que ocorreu alguns meses depois. Em sua doen\u00e7a, ele sempre foi atendido pelo Pe. Clotet, cujos bra\u00e7os muito provavelmente morreram. Devido aos \u00faltimos acontecimentos de sua vida, o Pe. Xifr\u00e9 o considerava exclu\u00eddo da Congrega\u00e7\u00e3o. O Cap\u00edtulo Geral de 1922 o reabilitou e o colocou novamente no mesmo n\u00edvel dos demais cofundadores.<\/p>\n<p>O Pe. Claret escreve em sua Autobiografia sobre o Pe. Vilar\u00f3 (n. 592): &#8220;Eu o fiz meu secret\u00e1rio e ele cumpriu muito bem este trabalho. Al\u00e9m de atuar como meu secret\u00e1rio, ele tamb\u00e9m pregou e ouviu confiss\u00f5es com freq\u00fc\u00eancia. Ele era bem educado, virtuoso, zeloso e trabalhador. Ele adoeceu e como os m\u00e9dicos em Cuba n\u00e3o podiam fazer nada por ele, mandaram-no de volta para a Espanha, onde ele morreu em sua cidade natal de Vic&#8221;.<\/p>\n<p><a href=\"https:\/\/drive.google.com\/drive\/folders\/1SC3iJIkuKs5e7RWM1Vcaj4s5QIxHZP80\" target=\"_blank\" rel=\"noopener nofollow\">Fotos<\/a> |<\/p>\n<p>&nbsp;<\/p>\n<p>[\/et_pb_text][\/et_pb_column][\/et_pb_row][et_pb_row column_structure=&#8221;1_3,2_3&#8243; _builder_version=&#8221;4.16&#8243; _module_preset=&#8221;default&#8221; global_colors_info=&#8221;{}&#8221;][et_pb_column type=&#8221;1_3&#8243; _builder_version=&#8221;4.16&#8243; _module_preset=&#8221;default&#8221; global_colors_info=&#8221;{}&#8221;][et_pb_image src=&#8221;https:\/\/www.claret.org\/wp-content\/uploads\/2022\/07\/fabregas-scaled.webp&#8221; title_text=&#8221;fabregas&#8221; _builder_version=&#8221;4.17.4&#8243; _module_preset=&#8221;default&#8221; filter_hue_rotate=&#8221;131deg&#8221; filter_saturate=&#8221;44%&#8221; filter_brightness=&#8221;94%&#8221; filter_contrast=&#8221;116%&#8221; filter_invert=&#8221;9%&#8221; filter_sepia=&#8221;45%&#8221; box_shadow_style=&#8221;preset2&#8243; global_colors_info=&#8221;{}&#8221;][\/et_pb_image][\/et_pb_column][et_pb_column type=&#8221;2_3&#8243; _builder_version=&#8221;4.16&#8243; _module_preset=&#8221;default&#8221; global_colors_info=&#8221;{}&#8221;][et_pb_text _builder_version=&#8221;4.18.0&#8243; _module_preset=&#8221;default&#8221; hover_enabled=&#8221;0&#8243; global_colors_info=&#8221;{}&#8221; sticky_enabled=&#8221;0&#8243;]<\/p>\n<h1>Domingos Fabregas<\/h1>\n<p>Nasceu em Or\u00eds (Barcelona) em 10 de julho de 1817. Era bastante curto, simples e t\u00edmido, de car\u00e1ter algo melanc\u00f3lico, industrioso, com uma voz clara e penetrante que atra\u00eda grandes audi\u00eancias para seus serm\u00f5es. Como Xifr\u00e9, e talvez junto com ele, ele tamb\u00e9m teve que ir a Roma e ficar no convento de S\u00e3o Bas\u00edlio. L\u00e1, pela primeira vez, ele teve contato com o famoso &#8220;Mos\u00e9n&#8221; Claret, que muito provavelmente j\u00e1 conhecia, j\u00e1 que ele estava apenas dois anos \u00e0 sua frente no semin\u00e1rio. Ele foi ordenado sacerdote em Roma. De volta \u00e0 Espanha, ele se dedicou \u00e0 cura de almas at\u00e9 que um dia foi chamado por Dom Casadevall que o convidou para entrar em contato com Mos\u00e9n Claret. Em 16 de julho de 1849 ele fundou a Congrega\u00e7\u00e3o junto com Claret e os outros companheiros. Ele foi conselheiro geral da Congrega\u00e7\u00e3o. Ele foi respons\u00e1vel pela funda\u00e7\u00e3o da casa de Seg\u00f3via em 1861 e dedicou-se \u00e0 prega\u00e7\u00e3o em toda a regi\u00e3o. Ele tamb\u00e9m foi encarregado da funda\u00e7\u00e3o de Huesca. Ap\u00f3s v\u00e1rios compromissos em toda a Catalunha, j\u00e1 adiantados em anos, a morte o alcan\u00e7ou em Solsona, no ano de 1895.<\/p>\n<p><a href=\"https:\/\/drive.google.com\/drive\/folders\/1v_REGXxiuymNoO9B2aWFxEeJd78w1nMB\" target=\"_blank\" rel=\"noopener nofollow\">Fotos<\/a> |<\/p>\n<p>&nbsp;<\/p>\n<p>[\/et_pb_text][\/et_pb_column][\/et_pb_row][et_pb_row column_structure=&#8221;1_3,2_3&#8243; _builder_version=&#8221;4.16&#8243; _module_preset=&#8221;default&#8221; global_colors_info=&#8221;{}&#8221;][et_pb_column type=&#8221;1_3&#8243; _builder_version=&#8221;4.16&#8243; _module_preset=&#8221;default&#8221; global_colors_info=&#8221;{}&#8221;][et_pb_image src=&#8221;https:\/\/www.claret.org\/wp-content\/uploads\/2022\/07\/jaime-clotet-scaled.webp&#8221; title_text=&#8221;jaime clotet&#8221; _builder_version=&#8221;4.17.4&#8243; _module_preset=&#8221;default&#8221; filter_hue_rotate=&#8221;131deg&#8221; filter_saturate=&#8221;44%&#8221; filter_brightness=&#8221;94%&#8221; filter_contrast=&#8221;116%&#8221; filter_invert=&#8221;9%&#8221; filter_sepia=&#8221;45%&#8221; box_shadow_style=&#8221;preset2&#8243; global_colors_info=&#8221;{}&#8221;][\/et_pb_image][\/et_pb_column][et_pb_column type=&#8221;2_3&#8243; _builder_version=&#8221;4.16&#8243; _module_preset=&#8221;default&#8221; global_colors_info=&#8221;{}&#8221;][et_pb_text _builder_version=&#8221;4.18.0&#8243; _module_preset=&#8221;default&#8221; hover_enabled=&#8221;0&#8243; global_colors_info=&#8221;{}&#8221; sticky_enabled=&#8221;0&#8243;]<\/p>\n<h1>Jaume Clotet<\/h1>\n<p>Ele nasceu em Manresa (Barcelona) em 24 de julho de 1822. Estudou filosofia e teologia em Barcelona, depois mudou-se para Vic, estudando moral. Ele foi para Roma, onde foi ordenado sacerdote. Quando retornou \u00e0 Espanha, ocupou v\u00e1rios cargos pastorais, mas logo percebeu que sua voca\u00e7\u00e3o n\u00e3o era o cuidado das almas. A conselho do Sr. Passarell, secret\u00e1rio do bispo de Vic, ele se encontrou com o Padre Claret, que ele conhecia apenas por rumores. Est\u00e1vamos em junho de 1849. Ele se uniu ao Padre Claret em julho para fundar a Congrega\u00e7\u00e3o. Ele logo assumiu o encargo dos primeiros Irm\u00e3os da Congrega\u00e7\u00e3o. Em 1858, ele foi nomeado Subdiretor Geral da Congrega\u00e7\u00e3o. Em 1870, ele acompanhou o Pe. Claret em Fontfroide durante seus \u00faltimos dias, escrevendo um resumo de sua vida. Em 1888 ele deixou de ser Subdiretor Geral e se tornou Secret\u00e1rio. Ele escreveu livros sobre a catequese dos surdos e mudos e promoveu a Causa da Beatifica\u00e7\u00e3o do Padre Claret. Em 1898 ele morreu na casa de Gracia (Barcelona) com reputa\u00e7\u00e3o de santidade. Sua causa de beatifica\u00e7\u00e3o \u00e9 introduzida em Roma.<\/p>\n<p>Um breve retrato de um bi\u00f3grafo: &#8220;amado e venerado por todos, incans\u00e1vel forjador de sua pr\u00f3pria perfei\u00e7\u00e3o crist\u00e3 e religiosa; sol\u00edcito do bem-estar de cada um; que passou pela terra deixando atr\u00e1s de si um suave perfume de santidade&#8221;. Ele n\u00e3o tinha nenhum inimigo&#8221;.<\/p>\n<p><a href=\"https:\/\/drive.google.com\/drive\/folders\/1-JDEbbAREKWOGoU4mGc6qDW3MC-F6yzB\" target=\"_blank\" rel=\"noopener nofollow\">Fotos<\/a> | <a href=\"https:\/\/www.claret.org\/pt-pt\/fundadores\/ano-clotet\/\">Clotet Year<\/a> <\/p>\n<p>[\/et_pb_text][\/et_pb_column][\/et_pb_row][\/et_pb_section]<\/p>\n","protected":false},"excerpt":{"rendered":"<p>A Congrega\u00e7\u00e3o dos Mission\u00e1rios Filhos do Imaculado Cora\u00e7\u00e3o de Maria, tamb\u00e9m conhecidos como Mission\u00e1rios Claretianos, foi fundada em 16 de julho de 1849, em Vic, Espanha, por Santo Ant\u00f4nio Maria Claret e outros cinco jovens sacerdotes, Pe. Jos\u00e9 Xifr\u00e9, Pe. Est\u00eav\u00e3o Sala, Pe. Domingos Fabregas, Pe. Manuel Vilaro, Pe. Jaume Clotet. Santo Ant\u00f4nio Maria Claret [&hellip;]<\/p>\n","protected":false},"author":2,"featured_media":162284,"parent":0,"menu_order":0,"comment_status":"closed","ping_status":"closed","template":"","meta":{"_et_pb_use_builder":"on","_et_pb_old_content":"","_et_gb_content_width":"","footnotes":""},"class_list":["post-117898","page","type-page","status-publish","has-post-thumbnail","hentry"],"jetpack_sharing_enabled":true,"jetpack_shortlink":"https:\/\/wp.me\/PdaBmi-uFA","jetpack_likes_enabled":true,"_links":{"self":[{"href":"https:\/\/www.claret.org\/pt-pt\/wp-json\/wp\/v2\/pages\/117898","targetHints":{"allow":["GET"]}}],"collection":[{"href":"https:\/\/www.claret.org\/pt-pt\/wp-json\/wp\/v2\/pages"}],"about":[{"href":"https:\/\/www.claret.org\/pt-pt\/wp-json\/wp\/v2\/types\/page"}],"author":[{"embeddable":true,"href":"https:\/\/www.claret.org\/pt-pt\/wp-json\/wp\/v2\/users\/2"}],"replies":[{"embeddable":true,"href":"https:\/\/www.claret.org\/pt-pt\/wp-json\/wp\/v2\/comments?post=117898"}],"version-history":[{"count":0,"href":"https:\/\/www.claret.org\/pt-pt\/wp-json\/wp\/v2\/pages\/117898\/revisions"}],"wp:featuredmedia":[{"embeddable":true,"href":"https:\/\/www.claret.org\/pt-pt\/wp-json\/wp\/v2\/media\/162284"}],"wp:attachment":[{"href":"https:\/\/www.claret.org\/pt-pt\/wp-json\/wp\/v2\/media?parent=117898"}],"curies":[{"name":"wp","href":"https:\/\/api.w.org\/{rel}","templated":true}]}}