{"id":119598,"date":"2022-03-22T09:33:48","date_gmt":"2022-03-22T08:33:48","guid":{"rendered":"https:\/\/www.claret.org\/oficinas-e-secretariados\/"},"modified":"2022-07-17T02:27:07","modified_gmt":"2022-07-17T00:27:07","slug":"oficinas-e-secretariados","status":"publish","type":"page","link":"https:\/\/www.claret.org\/pt-pt\/governo-geral\/oficinas-e-secretariados\/","title":{"rendered":"Oficinas e Secretariados"},"content":{"rendered":"<p>[et_pb_section fb_built=&#8221;1&#8243; fullwidth=&#8221;on&#8221; _builder_version=&#8221;4.16&#8243; _module_preset=&#8221;default&#8221; global_colors_info=&#8221;{}&#8221;][et_pb_fullwidth_header title=&#8221;@ET-DC@eyJkeW5hbWljIjp0cnVlLCJjb250ZW50IjoicG9zdF90aXRsZSIsInNldHRpbmdzIjp7ImJlZm9yZSI6IiIsImFmdGVyIjoiIn19@&#8221; _builder_version=&#8221;4.16&#8243; _dynamic_attributes=&#8221;title&#8221; _module_preset=&#8221;default&#8221; global_colors_info=&#8221;{}&#8221;]<\/p>\n<p>Secretarias Gerais e Oficinas a Servi\u00e7o do Governo Geral<\/p>\n<p>[\/et_pb_fullwidth_header][\/et_pb_section][et_pb_section fb_built=&#8221;1&#8243; _builder_version=&#8221;4.16&#8243; _module_preset=&#8221;default&#8221; custom_padding=&#8221;41px|||||&#8221; global_colors_info=&#8221;{}&#8221;][et_pb_row column_structure=&#8221;1_4,1_4,1_4,1_4&#8243; _builder_version=&#8221;4.16&#8243; _module_preset=&#8221;default&#8221; global_colors_info=&#8221;{}&#8221;][et_pb_column type=&#8221;1_4&#8243; _builder_version=&#8221;4.16&#8243; _module_preset=&#8221;default&#8221; global_colors_info=&#8221;{}&#8221;][et_pb_blurb title=&#8221;Secret\u00e1rio Geral&#8221; use_icon=&#8221;on&#8221; font_icon=&#8221;&#xf4ff;||fa||900&#8243; _builder_version=&#8221;4.17.6&#8243; _module_preset=&#8221;default&#8221; text_orientation=&#8221;center&#8221; hover_enabled=&#8221;0&#8243; global_colors_info=&#8221;{}&#8221; sticky_enabled=&#8221;0&#8243;]<\/p>\n<h2>Efren Limpo Lo<\/h2>\n<p>[\/et_pb_blurb][\/et_pb_column][et_pb_column type=&#8221;1_4&#8243; _builder_version=&#8221;4.16&#8243; _module_preset=&#8221;default&#8221; global_colors_info=&#8221;{}&#8221;][et_pb_blurb title=&#8221;Procurador Geral&#8221; use_icon=&#8221;on&#8221; font_icon=&#8221;&#xf674;||fa||900&#8243; _builder_version=&#8221;4.16&#8243; _module_preset=&#8221;default&#8221; text_orientation=&#8221;center&#8221; global_colors_info=&#8221;{}&#8221;]<\/p>\n<h2>Jose F\u00e9lix Valderr\u00e1bano Ordeig<\/h2>\n<p>[\/et_pb_blurb][\/et_pb_column][et_pb_column type=&#8221;1_4&#8243; _builder_version=&#8221;4.16&#8243; _module_preset=&#8221;default&#8221; global_colors_info=&#8221;{}&#8221;][et_pb_blurb title=&#8221;Arquivos Gerais&#8221; use_icon=&#8221;on&#8221; font_icon=&#8221;&#xf468;||fa||900&#8243; _builder_version=&#8221;4.16&#8243; _module_preset=&#8221;default&#8221; text_orientation=&#8221;center&#8221; global_colors_info=&#8221;{}&#8221;]<\/p>\n<h2>Vicente Sanz<\/h2>\n<p>&nbsp;<\/p>\n<p>[\/et_pb_blurb][\/et_pb_column][et_pb_column type=&#8221;1_4&#8243; _builder_version=&#8221;4.16&#8243; _module_preset=&#8221;default&#8221; global_colors_info=&#8221;{}&#8221;][et_pb_blurb title=&#8221;Secret\u00e1rio das Prefeituras&#8221; use_icon=&#8221;on&#8221; font_icon=&#8221;&#xf80d;||fa||900&#8243; _builder_version=&#8221;4.16&#8243; _module_preset=&#8221;default&#8221; text_orientation=&#8221;center&#8221; global_colors_info=&#8221;{}&#8221;]<\/p>\n<h2>Joseph Ikemefuna Iwobi<\/h2>\n<p>&nbsp;<\/p>\n<p>[\/et_pb_blurb][\/et_pb_column][\/et_pb_row][et_pb_row column_structure=&#8221;1_3,1_3,1_3&#8243; _builder_version=&#8221;4.16&#8243; _module_preset=&#8221;default&#8221; global_colors_info=&#8221;{}&#8221;][et_pb_column type=&#8221;1_3&#8243; _builder_version=&#8221;4.16&#8243; _module_preset=&#8221;default&#8221; global_colors_info=&#8221;{}&#8221;][et_pb_blurb title=&#8221;Postulador Geral&#8221; use_icon=&#8221;on&#8221; font_icon=&#8221;&#xf684;||fa||900&#8243; _builder_version=&#8221;4.16&#8243; _module_preset=&#8221;default&#8221; text_orientation=&#8221;center&#8221; global_colors_info=&#8221;{}&#8221;]<\/p>\n<h2>Krzysztof Gierat<\/h2>\n<p>&nbsp;<\/p>\n<p>[\/et_pb_blurb][\/et_pb_column][et_pb_column type=&#8221;1_3&#8243; _builder_version=&#8221;4.16&#8243; _module_preset=&#8221;default&#8221; global_colors_info=&#8221;{}&#8221;][et_pb_blurb title=&#8221;Equipe CESC&#8221; use_icon=&#8221;on&#8221; font_icon=&#8221;&#xf21e;||fa||900&#8243; _builder_version=&#8221;4.16&#8243; _module_preset=&#8221;default&#8221; text_orientation=&#8221;center&#8221; global_colors_info=&#8221;{}&#8221;]<\/p>\n<h2>Juan Carlos Martos Paredes<\/h2>\n<p>Director<\/p>\n<p>Josep Rovira Arumi<br \/>Sebastian Mundackal<br \/>Salvador Le\u00f3n Bel\u00e9n<br \/>Paulson Veliyannoor<br \/>F\u00e9lix K. Ketoglo<br \/>Rohan Peires<br \/>Mario Kevin Rivera Armijo<\/p>\n<p>[\/et_pb_blurb][\/et_pb_column][et_pb_column type=&#8221;1_3&#8243; _builder_version=&#8221;4.16&#8243; _module_preset=&#8221;default&#8221; global_colors_info=&#8221;{}&#8221;][et_pb_blurb title=&#8221;Coletor Geral de Missas&#8221; use_icon=&#8221;on&#8221; font_icon=&#8221;&#xf67f;||fa||900&#8243; _builder_version=&#8221;4.16&#8243; _module_preset=&#8221;default&#8221; text_orientation=&#8221;center&#8221; global_colors_info=&#8221;{}&#8221;]<\/p>\n<h2>Salvador Segura Santana<\/h2>\n<p>&nbsp;<\/p>\n<p>[\/et_pb_blurb][\/et_pb_column][\/et_pb_row][et_pb_row column_structure=&#8221;1_4,1_4,1_4,1_4&#8243; _builder_version=&#8221;4.16&#8243; _module_preset=&#8221;default&#8221; global_colors_info=&#8221;{}&#8221;][et_pb_column type=&#8221;1_4&#8243; _builder_version=&#8221;4.16&#8243; _module_preset=&#8221;default&#8221; global_colors_info=&#8221;{}&#8221;][et_pb_blurb title=&#8221;Comiss\u00e3o Econ\u00f4mica Geral&#8221; use_icon=&#8221;on&#8221; font_icon=&#8221;&#xf51e;||fa||900&#8243; _builder_version=&#8221;4.17.1&#8243; _module_preset=&#8221;default&#8221; text_orientation=&#8221;center&#8221; global_colors_info=&#8221;{}&#8221;]<\/p>\n<p>Pe. Luiz Claudemir Botteon<br \/>Pe. Rafael G\u00f3mez Busto<br \/>Pe. \u00c1ngel de la Parte Par\u00eds<br \/>Pe. John Arazkaparampil<br \/>Pe. Juan Jos\u00e9 Garc\u00eda S\u00e1nchez<br \/>Pe. Gustavo Adolfo Verdugo Lazo<br \/>Ir. Salvador Segura Santana<br \/>Ir. Giovanni Mauricio Ram\u00edrez Vanegas<br \/>Pe. Manuel Alfredo Tamargo Rodr\u00edguez<\/p>\n<p>[\/et_pb_blurb][\/et_pb_column][et_pb_column type=&#8221;1_4&#8243; _builder_version=&#8221;4.16&#8243; _module_preset=&#8221;default&#8221; global_colors_info=&#8221;{}&#8221;][et_pb_blurb title=&#8221;Conselho Econ\u00f4mico Geral&#8221; use_icon=&#8221;on&#8221; font_icon=&#8221;&#xf4ce;||fa||900&#8243; _builder_version=&#8221;4.16&#8243; _module_preset=&#8221;default&#8221; text_orientation=&#8221;center&#8221; global_colors_info=&#8221;{}&#8221;]<\/p>\n<p>Pe. Rosendo Urrabazo<br \/>Pe. Domingo \u00c1ngel Grill\u00eda Biestro<br \/>Pe. Nathaniel Eke<br \/>Pe. George Vayaliparampil<br \/>Pe. Luiz Claudemir Botteon<br \/>Pe. Rafael G\u00f3mez Busto<br \/>Pe. \u00c1ngel de la Parte Par\u00eds<br \/>Pe. John Arazkaparampil<br \/>Pe. Juan Jos\u00e9 Garc\u00eda S\u00e1nchez<br \/>Pe. Gustavo Adolfo Verdugo Lazo<br \/>Ir. Salvador Segura Santana<br \/>Ir. Giovanni Mauricio Ram\u00edrez Vanegas<br \/>Pe. Manuel Alfredo Tamargo Rodr\u00edguez<\/p>\n<p>[\/et_pb_blurb][\/et_pb_column][et_pb_column type=&#8221;1_4&#8243; _builder_version=&#8221;4.16&#8243; _module_preset=&#8221;default&#8221; global_colors_info=&#8221;{}&#8221;][et_pb_blurb title=&#8221;Equipe de Administra\u00e7\u00e3o Geral&#8221; use_icon=&#8221;on&#8221; font_icon=&#8221;&#xf509;||fa||900&#8243; _builder_version=&#8221;4.17.1&#8243; _module_preset=&#8221;default&#8221; text_orientation=&#8221;center&#8221; global_colors_info=&#8221;{}&#8221;]<\/p>\n<p>Ir. Salvador Segura Santana<br \/>Ir. Giovanni Mauricio Ram\u00edrez Vanegas<br \/>Pe. Manuel Alfredo Tamargo Rodr\u00edguez<\/p>\n<p>[\/et_pb_blurb][\/et_pb_column][et_pb_column type=&#8221;1_4&#8243; _builder_version=&#8221;4.16&#8243; _module_preset=&#8221;default&#8221; global_colors_info=&#8221;{}&#8221;][et_pb_blurb title=&#8221;Assistente da Administra\u00e7\u00e3o Geral&#8221; use_icon=&#8221;on&#8221; font_icon=&#8221;&#xe0d8;||divi||400&#8243; _builder_version=&#8221;4.16&#8243; _module_preset=&#8221;default&#8221; text_orientation=&#8221;center&#8221; global_colors_info=&#8221;{}&#8221;]<\/p>\n<h2>Salvador Segura Santana<\/h2>\n<p>&nbsp;<\/p>\n<p>[\/et_pb_blurb][et_pb_blurb title=&#8221;Assistente da Administra\u00e7\u00e3o Geral e da Procura Geral da Miss\u00e3o&#8221; use_icon=&#8221;on&#8221; font_icon=&#8221;&#xf543;||fa||900&#8243; _builder_version=&#8221;4.16&#8243; _module_preset=&#8221;default&#8221; text_orientation=&#8221;center&#8221; global_colors_info=&#8221;{}&#8221;]<\/p>\n<h2>Giovanni Ram\u00edrez<\/h2>\n<p>&nbsp;<\/p>\n<p>[\/et_pb_blurb][\/et_pb_column][\/et_pb_row][et_pb_row column_structure=&#8221;1_4,1_4,1_4,1_4&#8243; _builder_version=&#8221;4.16&#8243; _module_preset=&#8221;default&#8221; global_colors_info=&#8221;{}&#8221;][et_pb_column type=&#8221;1_4&#8243; _builder_version=&#8221;4.16&#8243; _module_preset=&#8221;default&#8221; global_colors_info=&#8221;{}&#8221;][et_pb_blurb title=&#8221;SOLIDARIEDADE E MISS\u00c3O (SOMI)&#8221; use_icon=&#8221;on&#8221; font_icon=&#8221;&#xe08b;||divi||400&#8243; _builder_version=&#8221;4.16&#8243; _module_preset=&#8221;default&#8221; text_orientation=&#8221;center&#8221; global_colors_info=&#8221;{}&#8221;]<\/p>\n<h2>EQUIPE<\/h2>\n<p>Pedro Belderrain Belderrain<br \/>Lord Winner Maria John<br \/>Susaimanickam Vincent<br \/>Rohan Dominic T.L.<\/p>\n<p>[\/et_pb_blurb][\/et_pb_column][et_pb_column type=&#8221;1_4&#8243; _builder_version=&#8221;4.16&#8243; _module_preset=&#8221;default&#8221; global_colors_info=&#8221;{}&#8221;][et_pb_blurb title=&#8221;JPIC Secret\u00e1rio Geral&#8221; use_icon=&#8221;on&#8221; font_icon=&#8221;&#xf18c;||fa||400&#8243; _builder_version=&#8221;4.16&#8243; _module_preset=&#8221;default&#8221; text_orientation=&#8221;center&#8221; global_colors_info=&#8221;{}&#8221;]<\/p>\n<h2>Vincent Anes<\/h2>\n<p>[\/et_pb_blurb][\/et_pb_column][et_pb_column type=&#8221;1_4&#8243; _builder_version=&#8221;4.16&#8243; _module_preset=&#8221;default&#8221; global_colors_info=&#8221;{}&#8221;][et_pb_blurb title=&#8221;Procura Geral da Miss\u00e3o&#8221; use_icon=&#8221;on&#8221; font_icon=&#8221;&#xf4c0;||fa||900&#8243; _builder_version=&#8221;4.16&#8243; _module_preset=&#8221;default&#8221; text_orientation=&#8221;center&#8221; global_colors_info=&#8221;{}&#8221;]<\/p>\n<h2>Lord Winner<\/h2>\n<p>[\/et_pb_blurb][\/et_pb_column][et_pb_column type=&#8221;1_4&#8243; _builder_version=&#8221;4.16&#8243; _module_preset=&#8221;default&#8221; global_colors_info=&#8221;{}&#8221;][et_pb_blurb title=&#8221;Equipe CMF na ONU&#8221; use_icon=&#8221;on&#8221; font_icon=&#8221;&#xf024;||fa||900&#8243; _builder_version=&#8221;4.16&#8243; _module_preset=&#8221;default&#8221; text_orientation=&#8221;center&#8221; global_colors_info=&#8221;{}&#8221;]<\/p>\n<p>Director:<\/p>\n<h2>Rohan Dominic T.L.<\/h2>\n<p>Miguel \u00c1ngel Velasco L\u00f3pez<br \/>Henry Ram\u00edrez Soler<br \/>Robert A. Omondi<\/p>\n<p>[\/et_pb_blurb][\/et_pb_column][\/et_pb_row][et_pb_row column_structure=&#8221;1_2,1_2&#8243; _builder_version=&#8221;4.16&#8243; _module_preset=&#8221;default&#8221; global_colors_info=&#8221;{}&#8221;][et_pb_column type=&#8221;1_2&#8243; _builder_version=&#8221;4.16&#8243; _module_preset=&#8221;default&#8221; global_colors_info=&#8221;{}&#8221;][et_pb_blurb title=&#8221;Equipe de Comunica\u00e7\u00e3o&#8221; use_icon=&#8221;on&#8221; font_icon=&#8221;&#xf7c0;||fa||900&#8243; _builder_version=&#8221;4.17.6&#8243; _module_preset=&#8221;default&#8221; text_orientation=&#8221;center&#8221; hover_enabled=&#8221;0&#8243; global_colors_info=&#8221;{}&#8221; sticky_enabled=&#8221;0&#8243;]<\/p>\n<h2>Henry Babatunde Omonisaye<\/h2>\n<p>Prefeito<\/p>\n<h2>Louie R. Guades III<\/h2>\n<p>Coordena\u00e7\u00e3o<\/p>\n<h2>Jos\u00e9 Enrique Garc\u00eda Rizo<\/h2>\n<p>Rela\u00e7\u00f5es Exteriores<\/p>\n<h2>Nelson Thomas Puthenparambil<\/h2>\n<p>Cybermissionaries<\/p>\n<h2>Joseph Ikemefuna Iwobi<\/h2>\n<p>Artes Digitais e Radiodifus\u00e3o<\/p>\n<p>Claretian Publishing Group<br \/>\nM\u00eddias Sociais[\/et_pb_blurb][\/et_pb_column][et_pb_column type=&#8221;1_2&#8243; _builder_version=&#8221;4.16&#8243; _module_preset=&#8221;default&#8221; global_colors_info=&#8221;{}&#8221;][et_pb_blurb title=&#8221;PJV CMF Conselho Consultivo&#8221; use_icon=&#8221;on&#8221; font_icon=&#8221;&#xf1ae;||fa||900&#8243; _builder_version=&#8221;4.16&#8243; _module_preset=&#8221;default&#8221; text_orientation=&#8221;center&#8221; global_colors_info=&#8221;{}&#8221;]<\/p>\n<p>Chefe:<\/p>\n<h2>Carlos Verga<\/h2>\n<p>ACLA<\/p>\n<h2>John Obonyo<\/h2>\n<p>ASCLA East<\/p>\n<h2>Martin Ele<\/h2>\n<p>ASCLA West<\/p>\n<h2>Thomas Paingottu<\/h2>\n<p>ECLA<\/p>\n<h2>Jo\u00e3o Lu\u00eds Escaleira<\/h2>\n<p>MICLA<\/p>\n<h2>Julio Arv\u00e1ez<\/h2>\n<p>CLARET WAY GLOBAL<\/p>\n<h2>Luis Enrique Ortiz<\/h2>\n<p>[\/et_pb_blurb][\/et_pb_column][\/et_pb_row][\/et_pb_section]<\/p>\n","protected":false},"excerpt":{"rendered":"<p>Secretarias Gerais e Oficinas a Servi\u00e7o do Governo GeralEfren Limpo LoJose F\u00e9lix Valderr\u00e1bano OrdeigVicente Sanz &nbsp;Joseph Ikemefuna Iwobi &nbsp;Krzysztof Gierat &nbsp;Juan Carlos Martos Paredes Director Josep Rovira ArumiSebastian MundackalSalvador Le\u00f3n Bel\u00e9nPaulson VeliyannoorF\u00e9lix K. KetogloRohan PeiresMario Kevin Rivera ArmijoSalvador Segura Santana &nbsp;Pe. Luiz Claudemir BotteonPe. Rafael G\u00f3mez BustoPe. \u00c1ngel de la Parte Par\u00edsPe. John ArazkaparampilPe. Juan [&hellip;]<\/p>\n","protected":false},"author":2,"featured_media":162301,"parent":116117,"menu_order":0,"comment_status":"closed","ping_status":"closed","template":"","meta":{"_et_pb_use_builder":"on","_et_pb_old_content":"","_et_gb_content_width":"","footnotes":""},"class_list":["post-119598","page","type-page","status-publish","has-post-thumbnail","hentry"],"jetpack_sharing_enabled":true,"jetpack_shortlink":"https:\/\/wp.me\/PdaBmi-v70","jetpack_likes_enabled":true,"_links":{"self":[{"href":"https:\/\/www.claret.org\/pt-pt\/wp-json\/wp\/v2\/pages\/119598","targetHints":{"allow":["GET"]}}],"collection":[{"href":"https:\/\/www.claret.org\/pt-pt\/wp-json\/wp\/v2\/pages"}],"about":[{"href":"https:\/\/www.claret.org\/pt-pt\/wp-json\/wp\/v2\/types\/page"}],"author":[{"embeddable":true,"href":"https:\/\/www.claret.org\/pt-pt\/wp-json\/wp\/v2\/users\/2"}],"replies":[{"embeddable":true,"href":"https:\/\/www.claret.org\/pt-pt\/wp-json\/wp\/v2\/comments?post=119598"}],"version-history":[{"count":0,"href":"https:\/\/www.claret.org\/pt-pt\/wp-json\/wp\/v2\/pages\/119598\/revisions"}],"up":[{"embeddable":true,"href":"https:\/\/www.claret.org\/pt-pt\/wp-json\/wp\/v2\/pages\/116117"}],"wp:featuredmedia":[{"embeddable":true,"href":"https:\/\/www.claret.org\/pt-pt\/wp-json\/wp\/v2\/media\/162301"}],"wp:attachment":[{"href":"https:\/\/www.claret.org\/pt-pt\/wp-json\/wp\/v2\/media?parent=119598"}],"curies":[{"name":"wp","href":"https:\/\/api.w.org\/{rel}","templated":true}]}}