{"id":129984,"date":"2022-07-01T23:05:13","date_gmt":"2022-07-01T21:05:13","guid":{"rendered":"https:\/\/www.claret.org\/apostolado\/institutos-de-vida-consagrada\/"},"modified":"2023-07-04T09:47:10","modified_gmt":"2023-07-04T07:47:10","slug":"institutos-de-vida-consagrada","status":"publish","type":"page","link":"https:\/\/www.claret.org\/pt-pt\/apostolado\/institutos-de-vida-consagrada\/","title":{"rendered":"Institutos de Vida Consagrada"},"content":{"rendered":"<p>[et_pb_section fb_built=&#8221;1&#8243; fullwidth=&#8221;on&#8221; _builder_version=&#8221;4.17.4&#8243; _module_preset=&#8221;default&#8221; global_colors_info=&#8221;{}&#8221;][et_pb_fullwidth_header title=&#8221;@ET-DC@eyJkeW5hbWljIjp0cnVlLCJjb250ZW50IjoicG9zdF90aXRsZSIsInNldHRpbmdzIjp7ImJlZm9yZSI6IiIsImFmdGVyIjoiIn19@&#8221; _builder_version=&#8221;4.17.4&#8243; _dynamic_attributes=&#8221;title&#8221; _module_preset=&#8221;default&#8221; global_colors_info=&#8221;{}&#8221;]<\/p>\n<p>Institutos de Vida Consagrada dirigidos pelos Mission\u00e1rios Claretianos em todo o mundo <\/p>\n<p>[\/et_pb_fullwidth_header][\/et_pb_section][et_pb_section fb_built=&#8221;1&#8243; _builder_version=&#8221;4.17.4&#8243; _module_preset=&#8221;default&#8221; global_colors_info=&#8221;{}&#8221;][et_pb_row _builder_version=&#8221;4.17.4&#8243; _module_preset=&#8221;default&#8221; global_colors_info=&#8221;{}&#8221;][et_pb_column type=&#8221;4_4&#8243; _builder_version=&#8221;4.17.4&#8243; _module_preset=&#8221;default&#8221; global_colors_info=&#8221;{}&#8221;][et_pb_text _builder_version=&#8221;4.17.4&#8243; _module_preset=&#8221;default&#8221; global_colors_info=&#8221;{}&#8221;]<\/p>\n<h1>AFRICA<\/h1>\n<p>[\/et_pb_text][\/et_pb_column][\/et_pb_row][et_pb_row column_structure=&#8221;2_5,3_5&#8243; _builder_version=&#8221;4.17.4&#8243; _module_preset=&#8221;default&#8221; global_colors_info=&#8221;{}&#8221;][et_pb_column type=&#8221;2_5&#8243; _builder_version=&#8221;4.17.4&#8243; _module_preset=&#8221;default&#8221; global_colors_info=&#8221;{}&#8221;][et_pb_image src=&#8221;https:\/\/www.claret.org\/wp-content\/uploads\/2022\/07\/aicla.jpg&#8221; title_text=&#8221;aicla&#8221; _builder_version=&#8221;4.17.4&#8243; _module_preset=&#8221;default&#8221; box_shadow_style=&#8221;preset2&#8243; global_colors_info=&#8221;{}&#8221;][\/et_pb_image][\/et_pb_column][et_pb_column type=&#8221;3_5&#8243; _builder_version=&#8221;4.17.4&#8243; _module_preset=&#8221;default&#8221; global_colors_info=&#8221;{}&#8221;][et_pb_text _builder_version=&#8221;4.17.4&#8243; _module_preset=&#8221;default&#8221; global_colors_info=&#8221;{}&#8221;]<\/p>\n<h1>INCLA<\/h1>\n<h2>Instituto de Vida Consagrada na \u00c1frica<\/h2>\n<p>InCLA \u00e9 um Instituto de Vida Consagrada na \u00c1frica que oferece especializa\u00e7\u00e3o em Vida Consagrada. O InCLA \u00e9 precedido por v\u00e1rias confer\u00eancias organizadas localmente por Claretianos para aumentar a conscientiza\u00e7\u00e3o desta iniciativa: a primeira Confer\u00eancia foi realizada em Abuja em novembro de 2017, a segunda em Enugu em novembro de 2018, enquanto a terceira Confer\u00eancia foi realizada em Lagos em novembro de 2019. O Instituto \u00e9 afiliado \u00e0 Pontif\u00edcia Universidade Lateranense, Roma.<\/p>\n<p>Website: <a href=\"https:\/\/aicla.org.ng\" target=\"_blank\" rel=\"noopener nofollow\">https:\/\/aicla.org.ng<\/a>><\/p>\n<p>[\/et_pb_text][et_pb_text _builder_version=&#8221;4.17.4&#8243; _module_preset=&#8221;default&#8221; global_colors_info=&#8221;{}&#8221;]<\/p>\n<div class=\"col-lg-6 col-md-6 col-sm-6 col-xs-6\">\n<div class=\"mu-header-top-left\">\n<div class=\"mu-top-phone\">Bwari Area Council, FCT, Abuja, Nigeria<br \/><strong>Tel.<\/strong> +234 080 6475 8374<br \/><strong>E-mail:<\/strong> info@aicla.org.ng<\/div>\n<\/div>\n<\/div>\n<p>[\/et_pb_text][\/et_pb_column][\/et_pb_row][et_pb_row _builder_version=&#8221;4.17.4&#8243; _module_preset=&#8221;default&#8221; global_colors_info=&#8221;{}&#8221;][et_pb_column type=&#8221;4_4&#8243; _builder_version=&#8221;4.17.4&#8243; _module_preset=&#8221;default&#8221; global_colors_info=&#8221;{}&#8221;][et_pb_text _builder_version=&#8221;4.17.4&#8243; _module_preset=&#8221;default&#8221; global_colors_info=&#8221;{}&#8221;]<\/p>\n<h1>AM\u00c9RICA<\/h1>\n<p>[\/et_pb_text][\/et_pb_column][\/et_pb_row][et_pb_row column_structure=&#8221;2_5,3_5&#8243; _builder_version=&#8221;4.17.4&#8243; _module_preset=&#8221;default&#8221; global_colors_info=&#8221;{}&#8221;][et_pb_column type=&#8221;2_5&#8243; _builder_version=&#8221;4.17.4&#8243; _module_preset=&#8221;default&#8221; global_colors_info=&#8221;{}&#8221;][et_pb_image src=&#8221;https:\/\/www.claret.org\/wp-content\/uploads\/2022\/07\/itvca.webp&#8221; title_text=&#8221;itvca&#8221; _builder_version=&#8221;4.17.4&#8243; _module_preset=&#8221;default&#8221; box_shadow_style=&#8221;preset2&#8243; global_colors_info=&#8221;{}&#8221;][\/et_pb_image][\/et_pb_column][et_pb_column type=&#8221;3_5&#8243; _builder_version=&#8221;4.17.4&#8243; _module_preset=&#8221;default&#8221; global_colors_info=&#8221;{}&#8221;][et_pb_text _builder_version=&#8221;4.17.4&#8243; _module_preset=&#8221;default&#8221; global_colors_info=&#8221;{}&#8221;]<\/p>\n<h1>ITVCA<\/h1>\n<h2>Instituto Teol\u00f3gico de Vida Consagrada da Am\u00e9rica<\/h2>\n<p>O ITVCA &#8211; Instituto Teol\u00f3gico de Vida Consagrada da Am\u00e9rica, \u00e9 uma institui\u00e7\u00e3o da Congrega\u00e7\u00e3o dos Filhos Mission\u00e1rios do Imaculado Cora\u00e7\u00e3o de Maria &#8211; Mission\u00e1rios Claretianos, dependente da Confer\u00eancia Interprovincial Claretiana da Am\u00e9rica (MICLA) que, em harmonia com as orienta\u00e7\u00f5es da Igreja e a tradi\u00e7\u00e3o congregacional, procura responder \u00e0 necessidade de uma reflex\u00e3o teol\u00f3gica interdisciplinar sobre a Vida Consagrada, a partir de uma perspectiva mission\u00e1ria hoje, a servi\u00e7o da forma\u00e7\u00e3o pastoral, integral e acad\u00eamica das pessoas consagradas e outros Disc\u00edpulos Mission\u00e1rios da Igreja em peregrina\u00e7\u00e3o na Am\u00e9rica. <\/p>\n<p>Website: <a href=\"https:\/\/www.itvca.org\" rel=\"nofollow noopener\" target=\"_blank\">https:\/\/www.itvca.org<\/a><\/p>\n<p>[\/et_pb_text][et_pb_text _builder_version=&#8221;4.17.4&#8243; _module_preset=&#8221;default&#8221; global_colors_info=&#8221;{}&#8221;]<\/p>\n<p>Carrera 15 No. 10 \u2013 41, Piso 5 de la ciudad de Bogot\u00e1 D.C (Colombia)<br \/><strong>E-mail:<\/strong> itvcacomunicaciones@gmail.com<\/p>\n<p>[\/et_pb_text][\/et_pb_column][\/et_pb_row][et_pb_row _builder_version=&#8221;4.17.4&#8243; _module_preset=&#8221;default&#8221; global_colors_info=&#8221;{}&#8221;][et_pb_column type=&#8221;4_4&#8243; _builder_version=&#8221;4.17.4&#8243; _module_preset=&#8221;default&#8221; global_colors_info=&#8221;{}&#8221;][et_pb_text _builder_version=&#8221;4.17.4&#8243; _module_preset=&#8221;default&#8221; global_colors_info=&#8221;{}&#8221;]<\/p>\n<h1>ASIA<\/h1>\n<p>[\/et_pb_text][\/et_pb_column][\/et_pb_row][et_pb_row column_structure=&#8221;2_5,3_5&#8243; _builder_version=&#8221;4.17.4&#8243; _module_preset=&#8221;default&#8221; global_colors_info=&#8221;{}&#8221;][et_pb_column type=&#8221;2_5&#8243; _builder_version=&#8221;4.17.4&#8243; _module_preset=&#8221;default&#8221; global_colors_info=&#8221;{}&#8221;][et_pb_image src=&#8221;https:\/\/www.claret.org\/wp-content\/uploads\/2022\/07\/icla.webp&#8221; title_text=&#8221;icla&#8221; _builder_version=&#8221;4.17.4&#8243; _module_preset=&#8221;default&#8221; box_shadow_style=&#8221;preset2&#8243; global_colors_info=&#8221;{}&#8221;][\/et_pb_image][\/et_pb_column][et_pb_column type=&#8221;3_5&#8243; _builder_version=&#8221;4.17.4&#8243; _module_preset=&#8221;default&#8221; global_colors_info=&#8221;{}&#8221;][et_pb_text _builder_version=&#8221;4.17.4&#8243; _module_preset=&#8221;default&#8221; global_colors_info=&#8221;{}&#8221;]<\/p>\n<h1>ICLA<\/h1>\n<h2>Instituto para a Vida Consagrada na \u00c1sia<\/h2>\n<p>ICLA \u00e9 um centro de estudos superiores em Teologia e Pastoral incorporado \u00e0 Faculdade de Teologia Sagrada da Universidade de Santo Tom\u00e1s (UST) e St. Anthony Mary Claret College (SAMCC) como seu Departamento de P\u00f3s-Gradua\u00e7\u00e3o.<\/p>\n<p> Atende uma popula\u00e7\u00e3o estudantil multicultural (religiosos, l\u00edderes leigos, ministros e sacerdotes) de igrejas emergentes, particularmente na \u00c1sia.<\/p>\n<p>Website: <a href=\"https:\/\/www.icla.org.ph\" target=\"_blank\" rel=\"noopener nofollow\">https:\/\/www.icla.org.ph<\/a><\/p>\n<p>[\/et_pb_text][et_pb_text _builder_version=&#8221;4.17.4&#8243; _module_preset=&#8221;default&#8221; global_colors_info=&#8221;{}&#8221;]<\/p>\n<p>526 Tandang Sora Avenue, Brgy. Culiat, Quezon City 1128 Philippines<br \/><strong>Tel.<\/strong> +63-2-8932-0343<br \/><strong>E-mail:<\/strong> icla@icla.org.ph<\/p>\n<p>[\/et_pb_text][\/et_pb_column][\/et_pb_row][et_pb_row column_structure=&#8221;2_5,3_5&#8243; _builder_version=&#8221;4.17.4&#8243; _module_preset=&#8221;default&#8221; global_colors_info=&#8221;{}&#8221;][et_pb_column type=&#8221;2_5&#8243; _builder_version=&#8221;4.17.4&#8243; _module_preset=&#8221;default&#8221; global_colors_info=&#8221;{}&#8221;][et_pb_image src=&#8221;https:\/\/www.claret.org\/wp-content\/uploads\/2022\/07\/sanyasa.webp&#8221; title_text=&#8221;sanyasa&#8221; _builder_version=&#8221;4.17.4&#8243; _module_preset=&#8221;default&#8221; hover_enabled=&#8221;0&#8243; box_shadow_style=&#8221;preset2&#8243; global_colors_info=&#8221;{}&#8221; sticky_enabled=&#8221;0&#8243;][\/et_pb_image][\/et_pb_column][et_pb_column type=&#8221;3_5&#8243; _builder_version=&#8221;4.17.4&#8243; _module_preset=&#8221;default&#8221; global_colors_info=&#8221;{}&#8221;][et_pb_text _builder_version=&#8221;4.17.4&#8243; _module_preset=&#8221;default&#8221; hover_enabled=&#8221;0&#8243; global_colors_info=&#8221;{}&#8221; sticky_enabled=&#8221;0&#8243;]<\/p>\n<h1>Sanyasa (ICL)<\/h1>\n<h2 style=\"text-align: left;\"> Instituto da Vida Consagrada<\/h2>\n<p>O Instituto se chama Sanyasa porque esta palavra parece ser o equivalente mais pr\u00f3ximo da vida Consagrada nas tradi\u00e7\u00f5es indianas. Mas o Instituto n\u00e3o deve ser mal interpretado como um Ashram para aqueles que buscam um tempo de ora\u00e7\u00e3o, medita\u00e7\u00e3o e solid\u00e3o. Contextualizando a vida religiosa no cen\u00e1rio asi\u00e1tico, Sanyasa oferece um programa acad\u00eamico para aprofundar a compreens\u00e3o da forma consagrada de vida na Igreja, especialmente \u00e0 luz da Escritura, do Magist\u00e9rio, da tradi\u00e7\u00e3o e de v\u00e1rias interpreta\u00e7\u00f5es teol\u00f3gicas com o escopo de reavivar e fortalecer as pessoas consagradas.<\/p>\n<p>Website: <a href=\"http:\/\/sanyasa.com\" target=\"_blank\" rel=\"noopener nofollow\">http:\/\/sanyasa.com<\/a>><\/p>\n<p>[\/et_pb_text][et_pb_text _builder_version=&#8221;4.17.4&#8243; _module_preset=&#8221;default&#8221; hover_enabled=&#8221;0&#8243; global_colors_info=&#8221;{}&#8221; sticky_enabled=&#8221;0&#8243;]<\/p>\n<p>Institute of Consecrated Life Sanyasa<br \/>Carmelaram Bangalore \u2013 560035<br \/><strong>Tel.<\/strong> +91 080 29519259 <br \/>\u00a0\u00a0\u00a0\u00a0\u00a0\u00a0\u00a0 +91 9964161332 <br \/>\u00a0 \u00a0 \u00a0\u00a0\u00a0 +91 8310857049 (Director)<br \/><strong>Email:<\/strong> sanyasac@gmail.com<\/p>\n<p>[\/et_pb_text][\/et_pb_column][\/et_pb_row][et_pb_row _builder_version=&#8221;4.17.4&#8243; _module_preset=&#8221;default&#8221; global_colors_info=&#8221;{}&#8221;][et_pb_column type=&#8221;4_4&#8243; _builder_version=&#8221;4.17.4&#8243; _module_preset=&#8221;default&#8221; global_colors_info=&#8221;{}&#8221;][et_pb_text _builder_version=&#8221;4.17.4&#8243; _module_preset=&#8221;default&#8221; global_colors_info=&#8221;{}&#8221;]<\/p>\n<h1>EUROPA<\/h1>\n<p>[\/et_pb_text][\/et_pb_column][\/et_pb_row][et_pb_row column_structure=&#8221;2_5,3_5&#8243; _builder_version=&#8221;4.17.4&#8243; _module_preset=&#8221;default&#8221; global_colors_info=&#8221;{}&#8221;][et_pb_column type=&#8221;2_5&#8243; _builder_version=&#8221;4.17.4&#8243; _module_preset=&#8221;default&#8221; global_colors_info=&#8221;{}&#8221;][et_pb_image src=&#8221;https:\/\/www.claret.org\/wp-content\/uploads\/2022\/07\/Screenshot-2022-07-04-210248.webp&#8221; title_text=&#8221;Screenshot 2022-07-04 210248&#8243; _builder_version=&#8221;4.17.4&#8243; _module_preset=&#8221;default&#8221; box_shadow_style=&#8221;preset2&#8243; global_colors_info=&#8221;{}&#8221;][\/et_pb_image][\/et_pb_column][et_pb_column type=&#8221;3_5&#8243; _builder_version=&#8221;4.17.4&#8243; _module_preset=&#8221;default&#8221; global_colors_info=&#8221;{}&#8221;][et_pb_text _builder_version=&#8221;4.17.4&#8243; _module_preset=&#8221;default&#8221; global_colors_info=&#8221;{}&#8221;]<\/p>\n<h1>ITVR<\/h1>\n<h2>Instituto Teol\u00f3gico da Vida Religiosa<\/h2>\n<p>O Instituto Teol\u00f3gico da Vida Religiosa \u00e9 um centro superior de pesquisa e ensino, fundado pelos Mission\u00e1rios Claretianos em 1971. \u00c9 uma se\u00e7\u00e3o da Faculdade de Teologia da Pontif\u00edcia Universidade de Salamanca (Campus de Madri). Desde sua funda\u00e7\u00e3o, realiza um estudo rigoroso sobre:<br \/>1) a inspira\u00e7\u00e3o b\u00edblica da vida consagrada;<br \/>2) a hist\u00f3ria de suas formas;<br \/>3) os n\u00facleos teol\u00f3gico-sistem\u00e1ticos de sua miss\u00e3o e identidade carism\u00e1tica no contexto de outras formas de vida e minist\u00e9rios na Igreja; 4) os aspectos pr\u00e1ticos e existenciais da vida consagrada;<br \/>4) os aspectos pr\u00e1ticos e existenciais que a caracterizam neste tempo de mudan\u00e7as e inter-rela\u00e7\u00f5es.<\/p>\n<p>O Instituto Teol\u00f3gico acompanha o processo de renova\u00e7\u00e3o e adapta\u00e7\u00e3o da vida consagrada a partir da refer\u00eancia permanente \u00e0 eclesiologia de comunh\u00e3o e miss\u00e3o, ao di\u00e1logo inter-religioso, inter-religioso e intercultural e \u00e0 op\u00e7\u00e3o pelos pobres e exclu\u00eddos. Oferece uma vis\u00e3o inclusiva e cat\u00f3lica da realidade, sempre atenta aos desafios emergentes e \u00e0 globalidade da vida consagrada em diferentes continentes e contextos.<\/p>\n<p>Website: <a href=\"https:\/\/www.itvr.org\" target=\"_blank\" rel=\"noopener nofollow\">https:\/\/www.itvr.org<\/a><\/p>\n<p>[\/et_pb_text][et_pb_text _builder_version=&#8221;4.17.4&#8243; _module_preset=&#8221;default&#8221; global_colors_info=&#8221;{}&#8221;]<\/p>\n<p>C\/ Juan \u00c1lvarez Mendiz\u00e1bal, 65 dupdo.<br \/>28008 Madrid, SPAIN<br \/><strong>Tel.<\/strong> 91 540 12 73<br \/><strong>Whatsapp:<\/strong> 626 278 077<br \/><strong>E-mail:<\/strong> secretaria@itvr.org<\/p>\n<p>[\/et_pb_text][\/et_pb_column][\/et_pb_row][et_pb_row column_structure=&#8221;2_5,3_5&#8243; _builder_version=&#8221;4.17.4&#8243; _module_preset=&#8221;default&#8221; global_colors_info=&#8221;{}&#8221;][et_pb_column type=&#8221;2_5&#8243; _builder_version=&#8221;4.17.4&#8243; _module_preset=&#8221;default&#8221; global_colors_info=&#8221;{}&#8221;][et_pb_image src=&#8221;https:\/\/www.claret.org\/wp-content\/uploads\/2022\/06\/ITVC-20220531-Closing-of-Golden-Anniversary-18-1.webp&#8221; title_text=&#8221;ITVC-20220531-Closing-of-Golden-Anniversary-18&#8243; _builder_version=&#8221;4.17.4&#8243; _module_preset=&#8221;default&#8221; box_shadow_style=&#8221;preset2&#8243; global_colors_info=&#8221;{}&#8221;][\/et_pb_image][\/et_pb_column][et_pb_column type=&#8221;3_5&#8243; _builder_version=&#8221;4.17.4&#8243; _module_preset=&#8221;default&#8221; global_colors_info=&#8221;{}&#8221;][et_pb_text _builder_version=&#8221;4.17.4&#8243; _module_preset=&#8221;default&#8221; global_colors_info=&#8221;{}&#8221;]<\/p>\n<h1>Claretianum<\/h1>\n<h2>Instituto de Teologia da Vida Consagrada<\/h2>\n<p>O Instituto de Teologia da Vida Consagrada &#8220;Claretianum&#8221; foi erguido e estabelecido pelo Decreto da Sagrada Congrega\u00e7\u00e3o para a Educa\u00e7\u00e3o Cat\u00f3lica, datado de 6 de junho de 1971. \u00c9 incorporado \u00e0 Pontif\u00edcia Universidade Lateranense como Instituto de Especializa\u00e7\u00e3o em Teologia da Vida Consagrada.<\/p>\n<p> Conduz suas pesquisas no campo da Vida Consagrada sobre bases b\u00edblico-teol\u00f3gicas, considerando tanto os aspectos hist\u00f3rico-culturais, psico-sociol\u00f3gicos e jur\u00eddicos, como as condi\u00e7\u00f5es em que se desenvolve a atividade pastoral da Igreja e das pessoas consagradas.<\/p>\n<p>Prop\u00f5e um curr\u00edculo para a obten\u00e7\u00e3o da Licen\u00e7a e Doutorado em Teologia da Vida Consagrada. Ele tamb\u00e9m oferece um curso de dois anos para o Diploma e um ano para o curso de um ano. A cada ano ele organiza uma Confer\u00eancia para o estudo aprofundado de um t\u00f3pico referente \u00e0 Vida Consagrada.<\/p>\n<p>Website: <a href=\"https:\/\/www.claretianum.org\" target=\"_blank\" rel=\"noopener nofollow\">https:\/\/www.claretianum.org<\/a><<a href=\"https:\/\/www.icla.org.ph\" target=\"_blank\" rel=\"noopener nofollow\"><\/a><\/p>\n<p>[\/et_pb_text][et_pb_text _builder_version=&#8221;4.17.4&#8243; _module_preset=&#8221;default&#8221; global_colors_info=&#8221;{}&#8221;]<\/p>\n<p>Largo Lorenzo Mossa, 4 &#8211; Roma, Italia<br \/><strong>Tel.<\/strong> (0039) 06 98376722<br \/>\u00a0\u00a0\u00a0\u00a0\u00a0\u00a0\u00a0\u00a0 (0039) 06 98376723<br \/><strong>E-mail:<\/strong> itvclaretianum@gmail.com<\/p>\n<p>[\/et_pb_text][\/et_pb_column][\/et_pb_row][\/et_pb_section]<\/p>\n","protected":false},"excerpt":{"rendered":"<p>Institutos de Vida Consagrada dirigidos pelos Mission\u00e1rios Claretianos em todo o mundo AFRICAINCLA Instituto de Vida Consagrada na \u00c1frica InCLA \u00e9 um Instituto de Vida Consagrada na \u00c1frica que oferece especializa\u00e7\u00e3o em Vida Consagrada. O InCLA \u00e9 precedido por v\u00e1rias confer\u00eancias organizadas localmente por Claretianos para aumentar a conscientiza\u00e7\u00e3o desta iniciativa: a primeira Confer\u00eancia foi [&hellip;]<\/p>\n","protected":false},"author":2,"featured_media":127035,"parent":114311,"menu_order":0,"comment_status":"closed","ping_status":"closed","template":"","meta":{"_et_pb_use_builder":"on","_et_pb_old_content":"","_et_gb_content_width":"","footnotes":""},"class_list":["post-129984","page","type-page","status-publish","has-post-thumbnail","hentry"],"jetpack_sharing_enabled":true,"jetpack_shortlink":"https:\/\/wp.me\/PdaBmi-xOw","jetpack_likes_enabled":true,"_links":{"self":[{"href":"https:\/\/www.claret.org\/pt-pt\/wp-json\/wp\/v2\/pages\/129984","targetHints":{"allow":["GET"]}}],"collection":[{"href":"https:\/\/www.claret.org\/pt-pt\/wp-json\/wp\/v2\/pages"}],"about":[{"href":"https:\/\/www.claret.org\/pt-pt\/wp-json\/wp\/v2\/types\/page"}],"author":[{"embeddable":true,"href":"https:\/\/www.claret.org\/pt-pt\/wp-json\/wp\/v2\/users\/2"}],"replies":[{"embeddable":true,"href":"https:\/\/www.claret.org\/pt-pt\/wp-json\/wp\/v2\/comments?post=129984"}],"version-history":[{"count":0,"href":"https:\/\/www.claret.org\/pt-pt\/wp-json\/wp\/v2\/pages\/129984\/revisions"}],"up":[{"embeddable":true,"href":"https:\/\/www.claret.org\/pt-pt\/wp-json\/wp\/v2\/pages\/114311"}],"wp:featuredmedia":[{"embeddable":true,"href":"https:\/\/www.claret.org\/pt-pt\/wp-json\/wp\/v2\/media\/127035"}],"wp:attachment":[{"href":"https:\/\/www.claret.org\/pt-pt\/wp-json\/wp\/v2\/media?parent=129984"}],"curies":[{"name":"wp","href":"https:\/\/api.w.org\/{rel}","templated":true}]}}