{"id":136207,"date":"2022-07-09T19:34:53","date_gmt":"2022-07-09T17:34:53","guid":{"rendered":"https:\/\/www.claret.org\/familia-claretiana\/movimento-dos-leigos-claretianos-msc\/"},"modified":"2022-09-29T17:46:16","modified_gmt":"2022-09-29T15:46:16","slug":"movimento-dos-leigos-claretianos-msc","status":"publish","type":"page","link":"https:\/\/www.claret.org\/pt-pt\/familia-claretiana\/movimento-dos-leigos-claretianos-msc\/","title":{"rendered":"Movimento dos Leigos Claretianos (MSC)"},"content":{"rendered":"\n<p><em>&#8220;Nestes \u00faltimos dias parece que Deus quer que os leigos desempenhem um papel importante na salva\u00e7\u00e3o das almas &#8220;<\/em> (Santo Ant\u00f4nio M. Claret).<\/p>\n\n<p class=\"has-drop-cap\">O Movimento dos Leigos Claretianos tem sua origem nos grupos de leigos St. Anthony M. Claret organizados para o trabalho de evangeliza\u00e7\u00e3o. Entre estes grupos destacam-se: a Fraternidade do Cora\u00e7\u00e3o de Maria (1847), a Fraternidade da Doutrina Crist\u00e3 (1849), a Academia de S\u00e3o Miguel (1858) e as Bibliotecas Popular e Paroquial (1864). Neste mesmo ano ele planejou criar uma associa\u00e7\u00e3o com o nome de Arquiconfraria do Cora\u00e7\u00e3o de Maria que ele concebeu como um grande ex\u00e9rcito de evangelizadores com tr\u00eas ramos: os Mission\u00e1rios, Filhos do Cora\u00e7\u00e3o de Maria, dedicados \u00e0 evangeliza\u00e7\u00e3o itinerante, os Cl\u00e9rigos Diocesanos que realizariam sua miss\u00e3o apost\u00f3lica atrav\u00e9s de estruturas fixas e est\u00e1veis de evangeliza\u00e7\u00e3o, e os leigos.<\/p>\n\n<p>A morte da Claret (1870) e a dif\u00edcil situa\u00e7\u00e3o trazida \u00e0 Igreja espanhola pela chegada da revolu\u00e7\u00e3o de 1868 tornaram muito dif\u00edcil a sobreviv\u00eancia dos grupos leigos criados pela Claret. Com efeito, no decorrer de alguns anos, todos eles desapareceram. Os grupos desapareceram, mas muitos leigos permaneceram que, animados pelo esp\u00edrito da Claret, cooperaram na obra evangelizadora, geralmente lado a lado com os Mission\u00e1rios Claretianos.<\/p>\n\n<p>O processo de reorganiza\u00e7\u00e3o dos leigos claretianos come\u00e7ou no ano de 1938, quando o Superior Geral dos Mission\u00e1rios criou a associa\u00e7\u00e3o dos &#8220;Colaboradores Claretianos&#8221;. Esta associa\u00e7\u00e3o, concebida como um &#8220;trabalho pr\u00f3prio&#8221; da Congrega\u00e7\u00e3o, foi aprovada pela Santa S\u00e9 em 1943. Em seus estatutos \u00e9 declarado que aqueles que desejam viver de acordo com o esp\u00edrito da Congrega\u00e7\u00e3o e colaborar em seu apostolado podem ser Colaboradores Claretianos.<\/p>\n\n<p>Em 1972, os Colaboradores Claretianos come\u00e7am a ser chamados de Claretian Associates. O Cap\u00edtulo Geral de 1973 diz que os Associados Claretianos s\u00e3o cl\u00e9rigos e leigos que participam do carisma claretiano e se comprometem, em v\u00e1rios graus e de forma permanente, a viver esse carisma em comunh\u00e3o com a Congrega\u00e7\u00e3o dos Mission\u00e1rios.<\/p>\n\n<p>Em 1979, eles assumem o nome de Leigos Claretianos. O Cap\u00edtulo Geral deste mesmo ano d\u00e1 uma nova orienta\u00e7\u00e3o para os leigos claretianos. Ele afirma que a promo\u00e7\u00e3o dos Leigos Claretianos n\u00e3o deve ser feita em nome das necessidades ou dos interesses da Congrega\u00e7\u00e3o. A voca\u00e7\u00e3o dos leigos claretianos tem em si mesma seu pr\u00f3prio valor interior e h\u00e1 uma necessidade de apoiar a a\u00e7\u00e3o do Esp\u00edrito que desde o in\u00edcio tamb\u00e9m chamou os leigos para cumprir a miss\u00e3o claretiana.<\/p>\n\n<p>Os leigos e os religiosos s\u00e3o duas maneiras diferentes de ser claretiano. Os Leigos Claretianos n\u00e3o participam do carisma da Congrega\u00e7\u00e3o, como se dizia em tempos anteriores, mas do carisma e da miss\u00e3o de Claret.<\/p>\n\n<p>Website: <a href=\"http:\/\/www.seglaresclaretianos.org\" target=\"_blank\" rel=\"noreferrer noopener nofollow\">http:\/\/www.seglaresclaretianos.org<\/a><\/p>\n","protected":false},"excerpt":{"rendered":"<p>&#8220;Nestes \u00faltimos dias parece que Deus quer que os leigos desempenhem um papel importante na salva\u00e7\u00e3o das almas &#8220; (Santo Ant\u00f4nio M. Claret). O Movimento dos Leigos Claretianos tem sua origem nos grupos de leigos St. Anthony M. Claret organizados para o trabalho de evangeliza\u00e7\u00e3o. Entre estes grupos destacam-se: a Fraternidade do Cora\u00e7\u00e3o de Maria [&hellip;]<\/p>\n","protected":false},"author":2,"featured_media":161358,"parent":116339,"menu_order":0,"comment_status":"closed","ping_status":"closed","template":"","meta":{"_et_pb_use_builder":"off","_et_pb_old_content":"","_et_gb_content_width":"","footnotes":""},"class_list":["post-136207","page","type-page","status-publish","has-post-thumbnail","hentry"],"jetpack_sharing_enabled":true,"jetpack_shortlink":"https:\/\/wp.me\/PdaBmi-zqT","jetpack_likes_enabled":true,"_links":{"self":[{"href":"https:\/\/www.claret.org\/pt-pt\/wp-json\/wp\/v2\/pages\/136207","targetHints":{"allow":["GET"]}}],"collection":[{"href":"https:\/\/www.claret.org\/pt-pt\/wp-json\/wp\/v2\/pages"}],"about":[{"href":"https:\/\/www.claret.org\/pt-pt\/wp-json\/wp\/v2\/types\/page"}],"author":[{"embeddable":true,"href":"https:\/\/www.claret.org\/pt-pt\/wp-json\/wp\/v2\/users\/2"}],"replies":[{"embeddable":true,"href":"https:\/\/www.claret.org\/pt-pt\/wp-json\/wp\/v2\/comments?post=136207"}],"version-history":[{"count":0,"href":"https:\/\/www.claret.org\/pt-pt\/wp-json\/wp\/v2\/pages\/136207\/revisions"}],"up":[{"embeddable":true,"href":"https:\/\/www.claret.org\/pt-pt\/wp-json\/wp\/v2\/pages\/116339"}],"wp:featuredmedia":[{"embeddable":true,"href":"https:\/\/www.claret.org\/pt-pt\/wp-json\/wp\/v2\/media\/161358"}],"wp:attachment":[{"href":"https:\/\/www.claret.org\/pt-pt\/wp-json\/wp\/v2\/media?parent=136207"}],"curies":[{"name":"wp","href":"https:\/\/api.w.org\/{rel}","templated":true}]}}