{"id":149927,"date":"2023-07-04T19:47:46","date_gmt":"2023-07-04T17:47:46","guid":{"rendered":"https:\/\/www.claret.org\/materiais\/"},"modified":"2023-07-04T23:20:06","modified_gmt":"2023-07-04T21:20:06","slug":"materiais","status":"publish","type":"page","link":"https:\/\/www.claret.org\/pt-pt\/jubileu\/materiais\/","title":{"rendered":"Materiais"},"content":{"rendered":"<p>[et_pb_section fb_built=&#8221;1&#8243; theme_builder_area=&#8221;post_content&#8221; _builder_version=&#8221;4.21.0&#8243; _module_preset=&#8221;default&#8221;][et_pb_row _builder_version=&#8221;4.21.0&#8243; _module_preset=&#8221;default&#8221; theme_builder_area=&#8221;post_content&#8221; column_structure=&#8221;1_3,1_3,1_3&#8243;][et_pb_column _builder_version=&#8221;4.21.0&#8243; _module_preset=&#8221;default&#8221; type=&#8221;1_3&#8243; theme_builder_area=&#8221;post_content&#8221;][et_pb_blurb title=&#8221;An\u00fancio do Jubileu&#8221; image=&#8221;https:\/\/www.claret.org\/wp-content\/uploads\/2023\/06\/175-foundation-anniversary.jpg&#8221; _builder_version=&#8221;4.21.0&#8243; _module_preset=&#8221;default&#8221; theme_builder_area=&#8221;post_content&#8221; hover_enabled=&#8221;0&#8243; sticky_enabled=&#8221;0&#8243; title_text=&#8221;175 foundation anniversary&#8221; url_new_window=&#8221;on&#8221; link_option_url=&#8221;@ET-DC@eyJkeW5hbWljIjp0cnVlLCJjb250ZW50IjoicG9zdF9saW5rX3VybF9wb3N0Iiwic2V0dGluZ3MiOnsicG9zdF9pZCI6IjE0ODAzNCJ9fQ==@&#8221; _dynamic_attributes=&#8221;link_option_url,url&#8221; header_text_color=&#8221;#000000&#8243; header_font=&#8221;|600||on|||||&#8221; link_option_url_new_window=&#8221;on&#8221; url=&#8221;@ET-DC@eyJkeW5hbWljIjp0cnVlLCJjb250ZW50IjoicG9zdF9saW5rX3VybF9wb3N0Iiwic2V0dGluZ3MiOnsicG9zdF9pZCI6IjE0ODAzNCJ9fQ==@&#8221;]<\/p>\n<p>Carta Circular do Superior Geral anunciando a celebra\u00e7\u00e3o do Ano Jubilar<\/p>\n<p>[\/et_pb_blurb][\/et_pb_column][et_pb_column _builder_version=&#8221;4.21.0&#8243; _module_preset=&#8221;default&#8221; type=&#8221;1_3&#8243; theme_builder_area=&#8221;post_content&#8221;][et_pb_blurb title=&#8221;Mensagem de abertura &#8211; Inaugura\u00e7\u00e3o&#8221; image=&#8221;https:\/\/www.claret.org\/wp-content\/uploads\/2023\/07\/175-Foundation-Jubilee-Innaguration-Jully-1-2023-3.png&#8221; _builder_version=&#8221;4.21.0&#8243; _module_preset=&#8221;default&#8221; theme_builder_area=&#8221;post_content&#8221; hover_enabled=&#8221;0&#8243; sticky_enabled=&#8221;0&#8243; title_text=&#8221;175-Foundation-Jubilee-Innaguration-Jully-1-2023-3&#8243; header_text_color=&#8221;#000000&#8243; header_font=&#8221;|700||on|||||&#8221; url=&#8221;https:\/\/www.claret.org\/download\/5054\/materials\/149762\/opening-address-jubilee-year?lang=en&#8221; url_new_window=&#8221;on&#8221; link_option_url=&#8221;https:\/\/www.claret.org\/download\/5054\/materials\/149762\/opening-address-jubilee-year?lang=en&#8221; link_option_url_new_window=&#8221;on&#8221;]<\/p>\n<p>Sauda\u00e7\u00f5es de abertura e mensagem do Padre Geral durante a inaugura\u00e7\u00e3o realizada em 1\u00ba de julho de 2023 na Capela da C\u00faria Geral<\/p>\n<p>[\/et_pb_blurb][et_pb_text _builder_version=&#8221;4.21.0&#8243; _module_preset=&#8221;default&#8221; theme_builder_area=&#8221;post_content&#8221; hover_enabled=&#8221;0&#8243; sticky_enabled=&#8221;0&#8243;]<\/p>\n<p><a href=\"https:\/\/www.claret.org\/download\/5054\/materials\/149762\/opening-address-jubilee-year?lang=en\" target=\"_blank\" rel=\"noopener\">ENGLISH<\/a> <\/p>\n<p>[\/et_pb_text][\/et_pb_column][et_pb_column _builder_version=&#8221;4.21.0&#8243; _module_preset=&#8221;default&#8221; type=&#8221;1_3&#8243; theme_builder_area=&#8221;post_content&#8221;][et_pb_blurb title=&#8221;O mural na Capela da C\u00faria Geral&#8221; image=&#8221;https:\/\/www.claret.org\/wp-content\/uploads\/2023\/07\/IMG_20200326_182011.jpg&#8221; _builder_version=&#8221;4.21.0&#8243; _module_preset=&#8221;default&#8221; theme_builder_area=&#8221;post_content&#8221; sticky_enabled=&#8221;0&#8243; title_text=&#8221;IMG_20200326_182011&#8243; header_text_color=&#8221;#000000&#8243; header_font=&#8221;|700||on|||||&#8221;]<\/p>\n<p>Breve explica\u00e7\u00e3o do Pe. Carlos Sanchez, CMF sobre o mural pintado pelo Pe. Cerezo Barredo, CMF na abside da Capela da C\u00faria Geral.<\/p>\n<p>[\/et_pb_blurb][et_pb_text _builder_version=&#8221;4.21.0&#8243; _module_preset=&#8221;default&#8221; theme_builder_area=&#8221;post_content&#8221; hover_enabled=&#8221;0&#8243; sticky_enabled=&#8221;0&#8243;]<\/p>\n<p><a href=\"https:\/\/www.claret.org\/download\/5054\/materials\/149760\/reflection-at-the-inaugural-celebration?lang=en\" target=\"_blank\" rel=\"noopener\">ENGLISH<\/a> * <a href=\"https:\/\/www.claret.org\/download\/5054\/materials\/149761\/reflexion-en-la-celebracion-de-inauguracion-de-los-175-anos-de-la-fundacion-cmf?lang=en\" target=\"_blank\" rel=\"noopener\">ESPA\u00d1OL<\/a><\/p>\n<p>[\/et_pb_text][\/et_pb_column][\/et_pb_row][\/et_pb_section]<\/p>\n","protected":false},"excerpt":{"rendered":"<p>Carta Circular do Superior Geral anunciando a celebra\u00e7\u00e3o do Ano JubilarSauda\u00e7\u00f5es de abertura e mensagem do Padre Geral durante a inaugura\u00e7\u00e3o realizada em 1\u00ba de julho de 2023 na Capela da C\u00faria GeralENGLISH Breve explica\u00e7\u00e3o do Pe. Carlos Sanchez, CMF sobre o mural pintado pelo Pe. Cerezo Barredo, CMF na abside da Capela da C\u00faria [&hellip;]<\/p>\n","protected":false},"author":2,"featured_media":0,"parent":149906,"menu_order":0,"comment_status":"closed","ping_status":"closed","template":"","meta":{"_et_pb_use_builder":"on","_et_pb_old_content":"","_et_gb_content_width":"","footnotes":""},"class_list":["post-149927","page","type-page","status-publish","hentry"],"jetpack_sharing_enabled":true,"jetpack_shortlink":"https:\/\/wp.me\/PdaBmi-D0b","jetpack_likes_enabled":true,"_links":{"self":[{"href":"https:\/\/www.claret.org\/pt-pt\/wp-json\/wp\/v2\/pages\/149927","targetHints":{"allow":["GET"]}}],"collection":[{"href":"https:\/\/www.claret.org\/pt-pt\/wp-json\/wp\/v2\/pages"}],"about":[{"href":"https:\/\/www.claret.org\/pt-pt\/wp-json\/wp\/v2\/types\/page"}],"author":[{"embeddable":true,"href":"https:\/\/www.claret.org\/pt-pt\/wp-json\/wp\/v2\/users\/2"}],"replies":[{"embeddable":true,"href":"https:\/\/www.claret.org\/pt-pt\/wp-json\/wp\/v2\/comments?post=149927"}],"version-history":[{"count":0,"href":"https:\/\/www.claret.org\/pt-pt\/wp-json\/wp\/v2\/pages\/149927\/revisions"}],"up":[{"embeddable":true,"href":"https:\/\/www.claret.org\/pt-pt\/wp-json\/wp\/v2\/pages\/149906"}],"wp:attachment":[{"href":"https:\/\/www.claret.org\/pt-pt\/wp-json\/wp\/v2\/media?parent=149927"}],"curies":[{"name":"wp","href":"https:\/\/api.w.org\/{rel}","templated":true}]}}