{"id":149934,"date":"2023-07-04T15:55:48","date_gmt":"2023-07-04T13:55:48","guid":{"rendered":"https:\/\/www.claret.org\/inauguracao\/"},"modified":"2023-07-06T02:18:15","modified_gmt":"2023-07-06T00:18:15","slug":"inauguracao","status":"publish","type":"page","link":"https:\/\/www.claret.org\/pt-pt\/jubileu\/inauguracao\/","title":{"rendered":"Inaugura\u00e7\u00e3o"},"content":{"rendered":"<p>[et_pb_section fb_built=&#8221;1&#8243; fullwidth=&#8221;on&#8221; _builder_version=&#8221;4.21.0&#8243; _module_preset=&#8221;default&#8221; global_colors_info=&#8221;{}&#8221;][et_pb_fullwidth_header title=&#8221;@ET-DC@eyJkeW5hbWljIjp0cnVlLCJjb250ZW50IjoicG9zdF90aXRsZSIsInNldHRpbmdzIjp7ImJlZm9yZSI6IiIsImFmdGVyIjoiIn19@&#8221; text_orientation=&#8221;center&#8221; _builder_version=&#8221;4.21.0&#8243; _dynamic_attributes=&#8221;title&#8221; _module_preset=&#8221;default&#8221; background_color=&#8221;#000000&#8243; title_text_shadow_style=&#8221;preset1&#8243; global_colors_info=&#8221;{}&#8221;]<\/p>\n<p>Inaugura\u00e7\u00e3o do Ano Jubilar presidida pelo Pe. Mathew Vattamattam, CMF, Superior Geral, na Capela da C\u00faria Geral em Roma, It\u00e1lia.<\/p>\n<p>[\/et_pb_fullwidth_header][\/et_pb_section][et_pb_section fb_built=&#8221;1&#8243; fullwidth=&#8221;on&#8221; _builder_version=&#8221;4.21.0&#8243; _module_preset=&#8221;default&#8221; global_colors_info=&#8221;{}&#8221;][et_pb_fullwidth_code _builder_version=&#8221;4.21.0&#8243; _module_preset=&#8221;default&#8221; global_colors_info=&#8221;{}&#8221;]<iframe loading=\"lazy\" width=\"560\" height=\"315\" src=\"https:\/\/www.youtube.com\/embed\/AXwig0Eqx14\" title=\"YouTube video player\" frameborder=\"0\" allow=\"accelerometer; autoplay; clipboard-write; encrypted-media; gyroscope; picture-in-picture; web-share\" allowfullscreen><\/iframe>[\/et_pb_fullwidth_code][\/et_pb_section][et_pb_section fb_built=&#8221;1&#8243; _builder_version=&#8221;4.21.0&#8243; _module_preset=&#8221;default&#8221; hover_enabled=&#8221;0&#8243; global_colors_info=&#8221;{}&#8221; background_color=&#8221;#000000&#8243; sticky_enabled=&#8221;0&#8243;][et_pb_row column_structure=&#8221;2_5,3_5&#8243; _builder_version=&#8221;4.21.0&#8243; _module_preset=&#8221;default&#8221; global_colors_info=&#8221;{}&#8221;][et_pb_column type=&#8221;2_5&#8243; _builder_version=&#8221;4.21.0&#8243; _module_preset=&#8221;default&#8221; global_colors_info=&#8221;{}&#8221;][et_pb_text _builder_version=&#8221;4.21.0&#8243; _module_preset=&#8221;default&#8221; hover_enabled=&#8221;0&#8243; global_colors_info=&#8221;{}&#8221; text_text_color=&#8221;#c4c4c4&#8243; header_text_color=&#8221;#FFFFFF&#8221; header_2_text_color=&#8221;#ffffff&#8221; sticky_enabled=&#8221;0&#8243;]<\/p>\n<h2><strong>PROGRAMA<\/strong><\/h2>\n<p>I. Sauda\u00e7\u00f5es do Padre Geral<br \/>II. Leitura do documento de funda\u00e7\u00e3o a partir da autobiografia<br \/>III. Hino do Jubileu: Nuevo Pentecostes<br \/>IV. Ora\u00e7\u00e3o de abertura<br \/>V. Leitura da Palavra de Deus<br \/>VI. Explica\u00e7\u00e3o do mural na abside da Capela da C\u00faria<br \/>VII. Um mission\u00e1rio (um v\u00eddeo preparado por Lecco)<br \/>VIII. A\u00e7\u00e3o de Gra\u00e7as e Peti\u00e7\u00f5es<br \/>IX. Ora\u00e7\u00e3o de encerramento<br \/>X. Can\u00e7\u00e3o de encerramento: Defini\u00e7\u00e3o de um mission\u00e1rio<br \/>XI. An\u00fancios<br \/>XII. B\u00ean\u00e7\u00e3o final<\/p>\n<p>[\/et_pb_text][\/et_pb_column][et_pb_column type=&#8221;3_5&#8243; _builder_version=&#8221;4.21.0&#8243; _module_preset=&#8221;default&#8221; global_colors_info=&#8221;{}&#8221;][et_pb_text _builder_version=&#8221;4.21.0&#8243; _module_preset=&#8221;default&#8221; header_2_font=&#8221;|700|||||||&#8221; header_2_text_color=&#8221;#FFFFFF&#8221; hover_enabled=&#8221;0&#8243; global_colors_info=&#8221;{}&#8221; sticky_enabled=&#8221;0&#8243;]<\/p>\n<h2>ESPA\u00d1OL<\/h2>\n<p>[\/et_pb_text][et_pb_video src=&#8221;https:\/\/youtu.be\/ie3a43zta1o&#8221; _builder_version=&#8221;4.21.0&#8243; _module_preset=&#8221;default&#8221; global_colors_info=&#8221;{}&#8221;][\/et_pb_video][\/et_pb_column][\/et_pb_row][\/et_pb_section]<\/p>\n","protected":false},"excerpt":{"rendered":"<p>Inaugura\u00e7\u00e3o do Ano Jubilar presidida pelo Pe. Mathew Vattamattam, CMF, Superior Geral, na Capela da C\u00faria Geral em Roma, It\u00e1lia.PROGRAMA I. Sauda\u00e7\u00f5es do Padre GeralII. Leitura do documento de funda\u00e7\u00e3o a partir da autobiografiaIII. Hino do Jubileu: Nuevo PentecostesIV. Ora\u00e7\u00e3o de aberturaV. Leitura da Palavra de DeusVI. Explica\u00e7\u00e3o do mural na abside da Capela da [&hellip;]<\/p>\n","protected":false},"author":2,"featured_media":149659,"parent":149906,"menu_order":0,"comment_status":"closed","ping_status":"closed","template":"","meta":{"_et_pb_use_builder":"on","_et_pb_old_content":"","_et_gb_content_width":"","footnotes":""},"class_list":["post-149934","page","type-page","status-publish","has-post-thumbnail","hentry"],"jetpack_sharing_enabled":true,"jetpack_shortlink":"https:\/\/wp.me\/PdaBmi-D0i","jetpack_likes_enabled":true,"_links":{"self":[{"href":"https:\/\/www.claret.org\/pt-pt\/wp-json\/wp\/v2\/pages\/149934","targetHints":{"allow":["GET"]}}],"collection":[{"href":"https:\/\/www.claret.org\/pt-pt\/wp-json\/wp\/v2\/pages"}],"about":[{"href":"https:\/\/www.claret.org\/pt-pt\/wp-json\/wp\/v2\/types\/page"}],"author":[{"embeddable":true,"href":"https:\/\/www.claret.org\/pt-pt\/wp-json\/wp\/v2\/users\/2"}],"replies":[{"embeddable":true,"href":"https:\/\/www.claret.org\/pt-pt\/wp-json\/wp\/v2\/comments?post=149934"}],"version-history":[{"count":0,"href":"https:\/\/www.claret.org\/pt-pt\/wp-json\/wp\/v2\/pages\/149934\/revisions"}],"up":[{"embeddable":true,"href":"https:\/\/www.claret.org\/pt-pt\/wp-json\/wp\/v2\/pages\/149906"}],"wp:featuredmedia":[{"embeddable":true,"href":"https:\/\/www.claret.org\/pt-pt\/wp-json\/wp\/v2\/media\/149659"}],"wp:attachment":[{"href":"https:\/\/www.claret.org\/pt-pt\/wp-json\/wp\/v2\/media?parent=149934"}],"curies":[{"name":"wp","href":"https:\/\/api.w.org\/{rel}","templated":true}]}}