{"id":149941,"date":"2023-07-04T15:55:45","date_gmt":"2023-07-04T13:55:45","guid":{"rendered":"https:\/\/www.claret.org\/calendario-de-atividades\/"},"modified":"2023-07-16T11:49:23","modified_gmt":"2023-07-16T09:49:23","slug":"calendario-de-atividades","status":"publish","type":"page","link":"https:\/\/www.claret.org\/pt-pt\/jubileu\/calendario-de-atividades\/","title":{"rendered":"Calend\u00e1rio de atividades"},"content":{"rendered":"<p>[et_pb_section fb_built=&#8221;1&#8243; fullwidth=&#8221;on&#8221; _builder_version=&#8221;4.21.0&#8243; _module_preset=&#8221;default&#8221; global_colors_info=&#8221;{}&#8221;][et_pb_fullwidth_header title=&#8221;@ET-DC@eyJkeW5hbWljIjp0cnVlLCJjb250ZW50IjoicG9zdF90aXRsZSIsInNldHRpbmdzIjp7ImJlZm9yZSI6IiIsImFmdGVyIjoiIn19@&#8221; text_orientation=&#8221;center&#8221; _builder_version=&#8221;4.21.0&#8243; _dynamic_attributes=&#8221;title&#8221; _module_preset=&#8221;default&#8221; background_color=&#8221;#e57600&#8243; title_text_shadow_style=&#8221;preset1&#8243; global_colors_info=&#8221;{}&#8221;]<\/p>\n<p>2023 &#8211; 2024<\/p>\n<p>[\/et_pb_fullwidth_header][\/et_pb_section][et_pb_section fb_built=&#8221;1&#8243; _builder_version=&#8221;4.21.0&#8243; _module_preset=&#8221;default&#8221; custom_padding=&#8221;25px|||||&#8221; global_colors_info=&#8221;{}&#8221;][et_pb_row _builder_version=&#8221;4.21.0&#8243; _module_preset=&#8221;default&#8221; global_colors_info=&#8221;{}&#8221;][et_pb_column type=&#8221;4_4&#8243; _builder_version=&#8221;4.21.0&#8243; _module_preset=&#8221;default&#8221; global_colors_info=&#8221;{}&#8221;][et_pb_text _builder_version=&#8221;4.21.0&#8243; _module_preset=&#8221;default&#8221; hover_enabled=&#8221;0&#8243; global_colors_info=&#8221;{}&#8221; sticky_enabled=&#8221;0&#8243;]<\/p>\n<h2><strong>2023<\/strong><\/h2>\n<p><strong>31 May<\/strong> &#8211; Carta de anuncio del Superior General<br \/><strong>01 Jun<\/strong> &#8211; Composici\u00f3n y distribuci\u00f3n del canto jubilar Distribuci\u00f3n de la oraci\u00f3n jubilar<br \/><strong>01 Jul<\/strong> &#8211; Inauguraci\u00f3n en la Curia General (retransmisi\u00f3n en directo)<br \/><strong>01 Sep<\/strong> &#8211; Lanzamiento de la versi\u00f3n actualizada de la App Fussimanya<br \/><strong>01 Oct<\/strong> &#8211; Inicio de la publicaci\u00f3n de los v\u00eddeos cortos sobre la historia de la Congregaci\u00f3n en diferentes fases<\/p>\n<p>&nbsp;<\/p>\n<h2><strong>2024<\/strong><\/h2>\n<p><strong>01 Feb<\/strong> &#8211; Inicio de la publicaci\u00f3n de los v\u00eddeos cortos sobre la misi\u00f3n de la Congregaci\u00f3n<br \/><strong>01 May<\/strong> &#8211; Publicaci\u00f3n y distribuci\u00f3n de libros ( Publicaci\u00f3n y distribuci\u00f3n de libros: Misioneros Claretianos Vol III (escrito por Gustavo Alonso) Reflexiones sobre La Definici\u00f3n de Claretiano, y La Oraci\u00f3n Apost\u00f3lica (preparado por la Provincia de Santiago)<br \/><strong> <\/strong> &#8211; Diversos programas a iniciativa de Organismos Mayores y comunidades<br \/><strong>07-15 Jul<\/strong> &#8211; Congreso de Espiritualidad en Vic<br \/><strong>15 Jul<\/strong> &#8211; Vigilia<br \/><strong>16 Jul<\/strong> &#8211; Conclusi\u00f3n del Jubileo<\/p>\n<p>[\/et_pb_text][\/et_pb_column][\/et_pb_row][\/et_pb_section]<\/p>\n","protected":false},"excerpt":{"rendered":"<p>2023 &#8211; 20242023 31 May &#8211; Carta de anuncio del Superior General01 Jun &#8211; Composici\u00f3n y distribuci\u00f3n del canto jubilar Distribuci\u00f3n de la oraci\u00f3n jubilar01 Jul &#8211; Inauguraci\u00f3n en la Curia General (retransmisi\u00f3n en directo)01 Sep &#8211; Lanzamiento de la versi\u00f3n actualizada de la App Fussimanya01 Oct &#8211; Inicio de la publicaci\u00f3n de los v\u00eddeos [&hellip;]<\/p>\n","protected":false},"author":2,"featured_media":0,"parent":149906,"menu_order":0,"comment_status":"closed","ping_status":"closed","template":"","meta":{"_et_pb_use_builder":"on","_et_pb_old_content":"","_et_gb_content_width":"","footnotes":""},"class_list":["post-149941","page","type-page","status-publish","hentry"],"jetpack_sharing_enabled":true,"jetpack_shortlink":"https:\/\/wp.me\/PdaBmi-D0p","jetpack_likes_enabled":true,"_links":{"self":[{"href":"https:\/\/www.claret.org\/pt-pt\/wp-json\/wp\/v2\/pages\/149941","targetHints":{"allow":["GET"]}}],"collection":[{"href":"https:\/\/www.claret.org\/pt-pt\/wp-json\/wp\/v2\/pages"}],"about":[{"href":"https:\/\/www.claret.org\/pt-pt\/wp-json\/wp\/v2\/types\/page"}],"author":[{"embeddable":true,"href":"https:\/\/www.claret.org\/pt-pt\/wp-json\/wp\/v2\/users\/2"}],"replies":[{"embeddable":true,"href":"https:\/\/www.claret.org\/pt-pt\/wp-json\/wp\/v2\/comments?post=149941"}],"version-history":[{"count":0,"href":"https:\/\/www.claret.org\/pt-pt\/wp-json\/wp\/v2\/pages\/149941\/revisions"}],"up":[{"embeddable":true,"href":"https:\/\/www.claret.org\/pt-pt\/wp-json\/wp\/v2\/pages\/149906"}],"wp:attachment":[{"href":"https:\/\/www.claret.org\/pt-pt\/wp-json\/wp\/v2\/media?parent=149941"}],"curies":[{"name":"wp","href":"https:\/\/api.w.org\/{rel}","templated":true}]}}