{"id":163521,"date":"2024-02-07T17:59:40","date_gmt":"2024-02-07T16:59:40","guid":{"rendered":"https:\/\/www.claret.org\/faca-parte-do-nosso-sonho-2\/"},"modified":"2025-03-24T16:03:57","modified_gmt":"2025-03-24T15:03:57","slug":"faca-parte-do-nosso-sonho-2","status":"publish","type":"page","link":"https:\/\/www.claret.org\/pt-pt\/faca-parte-do-nosso-sonho-2\/","title":{"rendered":"Fa\u00e7a parte do nosso sonho"},"content":{"rendered":"<p>[et_pb_section fb_built=&#8221;1&#8243; fullwidth=&#8221;on&#8221; _builder_version=&#8221;4.16&#8243; _module_preset=&#8221;default&#8221; global_colors_info=&#8221;{}&#8221;][et_pb_fullwidth_header title=&#8221;@ET-DC@eyJkeW5hbWljIjp0cnVlLCJjb250ZW50IjoicG9zdF90aXRsZSIsInNldHRpbmdzIjp7ImJlZm9yZSI6IiIsImFmdGVyIjoiIn19@&#8221; _builder_version=&#8221;4.17.6&#8243; _dynamic_attributes=&#8221;title&#8221; _module_preset=&#8221;default&#8221; background_color=&#8221;#f75a00&#8243; global_colors_info=&#8221;{}&#8221;]<\/p>\n<p>H\u00e1 muitas maneiras de fazer parte de nosso sonho. Aqui est\u00e3o as diferentes maneiras pelas quais voc\u00ea pode fazer parte dele:<\/p>\n<p>[\/et_pb_fullwidth_header][\/et_pb_section][et_pb_section fb_built=&#8221;1&#8243; fullwidth=&#8221;on&#8221; _builder_version=&#8221;4.16&#8243; _module_preset=&#8221;default&#8221; global_colors_info=&#8221;{}&#8221;][et_pb_fullwidth_header title=&#8221;SEJA UM COLABORADOR DA MISS\u00c3O&#8221; _builder_version=&#8221;4.17.6&#8243; _module_preset=&#8221;default&#8221; content_link_text_color=&#8221;#EDF000&#8243; background_color=&#8221;rgba(255,220,165,0.66)&#8221; background_layout=&#8221;light&#8221; global_colors_info=&#8221;{}&#8221;]<\/p>\n<p>Algumas das Prov\u00edncias e Delega\u00e7\u00f5es claretianas t\u00eam programas de voluntariado onde o senhor pode se inscrever para ter um m\u00eas ou meses de experi\u00eancia nos postos de miss\u00e3o. O senhor pode consultar se eles tiverem um no pa\u00eds em que o senhor se encontra.<\/p>\n<p>&nbsp;<\/p>\n<p>A maioria das comunidades claretianas do mundo inteiro convida colaboradores mission\u00e1rios em suas respectivas par\u00f3quias, escolas e programas de assist\u00eancia social.<\/p>\n<p>[\/et_pb_fullwidth_header][\/et_pb_section][et_pb_section fb_built=&#8221;1&#8243; fullwidth=&#8221;on&#8221; _builder_version=&#8221;4.16&#8243; _module_preset=&#8221;default&#8221; global_colors_info=&#8221;{}&#8221;][et_pb_fullwidth_header title=&#8221;APOIAR NOSSAS MISS\u00d5ES&#8221; background_overlay_color=&#8221;rgba(0,106,193,0.91)&#8221; _builder_version=&#8221;4.17.6&#8243; _module_preset=&#8221;default&#8221; content_link_text_color=&#8221;#FFFFFF&#8221; background_color=&#8221;#0C71C3&#8243; background_image=&#8221;https:\/\/www.claret.org\/wp-content\/uploads\/2022\/07\/with-Lord-Winner.jpg&#8221; parallax=&#8221;on&#8221; background_blend=&#8221;darken&#8221; child_filter_saturate=&#8221;99%&#8221; global_colors_info=&#8221;{}&#8221;]<\/p>\n<p>O senhor pode apoiar nossas miss\u00f5es doando para a Procuradoria Geral atrav\u00e9s da Proclade Internationale. O respons\u00e1vel \u00e9 o Padre Lord Winner, CMF. Abaixo est\u00e3o os detalhes da conta banc\u00e1ria:<\/p>\n<p>&nbsp;<\/p>\n<p>Nome do banco: UNICREDIT<br \/>Endere\u00e7o do Banco: 30643 Roma CIVININI, Roma, Italia.<br \/>C\u00f3digo SWIFT: UNCRITM1113<br \/>N\u00famero da conta ou IBAN: IT 73 G 02008 05170 000101556451<br \/>Nome do Titular da Conta: PROCLADE INTERNAZIONALE Onlus<\/p>\n<p>&nbsp;<\/p>\n<h2>Endere\u00e7o do titular da conta:<\/h2>\n<p>PROCLADE INTERNAZIONALE Onlus<br \/>Missionari Clarettiani<br \/>Via Sacro Cuore di Maria, 5<br \/>00197 ROMA, Italia<br \/>Tel: 06 80910008 \u2013 Fax: 06 80910047<br \/>Email: projects.proclade@gmail.com<\/p>\n<p>Website: <a href=\"http:\/\/www.procladeint.org\" target=\"_blank\" rel=\"noopener nofollow\">http:\/\/www.procladeint.org<\/a><\/p>\n<p>[\/et_pb_fullwidth_header][\/et_pb_section][et_pb_section fb_built=&#8221;1&#8243; fullwidth=&#8221;on&#8221; _builder_version=&#8221;4.16&#8243; _module_preset=&#8221;default&#8221; global_colors_info=&#8221;{}&#8221;][et_pb_fullwidth_header title=&#8221;SER MISSION\u00c1RIO CLARETIANO&#8221; _builder_version=&#8221;4.24.0&#8243; _module_preset=&#8221;default&#8221; title_font=&#8221;|600|||||||&#8221; background_color=&#8221;#FFFFFF&#8221; background_enable_image=&#8221;off&#8221; parallax=&#8221;on&#8221; background_layout=&#8221;light&#8221; global_colors_info=&#8221;{}&#8221;]<\/p>\n<p>Se te sentires chamado a ser um Claretiano, um irm\u00e3o religioso ou um sacerdote, e disposto a ser formado como Filho do Imaculado Cora\u00e7\u00e3o de Maria, podes contactar os Mission\u00e1rios Claretianos no teu pa\u00eds.<\/p>\n<p>&nbsp;<\/p>\n<p>Podes encontrar-nos em: ANGOLA | ARGENTINA | AUSTRALIA | AUSTRIA | BANGLADESH | BELARUS | BOLIVIA | BRASIL | BURKINA FASO | CAMEROUN | CANADA | CHAD | CHILE | CHINA | COLOMBIA | COSTA RICA | C\u00d4TE D\u2019IVOIRE | CUBA | DEUTSCHLAND | ECUADOR | EL SALVADOR | ESPA\u00d1A | FRANCE | GABON | GHANA | GUATEMALA | GUINEA ECUATORIAL | HA\u00cfTI | HONDURAS | INDIA | INDONESIA | ITALIA | JAPAN | KENYA | MADAGASCAR | MALAYSIA | M\u00c9XICO | MO\u00c7AMBIQUE | MYANMAR | NEW ZEALAND | NICARAGUA | NIGERIA | PANAM\u00c1 | PARAGUAY | PER\u00da | PHILIPPINES | POLSKA | PORTUGAL | PUERTO RICO | REPUBLIKA CZESKA | REP\u00daBLICA DOMINICANA | REPUBLIQUE DEMOCRATIQUE DU CONGO | RUSSIA | S\u00c3O TOM\u00c9 E PR\u00cdNCIPE | SCHWEIZ | SLOVENIJA | SOUTH AFRICA | SOUTH KOREA | SRI LANKA | TAIWAN | TANZANIA | TIMOR LESTE | UGANDA | UKRAINE | UNITED KINGDOM | UNITED STATES OF AMERICA | URUGUAY | VENEZUELA | VIETNAM | ZIMBABWE<\/p>\n<p>[\/et_pb_fullwidth_header][\/et_pb_section][et_pb_section fb_built=&#8221;1&#8243; fullwidth=&#8221;on&#8221; _builder_version=&#8221;4.24.0&#8243; _module_preset=&#8221;default&#8221; global_colors_info=&#8221;{}&#8221;][\/et_pb_section]<\/p>\n","protected":false},"excerpt":{"rendered":"<p>Estas s\u00e3o as muitas maneiras pelas quais voc\u00ea pode fazer parte do nosso Sonho: ser um colaborador da miss\u00e3o, apoiar nossas Miss\u00f5es com fundos, ser um Mission\u00e1rio Claretiano, participar e celebrar o Dia da Miss\u00e3o Claretiana!<\/p>\n","protected":false},"author":2,"featured_media":0,"parent":0,"menu_order":0,"comment_status":"closed","ping_status":"closed","template":"","meta":{"_et_pb_use_builder":"on","_et_pb_old_content":"","_et_gb_content_width":"","footnotes":""},"class_list":["post-163521","page","type-page","status-publish","hentry"],"jetpack_sharing_enabled":true,"jetpack_shortlink":"https:\/\/wp.me\/PdaBmi-Gxr","jetpack_likes_enabled":true,"_links":{"self":[{"href":"https:\/\/www.claret.org\/pt-pt\/wp-json\/wp\/v2\/pages\/163521","targetHints":{"allow":["GET"]}}],"collection":[{"href":"https:\/\/www.claret.org\/pt-pt\/wp-json\/wp\/v2\/pages"}],"about":[{"href":"https:\/\/www.claret.org\/pt-pt\/wp-json\/wp\/v2\/types\/page"}],"author":[{"embeddable":true,"href":"https:\/\/www.claret.org\/pt-pt\/wp-json\/wp\/v2\/users\/2"}],"replies":[{"embeddable":true,"href":"https:\/\/www.claret.org\/pt-pt\/wp-json\/wp\/v2\/comments?post=163521"}],"version-history":[{"count":3,"href":"https:\/\/www.claret.org\/pt-pt\/wp-json\/wp\/v2\/pages\/163521\/revisions"}],"predecessor-version":[{"id":178173,"href":"https:\/\/www.claret.org\/pt-pt\/wp-json\/wp\/v2\/pages\/163521\/revisions\/178173"}],"wp:attachment":[{"href":"https:\/\/www.claret.org\/pt-pt\/wp-json\/wp\/v2\/media?parent=163521"}],"curies":[{"name":"wp","href":"https:\/\/api.w.org\/{rel}","templated":true}]}}