{"id":167837,"date":"2024-02-07T17:26:58","date_gmt":"2024-02-07T16:26:58","guid":{"rendered":"https:\/\/www.claret.org\/jubileu\/jubileu-logo\/"},"modified":"2024-06-17T22:42:50","modified_gmt":"2024-06-17T20:42:50","slug":"jubileu-logo","status":"publish","type":"page","link":"https:\/\/www.claret.org\/pt-pt\/jubileu\/jubileu-logo\/","title":{"rendered":"Jubileu Logo"},"content":{"rendered":"<p>[et_pb_section fb_built=&#8221;1&#8243; _builder_version=&#8221;4.21.0&#8243; _module_preset=&#8221;default&#8221; custom_padding=&#8221;23px||12px|||&#8221; global_colors_info=&#8221;{}&#8221; theme_builder_area=&#8221;post_content&#8221;][et_pb_row column_structure=&#8221;1_2,1_2&#8243; _builder_version=&#8221;4.21.0&#8243; _module_preset=&#8221;default&#8221; global_colors_info=&#8221;{}&#8221; theme_builder_area=&#8221;post_content&#8221;][et_pb_column type=&#8221;1_2&#8243; _builder_version=&#8221;4.21.0&#8243; _module_preset=&#8221;default&#8221; global_colors_info=&#8221;{}&#8221; theme_builder_area=&#8221;post_content&#8221;][et_pb_text _builder_version=&#8221;4.21.0&#8243; _module_preset=&#8221;default&#8221; global_colors_info=&#8221;{}&#8221; theme_builder_area=&#8221;post_content&#8221;]<\/p>\n<h1>O LOGOTIPO<\/h1>\n<p>O logotipo foi projetado para ser universalmente reconhec\u00edvel sem a necessidade de linguagem ou explica\u00e7\u00e3o, al\u00e9m de ser simples no design. O centro do logotipo apresenta um CMF (Filho do Cora\u00e7\u00e3o de Maria), representando algo identific\u00e1vel, mariano e universal. A tipografia caligr\u00e1fica utilizada \u00e9 simples e r\u00e1pida, com uma linha horizontal ligeiramente arredondada que &#8220;abra\u00e7a&#8221; as letras circundantes e, combinada com o &#8220;f&#8221;, cria uma cruz, simbolizando que Deus est\u00e1 no centro de tudo (a maior gl\u00f3ria de Deus). O n\u00famero 175 est\u00e1 posicionado \u00e0 direita do elemento principal, compensando-o e dando-lhe significado, mas n\u00e3o tornando o ponto focal da imagem. <\/p>\n<p>O terceiro componente do logotipo incorpora a fervorosa chama do Esp\u00edrito Santo. Suas chamas s\u00e3o din\u00e2micas e em constante movimento, emanando da chama central. Este s\u00edmbolo \u00e9 derivado da sigla &#8220;cmf&#8221; e complementa perfeitamente o lema, que significa 175 anos de propaga\u00e7\u00e3o da chama do Esp\u00edrito.<\/p>\n<p>Os Mission\u00e1rios Claretianos s\u00e3o o instrumento do Esp\u00edrito Santo para acender as pessoas por todos os meios no fogo do amor de Deus. <\/p>\n<p>[\/et_pb_text][\/et_pb_column][et_pb_column type=&#8221;1_2&#8243; _builder_version=&#8221;4.21.0&#8243; _module_preset=&#8221;default&#8221; global_colors_info=&#8221;{}&#8221; theme_builder_area=&#8221;post_content&#8221;][et_pb_image src=&#8221;https:\/\/www.claret.org\/wp-content\/uploads\/2024\/01\/Es-175-jubilee-1.png&#8221; title_text=&#8221;175 jubilee&#8221; _builder_version=&#8221;4.24.0&#8243; _module_preset=&#8221;default&#8221; global_colors_info=&#8221;{}&#8221; theme_builder_area=&#8221;post_content&#8221;][\/et_pb_image][\/et_pb_column][\/et_pb_row][\/et_pb_section][et_pb_section fb_built=&#8221;1&#8243; _builder_version=&#8221;4.21.0&#8243; _module_preset=&#8221;default&#8221; custom_padding=&#8221;14px|||||&#8221; global_colors_info=&#8221;{}&#8221; theme_builder_area=&#8221;post_content&#8221;][et_pb_row _builder_version=&#8221;4.21.0&#8243; _module_preset=&#8221;default&#8221; global_colors_info=&#8221;{}&#8221; theme_builder_area=&#8221;post_content&#8221;][et_pb_column type=&#8221;4_4&#8243; _builder_version=&#8221;4.21.0&#8243; _module_preset=&#8221;default&#8221; global_colors_info=&#8221;{}&#8221; theme_builder_area=&#8221;post_content&#8221;][et_pb_text _builder_version=&#8221;4.21.0&#8243; _module_preset=&#8221;default&#8221; header_font=&#8221;|700|||||||&#8221; header_2_font=&#8221;|700|||||||&#8221; header_2_text_align=&#8221;center&#8221; header_2_text_color=&#8221;#e57600&#8243; custom_margin=&#8221;||8px|||&#8221; global_colors_info=&#8221;{}&#8221; theme_builder_area=&#8221;post_content&#8221;]<\/p>\n<h2>BAIXAR O LOGOTIPO EM PNG OU ARQUIVO JPG<\/h2>\n<p>[\/et_pb_text][divi_wpfd_file_category category_id=&#8221;{%22categoryId%22:%225053%22,%22categoryPath%22:%22Iubilaeum&#8212;Logo%22}&#8221; _builder_version=&#8221;4.24.0&#8243; _module_preset=&#8221;default&#8221; hover_enabled=&#8221;0&#8243; global_colors_info=&#8221;{}&#8221; theme_builder_area=&#8221;post_content&#8221; sticky_enabled=&#8221;0&#8243;][\/divi_wpfd_file_category][\/et_pb_column][\/et_pb_row][\/et_pb_section]<\/p>\n","protected":false},"excerpt":{"rendered":"<p>Logotipo para a celebra\u00e7\u00e3o do 175\u00ba Jubileu da Funda\u00e7\u00e3o dos Mission\u00e1rios Claretianos<\/p>\n","protected":false},"author":2,"featured_media":161754,"parent":149906,"menu_order":0,"comment_status":"closed","ping_status":"closed","template":"","meta":{"_et_pb_use_builder":"on","_et_pb_old_content":"","_et_gb_content_width":"","footnotes":""},"class_list":["post-167837","page","type-page","status-publish","has-post-thumbnail","hentry"],"jetpack_sharing_enabled":true,"jetpack_shortlink":"https:\/\/wp.me\/PdaBmi-HF3","jetpack_likes_enabled":true,"_links":{"self":[{"href":"https:\/\/www.claret.org\/pt-pt\/wp-json\/wp\/v2\/pages\/167837","targetHints":{"allow":["GET"]}}],"collection":[{"href":"https:\/\/www.claret.org\/pt-pt\/wp-json\/wp\/v2\/pages"}],"about":[{"href":"https:\/\/www.claret.org\/pt-pt\/wp-json\/wp\/v2\/types\/page"}],"author":[{"embeddable":true,"href":"https:\/\/www.claret.org\/pt-pt\/wp-json\/wp\/v2\/users\/2"}],"replies":[{"embeddable":true,"href":"https:\/\/www.claret.org\/pt-pt\/wp-json\/wp\/v2\/comments?post=167837"}],"version-history":[{"count":0,"href":"https:\/\/www.claret.org\/pt-pt\/wp-json\/wp\/v2\/pages\/167837\/revisions"}],"up":[{"embeddable":true,"href":"https:\/\/www.claret.org\/pt-pt\/wp-json\/wp\/v2\/pages\/149906"}],"wp:featuredmedia":[{"embeddable":true,"href":"https:\/\/www.claret.org\/pt-pt\/wp-json\/wp\/v2\/media\/161754"}],"wp:attachment":[{"href":"https:\/\/www.claret.org\/pt-pt\/wp-json\/wp\/v2\/media?parent=167837"}],"curies":[{"name":"wp","href":"https:\/\/api.w.org\/{rel}","templated":true}]}}