{"id":24837,"date":"2018-07-24T19:20:43","date_gmt":"2018-07-24T17:20:43","guid":{"rendered":"https:\/\/www.claret.org\/claretianos\/calendario-claretiano\/clemente-serrat-superior-geral\/"},"modified":"2022-04-07T16:18:11","modified_gmt":"2022-04-07T14:18:11","slug":"clemente-serrat-superior-geral","status":"publish","type":"page","link":"https:\/\/www.claret.org\/pt-pt\/efemerides\/clemente-serrat-superior-geral\/","title":{"rendered":"Clemente Serrat, Superior Geral"},"content":{"rendered":"<p><img data-recalc-dims=\"1\" loading=\"lazy\" decoding=\"async\" data-attachment-id=\"24831\" data-permalink=\"https:\/\/www.claret.org\/pt-pt\/efemerides\/clemente-serrat-superior-geral\/01-clemente_serrat-2\/\" data-orig-file=\"https:\/\/i0.wp.com\/www.claret.org\/wp-content\/uploads\/2018\/07\/01-clemente_serrat.jpg?fit=768%2C1024&amp;ssl=1\" data-orig-size=\"768,1024\" data-comments-opened=\"0\" data-image-meta=\"{&quot;aperture&quot;:&quot;0&quot;,&quot;credit&quot;:&quot;&quot;,&quot;camera&quot;:&quot;&quot;,&quot;caption&quot;:&quot;&quot;,&quot;created_timestamp&quot;:&quot;0&quot;,&quot;copyright&quot;:&quot;&quot;,&quot;focal_length&quot;:&quot;0&quot;,&quot;iso&quot;:&quot;0&quot;,&quot;shutter_speed&quot;:&quot;0&quot;,&quot;title&quot;:&quot;&quot;,&quot;orientation&quot;:&quot;1&quot;}\" data-image-title=\"01-clemente_serrat\" data-image-description=\"\" data-image-caption=\"\" data-large-file=\"https:\/\/i0.wp.com\/www.claret.org\/wp-content\/uploads\/2018\/07\/01-clemente_serrat.jpg?fit=768%2C1024&amp;ssl=1\" class=\"alignleft size-medium wp-image-24831\" src=\"https:\/\/i0.wp.com\/www.claret.org\/wp-content\/uploads\/2018\/07\/01-clemente_serrat.jpg?resize=225%2C300&#038;ssl=1\" alt=\"\" width=\"225\" height=\"300\" title=\"\" srcset=\"https:\/\/i0.wp.com\/www.claret.org\/wp-content\/uploads\/2018\/07\/01-clemente_serrat.jpg?resize=225%2C300&amp;ssl=1 225w, https:\/\/i0.wp.com\/www.claret.org\/wp-content\/uploads\/2018\/07\/01-clemente_serrat.jpg?w=768&amp;ssl=1 768w\" sizes=\"(max-width: 225px) 100vw, 225px\" \/><br \/>\nNasceu em Gurb, Prov\u00edncia de Barcelona (Espanha) no dia 12 de janeiro de 1832. Estudou no Semin\u00e1rio de Vic e se ordenaou sacerdote no dia 26 de setembro de 1856. Trabalhou como Vig\u00e1rio em Olost durante um ano e entrou na Congrega\u00e7\u00e3o  de Mission\u00e1rios no dia 3 de julho de 1859. Em certa ocasi\u00e3o o Pe. Claret disse ao Pe. Xifr\u00e9: &#8220;Cuide bem deste jovem, ser\u00e1 um tesouro para a Congrega\u00e7\u00e3o&#8221;.<\/p>\n<p>Professou em Seg\u00f3via nas m\u00e3os do Padre Claret no dia 25 de agosto de 1862. Rec\u00e9m professo, aos 29 anos, foi nomeado Superior da casa de Seg\u00f3via onde parmaneceu at\u00e9 a revolu\u00e7\u00e3o de 1868, durante a qual se refugiu na Fran\u00e7a. Mais tarde, ao ser destinado para o Chile o Pe. Paulo Vallier em 1869, Pe. Clemente foi nomeado Mestre de Novi\u00e7os, servi\u00e7o que prestou em Prades, Thuir e Vic de 1870 a 1878. Depois ocupou o cargo de formador nos Col\u00e9gios de Gracia, Santo Domingo de la Calzada e Cervera. Tamb\u00e9m foi Superior local em Vic, Gracia, Santo Domingo de la Calzada e Cervera.<\/p>\n<p>Em 1876 foi eleito Consultor Geral e neste cargo permaneceu at\u00e9 1888, ano em que lhe foi confiado o cargo de Vice-Superior Geral. Ao morrer o Pe. Xifr\u00e9, foi eleito Superior Geral em Vic, no VIII Cap\u00edtulo Geral, em dezembro de 1899.<\/p>\n<p>O Pe. Clamente Serrat dirigiu uma preciosa circular \u00e0 Congrega\u00e7\u00e3o sobre a <em>Voca\u00e7\u00e3o Religiosa<\/em> para suscitar nos irm\u00e3os sentimentos de viva gratid\u00e3o e recordando os benef\u00edcios da divina voca\u00e7\u00e3o. O Pe. Serrat, servindo-se das palavras de S\u00e3o Paulo: &#8220;Rogo-vos encarecidamente que vos mantenhais dignamente na voca\u00e7\u00e3o \u00e0 qual tendes sido chamados&#8221; (Ef 4,1-3), exorta encarecidamente a todos a permanecerem fieis na voca\u00e7\u00e3o recebida e a manifestarem-se dignos imitadores das virtudes do Divino Mestre.<\/p>\n<p>Nos seis anos do seu generalato fundou 24 casas e inaugurou os Noviciados de Vic e Seg\u00f3via e em 1905 criou o Col\u00e9gio Central em Aranda de Duero. Nesta \u00e9poca foi aceita a primeira Par\u00f3quia em Andacollo, Chile (1900); fundou-se a primeria casa nos Estados Unidos da Am\u00e9rica do Norte (1902); foi criada a Prov\u00edncia de B\u00e9tica (1904). Foi escrita a primeira Hist\u00f3ria da Congrega\u00e7\u00e3o. Morreu santamente em Seg\u00f3via no dia 6 de janeiro de 1906. Foi um homem cheio de delicadeza, prud\u00eancia e amor. Tratou sempre com grande respeito e extraordin\u00e1ria amabilidade a seus irm\u00e3os de comunidade.<\/p>\n","protected":false},"excerpt":{"rendered":"<p>Nasceu em Gurb, Prov\u00edncia de Barcelona (Espanha) no dia 12 de janeiro de 1832. Estudou no Semin\u00e1rio de Vic e se ordenaou sacerdote no dia 26 de setembro de 1856. Trabalhou como Vig\u00e1rio em Olost durante um ano e entrou na Congrega\u00e7\u00e3o de Mission\u00e1rios no dia 3 de julho de 1859. Em certa ocasi\u00e3o o [&hellip;]<\/p>\n","protected":false},"author":69,"featured_media":24831,"parent":33284,"menu_order":0,"comment_status":"closed","ping_status":"closed","template":"page-template-fullwidth.php","meta":{"_et_pb_use_builder":"","_et_pb_old_content":"","_et_gb_content_width":"","footnotes":""},"class_list":["post-24837","page","type-page","status-publish","has-post-thumbnail","hentry"],"jetpack_sharing_enabled":true,"jetpack_shortlink":"https:\/\/wp.me\/PdaBmi-6sB","jetpack_likes_enabled":true,"_links":{"self":[{"href":"https:\/\/www.claret.org\/pt-pt\/wp-json\/wp\/v2\/pages\/24837","targetHints":{"allow":["GET"]}}],"collection":[{"href":"https:\/\/www.claret.org\/pt-pt\/wp-json\/wp\/v2\/pages"}],"about":[{"href":"https:\/\/www.claret.org\/pt-pt\/wp-json\/wp\/v2\/types\/page"}],"author":[{"embeddable":true,"href":"https:\/\/www.claret.org\/pt-pt\/wp-json\/wp\/v2\/users\/69"}],"replies":[{"embeddable":true,"href":"https:\/\/www.claret.org\/pt-pt\/wp-json\/wp\/v2\/comments?post=24837"}],"version-history":[{"count":0,"href":"https:\/\/www.claret.org\/pt-pt\/wp-json\/wp\/v2\/pages\/24837\/revisions"}],"up":[{"embeddable":true,"href":"https:\/\/www.claret.org\/pt-pt\/wp-json\/wp\/v2\/pages\/33284"}],"wp:featuredmedia":[{"embeddable":true,"href":"https:\/\/www.claret.org\/pt-pt\/wp-json\/wp\/v2\/media\/24831"}],"wp:attachment":[{"href":"https:\/\/www.claret.org\/pt-pt\/wp-json\/wp\/v2\/media?parent=24837"}],"curies":[{"name":"wp","href":"https:\/\/api.w.org\/{rel}","templated":true}]}}