{"id":25075,"date":"2018-07-30T11:12:50","date_gmt":"2018-07-30T09:12:50","guid":{"rendered":"https:\/\/www.claret.org\/25-de-janeiro-conversao-de-sao-paulo\/"},"modified":"2018-07-30T11:12:50","modified_gmt":"2018-07-30T09:12:50","slug":"25-de-janeiro-conversao-de-sao-paulo","status":"publish","type":"page","link":"https:\/\/www.claret.org\/pt-pt\/efemerides\/25-de-janeiro-conversao-de-sao-paulo\/","title":{"rendered":"25 de Janeiro &#8211; Convers\u00e3o de S\u00e3o Paulo"},"content":{"rendered":"<div class=\"field field-name-body field-type-text-with-summary field-label-hidden\">\n<div class=\"field-items\">\n<div class=\"field-item even\">\n<p>A festa da convers\u00e3o de S\u00e3o Paulo nos recorda o momento da chamada vocacional do Ap\u00f3stolo dos Gentios. A queda de Damasco significou para ele n\u00e3o s\u00f3 a convers\u00e3o ao cristianismo, mas tamb\u00e9m a descoberta da sua voca\u00e7\u00e3o apost\u00f3lica e, particularmente, sua miss\u00e3o ao apostolado entre os gentios. A experi\u00eancia que teve de Cristo, que o chamou e o escolheu para a miss\u00e3o apost\u00f3lica, foi para S\u00e3o Paulo uma impress\u00e3o que lhe durou toda a vida, influindo decisivamente no seu itiner\u00e1rio vocacional e na fidelidade \u00e0 miss\u00e3o.<\/p>\n<p>A voca\u00e7\u00e3o de Claret, sua vida e miss\u00e3o, t\u00eam claramente uns tra\u00e7os paulinos muito claros. Ele se identificou com o Ap\u00f3stolo desde o primeiro momento da chamada vocacional. Estando em Barcelona e escutanto num domingo a Missa, apesar de que tivesse mais m\u00e1quinas na cabe\u00e7a que santos no altar, lembrou-se daquelas palavras do Evangelho: &#8220;De que serve ao homem ganhar o mundo inteiro se vem a perder sua alma?&#8221; (Mt 16,26). Estas palavras lhe causaram uma profunda impress\u00e3o. Foi para ele como uma seta que lhe feriu o cora\u00e7\u00e3o. Pensava sobre que caminho tomar, mas n\u00e3o sabia, estava desorientado  (cf. Aut 67-68). Claret, nos diz ele mesmo, se achou como Saulo no caminho de Damasco. Procurou Ananias para que o orientassse no que devia fazer. Foi \u00e0 casa de S\u00e3o Felipe Neri e ali encontrou um irm\u00e3o chamado Paulo, muito humilde e fervoroso. Falou com ele e o conduziu ao Pe. Amig\u00f3, o Ananias que o orientou sobre o que devia fazer e ele obedeceu (cf. Aut 69).<\/p>\n<p>&nbsp;<\/p>\n<p>E Claret se entusiasmava tamb\u00e9m com o estilo mission\u00e1rio de Paulo e o imitava. Era atra\u00eddo pelo seu zelo apost\u00f3lico e como pregava, escrevia e ensinava por todas as partes, disposto sempre a sofrer a\u00e7oites, persegui\u00e7\u00f5es e cal\u00fanias por causa de Jesus. T\u00e3o identificado estava Paulo com o Senhor que seu \u00fanico ideal era gloriar-se na cruz de Jesus Cristo (cf. Aut 224). Claret pedir\u00e1 para seus mission\u00e1rios este mesmo estilo de vida apost\u00f3lica. O Filho do Imaculado Cora\u00e7\u00e3o de Maria, cheio de caridade apost\u00f3lica, alegrar-se-\u00e1 nos sacrif\u00edcios e sentir\u00e1 prazer nas cal\u00fanias e nos tormentos. N\u00e3o pensar\u00e1 sen\u00e3o em seguir e imitar Jesus Cristo em trabalhar, sofrer e em procurar sempre e unicamente a maior gl\u00f3ria de Deus e a salva\u00e7\u00e3o das almas  (cf. Aut 494).<\/p>\n<\/div>\n<\/div>\n<\/div>\n","protected":false},"excerpt":{"rendered":"<p>A festa da convers\u00e3o de S\u00e3o Paulo nos recorda o momento da chamada vocacional do Ap\u00f3stolo dos Gentios. A queda de Damasco significou para ele n\u00e3o s\u00f3 a convers\u00e3o ao cristianismo, mas tamb\u00e9m a descoberta da sua voca\u00e7\u00e3o apost\u00f3lica e, particularmente, sua miss\u00e3o ao apostolado entre os gentios. A experi\u00eancia que teve de Cristo, que [&hellip;]<\/p>\n","protected":false},"author":69,"featured_media":25071,"parent":33284,"menu_order":0,"comment_status":"closed","ping_status":"closed","template":"","meta":{"_et_pb_use_builder":"","_et_pb_old_content":"","_et_gb_content_width":"","footnotes":""},"class_list":["post-25075","page","type-page","status-publish","has-post-thumbnail","hentry"],"jetpack_sharing_enabled":true,"jetpack_shortlink":"https:\/\/wp.me\/PdaBmi-6wr","jetpack_likes_enabled":true,"_links":{"self":[{"href":"https:\/\/www.claret.org\/pt-pt\/wp-json\/wp\/v2\/pages\/25075","targetHints":{"allow":["GET"]}}],"collection":[{"href":"https:\/\/www.claret.org\/pt-pt\/wp-json\/wp\/v2\/pages"}],"about":[{"href":"https:\/\/www.claret.org\/pt-pt\/wp-json\/wp\/v2\/types\/page"}],"author":[{"embeddable":true,"href":"https:\/\/www.claret.org\/pt-pt\/wp-json\/wp\/v2\/users\/69"}],"replies":[{"embeddable":true,"href":"https:\/\/www.claret.org\/pt-pt\/wp-json\/wp\/v2\/comments?post=25075"}],"version-history":[{"count":0,"href":"https:\/\/www.claret.org\/pt-pt\/wp-json\/wp\/v2\/pages\/25075\/revisions"}],"up":[{"embeddable":true,"href":"https:\/\/www.claret.org\/pt-pt\/wp-json\/wp\/v2\/pages\/33284"}],"wp:featuredmedia":[{"embeddable":true,"href":"https:\/\/www.claret.org\/pt-pt\/wp-json\/wp\/v2\/media\/25071"}],"wp:attachment":[{"href":"https:\/\/www.claret.org\/pt-pt\/wp-json\/wp\/v2\/media?parent=25075"}],"curies":[{"name":"wp","href":"https:\/\/api.w.org\/{rel}","templated":true}]}}