{"id":26670,"date":"2018-08-21T10:19:30","date_gmt":"2018-08-21T08:19:30","guid":{"rendered":"https:\/\/www.claret.org\/4-de-fevereiro-veneravel-jaime-clotet-cofundador\/"},"modified":"2022-07-06T22:49:18","modified_gmt":"2022-07-06T20:49:18","slug":"4-de-fevereiro-veneravel-jaime-clotet-cofundador","status":"publish","type":"page","link":"https:\/\/www.claret.org\/pt-pt\/efemerides\/4-de-fevereiro-veneravel-jaime-clotet-cofundador\/","title":{"rendered":"4 de Fevereiro &#8211; Vener\u00e1vel Jaime Clotet, Cofundador"},"content":{"rendered":"<p>Hoje recordamos o Vener\u00e1vel Pe. Jaime Clotet, Cofundador da Congrega\u00e7\u00e3o. Nasceu no dia 24 de julho de 1822 em Manresa (Barcelona) e foi o \u00faltimo de oito irm\u00e3os. Foi batizado no mesmo dia do seu nascimento. Fez os tr\u00eas primeiros anos de estudos com os Jesu\u00edttas da sua cidade natal. Foi a Barcelona para fazer o curso cl\u00e1ssico e filosofia na Universidade desta cidade.<\/p>\n<p style=\"text-align: justify;\"><img data-recalc-dims=\"1\" loading=\"lazy\" decoding=\"async\" data-attachment-id=\"127666\" data-permalink=\"https:\/\/www.claret.org\/pt-pt\/efemerides\/4-de-fevereiro-veneravel-jaime-clotet-cofundador\/cof3-clotetjaime-2\/\" data-orig-file=\"https:\/\/i0.wp.com\/www.claret.org\/wp-content\/uploads\/2022\/07\/Cof3-ClotetJaime.jpg?fit=1491%2C1987&amp;ssl=1\" data-orig-size=\"1491,1987\" data-comments-opened=\"0\" data-image-meta=\"{&quot;aperture&quot;:&quot;0&quot;,&quot;credit&quot;:&quot;&quot;,&quot;camera&quot;:&quot;&quot;,&quot;caption&quot;:&quot;&quot;,&quot;created_timestamp&quot;:&quot;0&quot;,&quot;copyright&quot;:&quot;&quot;,&quot;focal_length&quot;:&quot;0&quot;,&quot;iso&quot;:&quot;0&quot;,&quot;shutter_speed&quot;:&quot;0&quot;,&quot;title&quot;:&quot;&quot;,&quot;orientation&quot;:&quot;0&quot;}\" data-image-title=\"Cof3-ClotetJaime\" data-image-description=\"\" data-image-caption=\"\" data-large-file=\"https:\/\/i0.wp.com\/www.claret.org\/wp-content\/uploads\/2022\/07\/Cof3-ClotetJaime.jpg?fit=768%2C1024&amp;ssl=1\" class=\"wp-image-127666  alignleft\" src=\"https:\/\/i0.wp.com\/www.claret.org\/wp-content\/uploads\/2022\/07\/Cof3-ClotetJaime.jpg?resize=404%2C538&#038;ssl=1\" alt=\"\" width=\"404\" height=\"538\" title=\"\"><\/p>\n<p>Aos dezessete anos de idade entrou no Semin\u00e1rio de Barcelona onde come\u00e7ou seus estudos eclesi\u00e1sticos, que terminou em Vic. Devido \u00e0 situa\u00e7\u00e3o de persegui\u00e7\u00e3o da Igreja na Espanha, foi para a Fran\u00e7a e Roma, onde foi ordenado sacerdote no dia 20 de julho de 1845. Ao voltar para a Espanha foi destinado, em julho de 1846, como vig\u00e1rio paroquial de Castelfollit del Boix, par\u00f3quia situada bem em frente a Monserrat. Em 1847 foi nomeado P\u00e1roco de Santa Maria de Civit, outro povoado situado entre as montanhas.<\/p>\n<p>Estes quatro anos de minist\u00e9rio foram pastoralmente muito bons para ele, mas em seu cora\u00e7\u00e3o batia uma forte inquieta\u00e7\u00e3o mission\u00e1ria. Por isso, em junho de 1849, exp\u00f4s ao seu Bispo D. Jaime Passarell seus desejos de deixar a par\u00f3quia. A interrup\u00e7\u00e3o do seu minist\u00e9rio foi providencial, permitiu-lhe\u00a0 colocar-se em contato com o Padre Claret, que estava pronto para fundar uma nova Congrega\u00e7\u00e3o. De fato, encontramos o Pe. Jaime Clotet no dia 16 de julho deste mesmo ano pariticpando do grupo de cofundadores; era o mais jovem de todos. O Pe. Clotet descobriu por fim sua voca\u00e7\u00e3o mission\u00e1ria e encontrou na nova Congrega\u00e7\u00e3o o melhor lugar para viv\u00ea-la.<\/p>\n<p>Durante seus primeiros anos de minist\u00e9rio na Congrega\u00e7\u00e3o se entregou inteiramente \u00e0s miss\u00f5es populares, aos exerc\u00edcios espirituais e, sobretudo, \u00e0 catequese, minist\u00e9rio para o qual se sentia especialemnte capacitado. O Pe. Clotet se sentiu plenamente compenetrado no esp\u00edrito e no estilo de vida claretianos, estando alguns meses em casa, dedicados \u00e0 ora\u00e7\u00e3o e ao estudo, e outros consagrados \u00e0 prega\u00e7\u00e3o mission\u00e1ria.<\/p>\n<p>O Pe. Clotet foi o primeiro vice-superior da Congrega\u00e7\u00e3o, sendo eleito para tal servi\u00e7o em 1858, quando o Pe. Jos\u00e9 Xifr\u00e9 foi eleito Superior Geral, depois de morte do Pe. Est\u00eav\u00e3o Sala; e desempenhou este cargo durante 30 anos consecutivos.<\/p>\n<p>O amor filial que teve ao Pe. Claret o levou a entregar-se \u00e0 recupera\u00e7\u00e3o de todos os dados e testemunhos que permitiram reconhecer sua santidade e assim iniciar seu processo de beatifica\u00e7\u00e3o. O material recolhido foi abundante; o trabalho do Pe. Clotet foi supreendente e infatig\u00e1vel.<\/p>\n<p>Sua vida refletiu sempre uma aur\u00e9ola de santidade evang\u00e9lica. Sua colabora\u00e7\u00e3o foi important\u00edssima na hist\u00f3ria nascente do Instituto e na transmiss\u00e3o viva e entusiasmante do nosso carisma original. Viveu com alegria e plenitude sua identidade claretiana como homem contemplativo e ap\u00f3stolo mission\u00e1rio.<\/p>\n","protected":false},"excerpt":{"rendered":"<p>Hoje recordamos o Vener\u00e1vel Pe. Jaime Clotet, Cofundador da Congrega\u00e7\u00e3o. Nasceu no dia 24 de julho de 1822 em Manresa (Barcelona) e foi o \u00faltimo de oito irm\u00e3os. Foi batizado no mesmo dia do seu nascimento. Fez os tr\u00eas primeiros anos de estudos com os Jesu\u00edttas da sua cidade natal. Foi a Barcelona para fazer [&hellip;]<\/p>\n","protected":false},"author":69,"featured_media":26662,"parent":33284,"menu_order":0,"comment_status":"closed","ping_status":"closed","template":"","meta":{"_et_pb_use_builder":"","_et_pb_old_content":"","_et_gb_content_width":"","footnotes":""},"class_list":["post-26670","page","type-page","status-publish","has-post-thumbnail","hentry"],"jetpack_sharing_enabled":true,"jetpack_shortlink":"https:\/\/wp.me\/PdaBmi-6Wa","jetpack_likes_enabled":true,"_links":{"self":[{"href":"https:\/\/www.claret.org\/pt-pt\/wp-json\/wp\/v2\/pages\/26670","targetHints":{"allow":["GET"]}}],"collection":[{"href":"https:\/\/www.claret.org\/pt-pt\/wp-json\/wp\/v2\/pages"}],"about":[{"href":"https:\/\/www.claret.org\/pt-pt\/wp-json\/wp\/v2\/types\/page"}],"author":[{"embeddable":true,"href":"https:\/\/www.claret.org\/pt-pt\/wp-json\/wp\/v2\/users\/69"}],"replies":[{"embeddable":true,"href":"https:\/\/www.claret.org\/pt-pt\/wp-json\/wp\/v2\/comments?post=26670"}],"version-history":[{"count":0,"href":"https:\/\/www.claret.org\/pt-pt\/wp-json\/wp\/v2\/pages\/26670\/revisions"}],"up":[{"embeddable":true,"href":"https:\/\/www.claret.org\/pt-pt\/wp-json\/wp\/v2\/pages\/33284"}],"wp:featuredmedia":[{"embeddable":true,"href":"https:\/\/www.claret.org\/pt-pt\/wp-json\/wp\/v2\/media\/26662"}],"wp:attachment":[{"href":"https:\/\/www.claret.org\/pt-pt\/wp-json\/wp\/v2\/media?parent=26670"}],"curies":[{"name":"wp","href":"https:\/\/api.w.org\/{rel}","templated":true}]}}