{"id":26688,"date":"2018-08-21T10:59:01","date_gmt":"2018-08-21T08:59:01","guid":{"rendered":"https:\/\/www.claret.org\/11-de-fevereiro-aprovacao-das-constituicoes\/"},"modified":"2018-08-21T21:00:42","modified_gmt":"2018-08-21T19:00:42","slug":"11-de-fevereiro-aprovacao-das-constituicoes","status":"publish","type":"page","link":"https:\/\/www.claret.org\/pt-pt\/efemerides\/11-de-fevereiro-aprovacao-das-constituicoes\/","title":{"rendered":"11 de Fevereiro &#8211; Aprova\u00e7\u00e3o das Constitui\u00e7\u00f5es"},"content":{"rendered":"<p>O dia 11 de fevereiro \u00e9 para n\u00f3s uma data significativa que nos permite fazer mem\u00f3ria agradecida das Constitui\u00e7\u00f5es que nosso Santo Fundador deixou para a Congrega\u00e7\u00e3o e que a Igreja recenheceu como ideal evang\u00e9lico genu\u00edno, capaz de orientar nosso seguimento de Jesus.<\/p>\n<p><img data-recalc-dims=\"1\" loading=\"lazy\" decoding=\"async\" class=\"alignleft\" title=\"  data-cke-saved-src=\" src=\"https:\/\/i0.wp.com\/www2.claret.org\/sites\/default\/files\/imagenes\/espiritualidad\/calendario\/6-b-claret__constituciones.jpg?resize=146%2C250\" alt=\"\" width=\"146\" height=\"250\"><\/p>\n<p>Com efeito, neste dia 11 de fevereiro de 1870, depois dos pedidos levados pessoalmente a Roma pelo mesmo Padre Claret, nossas Constitui\u00e7\u00f5es foram aprovadas pelo Papa Pio IX. Por sua vez, e como que dando sinal de continuidade hist\u00f3rica, no dia 11 de fevereiro de 1982 celebramos a festa do Decreto da Congrega\u00e7\u00e3o para os Institutos Religiosos e Sociedades de Vida Apost\u00f3lica com o qual ficava aprovada a revis\u00e3o posconciliar das nossas Constitui\u00e7\u00f5es.<\/p>\n<p>Por que celebramos a data da aprova\u00e7\u00e3o das nossas Constitui\u00e7\u00f5es, tanto no seu  texto primitivo como no texto posconciliar? Embora n\u00e3o seja sen\u00e3o um pequeno livro, sem pretens\u00f5es de tratado teol\u00f3gico ou hist\u00f3rico, as Constitui\u00e7\u00f5es s\u00e3o nosso livro de vida, cuja raz\u00e3o de ser consiste em que cheguemos a traduzi-lo em vida e experi\u00eancia mission\u00e1ria. Como tal, nos facilita antes de tudo fazer mem\u00f3ria do caminho discipular do Padre Fundador e de muitos irm\u00e3os: uma experi\u00eancia que vale a pena partilhar no seguimento de Jesus. Este pequeno livrro condensa e transmite a mesma experi\u00eancia evang\u00e9lica da Autobiografia.<\/p>\n<p>Por outro lado, em nossa regra de vida encontramos as linhas mestras que fazem real e significativa nossa perten\u00e7a \u00e0 Igreja de Jesus; \u00e9 a realidade Igreja que d\u00e1 sentido \u00e0 nossa comunidade, \u00e0 miss\u00e3o, \u00e0 identifica\u00e7\u00e3o com Cristo, \u00e0s op\u00e7\u00f5es pelo Reino, ao servi\u00e7o aos humildes: linguagem vertebral do nosso projeto de vida.<\/p>\n<p>E, acima de tudo, ao fazer agradecida mem\u00f3ria das nossas Constitui\u00e7\u00f5es, festejamos nosso dom maior, que \u00e9 a implanta\u00e7\u00e3o do Jesus do Evangelho no centro da nossa exist\u00eancia. Suas palavras, seus fatos, seus gestos cotidianos, como tamb\u00e9m sua morte e sua ressurrei\u00e7\u00e3o, ficam tra\u00e7ados como proposta para nossa apredizagem, como compromisso para nosso viver e como gozosa esperan\u00e7a para nossa plenifica\u00e7\u00e3o em Deus.<\/p>\n","protected":false},"excerpt":{"rendered":"<p>O dia 11 de fevereiro \u00e9 para n\u00f3s uma data significativa que nos permite fazer mem\u00f3ria agradecida das Constitui\u00e7\u00f5es que nosso Santo Fundador deixou para a Congrega\u00e7\u00e3o e que a Igreja recenheceu como ideal evang\u00e9lico genu\u00edno, capaz de orientar nosso seguimento de Jesus. Com efeito, neste dia 11 de fevereiro de 1870, depois dos pedidos [&hellip;]<\/p>\n","protected":false},"author":69,"featured_media":26681,"parent":33284,"menu_order":0,"comment_status":"closed","ping_status":"closed","template":"","meta":{"_et_pb_use_builder":"","_et_pb_old_content":"","_et_gb_content_width":"","footnotes":""},"class_list":["post-26688","page","type-page","status-publish","has-post-thumbnail","hentry"],"jetpack_sharing_enabled":true,"jetpack_shortlink":"https:\/\/wp.me\/PdaBmi-6Ws","jetpack_likes_enabled":true,"_links":{"self":[{"href":"https:\/\/www.claret.org\/pt-pt\/wp-json\/wp\/v2\/pages\/26688","targetHints":{"allow":["GET"]}}],"collection":[{"href":"https:\/\/www.claret.org\/pt-pt\/wp-json\/wp\/v2\/pages"}],"about":[{"href":"https:\/\/www.claret.org\/pt-pt\/wp-json\/wp\/v2\/types\/page"}],"author":[{"embeddable":true,"href":"https:\/\/www.claret.org\/pt-pt\/wp-json\/wp\/v2\/users\/69"}],"replies":[{"embeddable":true,"href":"https:\/\/www.claret.org\/pt-pt\/wp-json\/wp\/v2\/comments?post=26688"}],"version-history":[{"count":0,"href":"https:\/\/www.claret.org\/pt-pt\/wp-json\/wp\/v2\/pages\/26688\/revisions"}],"up":[{"embeddable":true,"href":"https:\/\/www.claret.org\/pt-pt\/wp-json\/wp\/v2\/pages\/33284"}],"wp:featuredmedia":[{"embeddable":true,"href":"https:\/\/www.claret.org\/pt-pt\/wp-json\/wp\/v2\/media\/26681"}],"wp:attachment":[{"href":"https:\/\/www.claret.org\/pt-pt\/wp-json\/wp\/v2\/media?parent=26688"}],"curies":[{"name":"wp","href":"https:\/\/api.w.org\/{rel}","templated":true}]}}